{"id":8424,"date":"2021-09-07T10:00:08","date_gmt":"2021-09-07T08:00:08","guid":{"rendered":"https:\/\/projectes.xtec.cat\/ere\/?page_id=8424"},"modified":"2021-09-07T10:00:08","modified_gmt":"2021-09-07T08:00:08","slug":"homologacions","status":"publish","type":"page","link":"https:\/\/projectes.xtec.cat\/ere\/at-diversitat-apd\/homologacions\/","title":{"rendered":"Homologacions"},"content":{"rendered":"<p><strong>Homologaci\u00f3 d&#8217;estudis estrangers no universitaris<\/strong><\/p>\n<p>Per sol\u00b7licitar una homologaci\u00f3 o convalidaci\u00f3 d&#8217;estudis estrangers no universitaris\u00a0cal residir a Catalunya. A tal efecte, s&#8217;ha d&#8217;acreditar aquest fet amb un volant d&#8217;empadronament.<\/p>\n<p>Consultar: <a href=\"http:\/\/queestudiar.gencat.cat\/ca\/homologacio\/\" target=\"_blank\" rel=\"noopener\">Homologaci\u00f3. Estudiar a Catalunya. Generalitat de Catalunya<\/a>.<\/p>\n<p><strong>Homologaci\u00f3 de t\u00edtols estrangers d\u2019educaci\u00f3 superior (universitaris)<\/strong><\/p>\n<p>Homologaci\u00f3 de t\u00edtols estrangers d&#8217;educaci\u00f3 superior a t\u00edtols oficials universitaris espanyols de grau o m\u00e0ster que donin acc\u00e9s a professi\u00f3 regulada a Espanya.<\/p>\n<p>Consultar: <a href=\"https:\/\/www.educacionyfp.gob.es\/ca\/servicios-al-ciudadano\/catalogo\/gestion-titulos\/estudios-universitarios\/titulos-extranjeros\/homologacion-educacion-superior.html\" target=\"_blank\" rel=\"noopener\">Homologaci\u00f3n de t\u00edtulos extranjeros de educaci\u00f3n superior a t\u00edtulos oficiales universitarios espa\u00f1oles de Grado o M\u00e1ster que den acceso a profesi\u00f3n regulada en Espa\u00f1a<\/a>.<\/p>\n","protected":false},"excerpt":{"rendered":"<p>Homologaci\u00f3 d&#8217;estudis estrangers no universitaris<br \/>\nPer sol\u00b7licitar una homologaci\u00f3 o convalidaci\u00f3 d&#8217;estudis estrangers no universitaris\u00a0cal residir a Catalunya. A tal efecte, s&#8217;ha d&#8217;acreditar aquest fet amb un volant d&#8217;empadronament.<br \/>\nConsultar: <a href=\"http:\/\/queestudiar.gencat.cat\/ca\/homologacio\/\" target=\"_blank\" rel=\"noopener\">Homologaci\u00f3. Estudiar a Catalunya. Generalitat de Catalunya<\/a>.<br \/>\nHomologaci\u00f3 de t\u00edtols estrangers d\u2019educaci\u00f3 superior (universitaris)<br \/>\nHomologaci\u00f3 de&hellip;  <a href=\"https:\/\/projectes.xtec.cat\/ere\/at-diversitat-apd\/homologacions\/\" title=\"Read Homologacions\">Llegeix m\u00e9s\u00bb<\/a><\/p>\n","protected":false},"author":1,"featured_media":0,"parent":8320,"menu_order":0,"comment_status":"closed","ping_status":"closed","template":"","meta":{"_bbp_topic_count":0,"_bbp_reply_count":0,"_bbp_total_topic_count":0,"_bbp_total_reply_count":0,"_bbp_voice_count":0,"_bbp_anonymous_reply_count":0,"_bbp_topic_count_hidden":0,"_bbp_reply_count_hidden":0,"_bbp_forum_subforum_count":0,"footnotes":""},"class_list":["post-8424","page","type-page","status-publish","hentry"],"post_mailing_queue_ids":[],"_links":{"self":[{"href":"https:\/\/projectes.xtec.cat\/ere\/wp-json\/wp\/v2\/pages\/8424","targetHints":{"allow":["GET"]}}],"collection":[{"href":"https:\/\/projectes.xtec.cat\/ere\/wp-json\/wp\/v2\/pages"}],"about":[{"href":"https:\/\/projectes.xtec.cat\/ere\/wp-json\/wp\/v2\/types\/page"}],"author":[{"embeddable":true,"href":"https:\/\/projectes.xtec.cat\/ere\/wp-json\/wp\/v2\/users\/1"}],"replies":[{"embeddable":true,"href":"https:\/\/projectes.xtec.cat\/ere\/wp-json\/wp\/v2\/comments?post=8424"}],"version-history":[{"count":1,"href":"https:\/\/projectes.xtec.cat\/ere\/wp-json\/wp\/v2\/pages\/8424\/revisions"}],"predecessor-version":[{"id":8425,"href":"https:\/\/projectes.xtec.cat\/ere\/wp-json\/wp\/v2\/pages\/8424\/revisions\/8425"}],"up":[{"embeddable":true,"href":"https:\/\/projectes.xtec.cat\/ere\/wp-json\/wp\/v2\/pages\/8320"}],"wp:attachment":[{"href":"https:\/\/projectes.xtec.cat\/ere\/wp-json\/wp\/v2\/media?parent=8424"}],"curies":[{"name":"wp","href":"https:\/\/api.w.org\/{rel}","templated":true}]}}