{"id":8513,"date":"2021-11-02T11:04:56","date_gmt":"2021-11-02T10:04:56","guid":{"rendered":"https:\/\/projectes.xtec.cat\/ere\/?page_id=8513"},"modified":"2025-06-10T10:09:28","modified_gmt":"2025-06-10T08:09:28","slug":"centres-publics","status":"publish","type":"page","link":"https:\/\/projectes.xtec.cat\/ere\/centres-publics\/","title":{"rendered":"Centres p\u00fablics"},"content":{"rendered":"<p>Centres p\u00fablics d&#8217;ensenyaments esportius de r\u00e8gim especial<\/p>\n<table style=\"border-collapse: collapse; width: 50.2818%; height: 929px;\">\n<tbody>\n<tr style=\"height: 32px;\">\n<td style=\"height: 32px; width: 47.4677%;\"><strong>Centres<\/strong><\/td>\n<td style=\"height: 32px; width: 52.3337%;\"><strong>P\u00e0gina web<\/strong><\/td>\n<\/tr>\n<tr style=\"height: 32px;\">\n<td style=\"height: 32px; width: 47.4677%;\">Institut Abat Oliba<\/td>\n<td style=\"height: 32px; width: 52.3337%;\"><a href=\"https:\/\/www.insabatoliba.cat\/\" target=\"_blank\" rel=\"noopener\">https:\/\/www.insabatoliba.cat\/<\/a><\/td>\n<\/tr>\n<tr style=\"height: 32px;\">\n<td style=\"height: 32px; width: 47.4677%;\">Institut Agust\u00ed Serra i Fontanet<\/td>\n<td style=\"height: 32px; width: 52.3337%;\"><a href=\"https:\/\/agora.xtec.cat\/iesagustiserra\/\" target=\"_blank\" rel=\"noopener\">https:\/\/agora.xtec.cat\/iesagustiserra\/<\/a><\/td>\n<\/tr>\n<tr style=\"height: 32px;\">\n<td style=\"height: 32px; width: 47.4677%;\">Institut Alexandre Satorras<\/td>\n<td style=\"height: 32px; width: 52.3337%;\"><a href=\"https:\/\/sites.google.com\/site\/cfgmsatorras\/\" target=\"_blank\" rel=\"noopener\">https:\/\/sites.google.com\/site\/cfgmsatorras\/<\/a><\/td>\n<\/tr>\n<tr style=\"height: 32px;\">\n<td style=\"height: 32px; width: 47.4677%;\">Institut Cal\u00b7l\u00edpolis<\/td>\n<td style=\"height: 32px; width: 52.3337%;\"><a href=\"https:\/\/www.institutcallipolis.cat\/es\/inici-espanol\/\" target=\"_blank\" rel=\"noopener\">https:\/\/www.institutcallipolis.cat\/es\/inici-espanol\/<\/a><\/td>\n<\/tr>\n<tr style=\"height: 32px;\">\n<td style=\"height: 32px; width: 47.4677%;\">Institut Centre d&#8217;Alt Rendiment Esportiu<\/td>\n<td style=\"height: 32px; width: 52.3337%;\"><a href=\"https:\/\/agora.xtec.cat\/inscar\/\" target=\"_blank\" rel=\"noopener\">https:\/\/agora.xtec.cat\/inscar\/<\/a><\/td>\n<\/tr>\n<tr style=\"height: 32px;\">\n<td style=\"height: 32px; width: 47.4677%;\">Institut Centre d&#8217;Esports de Muntanya del Pallars<\/td>\n<td style=\"height: 32px; width: 52.3337%;\"><a href=\"https:\/\/icempallars.net\/elcentre\/\" target=\"_blank\" rel=\"noopener\">https:\/\/icempallars.net\/elcentre\/<\/a><\/td>\n<\/tr>\n<tr style=\"height: 32px;\">\n<td style=\"height: 32px; width: 47.4677%;\">Institut de N\u00e0utica de Barcelona<\/td>\n<td style=\"height: 32px; width: 52.3337%;\"><a href=\"http:\/\/www.institutdenautica.barcelona\/\" target=\"_blank\" rel=\"noopener\">http:\/\/www.institutdenautica.barcelona\/<\/a><\/td>\n<\/tr>\n<tr style=\"height: 32px;\">\n<td style=\"height: 32px; width: 47.4677%;\">Institut de Tecnificaci\u00f3<\/td>\n<td style=\"height: 32px; width: 52.3337%;\"><a href=\"http:\/\/www.itecnificacio.cat\/\" target=\"_blank\" rel=\"noopener\">http:\/\/www.itecnificacio.cat\/<\/a><\/td>\n<\/tr>\n<tr style=\"height: 32px;\">\n<td style=\"height: 32px; width: 47.4677%;\">Institut de Vic<\/td>\n<td style=\"height: 32px; width: 52.3337%;\"><a href=\"https:\/\/www.ivic.cat\/portal\/index.php\" target=\"_blank\" rel=\"noopener\">https:\/\/www.ivic.cat\/portal\/index.php<\/a><\/td>\n<\/tr>\n<tr style=\"height: 32px;\">\n<td style=\"height: 32px; width: 47.4677%;\">Institut Escola de Capacitaci\u00f3 Nauticopesquera de Catalunya<\/td>\n<td style=\"height: 32px; width: 52.3337%;\"><a href=\"https:\/\/agora.xtec.cat\/iesnautica\/\" target=\"_blank\" rel=\"noopener\">https:\/\/agora.xtec.cat\/iesnautica\/<\/a><\/td>\n<\/tr>\n<tr style=\"height: 32px;\">\n<td style=\"height: 32px; width: 47.4677%;\">Institut de l&#8217;Esport de Barcelona<\/td>\n<td style=\"height: 32px; width: 52.3337%;\"><a href=\"http:\/\/www.ieb.cat\/\" target=\"_blank\" rel=\"noopener\">http:\/\/www.ieb.cat\/<\/a><\/td>\n<\/tr>\n<tr style=\"height: 32px;\">\n<td style=\"height: 32px; width: 47.4677%;\">Institut Ferran Tallada<\/td>\n<td style=\"height: 32px; width: 52.3337%;\"><a href=\"https:\/\/www.ferrantallada.cat\/\" target=\"_blank\" rel=\"noopener\">https:\/\/www.ferrantallada.cat\/<\/a><\/td>\n<\/tr>\n<tr style=\"height: 32px;\">\n<td style=\"height: 32px; width: 47.4677%;\">Institut Illa de Rodes<\/td>\n<td style=\"height: 32px; width: 52.3337%;\"><a href=\"http:\/\/www.iesilladerodes.cat\/continguts_c\/cicles-form-18\/cicles-formatius-37.html\" target=\"_blank\" rel=\"noopener\">http:\/\/www.iesilladerodes.cat\/continguts_c\/cicles-form-18\/cicles-formatius-37.html<\/a><\/td>\n<\/tr>\n<tr style=\"height: 32px;\">\n<td style=\"height: 32px; width: 47.4677%;\">Institut Jaume I<\/td>\n<td style=\"height: 32px; width: 52.3337%;\"><a href=\"http:\/\/www.iesjaume1.cat\/\" target=\"_blank\" rel=\"noopener\">http:\/\/www.iesjaume1.cat\/<\/a><\/td>\n<\/tr>\n<tr style=\"height: 32px;\">\n<td style=\"height: 32px; width: 47.4677%;\">Institut Joan Or\u00f3<\/td>\n<td style=\"height: 32px; width: 52.3337%;\"><a href=\"https:\/\/insjoanoro.cat\/\">https:\/\/insjoanoro.cat\/<\/a><\/td>\n<\/tr>\n<tr style=\"height: 32px;\">\n<td style=\"height: 32px; width: 47.4677%;\">Institut la Bastida<\/td>\n<td style=\"height: 32px; width: 52.3337%;\"><a href=\"https:\/\/agora.xtec.cat\/ieslabastida\/\" target=\"_blank\" rel=\"noopener\">https:\/\/agora.xtec.cat\/ieslabastida\/<\/a><\/td>\n<\/tr>\n<tr style=\"height: 32px;\">\n<td style=\"height: 32px; width: 47.4677%;\">Institut Manuel de Cabanyes<\/td>\n<td style=\"height: 32px; width: 52.3337%;\"><a href=\"https:\/\/agora.xtec.cat\/iescabanyes\/\" target=\"_blank\" rel=\"noopener\">https:\/\/agora.xtec.cat\/iescabanyes\/<\/a><\/td>\n<\/tr>\n<tr style=\"height: 32px;\">\n<td style=\"height: 32px; width: 47.4677%;\">Institut Mil\u00e0 i Fontanals<\/td>\n<td style=\"height: 32px; width: 52.3337%;\"><a href=\"https:\/\/insmilaifontanals.cat\/\" target=\"_blank\" rel=\"noopener\">https:\/\/insmilaifontanals.cat\/<\/a><\/td>\n<\/tr>\n<tr style=\"height: 32px;\">\n<td style=\"height: 32px; width: 47.4677%;\">Institut Mollerussa<\/td>\n<td style=\"height: 32px; width: 52.3337%;\"><a href=\"http:\/\/institutmollerussa.com\/estudis-ensenyaments-especials\/\" target=\"_blank\" rel=\"noopener\">http:\/\/institutmollerussa.com\/estudis-ensenyaments-especials\/<\/a><\/td>\n<\/tr>\n<tr style=\"height: 32px;\">\n<td style=\"height: 32px; width: 47.4677%;\">Institut Narc\u00eds Xifra i Masmitj\u00e0<\/td>\n<td style=\"height: 32px; width: 52.3337%;\"><a href=\"https:\/\/iesnx.xtec.cat\/\" target=\"_blank\" rel=\"noopener\">https:\/\/iesnx.xtec.cat\/<\/a><\/td>\n<\/tr>\n<tr style=\"height: 32px;\">\n<td style=\"height: 32px; width: 47.4677%;\">Institut Pere Alsius i Torren<\/td>\n<td style=\"height: 32px; width: 52.3337%;\"><a href=\"https:\/\/agora.xtec.cat\/iesperealsius\/\" target=\"_blank\" rel=\"noopener\">https:\/\/agora.xtec.cat\/iesperealsius\/<\/a><\/td>\n<\/tr>\n<tr style=\"height: 32px;\">\n<td style=\"height: 32px; width: 47.4677%;\">Institu Premi\u00e0 de Mar<\/td>\n<td style=\"height: 32px; width: 52.3337%;\"><a href=\"https:\/\/agora.xtec.cat\/inspm\/estudis\/cicles-formatius-densenyaments-esportius\/ensenyaments-esportius\/\" target=\"_blank\" rel=\"noopener\">https:\/\/agora.xtec.cat\/inspm\/estudis\/cicles-formatius-densenyaments-esportius\/ensenyaments-esportius\/<\/a><\/td>\n<\/tr>\n<tr style=\"height: 32px;\">\n<td style=\"height: 32px; width: 47.4677%;\">Institut Rocagrossa<\/td>\n<td style=\"height: 32px; width: 52.3337%;\"><a href=\"https:\/\/agora.xtec.cat\/insrocagrossa\/\" target=\"_blank\" rel=\"noopener\">https:\/\/agora.xtec.cat\/insrocagrossa\/<\/a><\/td>\n<\/tr>\n<tr style=\"height: 32px;\">\n<td style=\"height: 32px; width: 47.4677%;\">Institut Serrallarga<\/td>\n<td style=\"height: 32px; width: 52.3337%;\"><a href=\"https:\/\/agora.xtec.cat\/iesserrallarga\/\" target=\"_blank\" rel=\"noopener\">https:\/\/agora.xtec.cat\/iesserrallarga\/<\/a><\/td>\n<\/tr>\n<tr style=\"height: 32px;\">\n<td style=\"height: 32px; width: 47.4677%;\">EFTE ETEVA<\/td>\n<td style=\"height: 32px; width: 52.3337%;\"><a href=\"https:\/\/www.eteva.org\/\" target=\"_blank\" rel=\"noopener\">https:\/\/www.eteva.org\/<\/a><\/td>\n<\/tr>\n<tr style=\"height: 32px;\">\n<td style=\"height: 32px; width: 47.4677%;\">EFTE Catalana de la Caparrella(SGE)<\/td>\n<td style=\"height: 32px; width: 52.3337%;\"><a href=\"http:\/\/inefc.gencat.cat\/ca\/inefc_lleida\/coneix_inefc\/adreces_i_telefons\/\" target=\"_blank\" rel=\"noopener\">http:\/\/inefc.gencat.cat\/ca\/inefc_lleida\/coneix_inefc\/adreces_i_telefons\/<\/a><\/td>\n<\/tr>\n<tr style=\"height: 32px;\">\n<td style=\"height: 32px; width: 47.4677%;\">EFTE Catalana de Montju\u00efc (SGE)<\/td>\n<td style=\"height: 32px; width: 52.3337%;\"><a href=\"http:\/\/inefc.gencat.cat\/ca\/inefc_barcelona\/grau_i_tecnic_esportiu\/\" target=\"_blank\" rel=\"noopener\">http:\/\/inefc.gencat.cat\/ca\/inefc_barcelona\/grau_i_tecnic_esportiu\/<\/a><\/td>\n<\/tr>\n<tr style=\"height: 33px;\">\n<td style=\"height: 33px; width: 47.4677%;\">EFTE Escola Catalana de l&#8217;Esport (SGE)<\/td>\n<td style=\"height: 33px; width: 52.3337%;\"><a href=\"https:\/\/inefc.gencat.cat\/ca\/inefc_barcelona\/grau_i_tecnic_esportiu\/\" target=\"_blank\" rel=\"noopener\">https:\/\/inefc.gencat.cat\/ca\/inefc_barcelona\/grau_i_tecnic_esportiu\/<\/a><\/td>\n<\/tr>\n<\/tbody>\n<\/table>\n<p>&nbsp;<\/p>\n","protected":false},"excerpt":{"rendered":"<p>Centres p\u00fablics d&#8217;ensenyaments esportius de r\u00e8gim especial<\/p>\n<p>Centres<br \/>\nP\u00e0gina web<\/p>\n<p>Institut Abat Oliba<br \/>\n<a href=\"https:\/\/www.insabatoliba.cat\/\" target=\"_blank\" rel=\"noopener\">https:\/\/www.insabatoliba.cat\/<\/a><\/p>\n<p>Institut Agust\u00ed Serra i Fontanet<br \/>\n<a href=\"https:\/\/agora.xtec.cat\/iesagustiserra\/\" target=\"_blank\" rel=\"noopener\">https:\/\/agora.xtec.cat\/iesagustiserra\/<\/a><\/p>\n<p>Institut Alexandre Satorras<br \/>\n<a href=\"https:\/\/sites.google.com\/site\/cfgmsatorras\/\" target=\"_blank\" rel=\"noopener\">https:\/\/sites.google.com\/site\/cfgmsatorras\/<\/a><\/p>\n<p>Institut Cal\u00b7l\u00edpolis<br \/>\n<a href=\"https:\/\/www.institutcallipolis.cat\/es\/inici-espanol\/\" target=\"_blank\" rel=\"noopener\">https:\/\/www.institutcallipolis.cat\/es\/inici-espanol\/<\/a><\/p>\n<p>Institut Centre d&#8217;Alt Rendiment Esportiu<br \/>\n<a href=\"https:\/\/agora.xtec.cat\/inscar\/\" target=\"_blank\" rel=\"noopener\">https:\/\/agora.xtec.cat\/inscar\/<\/a><\/p>\n<p>Institut Centre d&#8217;Esports de Muntanya del Pallars<br \/>\n<a href=\"https:\/\/icempallars.net\/elcentre\/\" target=\"_blank\" rel=\"noopener\">https:\/\/icempallars.net\/elcentre\/<\/a><\/p>\n<p>Institut&hellip;  <a href=\"https:\/\/projectes.xtec.cat\/ere\/centres-publics\/\" title=\"Read Centres p\u00fablics\">Llegeix m\u00e9s\u00bb<\/a><\/p>\n","protected":false},"author":1,"featured_media":0,"parent":0,"menu_order":0,"comment_status":"closed","ping_status":"closed","template":"","meta":{"_bbp_topic_count":0,"_bbp_reply_count":0,"_bbp_total_topic_count":0,"_bbp_total_reply_count":0,"_bbp_voice_count":0,"_bbp_anonymous_reply_count":0,"_bbp_topic_count_hidden":0,"_bbp_reply_count_hidden":0,"_bbp_forum_subforum_count":0,"footnotes":""},"class_list":["post-8513","page","type-page","status-publish","hentry"],"post_mailing_queue_ids":[],"_links":{"self":[{"href":"https:\/\/projectes.xtec.cat\/ere\/wp-json\/wp\/v2\/pages\/8513","targetHints":{"allow":["GET"]}}],"collection":[{"href":"https:\/\/projectes.xtec.cat\/ere\/wp-json\/wp\/v2\/pages"}],"about":[{"href":"https:\/\/projectes.xtec.cat\/ere\/wp-json\/wp\/v2\/types\/page"}],"author":[{"embeddable":true,"href":"https:\/\/projectes.xtec.cat\/ere\/wp-json\/wp\/v2\/users\/1"}],"replies":[{"embeddable":true,"href":"https:\/\/projectes.xtec.cat\/ere\/wp-json\/wp\/v2\/comments?post=8513"}],"version-history":[{"count":5,"href":"https:\/\/projectes.xtec.cat\/ere\/wp-json\/wp\/v2\/pages\/8513\/revisions"}],"predecessor-version":[{"id":10946,"href":"https:\/\/projectes.xtec.cat\/ere\/wp-json\/wp\/v2\/pages\/8513\/revisions\/10946"}],"wp:attachment":[{"href":"https:\/\/projectes.xtec.cat\/ere\/wp-json\/wp\/v2\/media?parent=8513"}],"curies":[{"name":"wp","href":"https:\/\/api.w.org\/{rel}","templated":true}]}}