{"id":8572,"date":"2022-01-14T09:54:09","date_gmt":"2022-01-14T08:54:09","guid":{"rendered":"https:\/\/projectes.xtec.cat\/ere\/?page_id=8572"},"modified":"2024-10-17T13:37:53","modified_gmt":"2024-10-17T11:37:53","slug":"consorci-mobilitat-escoles-dart-qui-som","status":"publish","type":"page","link":"https:\/\/projectes.xtec.cat\/ere\/consorci-mobilitat-escoles-dart\/consorci-mobilitat-escoles-dart-qui-som\/","title":{"rendered":"Consorci mobilitat escoles d&#8217;art &#8211; Qui som"},"content":{"rendered":"<p style=\"font-weight: 400;\">La comunitat aut\u00f2noma de Catalunya t\u00e9 repartits al territori 33 centres que imparteixen estudis professionals d&#8217;arts pl\u00e0stiques i disseny. El consorci d\u2019Escoles d\u2019Art ha iniciat el cam\u00ed perqu\u00e8 totes les escoles d\u2019art i disseny del territori hi participin.<\/p>\n<p style=\"font-weight: 400;\">La varietat d&#8217;escoles d&#8217;art, de dimensions molt diferents segons la localitat, els nivells d&#8217;estudis impartits i el nombre d&#8217;estudiants, fa que hi hagi una oferta d&#8217;estudis singular i adaptada al seu entorn, que enriqueix la diversitat dins d&#8217;un tot. S&#8217;imparteix tota l&#8217;oferta de cicles d\u2019arts pl\u00e0stiques i disseny per fam\u00edlies professionals de l&#8217;ensenyament superior de nivell 1 del MECES (Marc Espanyol de Qualificaci\u00f3 per a l&#8217;Educaci\u00f3 Superior) equivalent a l&#8217;EQF Level 5.<\/p>\n<p style=\"font-weight: 400;\">El Consorci pret\u00e9n que cada centre desenvolupi plenament el potencial a partir dels projectes internacionals que puguin ser del seu inter\u00e8s. La constituci\u00f3 del Consorci ha de permetre als centres compartir objectius comuns, rendibilitzar esfor\u00e7os i potenciar les caracter\u00edstiques individuals dels components.<\/p>\n<p style=\"font-weight: 400;\">Correus de coordinaci\u00f3 dels Erasmus de les escoles:<\/p>\n<table style=\"font-weight: 400; width: 59.482%; height: 395px;\">\n<tbody>\n<tr style=\"height: 33px;\">\n<td style=\"height: 33px; width: 43.2927%;\"><strong>Nom Escola d&#8217;Art<\/strong><\/td>\n<td style=\"height: 33px; width: 41.5421%;\"><\/td>\n<\/tr>\n<tr style=\"height: 33px;\">\n<td style=\"height: 33px; width: 43.2927%;\">EA Llotja, de Barcelona<\/td>\n<td style=\"height: 33px; width: 41.5421%;\">internacional@llotja.cat<\/td>\n<\/tr>\n<tr style=\"height: 33px;\">\n<td style=\"height: 33px; width: 43.2927%;\">EA Leandre Crist\u00f2fol, de Lleida<\/td>\n<td style=\"height: 33px; width: 41.5421%;\">edossantos@paeria.es<\/td>\n<\/tr>\n<tr style=\"height: 33px;\">\n<td style=\"height: 33px; width: 43.2927%;\">EA Ondara, de T\u00e0rrega<\/td>\n<td style=\"height: 33px; width: 41.5421%;\">yhurtado@xtec.cat<\/td>\n<\/tr>\n<tr style=\"height: 33px;\">\n<td style=\"height: 33px; width: 43.2927%;\">EA Dei\u00e0<\/td>\n<td style=\"height: 33px; width: 41.5421%;\">international@deiadisseny.cat<\/td>\n<\/tr>\n<tr style=\"height: 49px;\">\n<td style=\"height: 49px; width: 43.2927%;\">EA Arsenal, de Vilafranca del Pened\u00e9s<\/td>\n<td style=\"height: 49px; width: 41.5421%;\">sclave@arsenal.cat<br \/>\nfbohe@arsenal.cat<\/td>\n<\/tr>\n<tr style=\"height: 49px;\">\n<td style=\"height: 49px; width: 43.2927%;\">EA Josep Serra i Abella, de L&#8217;Hospitalet de Llobregat<\/td>\n<td style=\"height: 49px; width: 41.5421%;\">erasmus@serraiabella.cat<\/td>\n<\/tr>\n<tr style=\"height: 33px;\">\n<td style=\"height: 33px; width: 43.2927%;\">EA Massana, de Barcelona<\/td>\n<td style=\"height: 33px; width: 41.5421%;\">internacional<span class=\"\"><span class=\"\"><span class=\"atwho-query\">@escolamassana.cat<br \/>\n<\/span> i<\/span>n<\/span>ternational.head@escolamassana.cat<\/td>\n<\/tr>\n<tr style=\"height: 33px;\">\n<td style=\"height: 33px; width: 43.2927%;\">EA d\u2019Olot<\/td>\n<td style=\"height: 33px; width: 41.5421%;\">internacional@eartolot.cat<\/td>\n<\/tr>\n<tr style=\"height: 33px;\">\n<td style=\"height: 33px; width: 43.2927%;\">EA Pau Gargallo<\/td>\n<td style=\"height: 33px; width: 41.5421%;\">erasmus@paugargallo.cat<\/td>\n<\/tr>\n<tr style=\"height: 33px;\">\n<td style=\"height: 33px; width: 43.2927%;\">Escola d&#8217;arts de Sant Cugat del Vall\u00e8s<\/td>\n<td style=\"height: 33px; width: 41.5421%;\">mobility@escoladart.com<\/td>\n<\/tr>\n<tr>\n<td style=\"width: 43.2927%;\">EA de Vic<\/td>\n<td style=\"width: 41.5421%;\">international@eartvic.net<\/td>\n<\/tr>\n<tr>\n<td style=\"width: 43.2927%;\">EMAiD Vilanova<\/td>\n<td style=\"width: 41.5421%;\">erasmus@emaid.cat<\/td>\n<\/tr>\n<tr>\n<td style=\"width: 43.2927%;\">Escola d&#8217;Art i Disseny Gaspar Camps<\/td>\n<td style=\"width: 41.5421%;\">cvelez@lagaspar.com<\/td>\n<\/tr>\n<\/tbody>\n<\/table>\n<p>Actualitzaci\u00f3: 17\/10\/24<\/p>\n","protected":false},"excerpt":{"rendered":"<p>La comunitat aut\u00f2noma de Catalunya t\u00e9 repartits al territori 33 centres que imparteixen estudis professionals d&#8217;arts pl\u00e0stiques i disseny. El consorci d\u2019Escoles d\u2019Art ha iniciat el cam\u00ed perqu\u00e8 totes les escoles d\u2019art i disseny del territori hi participin.<br \/>\nLa varietat d&#8217;escoles d&#8217;art, de dimensions molt diferents&hellip;  <a href=\"https:\/\/projectes.xtec.cat\/ere\/consorci-mobilitat-escoles-dart\/consorci-mobilitat-escoles-dart-qui-som\/\" title=\"Read Consorci mobilitat escoles d&#8217;art &#8211; Qui som\">Llegeix m\u00e9s\u00bb<\/a><\/p>\n","protected":false},"author":1,"featured_media":0,"parent":8326,"menu_order":0,"comment_status":"closed","ping_status":"closed","template":"","meta":{"_bbp_topic_count":0,"_bbp_reply_count":0,"_bbp_total_topic_count":0,"_bbp_total_reply_count":0,"_bbp_voice_count":0,"_bbp_anonymous_reply_count":0,"_bbp_topic_count_hidden":0,"_bbp_reply_count_hidden":0,"_bbp_forum_subforum_count":0,"footnotes":""},"class_list":["post-8572","page","type-page","status-publish","hentry"],"post_mailing_queue_ids":[],"_links":{"self":[{"href":"https:\/\/projectes.xtec.cat\/ere\/wp-json\/wp\/v2\/pages\/8572","targetHints":{"allow":["GET"]}}],"collection":[{"href":"https:\/\/projectes.xtec.cat\/ere\/wp-json\/wp\/v2\/pages"}],"about":[{"href":"https:\/\/projectes.xtec.cat\/ere\/wp-json\/wp\/v2\/types\/page"}],"author":[{"embeddable":true,"href":"https:\/\/projectes.xtec.cat\/ere\/wp-json\/wp\/v2\/users\/1"}],"replies":[{"embeddable":true,"href":"https:\/\/projectes.xtec.cat\/ere\/wp-json\/wp\/v2\/comments?post=8572"}],"version-history":[{"count":6,"href":"https:\/\/projectes.xtec.cat\/ere\/wp-json\/wp\/v2\/pages\/8572\/revisions"}],"predecessor-version":[{"id":10352,"href":"https:\/\/projectes.xtec.cat\/ere\/wp-json\/wp\/v2\/pages\/8572\/revisions\/10352"}],"up":[{"embeddable":true,"href":"https:\/\/projectes.xtec.cat\/ere\/wp-json\/wp\/v2\/pages\/8326"}],"wp:attachment":[{"href":"https:\/\/projectes.xtec.cat\/ere\/wp-json\/wp\/v2\/media?parent=8572"}],"curies":[{"name":"wp","href":"https:\/\/api.w.org\/{rel}","templated":true}]}}