{"id":8733,"date":"2022-03-17T07:10:08","date_gmt":"2022-03-17T06:10:08","guid":{"rendered":"https:\/\/projectes.xtec.cat\/ere\/?page_id=8733"},"modified":"2023-05-09T11:19:37","modified_gmt":"2023-05-09T09:19:37","slug":"infografies-ensenyaments-esportius","status":"publish","type":"page","link":"https:\/\/projectes.xtec.cat\/ere\/infografies-ensenyaments-esportius\/","title":{"rendered":"Infografies ensenyaments esportius"},"content":{"rendered":"<p><a href=\"https:\/\/projectes.xtec.cat\/ere\/wp-content\/uploads\/usu2534\/2023\/05\/06_esports_GM_info_2023.pdf\" target=\"_blank\" rel=\"noopener\">Grau mitj\u00e0 i proves espec\u00edfiques d&#8217;acc\u00e9s 2022-2023<\/a><br \/>\n<a href=\"https:\/\/projectes.xtec.cat\/ere\/wp-content\/uploads\/usu2534\/2023\/05\/07_esports_GS_info_2023.pdf\" target=\"_blank\" rel=\"noopener\">Grau superior\u00a0<\/a><br \/>\n<a href=\"https:\/\/projectes.xtec.cat\/ere\/wp-content\/uploads\/usu2534\/2023\/05\/26_Batx-Esports_info_2023.pdf\" target=\"_blank\" rel=\"noopener\">Batxillerat i Ensenyaments Esportius<\/a><br \/>\n<a href=\"https:\/\/projectes.xtec.cat\/ere\/wp-content\/uploads\/usu2534\/2022\/08\/Triptic-Ensenyaments-Esportius-2022-2023-1.pdf\" target=\"_blank\" rel=\"noopener\">Tr\u00edptic Ensenyaments Esportius 2022-2023<\/a><\/p>\n","protected":false},"excerpt":{"rendered":"<p><a href=\"https:\/\/projectes.xtec.cat\/ere\/wp-content\/uploads\/usu2534\/2023\/05\/06_esports_GM_info_2023.pdf\" target=\"_blank\" rel=\"noopener\">Grau mitj\u00e0 i proves espec\u00edfiques d&#8217;acc\u00e9s 2022-2023<\/a><br \/>\n<a href=\"https:\/\/projectes.xtec.cat\/ere\/wp-content\/uploads\/usu2534\/2023\/05\/07_esports_GS_info_2023.pdf\" target=\"_blank\" rel=\"noopener\">Grau superior\u00a0<\/a><br \/>\n<a href=\"https:\/\/projectes.xtec.cat\/ere\/wp-content\/uploads\/usu2534\/2023\/05\/26_Batx-Esports_info_2023.pdf\" target=\"_blank\" rel=\"noopener\">Batxillerat i Ensenyaments Esportius<\/a><br \/>\n<a href=\"https:\/\/projectes.xtec.cat\/ere\/wp-content\/uploads\/usu2534\/2022\/08\/Triptic-Ensenyaments-Esportius-2022-2023-1.pdf\" target=\"_blank\" rel=\"noopener\">Tr\u00edptic Ensenyaments Esportius 2022-2023<\/a><\/p>\n","protected":false},"author":1,"featured_media":0,"parent":0,"menu_order":0,"comment_status":"closed","ping_status":"closed","template":"","meta":{"_bbp_topic_count":0,"_bbp_reply_count":0,"_bbp_total_topic_count":0,"_bbp_total_reply_count":0,"_bbp_voice_count":0,"_bbp_anonymous_reply_count":0,"_bbp_topic_count_hidden":0,"_bbp_reply_count_hidden":0,"_bbp_forum_subforum_count":0,"footnotes":""},"class_list":["post-8733","page","type-page","status-publish","hentry"],"post_mailing_queue_ids":[],"_links":{"self":[{"href":"https:\/\/projectes.xtec.cat\/ere\/wp-json\/wp\/v2\/pages\/8733","targetHints":{"allow":["GET"]}}],"collection":[{"href":"https:\/\/projectes.xtec.cat\/ere\/wp-json\/wp\/v2\/pages"}],"about":[{"href":"https:\/\/projectes.xtec.cat\/ere\/wp-json\/wp\/v2\/types\/page"}],"author":[{"embeddable":true,"href":"https:\/\/projectes.xtec.cat\/ere\/wp-json\/wp\/v2\/users\/1"}],"replies":[{"embeddable":true,"href":"https:\/\/projectes.xtec.cat\/ere\/wp-json\/wp\/v2\/comments?post=8733"}],"version-history":[{"count":3,"href":"https:\/\/projectes.xtec.cat\/ere\/wp-json\/wp\/v2\/pages\/8733\/revisions"}],"predecessor-version":[{"id":9585,"href":"https:\/\/projectes.xtec.cat\/ere\/wp-json\/wp\/v2\/pages\/8733\/revisions\/9585"}],"wp:attachment":[{"href":"https:\/\/projectes.xtec.cat\/ere\/wp-json\/wp\/v2\/media?parent=8733"}],"curies":[{"name":"wp","href":"https:\/\/api.w.org\/{rel}","templated":true}]}}