{"id":8792,"date":"2022-04-12T08:23:06","date_gmt":"2022-04-12T06:23:06","guid":{"rendered":"https:\/\/projectes.xtec.cat\/ere\/?page_id=8792"},"modified":"2024-10-15T12:51:25","modified_gmt":"2024-10-15T10:51:25","slug":"art-experience","status":"publish","type":"page","link":"https:\/\/projectes.xtec.cat\/ere\/innovacio-apd\/art-experience\/","title":{"rendered":"Art Experience"},"content":{"rendered":"<p><a href=\"https:\/\/projectes.xtec.cat\/ere\/wp-content\/uploads\/usu2534\/2024\/04\/Logo-Art-Experience-scaled.jpg\"><img loading=\"lazy\" decoding=\"async\" class=\"size-thumbnail wp-image-9856 alignleft\" src=\"https:\/\/projectes.xtec.cat\/ere\/wp-content\/uploads\/usu2534\/2024\/04\/Logo-Art-Experience-150x150.jpg\" alt=\"Logo Art Experience\" width=\"150\" height=\"150\" srcset=\"https:\/\/projectes.xtec.cat\/ere\/wp-content\/uploads\/usu2534\/2024\/04\/Logo-Art-Experience-150x150.jpg 150w, https:\/\/projectes.xtec.cat\/ere\/wp-content\/uploads\/usu2534\/2024\/04\/Logo-Art-Experience-300x300.jpg 300w, https:\/\/projectes.xtec.cat\/ere\/wp-content\/uploads\/usu2534\/2024\/04\/Logo-Art-Experience-1024x1024.jpg 1024w, https:\/\/projectes.xtec.cat\/ere\/wp-content\/uploads\/usu2534\/2024\/04\/Logo-Art-Experience-768x768.jpg 768w, https:\/\/projectes.xtec.cat\/ere\/wp-content\/uploads\/usu2534\/2024\/04\/Logo-Art-Experience-1536x1536.jpg 1536w, https:\/\/projectes.xtec.cat\/ere\/wp-content\/uploads\/usu2534\/2024\/04\/Logo-Art-Experience-2048x2048.jpg 2048w\" sizes=\"auto, (max-width: 150px) 100vw, 150px\" \/><\/a>Convocat\u00f2ria dirigida als alumnes de 2n dels cicles formatius de grau superior d\u2019arts pl\u00e0stiques i disseny de qualsevol fam\u00edlia professional.<\/p>\n<p>Els alumnes s\u2019han d\u2019enfrontar, des d\u2019equips formats per perfils diversos (alumnat de diferents especialitats i de diferents Escoles d\u2019Art) a un repte sobre un tema pr\u00e8viament definit per part de la Instituci\u00f3\/Empresa, i generar propostes de disseny d\u2019un producte.<\/p>\n<p>Cada grup ha de presentar un prototip o l\u2019esb\u00f3s d\u2019una idea, no un producte acabat, ja que l\u2019activitat es desenvolupa al llarg d\u2019una \u00fanica jornada de treball. Es valoren les idees originals sobre el tema plantejat, aix\u00ed com la iniciativa, el treball en equip i la capacitat de s\u00edntesi.<\/p>\n<p>La jornada conclou amb la presentaci\u00f3 per part de l\u2019alumnat dels projectes i plans de treball per a la seva possible aplicaci\u00f3. L\u2019empresa\/instituci\u00f3 selecciona el projecte que considera que reuneix de manera m\u00e9s efectiva els requisits plantejats.<\/p>\n<p>Les jornades Art Experience apleguen gaireb\u00e9 una seixantena d\u2019alumnes de les diverses Escoles d\u2019Arts Pl\u00e0stiques\u00a0 i Disseny de Catalunya.<\/p>\n<p><strong>Edici\u00f3 2025<\/strong><\/p>\n<ul>\n<li>CREC Coworking: 18 de febrer de 2025<\/li>\n<li>Ajuntament de Canet de Mar: 18 de mar\u00e7 de 2025<\/li>\n<li>CosmoCaixa: 1 d&#8217;abril de 2025<\/li>\n<\/ul>\n<p><strong>Edici\u00f3 2024<\/strong><\/p>\n<p><strong>CREC Sabadell: 13\/2\/24<\/strong><\/p>\n<p><a href=\"https:\/\/projectes.xtec.cat\/ere\/wp-content\/uploads\/usu2534\/2024\/02\/Art-Experience-2024-CREC-6-scaled.jpg\"><img loading=\"lazy\" decoding=\"async\" class=\"alignnone size-thumbnail wp-image-9775\" src=\"https:\/\/projectes.xtec.cat\/ere\/wp-content\/uploads\/usu2534\/2024\/02\/Art-Experience-2024-CREC-6-150x150.jpg\" alt=\"\" width=\"150\" height=\"150\" \/><\/a> <a href=\"https:\/\/projectes.xtec.cat\/ere\/wp-content\/uploads\/usu2534\/2024\/02\/Art-Experience-2024-CREC-1-scaled.jpg\"><img loading=\"lazy\" decoding=\"async\" class=\"alignnone size-thumbnail wp-image-9776\" src=\"https:\/\/projectes.xtec.cat\/ere\/wp-content\/uploads\/usu2534\/2024\/02\/Art-Experience-2024-CREC-1-150x150.jpg\" alt=\"\" width=\"150\" height=\"150\" \/><\/a> <a href=\"https:\/\/projectes.xtec.cat\/ere\/wp-content\/uploads\/usu2534\/2024\/02\/Art-Experience-2024-CREC-2-scaled.jpg\"><img loading=\"lazy\" decoding=\"async\" class=\"alignnone size-thumbnail wp-image-9777\" src=\"https:\/\/projectes.xtec.cat\/ere\/wp-content\/uploads\/usu2534\/2024\/02\/Art-Experience-2024-CREC-2-150x150.jpg\" alt=\"\" width=\"150\" height=\"150\" \/><\/a><br \/>\n<a href=\"https:\/\/projectes.xtec.cat\/ere\/wp-content\/uploads\/usu2534\/2024\/02\/Art-Experience-2024-CREC-3-scaled.jpg\"><img loading=\"lazy\" decoding=\"async\" class=\"alignnone size-thumbnail wp-image-9778\" src=\"https:\/\/projectes.xtec.cat\/ere\/wp-content\/uploads\/usu2534\/2024\/02\/Art-Experience-2024-CREC-3-150x150.jpg\" alt=\"\" width=\"150\" height=\"150\" \/><\/a> <a href=\"https:\/\/projectes.xtec.cat\/ere\/wp-content\/uploads\/usu2534\/2024\/02\/Art-Experience-2024-CREC-4-scaled.jpg\"><img loading=\"lazy\" decoding=\"async\" class=\"alignnone size-thumbnail wp-image-9779\" src=\"https:\/\/projectes.xtec.cat\/ere\/wp-content\/uploads\/usu2534\/2024\/02\/Art-Experience-2024-CREC-4-150x150.jpg\" alt=\"\" width=\"150\" height=\"150\" \/><\/a> <a href=\"https:\/\/projectes.xtec.cat\/ere\/wp-content\/uploads\/usu2534\/2024\/02\/Art-Experience-2024-CREC-5-scaled.jpg\"><img loading=\"lazy\" decoding=\"async\" class=\"alignnone size-thumbnail wp-image-9780\" src=\"https:\/\/projectes.xtec.cat\/ere\/wp-content\/uploads\/usu2534\/2024\/02\/Art-Experience-2024-CREC-5-150x150.jpg\" alt=\"\" width=\"150\" height=\"150\" \/><\/a><\/p>\n<p><strong>Edici\u00f3 2023<\/strong><\/p>\n<p><strong>CosmoCaixa: 27\/2\/23<\/strong><\/p>\n<p><a href=\"https:\/\/projectes.xtec.cat\/ere\/wp-content\/uploads\/usu2534\/2023\/03\/CosmoCaixa-3.jpg\"><img loading=\"lazy\" decoding=\"async\" class=\"alignnone size-thumbnail wp-image-9501\" src=\"https:\/\/projectes.xtec.cat\/ere\/wp-content\/uploads\/usu2534\/2023\/03\/CosmoCaixa-3-150x150.jpg\" alt=\"\" width=\"150\" height=\"150\" \/><\/a><a href=\"https:\/\/projectes.xtec.cat\/ere\/wp-content\/uploads\/usu2534\/2023\/03\/CosmoCaixa-4.jpg\"><img loading=\"lazy\" decoding=\"async\" class=\"alignnone size-thumbnail wp-image-9502\" src=\"https:\/\/projectes.xtec.cat\/ere\/wp-content\/uploads\/usu2534\/2023\/03\/CosmoCaixa-4-150x150.jpg\" alt=\"\" width=\"150\" height=\"150\" \/><\/a><a href=\"https:\/\/projectes.xtec.cat\/ere\/wp-content\/uploads\/usu2534\/2023\/03\/Cosmo-3.jpg\"><img loading=\"lazy\" decoding=\"async\" class=\"alignnone size-thumbnail wp-image-9503\" src=\"https:\/\/projectes.xtec.cat\/ere\/wp-content\/uploads\/usu2534\/2023\/03\/Cosmo-3-150x150.jpg\" alt=\"\" width=\"150\" height=\"150\" \/><\/a><br \/>\n<a href=\"https:\/\/projectes.xtec.cat\/ere\/wp-content\/uploads\/usu2534\/2023\/04\/Art-Experience-Cosmo-2023-1.jpg\"><img loading=\"lazy\" decoding=\"async\" class=\"alignnone size-thumbnail wp-image-9554\" src=\"https:\/\/projectes.xtec.cat\/ere\/wp-content\/uploads\/usu2534\/2023\/04\/Art-Experience-Cosmo-2023-1-150x150.jpg\" alt=\"\" width=\"150\" height=\"150\" \/><\/a><a href=\"https:\/\/projectes.xtec.cat\/ere\/wp-content\/uploads\/usu2534\/2023\/04\/Art-Experience-Cosmo-2023-1-1-rotated.jpg\"><img loading=\"lazy\" decoding=\"async\" class=\"alignnone size-thumbnail wp-image-9555\" src=\"https:\/\/projectes.xtec.cat\/ere\/wp-content\/uploads\/usu2534\/2023\/04\/Art-Experience-Cosmo-2023-1-1-150x150.jpg\" alt=\"\" width=\"150\" height=\"150\" \/><\/a><a href=\"https:\/\/projectes.xtec.cat\/ere\/wp-content\/uploads\/usu2534\/2023\/04\/Art-Experience-Cosmo-4.jpg\"><img loading=\"lazy\" decoding=\"async\" class=\"alignnone size-thumbnail wp-image-9559\" src=\"https:\/\/projectes.xtec.cat\/ere\/wp-content\/uploads\/usu2534\/2023\/04\/Art-Experience-Cosmo-4-150x150.jpg\" alt=\"\" width=\"150\" height=\"150\" \/><\/a><\/p>\n<p><strong>CREC: 21\/3\/23<\/strong><\/p>\n<p><a href=\"https:\/\/projectes.xtec.cat\/ere\/wp-content\/uploads\/usu2534\/2023\/03\/CREC-1-rotated.jpg\"><img loading=\"lazy\" decoding=\"async\" class=\"alignnone size-thumbnail wp-image-9511\" src=\"https:\/\/projectes.xtec.cat\/ere\/wp-content\/uploads\/usu2534\/2023\/03\/CREC-1-150x150.jpg\" alt=\"\" width=\"150\" height=\"150\" \/><\/a><a href=\"https:\/\/projectes.xtec.cat\/ere\/wp-content\/uploads\/usu2534\/2023\/03\/CREC-17.jpg\"><img loading=\"lazy\" decoding=\"async\" class=\"alignnone size-thumbnail wp-image-9512\" src=\"https:\/\/projectes.xtec.cat\/ere\/wp-content\/uploads\/usu2534\/2023\/03\/CREC-17-150x150.jpg\" alt=\"\" width=\"150\" height=\"150\" \/><\/a><a href=\"https:\/\/projectes.xtec.cat\/ere\/wp-content\/uploads\/usu2534\/2023\/03\/CREC-18.jpg\"><img loading=\"lazy\" decoding=\"async\" class=\"alignnone size-thumbnail wp-image-9513\" src=\"https:\/\/projectes.xtec.cat\/ere\/wp-content\/uploads\/usu2534\/2023\/03\/CREC-18-150x150.jpg\" alt=\"\" width=\"150\" height=\"150\" \/><\/a><br \/>\n<a href=\"https:\/\/projectes.xtec.cat\/ere\/wp-content\/uploads\/usu2534\/2023\/04\/AEX-CREC-2.jpg\"><img loading=\"lazy\" decoding=\"async\" class=\"alignnone size-thumbnail wp-image-9563\" src=\"https:\/\/projectes.xtec.cat\/ere\/wp-content\/uploads\/usu2534\/2023\/04\/AEX-CREC-2-150x150.jpg\" alt=\"\" width=\"150\" height=\"150\" \/><\/a><a href=\"https:\/\/projectes.xtec.cat\/ere\/wp-content\/uploads\/usu2534\/2023\/04\/AEX-CREC-3.png\"><img loading=\"lazy\" decoding=\"async\" class=\"alignnone size-thumbnail wp-image-9564\" src=\"https:\/\/projectes.xtec.cat\/ere\/wp-content\/uploads\/usu2534\/2023\/04\/AEX-CREC-3-150x150.png\" alt=\"\" width=\"150\" height=\"150\" \/><\/a><a href=\"https:\/\/projectes.xtec.cat\/ere\/wp-content\/uploads\/usu2534\/2023\/04\/AEX-CREC-1-1.jpg\"><img loading=\"lazy\" decoding=\"async\" class=\"alignnone size-thumbnail wp-image-9565\" src=\"https:\/\/projectes.xtec.cat\/ere\/wp-content\/uploads\/usu2534\/2023\/04\/AEX-CREC-1-1-150x150.jpg\" alt=\"\" width=\"150\" height=\"150\" \/><\/a><\/p>\n<p><a href=\"https:\/\/projectes.xtec.cat\/ere\/wp-content\/uploads\/usu2534\/2023\/03\/CREC-2023_compressed.pdf\" target=\"_blank\" rel=\"noopener\">Projecte guanyador<\/a><\/p>\n<p><strong>One Life (Canet de Mar) 13\/4\/23<\/strong><\/p>\n<p><a href=\"https:\/\/projectes.xtec.cat\/ere\/wp-content\/uploads\/usu2534\/2023\/04\/A-Ex-One-Life-2023-1.jpg\"><img loading=\"lazy\" decoding=\"async\" class=\"alignnone size-thumbnail wp-image-9568\" src=\"https:\/\/projectes.xtec.cat\/ere\/wp-content\/uploads\/usu2534\/2023\/04\/A-Ex-One-Life-2023-1-150x150.jpg\" alt=\"\" width=\"150\" height=\"150\" \/><\/a><a href=\"https:\/\/projectes.xtec.cat\/ere\/wp-content\/uploads\/usu2534\/2023\/04\/A-Ex-One-Life-2023-2-rotated.jpg\"><img loading=\"lazy\" decoding=\"async\" class=\"alignnone size-thumbnail wp-image-9569\" src=\"https:\/\/projectes.xtec.cat\/ere\/wp-content\/uploads\/usu2534\/2023\/04\/A-Ex-One-Life-2023-2-150x150.jpg\" alt=\"\" width=\"150\" height=\"150\" \/><\/a><a href=\"https:\/\/projectes.xtec.cat\/ere\/wp-content\/uploads\/usu2534\/2023\/04\/A-Ex-One-Life-2023-3.jpg\"><img loading=\"lazy\" decoding=\"async\" class=\"alignnone size-thumbnail wp-image-9570\" src=\"https:\/\/projectes.xtec.cat\/ere\/wp-content\/uploads\/usu2534\/2023\/04\/A-Ex-One-Life-2023-3-150x150.jpg\" alt=\"\" width=\"150\" height=\"150\" \/><\/a><br \/>\n<a href=\"https:\/\/projectes.xtec.cat\/ere\/wp-content\/uploads\/usu2534\/2023\/04\/A-Ex-One-Life-2023-4.jpg\"><img loading=\"lazy\" decoding=\"async\" class=\"alignnone size-thumbnail wp-image-9571\" src=\"https:\/\/projectes.xtec.cat\/ere\/wp-content\/uploads\/usu2534\/2023\/04\/A-Ex-One-Life-2023-4-150x150.jpg\" alt=\"\" width=\"150\" height=\"150\" \/><\/a><a href=\"https:\/\/projectes.xtec.cat\/ere\/wp-content\/uploads\/usu2534\/2023\/04\/A-Ex-One-Life-2023-5.jpg\"><img loading=\"lazy\" decoding=\"async\" class=\"alignnone size-thumbnail wp-image-9572\" src=\"https:\/\/projectes.xtec.cat\/ere\/wp-content\/uploads\/usu2534\/2023\/04\/A-Ex-One-Life-2023-5-150x150.jpg\" alt=\"\" width=\"150\" height=\"150\" \/><\/a><a href=\"https:\/\/projectes.xtec.cat\/ere\/wp-content\/uploads\/usu2534\/2023\/04\/A-Ex-One-Life-2023-6.jpg\"><img loading=\"lazy\" decoding=\"async\" class=\"alignnone size-thumbnail wp-image-9573\" src=\"https:\/\/projectes.xtec.cat\/ere\/wp-content\/uploads\/usu2534\/2023\/04\/A-Ex-One-Life-2023-6-150x150.jpg\" alt=\"\" width=\"150\" height=\"150\" \/><\/a><\/p>\n<hr \/>\n<p><strong>Edici\u00f3 2022<\/strong><\/p>\n<p><strong>CosmoCaixa: 9\/3\/22<\/strong><\/p>\n<p><a href=\"https:\/\/projectes.xtec.cat\/ere\/wp-content\/uploads\/usu2534\/2022\/04\/AE4.jpg\"><img loading=\"lazy\" decoding=\"async\" class=\"alignnone size-thumbnail wp-image-8800\" src=\"https:\/\/projectes.xtec.cat\/ere\/wp-content\/uploads\/usu2534\/2022\/04\/AE4-150x150.jpg\" alt=\"Art Experience CosmoCaixa\" width=\"150\" height=\"150\" srcset=\"https:\/\/projectes.xtec.cat\/ere\/wp-content\/uploads\/usu2534\/2022\/04\/AE4-150x150.jpg 150w, https:\/\/projectes.xtec.cat\/ere\/wp-content\/uploads\/usu2534\/2022\/04\/AE4-300x300.jpg 300w, https:\/\/projectes.xtec.cat\/ere\/wp-content\/uploads\/usu2534\/2022\/04\/AE4-1024x1024.jpg 1024w, https:\/\/projectes.xtec.cat\/ere\/wp-content\/uploads\/usu2534\/2022\/04\/AE4-768x768.jpg 768w, https:\/\/projectes.xtec.cat\/ere\/wp-content\/uploads\/usu2534\/2022\/04\/AE4.jpg 1080w\" sizes=\"auto, (max-width: 150px) 100vw, 150px\" \/><\/a><a href=\"https:\/\/projectes.xtec.cat\/ere\/wp-content\/uploads\/usu2534\/2022\/04\/AE3.jpg\"><img loading=\"lazy\" decoding=\"async\" class=\"alignnone size-thumbnail wp-image-8799\" src=\"https:\/\/projectes.xtec.cat\/ere\/wp-content\/uploads\/usu2534\/2022\/04\/AE3-150x150.jpg\" alt=\"\" width=\"150\" height=\"150\" srcset=\"https:\/\/projectes.xtec.cat\/ere\/wp-content\/uploads\/usu2534\/2022\/04\/AE3-150x150.jpg 150w, https:\/\/projectes.xtec.cat\/ere\/wp-content\/uploads\/usu2534\/2022\/04\/AE3-300x300.jpg 300w, https:\/\/projectes.xtec.cat\/ere\/wp-content\/uploads\/usu2534\/2022\/04\/AE3-1024x1024.jpg 1024w, https:\/\/projectes.xtec.cat\/ere\/wp-content\/uploads\/usu2534\/2022\/04\/AE3-768x768.jpg 768w, https:\/\/projectes.xtec.cat\/ere\/wp-content\/uploads\/usu2534\/2022\/04\/AE3.jpg 1080w\" sizes=\"auto, (max-width: 150px) 100vw, 150px\" \/><\/a><a href=\"https:\/\/projectes.xtec.cat\/ere\/wp-content\/uploads\/usu2534\/2022\/04\/AE1.jpg\"><img loading=\"lazy\" decoding=\"async\" class=\"alignnone size-thumbnail wp-image-8796\" src=\"https:\/\/projectes.xtec.cat\/ere\/wp-content\/uploads\/usu2534\/2022\/04\/AE1-150x150.jpg\" alt=\"Art Experience CosmoCaixa\" width=\"150\" height=\"150\" srcset=\"https:\/\/projectes.xtec.cat\/ere\/wp-content\/uploads\/usu2534\/2022\/04\/AE1-150x150.jpg 150w, https:\/\/projectes.xtec.cat\/ere\/wp-content\/uploads\/usu2534\/2022\/04\/AE1-300x300.jpg 300w, https:\/\/projectes.xtec.cat\/ere\/wp-content\/uploads\/usu2534\/2022\/04\/AE1.jpg 720w\" sizes=\"auto, (max-width: 150px) 100vw, 150px\" \/><\/a><br \/>\n<a href=\"https:\/\/projectes.xtec.cat\/ere\/wp-content\/uploads\/usu2534\/2022\/04\/IMG-20220309-WA0017.jpg\"><img loading=\"lazy\" decoding=\"async\" class=\"alignnone size-thumbnail wp-image-8795\" src=\"https:\/\/projectes.xtec.cat\/ere\/wp-content\/uploads\/usu2534\/2022\/04\/IMG-20220309-WA0017-150x150.jpg\" alt=\"Art Experience CosmoCaixa\" width=\"150\" height=\"150\" srcset=\"https:\/\/projectes.xtec.cat\/ere\/wp-content\/uploads\/usu2534\/2022\/04\/IMG-20220309-WA0017-150x150.jpg 150w, https:\/\/projectes.xtec.cat\/ere\/wp-content\/uploads\/usu2534\/2022\/04\/IMG-20220309-WA0017-300x300.jpg 300w, https:\/\/projectes.xtec.cat\/ere\/wp-content\/uploads\/usu2534\/2022\/04\/IMG-20220309-WA0017-1024x1024.jpg 1024w, https:\/\/projectes.xtec.cat\/ere\/wp-content\/uploads\/usu2534\/2022\/04\/IMG-20220309-WA0017-768x768.jpg 768w, https:\/\/projectes.xtec.cat\/ere\/wp-content\/uploads\/usu2534\/2022\/04\/IMG-20220309-WA0017.jpg 1080w\" sizes=\"auto, (max-width: 150px) 100vw, 150px\" \/><\/a><a href=\"https:\/\/projectes.xtec.cat\/ere\/wp-content\/uploads\/usu2534\/2022\/04\/AE2-scaled.jpg\"><img loading=\"lazy\" decoding=\"async\" class=\"alignnone size-thumbnail wp-image-8798\" src=\"https:\/\/projectes.xtec.cat\/ere\/wp-content\/uploads\/usu2534\/2022\/04\/AE2-150x150.jpg\" alt=\"Art Experience CosmoCaixa\" width=\"150\" height=\"150\" \/><\/a><a href=\"https:\/\/projectes.xtec.cat\/ere\/wp-content\/uploads\/usu2534\/2022\/04\/AE5-scaled.jpg\"><img loading=\"lazy\" decoding=\"async\" class=\"alignnone size-thumbnail wp-image-8797\" src=\"https:\/\/projectes.xtec.cat\/ere\/wp-content\/uploads\/usu2534\/2022\/04\/AE5-150x150.jpg\" alt=\"Art Experience CosmoCaixa\" width=\"150\" height=\"150\" \/><\/a><\/p>\n<p><strong>CREC: 22\/3\/22<\/strong><\/p>\n<p><a href=\"https:\/\/projectes.xtec.cat\/ere\/wp-content\/uploads\/usu2534\/2022\/04\/CREC3-scaled.jpg\"><img loading=\"lazy\" decoding=\"async\" class=\"alignnone size-thumbnail wp-image-8805\" src=\"https:\/\/projectes.xtec.cat\/ere\/wp-content\/uploads\/usu2534\/2022\/04\/CREC3-150x150.jpg\" alt=\"Art Experience CREC\" width=\"150\" height=\"150\" \/><\/a><a href=\"https:\/\/projectes.xtec.cat\/ere\/wp-content\/uploads\/usu2534\/2022\/04\/CREC2-scaled.jpg\"><img loading=\"lazy\" decoding=\"async\" class=\"alignnone size-thumbnail wp-image-8804\" src=\"https:\/\/projectes.xtec.cat\/ere\/wp-content\/uploads\/usu2534\/2022\/04\/CREC2-150x150.jpg\" alt=\"Art Experience CREC\" width=\"150\" height=\"150\" \/><\/a><a href=\"https:\/\/projectes.xtec.cat\/ere\/wp-content\/uploads\/usu2534\/2022\/04\/CREC1.jpg\"><img loading=\"lazy\" decoding=\"async\" class=\"alignnone size-thumbnail wp-image-8803\" src=\"https:\/\/projectes.xtec.cat\/ere\/wp-content\/uploads\/usu2534\/2022\/04\/CREC1-150x150.jpg\" alt=\"Art Experience CREC\" width=\"150\" height=\"150\" srcset=\"https:\/\/projectes.xtec.cat\/ere\/wp-content\/uploads\/usu2534\/2022\/04\/CREC1-150x150.jpg 150w, https:\/\/projectes.xtec.cat\/ere\/wp-content\/uploads\/usu2534\/2022\/04\/CREC1-300x300.jpg 300w, https:\/\/projectes.xtec.cat\/ere\/wp-content\/uploads\/usu2534\/2022\/04\/CREC1.jpg 600w\" sizes=\"auto, (max-width: 150px) 100vw, 150px\" \/><\/a><\/p>\n<p><strong>CosmoCaixa 2020<\/strong><\/p>\n<p><iframe loading=\"lazy\" title=\"Art Experience 2020\" width=\"500\" height=\"281\" src=\"https:\/\/www.youtube.com\/embed\/B8yKHBeULsY?feature=oembed\" frameborder=\"0\" allow=\"accelerometer; autoplay; clipboard-write; encrypted-media; gyroscope; picture-in-picture; web-share\" referrerpolicy=\"strict-origin-when-cross-origin\" allowfullscreen><\/iframe><\/p>\n<p><strong>CosmoCaixa 2019<\/strong><\/p>\n<p><iframe loading=\"lazy\" title=\"Art Experience 2019\" width=\"500\" height=\"281\" src=\"https:\/\/www.youtube.com\/embed\/5ktvsH_Iup0?feature=oembed\" frameborder=\"0\" allow=\"accelerometer; autoplay; clipboard-write; encrypted-media; gyroscope; picture-in-picture; web-share\" referrerpolicy=\"strict-origin-when-cross-origin\" allowfullscreen><\/iframe><\/p>\n","protected":false},"excerpt":{"rendered":"<p><a href=\"https:\/\/projectes.xtec.cat\/ere\/wp-content\/uploads\/usu2534\/2024\/04\/Logo-Art-Experience-scaled.jpg\"><\/a>Convocat\u00f2ria dirigida als alumnes de 2n dels cicles formatius de grau superior d\u2019arts pl\u00e0stiques i disseny de qualsevol fam\u00edlia professional.<br \/>\nEls alumnes s\u2019han d\u2019enfrontar, des d\u2019equips formats per perfils diversos (alumnat de diferents especialitats i de diferents Escoles d\u2019Art) a un repte sobre un tema&hellip;  <a href=\"https:\/\/projectes.xtec.cat\/ere\/innovacio-apd\/art-experience\/\" title=\"Read Art Experience\">Llegeix m\u00e9s\u00bb<\/a><\/p>\n","protected":false},"author":1,"featured_media":0,"parent":8323,"menu_order":0,"comment_status":"closed","ping_status":"closed","template":"","meta":{"_bbp_topic_count":0,"_bbp_reply_count":0,"_bbp_total_topic_count":0,"_bbp_total_reply_count":0,"_bbp_voice_count":0,"_bbp_anonymous_reply_count":0,"_bbp_topic_count_hidden":0,"_bbp_reply_count_hidden":0,"_bbp_forum_subforum_count":0,"footnotes":""},"class_list":["post-8792","page","type-page","status-publish","hentry"],"post_mailing_queue_ids":[],"_links":{"self":[{"href":"https:\/\/projectes.xtec.cat\/ere\/wp-json\/wp\/v2\/pages\/8792","targetHints":{"allow":["GET"]}}],"collection":[{"href":"https:\/\/projectes.xtec.cat\/ere\/wp-json\/wp\/v2\/pages"}],"about":[{"href":"https:\/\/projectes.xtec.cat\/ere\/wp-json\/wp\/v2\/types\/page"}],"author":[{"embeddable":true,"href":"https:\/\/projectes.xtec.cat\/ere\/wp-json\/wp\/v2\/users\/1"}],"replies":[{"embeddable":true,"href":"https:\/\/projectes.xtec.cat\/ere\/wp-json\/wp\/v2\/comments?post=8792"}],"version-history":[{"count":6,"href":"https:\/\/projectes.xtec.cat\/ere\/wp-json\/wp\/v2\/pages\/8792\/revisions"}],"predecessor-version":[{"id":10311,"href":"https:\/\/projectes.xtec.cat\/ere\/wp-json\/wp\/v2\/pages\/8792\/revisions\/10311"}],"up":[{"embeddable":true,"href":"https:\/\/projectes.xtec.cat\/ere\/wp-json\/wp\/v2\/pages\/8323"}],"wp:attachment":[{"href":"https:\/\/projectes.xtec.cat\/ere\/wp-json\/wp\/v2\/media?parent=8792"}],"curies":[{"name":"wp","href":"https:\/\/api.w.org\/{rel}","templated":true}]}}