{"id":8827,"date":"2022-05-13T09:29:07","date_gmt":"2022-05-13T07:29:07","guid":{"rendered":"https:\/\/projectes.xtec.cat\/ere\/?page_id=8827"},"modified":"2024-03-04T13:36:53","modified_gmt":"2024-03-04T12:36:53","slug":"proves-dacces-apd","status":"publish","type":"page","link":"https:\/\/projectes.xtec.cat\/ere\/proves-dacces-apd\/","title":{"rendered":"Proves d&#8217;acc\u00e9s APD"},"content":{"rendered":"<p style=\"background: white; margin: 0cm 0cm 7.5pt 0cm;\"><span style=\"font-family: 'Helvetica',sans-serif; color: #333333;\">Per accedir als cicles formatius de formaci\u00f3 professional el curs 2022-2023, cal estar en possessi\u00f3 d&#8217;un dels t\u00edtols que estableix la Llei org\u00e0nica 2\/2006, de 3 de maig, d&#8217;educaci\u00f3, modificada per la Llei org\u00e0nica 3\/2020, de 29 de desembre. Tamb\u00e9 s&#8217;hi preveu l&#8217;acc\u00e9s mitjan\u00e7ant la superaci\u00f3 d&#8217;una prova d&#8217;acc\u00e9s, que \u00e9s regulada i convocada anualment pel Departament d&#8217;Educaci\u00f3.<\/span><\/p>\n<p style=\"background: white; box-sizing: border-box; font-variant-ligatures: normal; font-variant-caps: normal; orphans: 2; text-align: start; widows: 2; -webkit-text-stroke-width: 0px; text-decoration-thickness: initial; text-decoration-style: initial; text-decoration-color: initial; word-spacing: 0px; margin: 0cm 0cm 7.5pt 0cm;\"><span style=\"font-family: 'Helvetica',sans-serif; color: #333333;\">D&#8217;altra banda, per accedir als cicles formatius de grau mitj\u00e0 i de grau superior d&#8217;arts pl\u00e0stiques i disseny \u00e9s necessari tenir, respectivament, el t\u00edtol de graduat en educaci\u00f3 secund\u00e0ria obligat\u00f2ria, o t\u00edtol declarat equivalent, i el t\u00edtol de batxiller, o t\u00edtol declarat equivalent, i superar, a m\u00e9s a m\u00e9s, una prova espec\u00edfica, d&#8217;acord amb el Reial decret 596\/2007, de 4 de maig, pel qual s&#8217;estableix l&#8217;ordenaci\u00f3 general dels ensenyaments professionals d&#8217;arts pl\u00e0stiques i disseny, i el Decret 28\/2014, de 4 de mar\u00e7, d&#8217;ordenaci\u00f3 general dels ensenyaments professionals d&#8217;arts pl\u00e0stiques i disseny, i de modificaci\u00f3 del Decret 284\/2011, d&#8217;1 de mar\u00e7, d&#8217;ordenaci\u00f3 general de la formaci\u00f3 professional inicial. Aix\u00ed mateix, tamb\u00e9 es permet l&#8217;acc\u00e9s a les persones que, sense posseir el requisit de titulaci\u00f3, superin una prova regulada pel Departament d&#8217;Educaci\u00f3.<\/span><\/p>\n<table style=\"border-collapse: collapse; width: 100%; height: 240px;\">\n<tbody>\n<tr style=\"height: 30px;\">\n<td style=\"width: 100%; height: 30px;\">Grau Mitj\u00e0<\/td>\n<\/tr>\n<tr style=\"height: 30px;\">\n<td style=\"width: 100%; height: 30px;\"><a href=\"https:\/\/educacio.gencat.cat\/ca\/serveis-tramits\/proves\/proves-acces\/gm-apd\/contingut-temaris-material\/\" target=\"_blank\" rel=\"noopener\">Contingut, temaris i material<\/a><\/td>\n<\/tr>\n<tr style=\"height: 30px;\">\n<td style=\"width: 100%; height: 30px;\"><a href=\"https:\/\/educacio.gencat.cat\/ca\/serveis-tramits\/proves\/proves-acces\/gm-apd\/mostres\/\" target=\"_blank\" rel=\"noopener\">Mostres<\/a><\/td>\n<\/tr>\n<tr style=\"height: 30px;\">\n<td style=\"width: 100%; height: 30px;\">Grau superior<\/td>\n<\/tr>\n<tr style=\"height: 30px;\">\n<td style=\"width: 100%; height: 30px;\"><a href=\"https:\/\/educacio.gencat.cat\/ca\/serveis-tramits\/proves\/proves-acces\/gs-apd\/contingut-temaris-material\/\" target=\"_blank\" rel=\"noopener\">Contingut, temaris i material<\/a><\/td>\n<\/tr>\n<tr style=\"height: 30px;\">\n<td style=\"width: 100%; height: 30px;\"><a href=\"https:\/\/educacio.gencat.cat\/ca\/serveis-tramits\/proves\/proves-acces\/gs-apd\/mostres\/\" target=\"_blank\" rel=\"noopener\">Mostres<\/a><\/td>\n<\/tr>\n<\/tbody>\n<\/table>\n<p>&nbsp;<\/p>\n","protected":false},"excerpt":{"rendered":"<p>Per accedir als cicles formatius de formaci\u00f3 professional el curs 2022-2023, cal estar en possessi\u00f3 d&#8217;un dels t\u00edtols que estableix la Llei org\u00e0nica 2\/2006, de 3 de maig, d&#8217;educaci\u00f3, modificada per la Llei org\u00e0nica 3\/2020, de 29 de desembre. Tamb\u00e9 s&#8217;hi preveu l&#8217;acc\u00e9s mitjan\u00e7ant la&hellip;  <a href=\"https:\/\/projectes.xtec.cat\/ere\/proves-dacces-apd\/\" title=\"Read Proves d&#8217;acc\u00e9s APD\">Llegeix m\u00e9s\u00bb<\/a><\/p>\n","protected":false},"author":1,"featured_media":0,"parent":0,"menu_order":0,"comment_status":"closed","ping_status":"closed","template":"","meta":{"_bbp_topic_count":0,"_bbp_reply_count":0,"_bbp_total_topic_count":0,"_bbp_total_reply_count":0,"_bbp_voice_count":0,"_bbp_anonymous_reply_count":0,"_bbp_topic_count_hidden":0,"_bbp_reply_count_hidden":0,"_bbp_forum_subforum_count":0,"footnotes":""},"class_list":["post-8827","page","type-page","status-publish","hentry"],"post_mailing_queue_ids":[],"_links":{"self":[{"href":"https:\/\/projectes.xtec.cat\/ere\/wp-json\/wp\/v2\/pages\/8827","targetHints":{"allow":["GET"]}}],"collection":[{"href":"https:\/\/projectes.xtec.cat\/ere\/wp-json\/wp\/v2\/pages"}],"about":[{"href":"https:\/\/projectes.xtec.cat\/ere\/wp-json\/wp\/v2\/types\/page"}],"author":[{"embeddable":true,"href":"https:\/\/projectes.xtec.cat\/ere\/wp-json\/wp\/v2\/users\/1"}],"replies":[{"embeddable":true,"href":"https:\/\/projectes.xtec.cat\/ere\/wp-json\/wp\/v2\/comments?post=8827"}],"version-history":[{"count":4,"href":"https:\/\/projectes.xtec.cat\/ere\/wp-json\/wp\/v2\/pages\/8827\/revisions"}],"predecessor-version":[{"id":9791,"href":"https:\/\/projectes.xtec.cat\/ere\/wp-json\/wp\/v2\/pages\/8827\/revisions\/9791"}],"wp:attachment":[{"href":"https:\/\/projectes.xtec.cat\/ere\/wp-json\/wp\/v2\/media?parent=8827"}],"curies":[{"name":"wp","href":"https:\/\/api.w.org\/{rel}","templated":true}]}}