{"id":9008,"date":"2022-05-18T12:18:14","date_gmt":"2022-05-18T10:18:14","guid":{"rendered":"https:\/\/projectes.xtec.cat\/ere\/?page_id=9008"},"modified":"2025-03-11T13:35:20","modified_gmt":"2025-03-11T12:35:20","slug":"talent-creatiu-i-empresa","status":"publish","type":"page","link":"https:\/\/projectes.xtec.cat\/ere\/talent-creatiu-i-empresa\/","title":{"rendered":"Talent creatiu i empresa"},"content":{"rendered":"<p><strong>Talent Creatiu i Empresa<\/strong><\/p>\n<p><a href=\"https:\/\/projectes.xtec.cat\/ere\/wp-content\/uploads\/usu2534\/2021\/09\/TCE-2.jpg\"><img loading=\"lazy\" decoding=\"async\" class=\"size-thumbnail wp-image-8474 alignleft\" src=\"https:\/\/projectes.xtec.cat\/ere\/wp-content\/uploads\/usu2534\/2021\/09\/TCE-2-150x150.jpg\" alt=\"Logo del Talent Creatiu i Empresa\" width=\"150\" height=\"150\" srcset=\"https:\/\/projectes.xtec.cat\/ere\/wp-content\/uploads\/usu2534\/2021\/09\/TCE-2-150x150.jpg 150w, https:\/\/projectes.xtec.cat\/ere\/wp-content\/uploads\/usu2534\/2021\/09\/TCE-2-300x300.jpg 300w, https:\/\/projectes.xtec.cat\/ere\/wp-content\/uploads\/usu2534\/2021\/09\/TCE-2-1024x1024.jpg 1024w, https:\/\/projectes.xtec.cat\/ere\/wp-content\/uploads\/usu2534\/2021\/09\/TCE-2-768x768.jpg 768w, https:\/\/projectes.xtec.cat\/ere\/wp-content\/uploads\/usu2534\/2021\/09\/TCE-2.jpg 1090w\" sizes=\"auto, (max-width: 150px) 100vw, 150px\" \/><\/a>El<span style=\"font-family: inherit; font-size: 1em;\"> Programa \u201cTalent creatiu i empresa\u201d t\u00e9 com a finalitat l&#8217;apropament entre la realitat productiva i de serveis del m\u00f3n productiu i els coneixements, bagatge i especificitat dels centres educatius. <\/span><span style=\"font-family: inherit; font-size: 1em;\">Amb aquest programa els centres educatius reben informaci\u00f3 actualitzada i directa del sector econ\u00f2mic i professional, alhora que entren en contacte amb la tecnologia m\u00e9s avan\u00e7ada, i l&#8217;empresa rep el talent i creativitat de les noves generacions i futurs professionals. <\/span><span style=\"font-family: inherit; font-size: 1em;\">L&#8217;objectiu del programa \u00e9s permetre als estudiants integrar en el seu aprenentatge l&#8217;entorn laboral d&#8217;un ambient real, adquirint h\u00e0bits de relacions humanes a l&#8217;empresa, del treball en equip, l&#8217;orientaci\u00f3 cap al client, sentit d&#8217;iniciativa i esperit emprenedor, cultura d&#8217;empresa, innovaci\u00f3 tecnol\u00f2gica, perfils professionals, i altres.<\/span><\/p>\n<p>&nbsp;<\/p>\n<table style=\"border-collapse: collapse; width: 98.46%; height: 541px;\">\n<tbody>\n<tr style=\"height: 30px;\">\n<td style=\"width: 100%; height: 30px;\"><a href=\"https:\/\/dogc.gencat.cat\/ca\/document-del-dogc\/?documentId=818399\" target=\"_blank\" rel=\"noopener\">RESOLUCI\u00d3 ENS\/1012\/2018, de 16 de maig, per la qual es crea el Programa Talent creatiu i empresa<\/a><\/td>\n<\/tr>\n<tr style=\"height: 30px;\">\n<td style=\"width: 100%; height: 30px;\"><a href=\"https:\/\/educacio.gencat.cat\/ca\/Detall\/talent-creatiu-00003\" target=\"_blank\" rel=\"noopener\">Podcast informatiu<\/a><\/td>\n<\/tr>\n<tr style=\"height: 32px;\">\n<td style=\"width: 100%; height: 51px;\"><a href=\"https:\/\/projectes.xtec.cat\/ere\/wp-content\/uploads\/usu2534\/2023\/05\/TCE_descripcio.pdf\" target=\"_blank\" rel=\"noopener\">Fitxa informativa del programa<\/a><\/td>\n<\/tr>\n<tr style=\"height: 30px;\">\n<td style=\"width: 100%; height: 30px;\"><a href=\"https:\/\/xtec.gencat.cat\/ca\/curriculum\/professionals\/artistics\/artsplastdis\/innovacio\/talent-creatiu-i-empresa\/\" target=\"_blank\" rel=\"noopener\">P\u00e0gina web de projectes finals<\/a><\/td>\n<\/tr>\n<tr style=\"height: 32px;\">\n<td style=\"width: 100%; height: 32px;\"><strong>Galeria d&#8217;imatges i v\u00eddeos<\/strong><\/p>\n<p><a href=\"https:\/\/projectes.xtec.cat\/ere\/talent-creatiu-i-empresa\/talent-creatiu-i-empresa-2018-19\/\" target=\"_blank\" rel=\"noopener\"><em>Imatges talent creatiu i empresa 2018\/19<\/em><\/a><\/p>\n<p><a href=\"https:\/\/projectes.xtec.cat\/ere\/talent-creatiu-i-empresa\/talent-creatiu-i-empresa-2019-20\/\" target=\"_blank\" rel=\"noopener\"><em>Imatges talent creatiu i empresa 2019\/20<\/em><\/a><\/p>\n<p><a href=\"https:\/\/projectes.xtec.cat\/ere\/talent-creatiu-i-empresa\/talent-creatiu-i-empresa-2020-21\/\" target=\"_blank\" rel=\"noopener\"><em>Imatges talent creatiu i empresa 2020\/21<\/em><\/a><\/p>\n<p><a href=\"https:\/\/projectes.xtec.cat\/ere\/talent-creatiu-i-empresa\/talent-creatiu-i-empresa-2021-22\/\" target=\"_blank\" rel=\"noopener\">Imatges talent creatiu i empresa 2021\/22<\/a><\/p>\n<p><a href=\"https:\/\/projectes.xtec.cat\/ere\/talent-creatiu-i-empresa\/talent-creatiu-i-empresa-2022-23\/\" target=\"_blank\" rel=\"noopener\">Imatges talent creatiu i empresa 2022\/23<\/a><\/p>\n<p><a href=\"https:\/\/projectes.xtec.cat\/ere\/talent-creatiu-i-empresa\/talent-creatiu-i-empresa-2023-24\/\" target=\"_blank\" rel=\"noopener\">Imatges talent creatiu i empresa 2023\/24<\/a><\/td>\n<\/tr>\n<tr style=\"height: 32px;\">\n<td style=\"width: 100%; height: 32px;\"><a href=\"https:\/\/espai.educacio.gencat.cat\/Centres\/Innovacio-pedagogica\/Programes\/Talent-creatiu\/Pagines\/default.aspx\" target=\"_blank\" rel=\"noopener\">Informaci\u00f3 i inscripcions<\/a> (Portal de Centre)<\/td>\n<\/tr>\n<tr style=\"height: 32px;\">\n<td style=\"width: 100%; height: 32px;\"><\/td>\n<\/tr>\n<\/tbody>\n<\/table>\n<hr \/>\n<p>&nbsp;<\/p>\n","protected":false},"excerpt":{"rendered":"<p>Talent Creatiu i Empresa<br \/>\n<a href=\"https:\/\/projectes.xtec.cat\/ere\/wp-content\/uploads\/usu2534\/2021\/09\/TCE-2.jpg\"><\/a>El Programa \u201cTalent creatiu i empresa\u201d t\u00e9 com a finalitat l&#8217;apropament entre la realitat productiva i de serveis del m\u00f3n productiu i els coneixements, bagatge i especificitat dels centres educatius. Amb aquest programa els centres educatius reben informaci\u00f3 actualitzada i directa&hellip;  <a href=\"https:\/\/projectes.xtec.cat\/ere\/talent-creatiu-i-empresa\/\" title=\"Read Talent creatiu i empresa\">Llegeix m\u00e9s\u00bb<\/a><\/p>\n","protected":false},"author":1,"featured_media":0,"parent":0,"menu_order":0,"comment_status":"closed","ping_status":"closed","template":"page-templates\/side-menu.php","meta":{"_bbp_topic_count":0,"_bbp_reply_count":0,"_bbp_total_topic_count":0,"_bbp_total_reply_count":0,"_bbp_voice_count":0,"_bbp_anonymous_reply_count":0,"_bbp_topic_count_hidden":0,"_bbp_reply_count_hidden":0,"_bbp_forum_subforum_count":0,"footnotes":""},"class_list":["post-9008","page","type-page","status-publish","hentry"],"post_mailing_queue_ids":[],"_links":{"self":[{"href":"https:\/\/projectes.xtec.cat\/ere\/wp-json\/wp\/v2\/pages\/9008","targetHints":{"allow":["GET"]}}],"collection":[{"href":"https:\/\/projectes.xtec.cat\/ere\/wp-json\/wp\/v2\/pages"}],"about":[{"href":"https:\/\/projectes.xtec.cat\/ere\/wp-json\/wp\/v2\/types\/page"}],"author":[{"embeddable":true,"href":"https:\/\/projectes.xtec.cat\/ere\/wp-json\/wp\/v2\/users\/1"}],"replies":[{"embeddable":true,"href":"https:\/\/projectes.xtec.cat\/ere\/wp-json\/wp\/v2\/comments?post=9008"}],"version-history":[{"count":6,"href":"https:\/\/projectes.xtec.cat\/ere\/wp-json\/wp\/v2\/pages\/9008\/revisions"}],"predecessor-version":[{"id":10623,"href":"https:\/\/projectes.xtec.cat\/ere\/wp-json\/wp\/v2\/pages\/9008\/revisions\/10623"}],"wp:attachment":[{"href":"https:\/\/projectes.xtec.cat\/ere\/wp-json\/wp\/v2\/media?parent=9008"}],"curies":[{"name":"wp","href":"https:\/\/api.w.org\/{rel}","templated":true}]}}