{"id":9666,"date":"2023-11-10T10:33:08","date_gmt":"2023-11-10T09:33:08","guid":{"rendered":"https:\/\/projectes.xtec.cat\/ere\/?page_id=9666"},"modified":"2024-10-14T12:34:38","modified_gmt":"2024-10-14T10:34:38","slug":"rodatge-maleit","status":"publish","type":"page","link":"https:\/\/projectes.xtec.cat\/ere\/rodatge-maleit\/","title":{"rendered":"Rodatge Male\u00eft"},"content":{"rendered":"<p><a href=\"https:\/\/projectes.xtec.cat\/ere\/wp-content\/uploads\/usu2534\/2023\/11\/cartells-rodatge-malei\u0308t_p02_page-0012.jpg\"><img loading=\"lazy\" decoding=\"async\" class=\"size-thumbnail wp-image-9655 alignleft\" src=\"https:\/\/projectes.xtec.cat\/ere\/wp-content\/uploads\/usu2534\/2023\/11\/cartells-rodatge-malei\u0308t_p02_page-0012-150x150.jpg\" alt=\"Rodatge Male\u00eft\" width=\"150\" height=\"150\" \/><\/a>Del 3 al 13 d&#8217;octubre de 2024 i per segon any consecutiu, en el marc del 57\u00e8 Festival de Cinema Fant\u00e0stic de Sitges, alumnat d\u2019Ensenyaments de R\u00e8gim Especial d\u2019arts pl\u00e0stiques i disseny i d\u2019arts esc\u00e8niques i de Formaci\u00f3 professional d\u2019una cinquantena d&#8217;Escoles d&#8217;Art i Instituts d&#8217;FP de tot Catalunya han realitzat un espai experimental, en format \u201cpassatge del terror\u201d anomenat el Rodatge male\u00eft, a l\u2019edifici del Centre cultural Miramar de Sitges.<\/p>\n<p>Ha estat un projecte innovador, fruit de la col\u00b7laboraci\u00f3 a tres bandes entre el Departament d\u2019Educaci\u00f3 i Formaci\u00f3 Professional, l\u2019Ajuntament de Sitges i el Sitges Festival Internacional de Cinema Fant\u00e0stic. Ha consistit en una activitat ambientada en un antic estudi cinematogr\u00e0fic abandonat, on els visitants viuen situacions terror\u00edfiques, buscant aix\u00ed la connexi\u00f3 amb el m\u00f3n del cinema i la tem\u00e0tica principal del festival.<\/p>\n<p>L\u2019alumnat implicat d\u2019Arts pl\u00e0stiques i disseny, d\u2019Arts esc\u00e8niques i de Formaci\u00f3 professional ha estat l\u2019encarregat de la posada en marxa, sota les directrius d\u2019un dissenyador, de totes aquelles tasques necess\u00e0ries per posar en funcionament l\u2019espai vivencial del \u201cRodatge male\u00eft\u201d com s\u00f3n, entre d\u2019altres, la realitzaci\u00f3 del circuit, del muntatge i de tots els seus equipaments, la posada en escena, els decorats, el vestuari, la perruqueria, el maquillatge, la retolaci\u00f3, el so, etc.<\/p>\n<p>Aquesta experi\u00e8ncia ha posat en evid\u00e8ncia un ventall molt important de sortides professionals, mostrant la potencialitat de la formaci\u00f3 professionalitzadora i els avantatges de fer un projecte real en un context significatiu.<\/p>\n<p><strong>Centres participants d\u2019arts pl\u00e0stiques i disseny<\/strong><\/p>\n<p>1. Escola d\u2019Art Pau Gargallo (Badalona)<br \/>\n2. Escola d\u2019Art Dei\u00e0 (Barcelona)<br \/>\n3. Escola d\u2019Art Llotja (Barcelona)<br \/>\n4. Escola d\u2019Art Serra i Abella (l\u2019Hospitalet del Llobregat)<br \/>\n5. Escola d\u2019Art d\u2019Olot (Olot)<br \/>\n6. Escola d\u2019Art Ondara (T\u00e0rrega)<br \/>\n7. Escola d\u2019Art de Vic (Vic)<br \/>\n8. Escola d\u2019Art La Industrial (Barcelona)<br \/>\n9. Escola de Mitjans Audiovisuals de Barcelona (Barcelona)<br \/>\n10. Institut Jaume Mim\u00f3 (Cerdanyola del Vall\u00e8s)<br \/>\n11. Escola Municipal d\u2019Art de La Garriga (la Garriga)<br \/>\n12. Escola Municipal d\u2019Art Edra (Rub\u00ed)<br \/>\n13. Escola Municipal d\u2019Art Illa (Sabadell)<br \/>\n14. Escola Municipal d\u2019Art de Sant Cugat (Sant Cugat del Vall\u00e8s)<br \/>\n15. Institut de Formaci\u00f3 Professional Antoni Alguer\u00f3 (Sant Just Desvern)<br \/>\n16. Escola Municipal d\u2019Art Arsenal (Vilafranca)<br \/>\n17. Escola Municipal d\u2019Art de Vilanova i la Geltr\u00fa (Vilanova i la Geltr\u00fa)<\/p>\n<p><strong>Centres participants d\u2019arts esc\u00e8niques<\/strong><\/p>\n<p>1. Conservatori Municipal de M\u00fasica Mestre Montserrat de Vilanova i la Geltr\u00fa (Vilanova i la Geltr\u00fa)<br \/>\n2. Institut Escola Art\u00edstic Oriol Martorell (Barcelona)<br \/>\n3. Institut de T\u00e8cniques Audiovisuals i de l\u2019Espectacle de Barcelona (Barcelona)<br \/>\n4. Institut El Castell (Esparreguera)<br \/>\n5. Actua Studio Escola d\u2019Interpretaci\u00f3 (Barcelona)<br \/>\n6. Ars\u00e8nic, Espai de Creaci\u00f3 (Barcelona)<br \/>\n7. El Timbal. Centre de Creaci\u00f3 i Formaci\u00f3 Esc\u00e8nica (Barcelona)<br \/>\n8. Espai Lazzigags. Escola d\u2019Arts Esc\u00e8niques (Barcelona)<br \/>\n9. MAB Dance Center (Barcelona)<br \/>\n10. Star Dance Studio. Escola de Dansa (Cornell\u00e0 de Llobregat)<br \/>\n11. Escola d\u2019Arts Esc\u00e8niques de Manresa (Manresa)<\/p>\n<p><strong>Centres participants de Formaci\u00f3 Professional<\/strong><\/p>\n<p>1. Institut La Pineda (Badalona)<br \/>\n2. Institut Anna Gironella de Mundet (Barcelona)<br \/>\n3. Institut Escola del treball (Barcelona)<br \/>\n4. Institut Escola d\u2019Hoteleria i Turisme (Barcelona)<br \/>\n5. Institut Mare de D\u00e9u de la Merc\u00e8 (Barcelona)<br \/>\n6. Institut Obert de Catalunya (Barcelona)<br \/>\n7. Institut Salvador Segu\u00ed (Barcelona)<br \/>\n8. Institut Mediterr\u00e0nia (Castelldefels)<br \/>\n9. Institut Miquel Mart\u00ed i Pol (Cornell\u00e0 de Llobregat)<br \/>\n10. Institut Severo Ochoa (Esplugues de Llobregat)<br \/>\n11. Institut Proven\u00e7ana (L\u2019Hospitalet de Llobregat)<br \/>\n12. Institut Escola Industrial de Sabadell (Sabadell)<br \/>\n13. Institut Pere Martell (Salou)<br \/>\n14. Institut La Bastida (Santa Coloma de Gramenet)<br \/>\n15. Institut Vall de Ll\u00e9mena (Sant Gregori)<br \/>\n16. Institut Alexandre Gal\u00ed (Sant Pere de Ribes)<br \/>\n17. Institut Joan Ramon Benapr\u00e8s (Sitges)<br \/>\n18. Institut Cal\u00b7l\u00edpolis (Tarragona)<br \/>\n19. Institut Comte de Rius (Tarragona)<br \/>\n20. Institut de Vic (Vic)<br \/>\n21. Institut Alt Pened\u00e8s (Vilafranca del Pened\u00e8s)<br \/>\n22. IFP Innovaci\u00f3 en Formaci\u00f3 Professional (Barcelona)<br \/>\n23. Centre de Formaci\u00f3 Creatiu i T\u00e8cnic Sabadell (Sabadell)<\/p>\n<p><strong>V\u00eddeo Rodatge Male\u00eft 2023<\/strong><\/p>\n<p><iframe loading=\"lazy\" title=\"Rodatge Male\u00eft: not\u00edcia al Canal Taronja\" width=\"500\" height=\"281\" src=\"https:\/\/www.youtube.com\/embed\/MI20cKn64Bc?feature=oembed\" frameborder=\"0\" allow=\"accelerometer; autoplay; clipboard-write; encrypted-media; gyroscope; picture-in-picture; web-share\" referrerpolicy=\"strict-origin-when-cross-origin\" allowfullscreen><\/iframe><\/p>\n<p>Actualitzaci\u00f3: 14\/10\/24<\/p>\n","protected":false},"excerpt":{"rendered":"<p><a href=\"https:\/\/projectes.xtec.cat\/ere\/wp-content\/uploads\/usu2534\/2023\/11\/cartells-rodatge-malei\u0308t_p02_page-0012.jpg\"><\/a>Del 3 al 13 d&#8217;octubre de 2024 i per segon any consecutiu, en el marc del 57\u00e8 Festival de Cinema Fant\u00e0stic de Sitges, alumnat d\u2019Ensenyaments de R\u00e8gim Especial d\u2019arts pl\u00e0stiques i disseny i d\u2019arts esc\u00e8niques i de Formaci\u00f3 professional d\u2019una cinquantena d&#8217;Escoles d&#8217;Art i&hellip;  <a href=\"https:\/\/projectes.xtec.cat\/ere\/rodatge-maleit\/\" title=\"Read Rodatge Male\u00eft\">Llegeix m\u00e9s\u00bb<\/a><\/p>\n","protected":false},"author":1,"featured_media":0,"parent":0,"menu_order":0,"comment_status":"closed","ping_status":"closed","template":"","meta":{"_bbp_topic_count":0,"_bbp_reply_count":0,"_bbp_total_topic_count":0,"_bbp_total_reply_count":0,"_bbp_voice_count":0,"_bbp_anonymous_reply_count":0,"_bbp_topic_count_hidden":0,"_bbp_reply_count_hidden":0,"_bbp_forum_subforum_count":0,"footnotes":""},"class_list":["post-9666","page","type-page","status-publish","hentry"],"post_mailing_queue_ids":[],"_links":{"self":[{"href":"https:\/\/projectes.xtec.cat\/ere\/wp-json\/wp\/v2\/pages\/9666","targetHints":{"allow":["GET"]}}],"collection":[{"href":"https:\/\/projectes.xtec.cat\/ere\/wp-json\/wp\/v2\/pages"}],"about":[{"href":"https:\/\/projectes.xtec.cat\/ere\/wp-json\/wp\/v2\/types\/page"}],"author":[{"embeddable":true,"href":"https:\/\/projectes.xtec.cat\/ere\/wp-json\/wp\/v2\/users\/1"}],"replies":[{"embeddable":true,"href":"https:\/\/projectes.xtec.cat\/ere\/wp-json\/wp\/v2\/comments?post=9666"}],"version-history":[{"count":6,"href":"https:\/\/projectes.xtec.cat\/ere\/wp-json\/wp\/v2\/pages\/9666\/revisions"}],"predecessor-version":[{"id":10295,"href":"https:\/\/projectes.xtec.cat\/ere\/wp-json\/wp\/v2\/pages\/9666\/revisions\/10295"}],"wp:attachment":[{"href":"https:\/\/projectes.xtec.cat\/ere\/wp-json\/wp\/v2\/media?parent=9666"}],"curies":[{"name":"wp","href":"https:\/\/api.w.org\/{rel}","templated":true}]}}