{"id":9901,"date":"2024-04-09T12:45:12","date_gmt":"2024-04-09T10:45:12","guid":{"rendered":"https:\/\/projectes.xtec.cat\/ere\/?page_id=9901"},"modified":"2024-05-06T12:52:53","modified_gmt":"2024-05-06T10:52:53","slug":"expo-lilla-diagonal","status":"publish","type":"page","link":"https:\/\/projectes.xtec.cat\/ere\/expo-lilla-diagonal\/","title":{"rendered":"Expo L&#8217;Illa Diagonal"},"content":{"rendered":"<p>L&#8217;exposici\u00f3 &#8220;Fem art&#8221; \u00e9s una mostra de treballs realitzats per l&#8217;alumnat de diferents cicles formatius de les Escoles d&#8217;Arts Pl\u00e0stiques i Disseny de Catalunya. L&#8217;exposici\u00f3 mostra un recull de creacions originals i in\u00e8dites de cer\u00e0mica, joies, elements per a l&#8217;escenografia, moda, pintura, fotografia, etc. que l&#8217;alumnat ha concebut amb materials i suports variats per donar a con\u00e8ixer la import\u00e0ncia de l&#8217;art i el disseny en la societat actual.<\/p>\n<p>El Departament d&#8217;Educaci\u00f3 remarca la singularitat dels estudis que ofereixen les escoles d&#8217;Arts Pl\u00e0stiques i Disseny i els posiciona en un lloc destacat dins la ind\u00fastria de la moda, les artesanies, el disseny i l&#8217;art en general.<\/p>\n<p><strong>Imatges inauguraci\u00f3 de l&#8217;Exposici\u00f3 &#8220;Fem Art&#8221; 2024 a L&#8217;Illa Diagonal<\/strong><br \/>\n\r\n\t<div class=\"slideshow_container slideshow_container_style-light\" style=\" \" data-slideshow-id=\"10144\" data-style-name=\"style-light\" data-style-version=\"2.3.1\" >\r\n\r\n\t\t\t\t\t<div class=\"slideshow_loading_icon\"><\/div>\r\n\t\t\r\n\t\t<div class=\"slideshow_content\" style=\"display: none;\">\r\n\r\n\t\t\t<div class=\"slideshow_view\">\r\n\t\t\t\t<div class=\"slideshow_slide slideshow_slide_image\">\r\n\t\t\t\t\t\t\t\t\t\t\t<img src=\"https:\/\/projectes.xtec.cat\/ere\/wp-content\/uploads\/usu2534\/2024\/05\/1714503634166-scaled.jpg\" alt=\"Exposici\u00f3 Fem Art a L&#039;Illa Diagonal\" width=\"2560\" height=\"1440\" \/>\r\n\t\t\t\t\t\t\t\t\t\t<div class=\"slideshow_description_box slideshow_transparent\">\r\n\t\t\t\t\t\t<div class=\"slideshow_title\">Exposici\u00f3 Fem Art a L&#039;Illa Diagonal<\/div>\t\t\t\t\t\t<div class=\"slideshow_description\">Inauguraci\u00f3 de l&#039;Exposici\u00f3 Fem Art 2024 a L&#039;Illa Diagonal<\/div>\t\t\t\t\t<\/div>\r\n\t\t\t\t<\/div>\r\n\r\n\t\t\t\t\t\t<div style=\"clear: both;\"><\/div><\/div><div class=\"slideshow_view\">\r\n\t\t\t\t<div class=\"slideshow_slide slideshow_slide_image\">\r\n\t\t\t\t\t\t\t\t\t\t\t<img src=\"https:\/\/projectes.xtec.cat\/ere\/wp-content\/uploads\/usu2534\/2024\/05\/1714503635298-scaled.jpg\" alt=\"Exposici\u00f3 Fem Art a L&#039;Illa Diagonal\" width=\"2560\" height=\"1440\" \/>\r\n\t\t\t\t\t\t\t\t\t\t<div class=\"slideshow_description_box slideshow_transparent\">\r\n\t\t\t\t\t\t<div class=\"slideshow_title\">Exposici\u00f3 Fem Art a L&#039;Illa Diagonal<\/div>\t\t\t\t\t\t<div class=\"slideshow_description\">Inauguraci\u00f3 de l&#039;Exposici\u00f3 Fem Art 2024 a L&#039;Illa Diagonal<\/div>\t\t\t\t\t<\/div>\r\n\t\t\t\t<\/div>\r\n\r\n\t\t\t\t\t\t<div style=\"clear: both;\"><\/div><\/div><div class=\"slideshow_view\">\r\n\t\t\t\t<div class=\"slideshow_slide slideshow_slide_image\">\r\n\t\t\t\t\t\t\t\t\t\t\t<img src=\"https:\/\/projectes.xtec.cat\/ere\/wp-content\/uploads\/usu2534\/2024\/05\/1714503634715-scaled.jpg\" alt=\"Exposici\u00f3 Fem Art a L&#039;Illa Diagonal\" width=\"2560\" height=\"1440\" \/>\r\n\t\t\t\t\t\t\t\t\t\t<div class=\"slideshow_description_box slideshow_transparent\">\r\n\t\t\t\t\t\t<div class=\"slideshow_title\">Exposici\u00f3 Fem Art a L&#039;Illa Diagonal<\/div>\t\t\t\t\t\t<div class=\"slideshow_description\">Inauguraci\u00f3 de l&#039;Exposici\u00f3 Fem Art 2024 a L&#039;Illa Diagonal<\/div>\t\t\t\t\t<\/div>\r\n\t\t\t\t<\/div>\r\n\r\n\t\t\t\t\t\t<div style=\"clear: both;\"><\/div><\/div><div class=\"slideshow_view\">\r\n\t\t\t\t<div class=\"slideshow_slide slideshow_slide_image\">\r\n\t\t\t\t\t\t\t\t\t\t\t<img src=\"https:\/\/projectes.xtec.cat\/ere\/wp-content\/uploads\/usu2534\/2024\/05\/1714503635203-scaled.jpg\" alt=\"Exposici\u00f3 Fem Art a L&#039;Illa Diagonal\" width=\"2560\" height=\"1440\" \/>\r\n\t\t\t\t\t\t\t\t\t\t<div class=\"slideshow_description_box slideshow_transparent\">\r\n\t\t\t\t\t\t<div class=\"slideshow_title\">Exposici\u00f3 Fem Art a L&#039;Illa Diagonal<\/div>\t\t\t\t\t\t<div class=\"slideshow_description\">Inauguraci\u00f3 de l&#039;Exposici\u00f3 Fem Art 2024 a L&#039;Illa Diagonal<\/div>\t\t\t\t\t<\/div>\r\n\t\t\t\t<\/div>\r\n\r\n\t\t\t\t\t\t<div style=\"clear: both;\"><\/div><\/div><div class=\"slideshow_view\">\r\n\t\t\t\t<div class=\"slideshow_slide slideshow_slide_image\">\r\n\t\t\t\t\t\t\t\t\t\t\t<img src=\"https:\/\/projectes.xtec.cat\/ere\/wp-content\/uploads\/usu2534\/2024\/05\/1714503635543-scaled.jpg\" alt=\"Exposici\u00f3 Fem Art a L&#039;Illa Diagonal\" width=\"2560\" height=\"1440\" \/>\r\n\t\t\t\t\t\t\t\t\t\t<div class=\"slideshow_description_box slideshow_transparent\">\r\n\t\t\t\t\t\t<div class=\"slideshow_title\">Exposici\u00f3 Fem Art a L&#039;Illa Diagonal<\/div>\t\t\t\t\t\t<div class=\"slideshow_description\">Inauguraci\u00f3 de l&#039;Exposici\u00f3 Fem Art 2024 a L&#039;Illa Diagonal<\/div>\t\t\t\t\t<\/div>\r\n\t\t\t\t<\/div>\r\n\r\n\t\t\t\t\t\t<div style=\"clear: both;\"><\/div><\/div><div class=\"slideshow_view\">\r\n\t\t\t\t<div class=\"slideshow_slide slideshow_slide_image\">\r\n\t\t\t\t\t\t\t\t\t\t\t<img src=\"https:\/\/projectes.xtec.cat\/ere\/wp-content\/uploads\/usu2534\/2024\/05\/1714503635227-scaled.jpg\" alt=\"Exposici\u00f3 Fem Art a L&#039;Illa Diagonal\" width=\"2560\" height=\"1440\" \/>\r\n\t\t\t\t\t\t\t\t\t\t<div class=\"slideshow_description_box slideshow_transparent\">\r\n\t\t\t\t\t\t<div class=\"slideshow_title\">Exposici\u00f3 Fem Art a L&#039;Illa Diagonal<\/div>\t\t\t\t\t\t<div class=\"slideshow_description\">Inauguraci\u00f3 de l&#039;Exposici\u00f3 Fem Art 2024 a L&#039;Illa Diagonal<\/div>\t\t\t\t\t<\/div>\r\n\t\t\t\t<\/div>\r\n\r\n\t\t\t\t\t\t<div style=\"clear: both;\"><\/div><\/div><div class=\"slideshow_view\">\r\n\t\t\t\t<div class=\"slideshow_slide slideshow_slide_image\">\r\n\t\t\t\t\t\t\t\t\t\t\t<img src=\"https:\/\/projectes.xtec.cat\/ere\/wp-content\/uploads\/usu2534\/2024\/05\/1714503635379-scaled.jpg\" alt=\"Exposici\u00f3 Fem Art a L&#039;Illa Diagonal\" width=\"2560\" height=\"1440\" \/>\r\n\t\t\t\t\t\t\t\t\t\t<div class=\"slideshow_description_box slideshow_transparent\">\r\n\t\t\t\t\t\t<div class=\"slideshow_title\">Exposici\u00f3 Fem Art a L&#039;Illa Diagonal<\/div>\t\t\t\t\t\t<div class=\"slideshow_description\">Inauguraci\u00f3 de l&#039;Exposici\u00f3 Fem Art 2024 a L&#039;Illa Diagonal<\/div>\t\t\t\t\t<\/div>\r\n\t\t\t\t<\/div>\r\n\r\n\t\t\t\t\t\t<div style=\"clear: both;\"><\/div><\/div><div class=\"slideshow_view\">\r\n\t\t\t\t<div class=\"slideshow_slide slideshow_slide_image\">\r\n\t\t\t\t\t\t\t\t\t\t\t<img src=\"https:\/\/projectes.xtec.cat\/ere\/wp-content\/uploads\/usu2534\/2024\/05\/1714503635493-scaled.jpg\" alt=\"Exposici\u00f3 Fem Art a L&#039;Illa Diagonal\" width=\"2560\" height=\"1440\" \/>\r\n\t\t\t\t\t\t\t\t\t\t<div class=\"slideshow_description_box slideshow_transparent\">\r\n\t\t\t\t\t\t<div class=\"slideshow_title\">Exposici\u00f3 Fem Art a L&#039;Illa Diagonal<\/div>\t\t\t\t\t\t<div class=\"slideshow_description\">Inauguraci\u00f3 de l&#039;Exposici\u00f3 Fem Art 2024 a L&#039;Illa Diagonal<\/div>\t\t\t\t\t<\/div>\r\n\t\t\t\t<\/div>\r\n\r\n\t\t\t\t\t\t<div style=\"clear: both;\"><\/div><\/div><div class=\"slideshow_view\">\r\n\t\t\t\t<div class=\"slideshow_slide slideshow_slide_image\">\r\n\t\t\t\t\t\t\t\t\t\t\t<img src=\"https:\/\/projectes.xtec.cat\/ere\/wp-content\/uploads\/usu2534\/2024\/05\/1714503634094-scaled.jpg\" alt=\"Exposici\u00f3 Fem Art a L&#039;Illa Diagonal\" width=\"2560\" height=\"1440\" \/>\r\n\t\t\t\t\t\t\t\t\t\t<div class=\"slideshow_description_box slideshow_transparent\">\r\n\t\t\t\t\t\t<div class=\"slideshow_title\">Exposici\u00f3 Fem Art a L&#039;Illa Diagonal<\/div>\t\t\t\t\t\t<div class=\"slideshow_description\">Inauguraci\u00f3 de l&#039;Exposici\u00f3 Fem Art 2024 a L&#039;Illa Diagonal<\/div>\t\t\t\t\t<\/div>\r\n\t\t\t\t<\/div>\r\n\r\n\t\t\t\t\t\t<div style=\"clear: both;\"><\/div><\/div><div class=\"slideshow_view\">\r\n\t\t\t\t<div class=\"slideshow_slide slideshow_slide_image\">\r\n\t\t\t\t\t\t\t\t\t\t\t<img src=\"https:\/\/projectes.xtec.cat\/ere\/wp-content\/uploads\/usu2534\/2024\/05\/1714503634424-scaled.jpg\" alt=\"Exposici\u00f3 Fem Art a L&#039;Illa Diagonal\" width=\"2560\" height=\"1440\" \/>\r\n\t\t\t\t\t\t\t\t\t\t<div class=\"slideshow_description_box slideshow_transparent\">\r\n\t\t\t\t\t\t<div class=\"slideshow_title\">Exposici\u00f3 Fem Art a L&#039;Illa Diagonal<\/div>\t\t\t\t\t\t<div class=\"slideshow_description\">Inauguraci\u00f3 de l&#039;Exposici\u00f3 Fem Art 2024 a L&#039;Illa Diagonal<\/div>\t\t\t\t\t<\/div>\r\n\t\t\t\t<\/div>\r\n\r\n\t\t\t\t\t\t<div style=\"clear: both;\"><\/div><\/div>\r\n\t\t<\/div>\r\n\r\n\t\t<div class=\"slideshow_controlPanel slideshow_transparent\" style=\"display: none;\"><ul><li class=\"slideshow_togglePlay\" data-play-text=\"Visualitza\" data-pause-text=\"Pausa\"><\/li><\/ul><\/div>\r\n\r\n\t\t<div class=\"slideshow_button slideshow_previous slideshow_transparent\" role=\"button\" data-previous-text=\"Anterior\" style=\"display: none;\"><\/div>\r\n\t\t<div class=\"slideshow_button slideshow_next slideshow_transparent\" role=\"button\" data-next-text=\"Seg\u00fcent\" style=\"display: none;\"><\/div>\r\n\r\n\t\t<div class=\"slideshow_pagination\" style=\"display: none;\" data-go-to-text=\"V\u00e9s a la diapositiva\"><div class=\"slideshow_pagination_center\"><\/div><\/div>\r\n\r\n\t\t<!-- WordPress Slideshow Version 2.3.1 -->\r\n\r\n\t\t\t<\/div>\r\n\r\n<\/p>\n<hr \/>\n<p><strong>V\u00eddeo de l&#8217;Exposici\u00f3 &#8220;Fem Art&#8221; 2023 a L&#8217;Illa Diagonal<\/strong><\/p>\n<p><iframe loading=\"lazy\" title=\"Expo Fem Art!\" width=\"500\" height=\"281\" src=\"https:\/\/www.youtube.com\/embed\/1JL-wEXt6FA?feature=oembed\" frameborder=\"0\" allow=\"accelerometer; autoplay; clipboard-write; encrypted-media; gyroscope; picture-in-picture; web-share\" referrerpolicy=\"strict-origin-when-cross-origin\" allowfullscreen><\/iframe><\/p>\n<hr \/>\n<p><a href=\"https:\/\/projectes.xtec.cat\/ere\/wp-content\/uploads\/usu2534\/2022\/05\/ExpoLilla-Tradicio-i-entorn-2019.pdf\" target=\"_blank\" rel=\"noopener\">L&#8217;Illa Diagonal: exposici\u00f3 tradici\u00f3 i entorn 2019<\/a><\/p>\n<p><strong>Imatges inauguraci\u00f3 de l&#8217;Exposici\u00f3 &#8220;Tradici\u00f3 i entorn&#8221; 2019 a L&#8217;Illa Diagonal<\/strong><\/p>\n\r\n\t<div class=\"slideshow_container slideshow_container_style-light\" style=\" \" data-slideshow-id=\"10166\" data-style-name=\"style-light\" data-style-version=\"2.3.1\" >\r\n\r\n\t\t\t\t\t<div class=\"slideshow_loading_icon\"><\/div>\r\n\t\t\r\n\t\t<div class=\"slideshow_content\" style=\"display: none;\">\r\n\r\n\t\t\t<div class=\"slideshow_view\">\r\n\t\t\t\t<div class=\"slideshow_slide slideshow_slide_image\">\r\n\t\t\t\t\t\t\t\t\t\t\t<img src=\"https:\/\/projectes.xtec.cat\/ere\/wp-content\/uploads\/usu2534\/2024\/05\/IMG_20190424_141821-scaled.jpg\" alt=\"Expo L\u2019Illa Diagonal 2019\" width=\"2560\" height=\"1920\" \/>\r\n\t\t\t\t\t\t\t\t\t\t<div class=\"slideshow_description_box slideshow_transparent\">\r\n\t\t\t\t\t\t<div class=\"slideshow_title\">Expo L\u2019Illa Diagonal 2019<\/div>\t\t\t\t\t\t\t\t\t\t\t<\/div>\r\n\t\t\t\t<\/div>\r\n\r\n\t\t\t\t\t\t<div style=\"clear: both;\"><\/div><\/div><div class=\"slideshow_view\">\r\n\t\t\t\t<div class=\"slideshow_slide slideshow_slide_image\">\r\n\t\t\t\t\t\t\t\t\t\t\t<img src=\"https:\/\/projectes.xtec.cat\/ere\/wp-content\/uploads\/usu2534\/2024\/05\/IMG_20190424_141943-scaled.jpg\" alt=\"Expo L\u2019Illa Diagonal 2019\" width=\"2560\" height=\"1920\" \/>\r\n\t\t\t\t\t\t\t\t\t\t<div class=\"slideshow_description_box slideshow_transparent\">\r\n\t\t\t\t\t\t<div class=\"slideshow_title\">Expo L\u2019Illa Diagonal 2019<\/div>\t\t\t\t\t\t\t\t\t\t\t<\/div>\r\n\t\t\t\t<\/div>\r\n\r\n\t\t\t\t\t\t<div style=\"clear: both;\"><\/div><\/div><div class=\"slideshow_view\">\r\n\t\t\t\t<div class=\"slideshow_slide slideshow_slide_image\">\r\n\t\t\t\t\t\t\t\t\t\t\t<img src=\"https:\/\/projectes.xtec.cat\/ere\/wp-content\/uploads\/usu2534\/2024\/05\/IMG_20190424_141950-scaled.jpg\" alt=\"Expo L\u2019Illa Diagonal 2019\" width=\"2560\" height=\"1920\" \/>\r\n\t\t\t\t\t\t\t\t\t\t<div class=\"slideshow_description_box slideshow_transparent\">\r\n\t\t\t\t\t\t<div class=\"slideshow_title\">Expo L\u2019Illa Diagonal 2019<\/div>\t\t\t\t\t\t\t\t\t\t\t<\/div>\r\n\t\t\t\t<\/div>\r\n\r\n\t\t\t\t\t\t<div style=\"clear: both;\"><\/div><\/div><div class=\"slideshow_view\">\r\n\t\t\t\t<div class=\"slideshow_slide slideshow_slide_image\">\r\n\t\t\t\t\t\t\t\t\t\t\t<img src=\"https:\/\/projectes.xtec.cat\/ere\/wp-content\/uploads\/usu2534\/2024\/05\/IMG_20190424_142001-scaled.jpg\" alt=\"Expo L\u2019Illa Diagonal 2019\" width=\"2560\" height=\"1920\" \/>\r\n\t\t\t\t\t\t\t\t\t\t<div class=\"slideshow_description_box slideshow_transparent\">\r\n\t\t\t\t\t\t<div class=\"slideshow_title\">Expo L\u2019Illa Diagonal 2019<\/div>\t\t\t\t\t\t\t\t\t\t\t<\/div>\r\n\t\t\t\t<\/div>\r\n\r\n\t\t\t\t\t\t<div style=\"clear: both;\"><\/div><\/div><div class=\"slideshow_view\">\r\n\t\t\t\t<div class=\"slideshow_slide slideshow_slide_image\">\r\n\t\t\t\t\t\t\t\t\t\t\t<img src=\"https:\/\/projectes.xtec.cat\/ere\/wp-content\/uploads\/usu2534\/2024\/05\/IMG_20190424_142023-scaled.jpg\" alt=\"Expo L\u2019Illa Diagonal 2019\" width=\"2560\" height=\"1920\" \/>\r\n\t\t\t\t\t\t\t\t\t\t<div class=\"slideshow_description_box slideshow_transparent\">\r\n\t\t\t\t\t\t<div class=\"slideshow_title\">Expo L\u2019Illa Diagonal 2019<\/div>\t\t\t\t\t\t\t\t\t\t\t<\/div>\r\n\t\t\t\t<\/div>\r\n\r\n\t\t\t\t\t\t<div style=\"clear: both;\"><\/div><\/div><div class=\"slideshow_view\">\r\n\t\t\t\t<div class=\"slideshow_slide slideshow_slide_image\">\r\n\t\t\t\t\t\t\t\t\t\t\t<img src=\"https:\/\/projectes.xtec.cat\/ere\/wp-content\/uploads\/usu2534\/2024\/05\/IMG_20190423_155936-scaled.jpg\" alt=\"Expo L\u2019Illa Diagonal 2019\" width=\"2560\" height=\"1920\" \/>\r\n\t\t\t\t\t\t\t\t\t\t<div class=\"slideshow_description_box slideshow_transparent\">\r\n\t\t\t\t\t\t<div class=\"slideshow_title\">Expo L\u2019Illa Diagonal 2019<\/div>\t\t\t\t\t\t\t\t\t\t\t<\/div>\r\n\t\t\t\t<\/div>\r\n\r\n\t\t\t\t\t\t<div style=\"clear: both;\"><\/div><\/div>\r\n\t\t<\/div>\r\n\r\n\t\t<div class=\"slideshow_controlPanel slideshow_transparent\" style=\"display: none;\"><ul><li class=\"slideshow_togglePlay\" data-play-text=\"Visualitza\" data-pause-text=\"Pausa\"><\/li><\/ul><\/div>\r\n\r\n\t\t<div class=\"slideshow_button slideshow_previous slideshow_transparent\" role=\"button\" data-previous-text=\"Anterior\" style=\"display: none;\"><\/div>\r\n\t\t<div class=\"slideshow_button slideshow_next slideshow_transparent\" role=\"button\" data-next-text=\"Seg\u00fcent\" style=\"display: none;\"><\/div>\r\n\r\n\t\t<div class=\"slideshow_pagination\" style=\"display: none;\" data-go-to-text=\"V\u00e9s a la diapositiva\"><div class=\"slideshow_pagination_center\"><\/div><\/div>\r\n\r\n\t\t<!-- WordPress Slideshow Version 2.3.1 -->\r\n\r\n\t\t\t<\/div>\r\n\r\n\n","protected":false},"excerpt":{"rendered":"<p>L&#8217;exposici\u00f3 &#8220;Fem art&#8221; \u00e9s una mostra de treballs realitzats per l&#8217;alumnat de diferents cicles formatius de les Escoles d&#8217;Arts Pl\u00e0stiques i Disseny de Catalunya. L&#8217;exposici\u00f3 mostra un recull de creacions originals i in\u00e8dites de cer\u00e0mica, joies, elements per a l&#8217;escenografia, moda, pintura, fotografia, etc. que&hellip;  <a href=\"https:\/\/projectes.xtec.cat\/ere\/expo-lilla-diagonal\/\" title=\"Read Expo L&#8217;Illa Diagonal\">Llegeix m\u00e9s\u00bb<\/a><\/p>\n","protected":false},"author":1,"featured_media":0,"parent":0,"menu_order":0,"comment_status":"closed","ping_status":"closed","template":"","meta":{"_bbp_topic_count":0,"_bbp_reply_count":0,"_bbp_total_topic_count":0,"_bbp_total_reply_count":0,"_bbp_voice_count":0,"_bbp_anonymous_reply_count":0,"_bbp_topic_count_hidden":0,"_bbp_reply_count_hidden":0,"_bbp_forum_subforum_count":0,"footnotes":""},"class_list":["post-9901","page","type-page","status-publish","hentry"],"post_mailing_queue_ids":[],"_links":{"self":[{"href":"https:\/\/projectes.xtec.cat\/ere\/wp-json\/wp\/v2\/pages\/9901","targetHints":{"allow":["GET"]}}],"collection":[{"href":"https:\/\/projectes.xtec.cat\/ere\/wp-json\/wp\/v2\/pages"}],"about":[{"href":"https:\/\/projectes.xtec.cat\/ere\/wp-json\/wp\/v2\/types\/page"}],"author":[{"embeddable":true,"href":"https:\/\/projectes.xtec.cat\/ere\/wp-json\/wp\/v2\/users\/1"}],"replies":[{"embeddable":true,"href":"https:\/\/projectes.xtec.cat\/ere\/wp-json\/wp\/v2\/comments?post=9901"}],"version-history":[{"count":6,"href":"https:\/\/projectes.xtec.cat\/ere\/wp-json\/wp\/v2\/pages\/9901\/revisions"}],"predecessor-version":[{"id":10173,"href":"https:\/\/projectes.xtec.cat\/ere\/wp-json\/wp\/v2\/pages\/9901\/revisions\/10173"}],"wp:attachment":[{"href":"https:\/\/projectes.xtec.cat\/ere\/wp-json\/wp\/v2\/media?parent=9901"}],"curies":[{"name":"wp","href":"https:\/\/api.w.org\/{rel}","templated":true}]}}