{"id":806,"date":"2015-11-28T21:29:55","date_gmt":"2015-11-28T20:29:55","guid":{"rendered":"http:\/\/projectes.xtec.cat\/escacsescola\/?page_id=806"},"modified":"2022-09-22T11:07:48","modified_gmt":"2022-09-22T09:07:48","slug":"el-programa","status":"publish","type":"page","link":"https:\/\/projectes.xtec.cat\/escacsescola\/el-programa\/","title":{"rendered":"El programa"},"content":{"rendered":"<p>El programa Escacs a l&#8217;escola sorgeix de les directrius del Parlament de Catalunya, de data 21 de juliol de 2010, que declara els escacs d\u2019utilitat p\u00fablica i insta el Govern a emprendre actuacions per difondre i fomentar la pr\u00e0ctica dels escacs entre la poblaci\u00f3 catalana, especialment en els \u00e0mbits de l\u2019educaci\u00f3, l\u00fadic i de la salut. Tamb\u00e9 parteix de la declaraci\u00f3 del Parlament Europeu, de data 15 de mar\u00e7 de 2012, instant els estats membres a introduir el programa \u201cEscacs a l\u2019escola\u201d en els seus sistemes educatius.<\/p>\n<p><strong>Programa \u201cEscacs a l\u2019escola\u201d<\/strong><\/p>\n<p>El programa, iniciat el curs 2012\/13 a Catalunya, destaca la relaci\u00f3 i utilitat del joc dels escacs en l\u2019\u00e0mbit educatiu, ja que s\u00f3n un recurs que potencia el desenvolupament de les estructures cognitives, el raonament i el pensament l\u00f2gicomatem\u00e0tic, les habilitats ling\u00fc\u00edstiques i els h\u00e0bits de conducta.<\/p>\n<p>Per tal de fomentar i dotar de les eines necess\u00e0ries per poder-lo dur a terme, el Departament d&#8217;Educaci\u00f3 ofereix cursos de formaci\u00f3 per al professorat d&#8217;escoles i instituts.<\/p>\n<p>Tamb\u00e9 compta amb un conveni de col\u00b7laboraci\u00f3 entre el Departament d&#8217;Educaci\u00f3 i la Federaci\u00f3 Catalana d&#8217;Escacs (institucions impulsores) i tres universitats: Universitat de Girona, Universitat de Lleida, Universitat Rovira i Virgili.<\/p>\n<p><a href=\"http:\/\/xtec.gencat.cat\/web\/.content\/projectes\/escacsescola\/Escacs-escola-infografia.pdf\" target=\"_blank\" rel=\"noopener noreferrer\"><img loading=\"lazy\" decoding=\"async\" class=\"alignnone size-large wp-image-8213\" src=\"https:\/\/projectes.xtec.cat\/escacsescola\/wp-content\/uploads\/usu2498\/2017\/03\/Captura-de-Pantalla-2021-07-06-a-les-12.11.14-1024x768.png\" alt=\"\" width=\"1024\" height=\"768\" srcset=\"https:\/\/projectes.xtec.cat\/escacsescola\/wp-content\/uploads\/usu2498\/2017\/03\/Captura-de-Pantalla-2021-07-06-a-les-12.11.14-1024x768.png 1024w, https:\/\/projectes.xtec.cat\/escacsescola\/wp-content\/uploads\/usu2498\/2017\/03\/Captura-de-Pantalla-2021-07-06-a-les-12.11.14-300x225.png 300w, https:\/\/projectes.xtec.cat\/escacsescola\/wp-content\/uploads\/usu2498\/2017\/03\/Captura-de-Pantalla-2021-07-06-a-les-12.11.14-768x576.png 768w, https:\/\/projectes.xtec.cat\/escacsescola\/wp-content\/uploads\/usu2498\/2017\/03\/Captura-de-Pantalla-2021-07-06-a-les-12.11.14-200x150.png 200w, https:\/\/projectes.xtec.cat\/escacsescola\/wp-content\/uploads\/usu2498\/2017\/03\/Captura-de-Pantalla-2021-07-06-a-les-12.11.14.png 1366w\" sizes=\"auto, (max-width: 1024px) 100vw, 1024px\" \/><\/a><\/p>\n","protected":false},"excerpt":{"rendered":"<p>El programa Escacs a l&#8217;escola sorgeix de les directrius del Parlament de Catalunya, de data 21 de juliol de 2010, que declara els escacs d\u2019utilitat p\u00fablica i insta el Govern a emprendre actuacions per difondre i fomentar la pr\u00e0ctica dels escacs entre la poblaci\u00f3 catalana,&hellip;  <a href=\"https:\/\/projectes.xtec.cat\/escacsescola\/el-programa\/\" title=\"Read El programa\">Llegeix m\u00e9s\u00bb<\/a><\/p>\n","protected":false},"author":1,"featured_media":0,"parent":0,"menu_order":0,"comment_status":"closed","ping_status":"closed","template":"page-templates\/side-menu.php","meta":{"_bbp_topic_count":0,"_bbp_reply_count":0,"_bbp_total_topic_count":0,"_bbp_total_reply_count":0,"_bbp_voice_count":0,"_bbp_anonymous_reply_count":0,"_bbp_topic_count_hidden":0,"_bbp_reply_count_hidden":0,"_bbp_forum_subforum_count":0,"footnotes":""},"class_list":["post-806","page","type-page","status-publish","hentry"],"post_mailing_queue_ids":[],"_links":{"self":[{"href":"https:\/\/projectes.xtec.cat\/escacsescola\/wp-json\/wp\/v2\/pages\/806","targetHints":{"allow":["GET"]}}],"collection":[{"href":"https:\/\/projectes.xtec.cat\/escacsescola\/wp-json\/wp\/v2\/pages"}],"about":[{"href":"https:\/\/projectes.xtec.cat\/escacsescola\/wp-json\/wp\/v2\/types\/page"}],"author":[{"embeddable":true,"href":"https:\/\/projectes.xtec.cat\/escacsescola\/wp-json\/wp\/v2\/users\/1"}],"replies":[{"embeddable":true,"href":"https:\/\/projectes.xtec.cat\/escacsescola\/wp-json\/wp\/v2\/comments?post=806"}],"version-history":[{"count":3,"href":"https:\/\/projectes.xtec.cat\/escacsescola\/wp-json\/wp\/v2\/pages\/806\/revisions"}],"predecessor-version":[{"id":8300,"href":"https:\/\/projectes.xtec.cat\/escacsescola\/wp-json\/wp\/v2\/pages\/806\/revisions\/8300"}],"wp:attachment":[{"href":"https:\/\/projectes.xtec.cat\/escacsescola\/wp-json\/wp\/v2\/media?parent=806"}],"curies":[{"name":"wp","href":"https:\/\/api.w.org\/{rel}","templated":true}]}}