{"id":8210,"date":"2021-07-06T12:06:40","date_gmt":"2021-07-06T10:06:40","guid":{"rendered":"https:\/\/projectes.xtec.cat\/escacsescola\/?page_id=8210"},"modified":"2026-01-14T13:07:24","modified_gmt":"2026-01-14T12:07:24","slug":"formacio","status":"publish","type":"page","link":"https:\/\/projectes.xtec.cat\/escacsescola\/formacio\/","title":{"rendered":"Formaci\u00f3"},"content":{"rendered":"<p><span style=\"font-weight: 400;\">El programa Escacs a l\u2019escola compta amb una oferta formativa per al professorat que est\u00e0 interessat en la utilitzaci\u00f3 dels escacs com a eina educativa.\u00a0<\/span><\/p>\n<p><span style=\"font-weight: 400;\">Aquesta oferta formativa est\u00e0 emmarcada dins el pla de formaci\u00f3 que ofereix el Departament d\u2019Educaci\u00f3, \u00e9s gratu\u00efta per al professorat participant i es duu a terme cada curs escolar mitjan\u00e7ant dues convocat\u00f2ries d\u2019inscripci\u00f3: al setembre i al gener.<\/span><\/p>\n<p><span style=\"font-weight: 400;\">Actualment, hi ha 5 modalitats de cursos diferents:<\/span><\/p>\n<ul>\n<li><strong>Escacs a l\u2019escola 1:\u00a0<\/strong><span style=\"font-weight: 400;\">Iniciaci\u00f3 en la t\u00e8cnica i estrat\u00e8gies dels escacs i la seva aplicaci\u00f3 a l&#8217;aula.\u00a0<\/span><\/li>\n<li><strong>Escacs a l\u2019escola 2:\u00a0<\/strong><span style=\"font-weight: 400;\">Aprofundiment en la t\u00e8cnica i estrat\u00e8gies dels escacs i la seva aplicaci\u00f3 a l&#8217;aula.<\/span><\/li>\n<li><strong>Escacs a l\u2019escola 3:\u00a0<\/strong><span style=\"font-weight: 400;\">Consolidaci\u00f3 en la t\u00e8cnica i estrat\u00e8gies dels escacs i la seva aplicaci\u00f3 a l&#8217;aula.<\/span><\/li>\n<li><strong>M\u00e9s escacs:\u00a0<\/strong><span style=\"font-weight: 400;\">Consolidaci\u00f3 del programa dels escacs a l&#8217;escola mitjan\u00e7ant l&#8217;ampliaci\u00f3 i actualitzaci\u00f3 de la base te\u00f2rica.\u00a0<\/span>\n<ul>\n<li><span style=\"font-weight: 400;\">Intercanvi d\u2019experi\u00e8ncies de l&#8217;aplicaci\u00f3 dels escacs a l&#8217;escola.<\/span><\/li>\n<li><span style=\"font-weight: 400;\">Elaboraci\u00f3 de recursos i de materials per als centres que participen en el programa.\u00a0<\/span><\/li>\n<li><span style=\"font-weight: 400;\">Preparaci\u00f3 de la trobada d&#8217;alumnes dels diferents centres que hi participen.<\/span><\/li>\n<\/ul>\n<\/li>\n<li><strong>Escacs i psicomotricitat:<\/strong> Curs d&#8217;iniciaci\u00f3 al treball dels escacs a trav\u00e9s de l&#8217;escaquer gegant, amb activitats de psicomotricitat per a alumnes d&#8217;educaci\u00f3 infantil i cicle inicial d&#8217;educaci\u00f3 prim\u00e0ria.<\/li>\n<\/ul>\n<p>Les modalitats d&#8217;Escacs a l&#8217;escola 1, 2 i 3 i Escacs i psicomotricitat s\u00f3n de 20 hores de durada (10h amb formador i 10h on-line).<\/p>\n<p>La modalitat de M\u00e9s Escacs t\u00e9 15 hores de durada (10h amb formador i 5h no presencials).<\/p>\n<p>Inscripcions (podeu posar el codi de l&#8217;activitat o b\u00e9 la paraula &#8220;escacs&#8221; al cercador): <a href=\"https:\/\/xtec.gencat.cat\/ca\/formacio\/info-general\/cercador-activitats\/\">AQU\u00cd<\/a>.<\/p>\n\n\t\t<style type=\"text\/css\">\n\t\t\t#gallery-1 {\n\t\t\t\tmargin: auto;\n\t\t\t}\n\t\t\t#gallery-1 .gallery-item {\n\t\t\t\tfloat: left;\n\t\t\t\tmargin-top: 10px;\n\t\t\t\ttext-align: center;\n\t\t\t\twidth: 33%;\n\t\t\t}\n\t\t\t#gallery-1 img {\n\t\t\t\tborder: 2px solid #cfcfcf;\n\t\t\t}\n\t\t\t#gallery-1 .gallery-caption {\n\t\t\t\tmargin-left: 0;\n\t\t\t}\n\t\t\t\/* see gallery_shortcode() in wp-includes\/media.php *\/\n\t\t<\/style>\n\t\t<div id='gallery-1' class='gallery galleryid-8210 gallery-columns-3 gallery-size-medium'><dl class='gallery-item'>\n\t\t\t<dt class='gallery-icon landscape'>\n\t\t\t\t<a href='https:\/\/projectes.xtec.cat\/escacsescola\/general\/nova-oferta-de-cursos-per-al-professorat-sobre-lus-educatiu-dels-escacs\/attachment\/formacio_3\/'><img loading=\"lazy\" decoding=\"async\" width=\"300\" height=\"300\" src=\"https:\/\/projectes.xtec.cat\/escacsescola\/wp-content\/uploads\/usu2498\/2026\/01\/Formacio_3-300x300.png\" class=\"attachment-medium size-medium\" alt=\"\" aria-describedby=\"gallery-1-8869\" srcset=\"https:\/\/projectes.xtec.cat\/escacsescola\/wp-content\/uploads\/usu2498\/2026\/01\/Formacio_3-300x300.png 300w, https:\/\/projectes.xtec.cat\/escacsescola\/wp-content\/uploads\/usu2498\/2026\/01\/Formacio_3-1024x1024.png 1024w, https:\/\/projectes.xtec.cat\/escacsescola\/wp-content\/uploads\/usu2498\/2026\/01\/Formacio_3-150x150.png 150w, https:\/\/projectes.xtec.cat\/escacsescola\/wp-content\/uploads\/usu2498\/2026\/01\/Formacio_3-768x768.png 768w, https:\/\/projectes.xtec.cat\/escacsescola\/wp-content\/uploads\/usu2498\/2026\/01\/Formacio_3.png 1080w\" sizes=\"auto, (max-width: 300px) 100vw, 300px\" \/><\/a>\n\t\t\t<\/dt>\n\t\t\t\t<dd class='wp-caption-text gallery-caption' id='gallery-1-8869'>\n\t\t\t\tEscacs i psicomotricitat\n\t\t\t\t<\/dd><\/dl><dl class='gallery-item'>\n\t\t\t<dt class='gallery-icon landscape'>\n\t\t\t\t<a href='https:\/\/projectes.xtec.cat\/escacsescola\/general\/nova-oferta-de-cursos-per-al-professorat-sobre-lus-educatiu-dels-escacs\/attachment\/formacio_2\/'><img loading=\"lazy\" decoding=\"async\" width=\"300\" height=\"300\" src=\"https:\/\/projectes.xtec.cat\/escacsescola\/wp-content\/uploads\/usu2498\/2026\/01\/Formacio_2-300x300.png\" class=\"attachment-medium size-medium\" alt=\"\" aria-describedby=\"gallery-1-8868\" srcset=\"https:\/\/projectes.xtec.cat\/escacsescola\/wp-content\/uploads\/usu2498\/2026\/01\/Formacio_2-300x300.png 300w, https:\/\/projectes.xtec.cat\/escacsescola\/wp-content\/uploads\/usu2498\/2026\/01\/Formacio_2-1024x1024.png 1024w, https:\/\/projectes.xtec.cat\/escacsescola\/wp-content\/uploads\/usu2498\/2026\/01\/Formacio_2-150x150.png 150w, https:\/\/projectes.xtec.cat\/escacsescola\/wp-content\/uploads\/usu2498\/2026\/01\/Formacio_2-768x768.png 768w, https:\/\/projectes.xtec.cat\/escacsescola\/wp-content\/uploads\/usu2498\/2026\/01\/Formacio_2.png 1080w\" sizes=\"auto, (max-width: 300px) 100vw, 300px\" \/><\/a>\n\t\t\t<\/dt>\n\t\t\t\t<dd class='wp-caption-text gallery-caption' id='gallery-1-8868'>\n\t\t\t\tM\u00e9s Escacs \n\t\t\t\t<\/dd><\/dl><dl class='gallery-item'>\n\t\t\t<dt class='gallery-icon landscape'>\n\t\t\t\t<a href='https:\/\/projectes.xtec.cat\/escacsescola\/general\/nova-oferta-de-cursos-per-al-professorat-sobre-lus-educatiu-dels-escacs\/attachment\/formacio_1\/'><img loading=\"lazy\" decoding=\"async\" width=\"300\" height=\"300\" src=\"https:\/\/projectes.xtec.cat\/escacsescola\/wp-content\/uploads\/usu2498\/2026\/01\/formacio_1-300x300.png\" class=\"attachment-medium size-medium\" alt=\"\" aria-describedby=\"gallery-1-8867\" srcset=\"https:\/\/projectes.xtec.cat\/escacsescola\/wp-content\/uploads\/usu2498\/2026\/01\/formacio_1-300x300.png 300w, https:\/\/projectes.xtec.cat\/escacsescola\/wp-content\/uploads\/usu2498\/2026\/01\/formacio_1-1024x1024.png 1024w, https:\/\/projectes.xtec.cat\/escacsescola\/wp-content\/uploads\/usu2498\/2026\/01\/formacio_1-150x150.png 150w, https:\/\/projectes.xtec.cat\/escacsescola\/wp-content\/uploads\/usu2498\/2026\/01\/formacio_1-768x768.png 768w, https:\/\/projectes.xtec.cat\/escacsescola\/wp-content\/uploads\/usu2498\/2026\/01\/formacio_1.png 1080w\" sizes=\"auto, (max-width: 300px) 100vw, 300px\" \/><\/a>\n\t\t\t<\/dt>\n\t\t\t\t<dd class='wp-caption-text gallery-caption' id='gallery-1-8867'>\n\t\t\t\tFormaci\u00f3 de docents\n\t\t\t\t<\/dd><\/dl><br style=\"clear: both\" \/>\n\t\t<\/div>\n\n<p>&nbsp;<\/p>\n<p>&nbsp;<\/p>\n","protected":false},"excerpt":{"rendered":"<p>El programa Escacs a l\u2019escola compta amb una oferta formativa per al professorat que est\u00e0 interessat en la utilitzaci\u00f3 dels escacs com a eina educativa.\u00a0<br \/>\nAquesta oferta formativa est\u00e0 emmarcada dins el pla de formaci\u00f3 que ofereix el Departament d\u2019Educaci\u00f3, \u00e9s gratu\u00efta per al professorat participant&hellip;  <a href=\"https:\/\/projectes.xtec.cat\/escacsescola\/formacio\/\" title=\"Read Formaci\u00f3\">Llegeix m\u00e9s\u00bb<\/a><\/p>\n","protected":false},"author":4,"featured_media":0,"parent":0,"menu_order":0,"comment_status":"closed","ping_status":"closed","template":"","meta":{"_bbp_topic_count":0,"_bbp_reply_count":0,"_bbp_total_topic_count":0,"_bbp_total_reply_count":0,"_bbp_voice_count":0,"_bbp_anonymous_reply_count":0,"_bbp_topic_count_hidden":0,"_bbp_reply_count_hidden":0,"_bbp_forum_subforum_count":0,"footnotes":""},"class_list":["post-8210","page","type-page","status-publish","hentry"],"post_mailing_queue_ids":[],"_links":{"self":[{"href":"https:\/\/projectes.xtec.cat\/escacsescola\/wp-json\/wp\/v2\/pages\/8210","targetHints":{"allow":["GET"]}}],"collection":[{"href":"https:\/\/projectes.xtec.cat\/escacsescola\/wp-json\/wp\/v2\/pages"}],"about":[{"href":"https:\/\/projectes.xtec.cat\/escacsescola\/wp-json\/wp\/v2\/types\/page"}],"author":[{"embeddable":true,"href":"https:\/\/projectes.xtec.cat\/escacsescola\/wp-json\/wp\/v2\/users\/4"}],"replies":[{"embeddable":true,"href":"https:\/\/projectes.xtec.cat\/escacsescola\/wp-json\/wp\/v2\/comments?post=8210"}],"version-history":[{"count":6,"href":"https:\/\/projectes.xtec.cat\/escacsescola\/wp-json\/wp\/v2\/pages\/8210\/revisions"}],"predecessor-version":[{"id":8876,"href":"https:\/\/projectes.xtec.cat\/escacsescola\/wp-json\/wp\/v2\/pages\/8210\/revisions\/8876"}],"wp:attachment":[{"href":"https:\/\/projectes.xtec.cat\/escacsescola\/wp-json\/wp\/v2\/media?parent=8210"}],"curies":[{"name":"wp","href":"https:\/\/api.w.org\/{rel}","templated":true}]}}