{"id":8219,"date":"2021-03-22T09:17:27","date_gmt":"2021-03-22T08:17:27","guid":{"rendered":"https:\/\/projectes.xtec.cat\/families-digitals\/?page_id=8219"},"modified":"2021-06-25T12:52:51","modified_gmt":"2021-06-25T10:52:51","slug":"videos-formatius","status":"publish","type":"page","link":"https:\/\/projectes.xtec.cat\/families-digitals\/linies-dactuacio\/assessorar-i-capacitar-digitalment-a-les-families\/videos-formatius\/","title":{"rendered":"V\u00eddeos formatius"},"content":{"rendered":"\t\t\t\t\t\t<style>\r\n\t\t\t\t\r\n\t\t\t\t\t#tab_container_8680 {\r\n\toverflow:hidden;\r\n\tdisplay:block;\r\n\twidth:100%;\r\n\tborder:0px solid #ddd;\r\n\tmargin-bottom:30px;\r\n\t}\r\n\r\n#tab_container_8680 .tab-content{\r\n\tpadding:20px;\r\n\tborder: 1px solid #e6e6e6 !important;\r\n\tmargin-top: 0px;\r\n\tbackground-color:#ffffff !important;\r\n\tcolor: #000000 !important;\r\n\tfont-size:16px !important;\r\n\tfont-family: Arial !important;\r\n\t\r\n\t\tborder: 1px solid #e6e6e6 !important;\r\n\t}\r\n#tab_container_8680 .wpsm_nav-tabs {\r\n    border-bottom: 0px solid #ddd;\r\n}\r\n#tab_container_8680 .wpsm_nav-tabs > li.active > a, #tab_container_8680 .wpsm_nav-tabs > li.active > a:hover, #tab_container_8680 .wpsm_nav-tabs > li.active > a:focus {\r\n\tcolor: #000000 !important;\r\n\tcursor: default;\r\n\tbackground-color: #ffffff !important;\r\n\tborder: 1px solid #e6e6e6 !important;\r\n}\r\n\r\n#tab_container_8680 .wpsm_nav-tabs > li > a {\r\n    margin-right: 0px !important; \r\n    line-height: 1.42857143 !important;\r\n    border: 1px solid #d5d5d5 !important;\r\n    border-radius: 0px 0px 0 0 !important; \r\n\tbackground-color: #e8e8e8 !important;\r\n\tcolor: #bd0608 !important;\r\n\tpadding: 15px 18px 15px 18px !important;\r\n\ttext-decoration: none !important;\r\n\tfont-size: 18px !important;\r\n\ttext-align:center !important;\r\n\tfont-family: Arial !important;\r\n}\r\n#tab_container_8680 .wpsm_nav-tabs > li > a:focus {\r\noutline: 0px !important;\r\n}\r\n\r\n#tab_container_8680 .wpsm_nav-tabs > li > a:before {\r\n\tdisplay:none !important;\r\n}\r\n#tab_container_8680 .wpsm_nav-tabs > li > a:after {\r\n\tdisplay:none !important ;\r\n}\r\n#tab_container_8680 .wpsm_nav-tabs > li{\r\npadding:0px !important ;\r\nmargin:0px;\r\n}\r\n\r\n#tab_container_8680 .wpsm_nav-tabs > li > a:hover , #tab_container_8680 .wpsm_nav-tabs > li > a:focus {\r\n    color: #bd0608 !important;\r\n    background-color: #e8e8e8 !important;\r\n\tborder: 1px solid #d5d5d5 !important;\r\n\t\r\n}\r\n#tab_container_8680 .wpsm_nav-tabs > li > a .fa{\r\n\r\nmargin-right:5px !important;\r\n\r\nmargin-left:5px !important;\r\n\r\n\r\n}\r\n\r\n\t\t#tab_container_8680 .wpsm_nav-tabs a{\r\n\t\t\tbackground-image: none;\r\n\t\t\tbackground-position: 0 0;\r\n\t\t\tbackground-repeat: repeat-x;\r\n\t\t}\r\n\t\t\t\r\n\r\n\r\n#tab_container_8680 .wpsm_nav-tabs > li {\r\n    float: left;\r\n    margin-bottom: -1px !important;\r\n\tmargin-right:0px !important; \r\n}\r\n\r\n\r\n#tab_container_8680 .tab-content{\r\noverflow:hidden !important;\r\n}\r\n\r\n\r\n@media (min-width: 769px) {\r\n\r\n\t#tab_container_8680 .wpsm_nav-tabs > li{\r\n\t\tfloat:left !important ;\r\n\t\t\t\tmargin-right:-1px !important;\r\n\t\t\t\t\t}\r\n\t#tab_container_8680 .wpsm_nav-tabs{\r\n\t\tfloat:none !important;\r\n\t\tmargin:0px !important;\r\n\t}\r\n\r\n\t#tab_container_8680 .wpsm_nav-tabs > li {\r\n\t\t\t\t\r\n\t}\r\n\t#tab_container_8680 .wpsm_nav{\r\n\t\t\t}\r\n\r\n}\r\n\r\n\r\n\r\n@media (max-width: 768px) {\r\n\t#tab_container_8680 .wpsm_nav-tabs > li {\r\n\t\t\t\t\r\n\t}\r\n\t#tab_container_8680 .wpsm_nav{\r\n\t\t\t}\r\n}\r\n\r\n\r\n\t.wpsm_nav-tabs li:before{\r\n\t\tdisplay:none !important;\r\n\t}\r\n\r\n\t@media (max-width: 768px) {\r\n\t\t\t\t\r\n\t\t\t\t.wpsm_nav-tabs{\r\n\t\t\tmargin-left:0px !important;\r\n\t\t\tmargin-right:0px !important; \r\n\t\t\t\r\n\t\t}\r\n\t\t\t\t#tab_container_8680 .wpsm_nav-tabs > li{\r\n\t\t\tfloat:none !important;\r\n\t\t}\r\n\t\t\t\r\n\t}\t\t\t\t<\/style>\r\n\t\t\t\t<div id=\"tab_container_8680\" >\r\n\t \r\n\t\t\t\t\t<ul class=\"wpsm_nav wpsm_nav-tabs\" role=\"tablist\" id=\"myTab_8680\">\r\n\t\t\t\t\t\t\t\r\n\t\t\t\t\t\t\t<li role=\"presentation\"  class=\"active\"  onclick=\"do_resize()\">\r\n\r\n\t\t\t\t\t\t\t\t<!-- XTEC ************ MODIFICAT - Disable scrolling on tab change. Fixes error in option \"Tabs Description Animation\" -->\r\n\t\t\t\t\t\t\t\t<!-- 2021.12.01 @aginard -->\r\n\t\t\t\t\t\t\t\t<a href=\"javascript:void(0);\" aria-controls=\"tabs_desc_8680_1\" role=\"tab\" data-toggle=\"tab\" data-target=\"#tabs_desc_8680_1\">\r\n\t\t\t\t\t\t\t\t<!-- ORIGINAL\r\n\t\t\t\t\t\t\t\t<a href=\"#tabs_desc_8680_1\" aria-controls=\"tabs_desc_8680_1\" role=\"tab\" data-toggle=\"tab\">\r\n\t\t\t\t\t\t\t\t-->\r\n\t\t\t\t\t\t\t\t<!-- ************ FI -->\r\n\t\t\t\t\t\t\t\t\t\r\n\t\t\t\t\t\t\t\t\t\t\t\t\t\t\t\t\t\t\t\t\t\t\t\t\t\t\t\t\t\t\t<i class=\"fa fa-language\"><\/i> \t\t\t\t\t\t\t\t\t\t\t\t\t\t\t\t\t\t\t\r\n\t\t\t\t\t\t\t\t\t\t\t\t\t\t\t\t\t\t\r\n\t\t\t\t\t\t\t\t\t<span>Els 14 idiomes m\u00e9s freq\u00fcents<\/span>\r\n\t\t\t\t\t\t\t\t\t\r\n\t\t\t\t\t\t\t\t\t\t\t\t\t\t\t\t\t\t\r\n\t\t\t\t\t\t\t\t\t\t\t\t\t\t\t\t\t\t\t\t\r\n\t\t\t\t\t\t\t\t\t\r\n\t\t\t\t\t\t\t\t<\/a>\r\n\t\t\t\t\t\t\t<\/li>\r\n\t\t\t\t\t\t\t\r\n\t\t\t\t\t\t\t<li role=\"presentation\"  onclick=\"do_resize()\">\r\n\r\n\t\t\t\t\t\t\t\t<!-- XTEC ************ MODIFICAT - Disable scrolling on tab change. Fixes error in option \"Tabs Description Animation\" -->\r\n\t\t\t\t\t\t\t\t<!-- 2021.12.01 @aginard -->\r\n\t\t\t\t\t\t\t\t<a href=\"javascript:void(0);\" aria-controls=\"tabs_desc_8680_2\" role=\"tab\" data-toggle=\"tab\" data-target=\"#tabs_desc_8680_2\">\r\n\t\t\t\t\t\t\t\t<!-- ORIGINAL\r\n\t\t\t\t\t\t\t\t<a href=\"#tabs_desc_8680_2\" aria-controls=\"tabs_desc_8680_2\" role=\"tab\" data-toggle=\"tab\">\r\n\t\t\t\t\t\t\t\t-->\r\n\t\t\t\t\t\t\t\t<!-- ************ FI -->\r\n\t\t\t\t\t\t\t\t\t\r\n\t\t\t\t\t\t\t\t\t\t\t\t\t\t\t\t\t\t\t\t\t\t\t\t\t\t\t\t\t\t\t<i class=\"fa fa-cubes\"><\/i> \t\t\t\t\t\t\t\t\t\t\t\t\t\t\t\t\t\t\t\r\n\t\t\t\t\t\t\t\t\t\t\t\t\t\t\t\t\t\t\r\n\t\t\t\t\t\t\t\t\t<span>Inserir H5P (Informaci\u00f3 per als centres)<\/span>\r\n\t\t\t\t\t\t\t\t\t\r\n\t\t\t\t\t\t\t\t\t\t\t\t\t\t\t\t\t\t\r\n\t\t\t\t\t\t\t\t\t\t\t\t\t\t\t\t\t\t\t\t\r\n\t\t\t\t\t\t\t\t\t\r\n\t\t\t\t\t\t\t\t<\/a>\r\n\t\t\t\t\t\t\t<\/li>\r\n\t\t\t\t\t\t\t\t\t\t\t <\/ul>\r\n\r\n\t\t\t\t\t  <!-- Tab panes -->\r\n\t\t\t\t\t  <div class=\"tab-content\" id=\"tab-content_8680\">\r\n\t\t\t\t\t\t\t\t\t\t\t\t <div role=\"tabpanel\" class=\"tab-pane  in active \" id=\"tabs_desc_8680_1\">\r\n\t\t\t\t\t\t\t\t<p>En el marc del projecte es crearan <a href=\"https:\/\/www.youtube.com\/watch?v=av6BnmMu7MM&list=PLojIWF2RflCqmqR9yLYzTldnXPWSBfLXC\">v\u00eddeos formatius<\/a> tenint en compte la gran diversitat de fam\u00edlies. Els primers 3 v\u00eddeos cobreixen els conceptes b\u00e0sics que pot necessitar una fam\u00edlia per accedir a la informaci\u00f3 del centre (a trav\u00e9s del web del centre) i com fer un acompanyament i seguiment de les tasques des de l'entorn virtual d'aprenentatge (en aquest cas, Moodle).<\/p>\n<div class=\"row idiomes\" style=\"margin-bottom: 1em !important;\">\n<div class=\"small-12 large-3 text-center columns\"><div class=\"imatge_color\" style=border-top-color:#DF3133;height:50px>\r\n<div class='imatge_color_title'>\r\n<h3><a href='https:\/\/projectes.xtec.cat\/families-digitals\/linies-dactuacio\/assessorar-i-capacitar-digitalment-a-les-families\/videos-formatius\/catala\/'>Catal\u00e0<\/a><\/h3>\r\n<\/div><\/div><div class=\"imatge_color\" style=border-top-color:#68A225;height:50px>\r\n<div class='imatge_color_title'>\r\n<h3><a href='https:\/\/projectes.xtec.cat\/families-digitals\/linies-dactuacio\/assessorar-i-capacitar-digitalment-a-les-families\/videos-formatius\/castella-castellano\/'>Castellano<\/a><\/h3>\r\n<\/div><\/div><div class=\"imatge_color\" style=border-top-color:#C651C7;height:50px>\r\n<div class='imatge_color_title'>\r\n<h3><a href='https:\/\/projectes.xtec.cat\/families-digitals\/linies-dactuacio\/assessorar-i-capacitar-digitalment-a-les-families\/videos-formatius\/aranes-aranes\/'>Aran\u00e9s<\/a><\/h3>\r\n<\/div><\/div><div class=\"imatge_color\" style=border-top-color:#005EB8;height:50px>\r\n<div class='imatge_color_title'>\r\n<h3><a href='https:\/\/projectes.xtec.cat\/families-digitals\/linies-dactuacio\/assessorar-i-capacitar-digitalment-a-les-families\/videos-formatius\/amazic\/'>Tamazight<\/a><\/h3>\r\n<\/div><\/div><div class=\"imatge_color\" style=border-top-color:#C651C7;height:50px>\r\n<div class='imatge_color_title'>\r\n<h3><a href='https:\/\/projectes.xtec.cat\/families-digitals\/linies-dactuacio\/assessorar-i-capacitar-digitalment-a-les-families\/videos-formatius\/arab\/'>\u0627\u0644\u0639\u0631\u0628\u064a\u0629 (\u00c0rab)<\/a><\/h3>\r\n<\/div><\/div><div class=\"imatge_color\" style=border-top-color:#FAD40F;height:50px>\r\n<div class='imatge_color_title'>\r\n<h3><a href='https:\/\/projectes.xtec.cat\/families-digitals\/linies-dactuacio\/assessorar-i-capacitar-digitalment-a-les-families\/videos-formatius\/angles-english\/'>English<\/a><\/h3>\r\n<\/div><\/div><div class=\"imatge_color\" style=border-top-color:#333;height:50px>\r\n<div class='imatge_color_title'>\r\n<h3><a href='https:\/\/projectes.xtec.cat\/families-digitals\/linies-dactuacio\/assessorar-i-capacitar-digitalment-a-les-families\/videos-formatius\/frances-francais\/'>Fran\u00e7ais<\/a><\/h3>\r\n<\/div><\/div><div class=\"imatge_color\" style=border-top-color:#EF6F25;height:50px>\r\n<div class='imatge_color_title'>\r\n<h3><a href='https:\/\/projectes.xtec.cat\/families-digitals\/linies-dactuacio\/assessorar-i-capacitar-digitalment-a-les-families\/videos-formatius\/italia-italiano\/'>Italiano<\/a><\/h3>\r\n<\/div><\/div><div class=\"imatge_color\" style=border-top-color:#68A225;height:50px>\r\n<div class='imatge_color_title'>\r\n<h3><a href='https:\/\/projectes.xtec.cat\/families-digitals\/linies-dactuacio\/assessorar-i-capacitar-digitalment-a-les-families\/videos-formatius\/panjabi'>\u0a2a\u0a70\u0a1c\u0a3e\u0a2c\u0a40 (Panjabi)<\/a><\/h3>\r\n<\/div><\/div><div class=\"imatge_color\" style=border-top-color:#C651C8;height:50px>\r\n<div class='imatge_color_title'>\r\n<h3><a href='https:\/\/projectes.xtec.cat\/families-digitals\/linies-dactuacio\/assessorar-i-capacitar-digitalment-a-les-families\/videos-formatius\/portugues-portugues\/'>Portugu\u00eas<\/a><\/h3>\r\n<\/div><\/div><div class=\"imatge_color\" style=border-top-color:#0494F7;height:50px>\r\n<div class='imatge_color_title'>\r\n<h3><a href='https:\/\/projectes.xtec.cat\/families-digitals\/linies-dactuacio\/assessorar-i-capacitar-digitalment-a-les-families\/videos-formatius\/romanes-romana\/'>Rom\u00e2ne\u015fte<\/a><\/h3>\r\n<\/div><\/div><div class=\"imatge_color\" style=border-top-color:#00A390;height:50px>\r\n<div class='imatge_color_title'>\r\n<h3><a href='https:\/\/projectes.xtec.cat\/families-digitals\/linies-dactuacio\/assessorar-i-capacitar-digitalment-a-les-families\/videos-formatius\/soninke\/'>Soninkan Xanne<\/a><\/h3>\r\n<\/div><\/div><div class=\"imatge_color\" style=border-top-color:#005EB8;height:50px>\r\n<div class='imatge_color_title'>\r\n<h3><a href='https:\/\/projectes.xtec.cat\/families-digitals\/linies-dactuacio\/assessorar-i-capacitar-digitalment-a-les-families\/videos-formatius\/urdu\/'>\u0627\u064f\u0631\u062f\u064f\u0648 (Urd\u00fa)<\/a><\/h3>\r\n<\/div><\/div><div class=\"imatge_color\" style=border-top-color:#DF3133;height:50px>\r\n<div class='imatge_color_title'>\r\n<h3><a href='https:\/\/projectes.xtec.cat\/families-digitals\/linies-dactuacio\/assessorar-i-capacitar-digitalment-a-les-families\/videos-formatius\/xines-mandari\/'>\u4e2d\u6587 (Xin\u00e8s Mandar\u00ed)<\/a><\/h3>\r\n<\/div><\/div><\/div>\n<div><\/div>\n<div class=\"small-12 large-9 text-center columns\">\n<p><iframe loading=\"lazy\" src=\"https:\/\/www.youtube.com\/embed\/Cz3pG5RNQ_c\" width=\"560\" height=\"315\" frameborder=\"0\"><\/iframe><iframe loading=\"lazy\" src=\"https:\/\/www.youtube.com\/embed\/XLb1tL38AVM\" width=\"560\" height=\"315\" frameborder=\"0\"><\/iframe><\/p>\n<p><iframe loading=\"lazy\" src=\"https:\/\/www.youtube.com\/embed\/d45uGoAUdz8\" width=\"560\" height=\"315\" frameborder=\"0\"><\/iframe><\/p>\n<\/div>\n<\/div>\n\t\t\t\t\t\t <\/div>\r\n\t\t\t\t\t\t\t\t\t\t\t\t <div role=\"tabpanel\" class=\"tab-pane \" id=\"tabs_desc_8680_2\">\r\n\t\t\t\t\t\t\t\t<p>L'administrador del web del vostre centre educatiu pot inserir f\u00e0cilment aquest objecte H5P per facilitar a les fam\u00edlies l'acc\u00e9s als v\u00eddeos:<\/p>\n<p><iframe loading=\"lazy\" src=\"https:\/\/agora.xtec.cat\/nodes\/wp-admin\/admin-ajax.php?action=h5p_embed&id=2\" width=\"100%\" height=\"600\" frameborder=\"0\" allowfullscreen=\"allowfullscreen\"><\/iframe><script src=\"https:\/\/agora.xtec.cat\/nodes\/wp-content\/plugins\/h5p\/h5p-php-library\/js\/h5p-resizer.js\" charset=\"UTF-8\"><\/script><\/p>\n<p>Per inserir aquest objecte al vostre <strong>Nodes<\/strong>, cal: <\/p>\n<p>1. Fer clic a l'enlla\u00e7 \"Embed\" que es pot trobar al peu del v\u00eddeo.<\/p>\n<p><img loading=\"lazy\" decoding=\"async\" src=\"https:\/\/projectes.xtec.cat\/families-digitals\/wp-content\/uploads\/usu2507\/2021\/06\/embed.png\" alt=\"\" width=\"378\" height=\"245\" class=\"alignnone size-full wp-image-8682\" srcset=\"https:\/\/projectes.xtec.cat\/families-digitals\/wp-content\/uploads\/usu2507\/2021\/06\/embed.png 378w, https:\/\/projectes.xtec.cat\/families-digitals\/wp-content\/uploads\/usu2507\/2021\/06\/embed-300x194.png 300w\" sizes=\"auto, (max-width: 378px) 100vw, 378px\" \/><\/p>\n<p>2. Copiar el codi \"iframe\" que apareix en el primer requadre: <\/p>\n<p><img loading=\"lazy\" decoding=\"async\" src=\"https:\/\/projectes.xtec.cat\/families-digitals\/wp-content\/uploads\/usu2507\/2021\/06\/embed2.png\" alt=\"Captura de pantalla que mostra el codi a inserir\" width=\"606\" height=\"465\" class=\"alignnone size-full wp-image-8683\" srcset=\"https:\/\/projectes.xtec.cat\/families-digitals\/wp-content\/uploads\/usu2507\/2021\/06\/embed2.png 606w, https:\/\/projectes.xtec.cat\/families-digitals\/wp-content\/uploads\/usu2507\/2021\/06\/embed2-300x230.png 300w\" sizes=\"auto, (max-width: 606px) 100vw, 606px\" \/><\/p>\n<p>3. Enganxar el codi en una p\u00e0gina, article o giny del nodes del vostre centre, fent servir la pestanya \"text\": <\/p>\n<p><img loading=\"lazy\" decoding=\"async\" src=\"https:\/\/projectes.xtec.cat\/families-digitals\/wp-content\/uploads\/usu2507\/2021\/06\/embed3.png\" alt=\"\" width=\"1012\" height=\"372\" class=\"alignnone size-full wp-image-8686\" srcset=\"https:\/\/projectes.xtec.cat\/families-digitals\/wp-content\/uploads\/usu2507\/2021\/06\/embed3.png 1012w, https:\/\/projectes.xtec.cat\/families-digitals\/wp-content\/uploads\/usu2507\/2021\/06\/embed3-300x110.png 300w, https:\/\/projectes.xtec.cat\/families-digitals\/wp-content\/uploads\/usu2507\/2021\/06\/embed3-768x282.png 768w\" sizes=\"auto, (max-width: 1012px) 100vw, 1012px\" \/><\/p>\n<p>Tamb\u00e9 podeu inserir l'objecte H5P a un giny, fent servir el tipus giny \"HTML personalitzat\". Pot ser interessant posar un giny a l'inici de curs a la portada:<\/p>\n<p><img loading=\"lazy\" decoding=\"async\" src=\"https:\/\/projectes.xtec.cat\/families-digitals\/wp-content\/uploads\/usu2507\/2021\/06\/embed4_giny-1024x617.png\" alt=\"\" width=\"1024\" height=\"617\" class=\"alignnone size-large wp-image-8687\" srcset=\"https:\/\/projectes.xtec.cat\/families-digitals\/wp-content\/uploads\/usu2507\/2021\/06\/embed4_giny-1024x617.png 1024w, https:\/\/projectes.xtec.cat\/families-digitals\/wp-content\/uploads\/usu2507\/2021\/06\/embed4_giny-300x181.png 300w, https:\/\/projectes.xtec.cat\/families-digitals\/wp-content\/uploads\/usu2507\/2021\/06\/embed4_giny-768x463.png 768w, https:\/\/projectes.xtec.cat\/families-digitals\/wp-content\/uploads\/usu2507\/2021\/06\/embed4_giny.png 1330w\" sizes=\"auto, (max-width: 1024px) 100vw, 1024px\" \/><\/p>\n\t\t\t\t\t\t <\/div>\r\n\t\t\t\t\t\t\t\r\n\t\t\t\t\t <\/div>\r\n\t\t\t\t\t \r\n\t\t\t\t <\/div>\r\n <script>\r\n\t\tjQuery(function () {\r\n\t\t\tjQuery('#myTab_8680 a:first').tab('show')\r\n\t\t});\r\n\t\t\r\n\t\t\t\tjQuery(function(){\r\n\t\t\tvar b=\"fadeIn\";\r\n\t\t\tvar c;\r\n\t\t\tvar a;\r\n\t\t\td(jQuery(\"#myTab_8680 a\"),jQuery(\"#tab-content_8680\"));function d(e,f,g){\r\n\t\t\t\te.click(function(i){\r\n\t\t\t\t\ti.preventDefault();\r\n\t\t\t\t\tjQuery(this).tab(\"show\");\r\n\t\t\t\t\tvar h=jQuery(this).data(\"easein\");\r\n\t\t\t\t\tif(c){c.removeClass(a);}\r\n\t\t\t\t\tif(h){f.find(\"div.active\").addClass(\"animated \"+h);a=h;}\r\n\t\t\t\t\telse{if(g){f.find(\"div.active\").addClass(\"animated \"+g);a=g;}else{f.find(\"div.active\").addClass(\"animated \"+b);a=b;}}c=f.find(\"div.active\");\r\n\t\t\t\t});\r\n\t\t\t}\r\n\t\t});\r\n\t\t\r\n\r\n\t\tfunction do_resize(){\r\n\r\n\t\t\tvar width=jQuery( '.tab-content .tab-pane iframe' ).width();\r\n\t\t\tvar height=jQuery( '.tab-content .tab-pane iframe' ).height();\r\n\r\n\t\t\tvar toggleSize = true;\r\n\t\t\tjQuery('iframe').animate({\r\n\t\t\t    width: toggleSize ? width : 640,\r\n\t\t\t    height: toggleSize ? height : 360\r\n\t\t\t  }, 250);\r\n\r\n\t\t\t  toggleSize = !toggleSize;\r\n\t\t}\r\n\r\n\r\n\t<\/script>\r\n\t\t\t\t\r\n\t\t\t\n","protected":false},"excerpt":{"rendered":"","protected":false},"author":2,"featured_media":0,"parent":8243,"menu_order":10,"comment_status":"closed","ping_status":"closed","template":"page-templates\/side-menu.php","meta":{"footnotes":""},"class_list":["post-8219","page","type-page","status-publish","hentry"],"post_mailing_queue_ids":[],"_links":{"self":[{"href":"https:\/\/projectes.xtec.cat\/families-digitals\/wp-json\/wp\/v2\/pages\/8219","targetHints":{"allow":["GET"]}}],"collection":[{"href":"https:\/\/projectes.xtec.cat\/families-digitals\/wp-json\/wp\/v2\/pages"}],"about":[{"href":"https:\/\/projectes.xtec.cat\/families-digitals\/wp-json\/wp\/v2\/types\/page"}],"author":[{"embeddable":true,"href":"https:\/\/projectes.xtec.cat\/families-digitals\/wp-json\/wp\/v2\/users\/2"}],"replies":[{"embeddable":true,"href":"https:\/\/projectes.xtec.cat\/families-digitals\/wp-json\/wp\/v2\/comments?post=8219"}],"version-history":[{"count":6,"href":"https:\/\/projectes.xtec.cat\/families-digitals\/wp-json\/wp\/v2\/pages\/8219\/revisions"}],"predecessor-version":[{"id":8688,"href":"https:\/\/projectes.xtec.cat\/families-digitals\/wp-json\/wp\/v2\/pages\/8219\/revisions\/8688"}],"up":[{"embeddable":true,"href":"https:\/\/projectes.xtec.cat\/families-digitals\/wp-json\/wp\/v2\/pages\/8243"}],"wp:attachment":[{"href":"https:\/\/projectes.xtec.cat\/families-digitals\/wp-json\/wp\/v2\/media?parent=8219"}],"curies":[{"name":"wp","href":"https:\/\/api.w.org\/{rel}","templated":true}]}}