{"id":8247,"date":"2021-03-22T13:21:51","date_gmt":"2021-03-22T12:21:51","guid":{"rendered":"https:\/\/projectes.xtec.cat\/families-digitals\/?page_id=8247"},"modified":"2021-03-25T20:53:38","modified_gmt":"2021-03-25T19:53:38","slug":"reduir-bretxa-digital","status":"publish","type":"page","link":"https:\/\/projectes.xtec.cat\/families-digitals\/linies-dactuacio\/reduir-bretxa-digital\/","title":{"rendered":"Reduir la bretxa digital amb dotacions"},"content":{"rendered":"\t\t\t\t\t\t<style>\r\n\t\t\t\t\r\n\t\t\t\t\t#tab_container_8314 {\r\n\toverflow:hidden;\r\n\tdisplay:block;\r\n\twidth:100%;\r\n\tborder:0px solid #ddd;\r\n\tmargin-bottom:30px;\r\n\t}\r\n\r\n#tab_container_8314 .tab-content{\r\n\tpadding:20px;\r\n\tborder: 1px solid #e6e6e6 !important;\r\n\tmargin-top: 0px;\r\n\tbackground-color:#ffffff !important;\r\n\tcolor: #000000 !important;\r\n\tfont-size:16px !important;\r\n\tfont-family: Arial !important;\r\n\t\r\n\t\tborder: 1px solid #e6e6e6 !important;\r\n\t}\r\n#tab_container_8314 .wpsm_nav-tabs {\r\n    border-bottom: 0px solid #ddd;\r\n}\r\n#tab_container_8314 .wpsm_nav-tabs > li.active > a, #tab_container_8314 .wpsm_nav-tabs > li.active > a:hover, #tab_container_8314 .wpsm_nav-tabs > li.active > a:focus {\r\n\tcolor: #000000 !important;\r\n\tcursor: default;\r\n\tbackground-color: #ffffff !important;\r\n\tborder: 1px solid #e6e6e6 !important;\r\n}\r\n\r\n#tab_container_8314 .wpsm_nav-tabs > li > a {\r\n    margin-right: 0px !important; \r\n    line-height: 1.42857143 !important;\r\n    border: 1px solid #d5d5d5 !important;\r\n    border-radius: 0px 0px 0 0 !important; \r\n\tbackground-color: #e8e8e8 !important;\r\n\tcolor: #bd0605 !important;\r\n\tpadding: 15px 18px 15px 18px !important;\r\n\ttext-decoration: none !important;\r\n\tfont-size: 18px !important;\r\n\ttext-align:center !important;\r\n\tfont-family: Arial !important;\r\n}\r\n#tab_container_8314 .wpsm_nav-tabs > li > a:focus {\r\noutline: 0px !important;\r\n}\r\n\r\n#tab_container_8314 .wpsm_nav-tabs > li > a:before {\r\n\tdisplay:none !important;\r\n}\r\n#tab_container_8314 .wpsm_nav-tabs > li > a:after {\r\n\tdisplay:none !important ;\r\n}\r\n#tab_container_8314 .wpsm_nav-tabs > li{\r\npadding:0px !important ;\r\nmargin:0px;\r\n}\r\n\r\n#tab_container_8314 .wpsm_nav-tabs > li > a:hover , #tab_container_8314 .wpsm_nav-tabs > li > a:focus {\r\n    color: #bd0605 !important;\r\n    background-color: #e8e8e8 !important;\r\n\tborder: 1px solid #d5d5d5 !important;\r\n\t\r\n}\r\n#tab_container_8314 .wpsm_nav-tabs > li > a .fa{\r\n\r\nmargin-right:5px !important;\r\n\r\nmargin-left:5px !important;\r\n\r\n\r\n}\r\n\r\n\t\t#tab_container_8314 .wpsm_nav-tabs a{\r\n\t\t\tbackground-image: none;\r\n\t\t\tbackground-position: 0 0;\r\n\t\t\tbackground-repeat: repeat-x;\r\n\t\t}\r\n\t\t\t\r\n\r\n\r\n#tab_container_8314 .wpsm_nav-tabs > li {\r\n    float: left;\r\n    margin-bottom: -1px !important;\r\n\tmargin-right:0px !important; \r\n}\r\n\r\n\r\n#tab_container_8314 .tab-content{\r\noverflow:hidden !important;\r\n}\r\n\r\n\r\n@media (min-width: 769px) {\r\n\r\n\t#tab_container_8314 .wpsm_nav-tabs > li{\r\n\t\tfloat:left !important ;\r\n\t\t\t\tmargin-right:-1px !important;\r\n\t\t\t\t\t}\r\n\t#tab_container_8314 .wpsm_nav-tabs{\r\n\t\tfloat:none !important;\r\n\t\tmargin:0px !important;\r\n\t}\r\n\r\n\t#tab_container_8314 .wpsm_nav-tabs > li {\r\n\t\t\t\t\r\n\t}\r\n\t#tab_container_8314 .wpsm_nav{\r\n\t\t\t}\r\n\r\n}\r\n\r\n\r\n\r\n@media (max-width: 768px) {\r\n\t#tab_container_8314 .wpsm_nav-tabs > li {\r\n\t\t\t\t\r\n\t}\r\n\t#tab_container_8314 .wpsm_nav{\r\n\t\t\t}\r\n}\r\n\r\n\r\n\t.wpsm_nav-tabs li:before{\r\n\t\tdisplay:none !important;\r\n\t}\r\n\r\n\t@media (max-width: 768px) {\r\n\t\t\t\t\r\n\t\t\t\t.wpsm_nav-tabs{\r\n\t\t\tmargin-left:0px !important;\r\n\t\t\tmargin-right:0px !important; \r\n\t\t\t\r\n\t\t}\r\n\t\t\t\t#tab_container_8314 .wpsm_nav-tabs > li{\r\n\t\t\tfloat:none !important;\r\n\t\t}\r\n\t\t\t\r\n\t}\t\t\t\t<\/style>\r\n\t\t\t\t<div id=\"tab_container_8314\" >\r\n\t \r\n\t\t\t\t\t<ul class=\"wpsm_nav wpsm_nav-tabs\" role=\"tablist\" id=\"myTab_8314\">\r\n\t\t\t\t\t\t\t\r\n\t\t\t\t\t\t\t<li role=\"presentation\"  class=\"active\"  onclick=\"do_resize()\">\r\n\r\n\t\t\t\t\t\t\t\t<!-- XTEC ************ MODIFICAT - Disable scrolling on tab change. Fixes error in option \"Tabs Description Animation\" -->\r\n\t\t\t\t\t\t\t\t<!-- 2021.12.01 @aginard -->\r\n\t\t\t\t\t\t\t\t<a href=\"javascript:void(0);\" aria-controls=\"tabs_desc_8314_1\" role=\"tab\" data-toggle=\"tab\" data-target=\"#tabs_desc_8314_1\">\r\n\t\t\t\t\t\t\t\t<!-- ORIGINAL\r\n\t\t\t\t\t\t\t\t<a href=\"#tabs_desc_8314_1\" aria-controls=\"tabs_desc_8314_1\" role=\"tab\" data-toggle=\"tab\">\r\n\t\t\t\t\t\t\t\t-->\r\n\t\t\t\t\t\t\t\t<!-- ************ FI -->\r\n\t\t\t\t\t\t\t\t\t\r\n\t\t\t\t\t\t\t\t\t\t\t\t\t\t\t\t\t\t\t\t\t\t\t\t\t\t\t\t\t\t\t\t\t\t\t\t\t\t\t\t\t\t\t\t\t\t\t\t\t\r\n\t\t\t\t\t\t\t\t\t\t\t\t\t\t\t\t\t\t\r\n\t\t\t\t\t\t\t\t\t<span>Fam\u00edlies<\/span>\r\n\t\t\t\t\t\t\t\t\t\r\n\t\t\t\t\t\t\t\t\t\t\t\t\t\t\t\t\t\t\r\n\t\t\t\t\t\t\t\t\t\t\t\t\t\t\t\t\t\t\t\t\r\n\t\t\t\t\t\t\t\t\t\r\n\t\t\t\t\t\t\t\t<\/a>\r\n\t\t\t\t\t\t\t<\/li>\r\n\t\t\t\t\t\t\t\r\n\t\t\t\t\t\t\t<li role=\"presentation\"  onclick=\"do_resize()\">\r\n\r\n\t\t\t\t\t\t\t\t<!-- XTEC ************ MODIFICAT - Disable scrolling on tab change. Fixes error in option \"Tabs Description Animation\" -->\r\n\t\t\t\t\t\t\t\t<!-- 2021.12.01 @aginard -->\r\n\t\t\t\t\t\t\t\t<a href=\"javascript:void(0);\" aria-controls=\"tabs_desc_8314_2\" role=\"tab\" data-toggle=\"tab\" data-target=\"#tabs_desc_8314_2\">\r\n\t\t\t\t\t\t\t\t<!-- ORIGINAL\r\n\t\t\t\t\t\t\t\t<a href=\"#tabs_desc_8314_2\" aria-controls=\"tabs_desc_8314_2\" role=\"tab\" data-toggle=\"tab\">\r\n\t\t\t\t\t\t\t\t-->\r\n\t\t\t\t\t\t\t\t<!-- ************ FI -->\r\n\t\t\t\t\t\t\t\t\t\r\n\t\t\t\t\t\t\t\t\t\t\t\t\t\t\t\t\t\t\t\t\t\t\t\t\t\t\t\t\t\t\t\t\t\t\t\t\t\t\t\t\t\t\t\t\t\t\t\t\t\r\n\t\t\t\t\t\t\t\t\t\t\t\t\t\t\t\t\t\t\r\n\t\t\t\t\t\t\t\t\t<span>Centres educatius<\/span>\r\n\t\t\t\t\t\t\t\t\t\r\n\t\t\t\t\t\t\t\t\t\t\t\t\t\t\t\t\t\t\r\n\t\t\t\t\t\t\t\t\t\t\t\t\t\t\t\t\t\t\t\t\r\n\t\t\t\t\t\t\t\t\t\r\n\t\t\t\t\t\t\t\t<\/a>\r\n\t\t\t\t\t\t\t<\/li>\r\n\t\t\t\t\t\t\t\t\t\t\t <\/ul>\r\n\r\n\t\t\t\t\t  <!-- Tab panes -->\r\n\t\t\t\t\t  <div class=\"tab-content\" id=\"tab-content_8314\">\r\n\t\t\t\t\t\t\t\t\t\t\t\t <div role=\"tabpanel\" class=\"tab-pane  in active \" id=\"tabs_desc_8314_1\">\r\n\t\t\t\t\t\t\t\t<p><span style=\"color: #808080;\">Dins del<\/span> <a href=\"http:\/\/educacio.gencat.cat\/ca\/departament\/publicacions\/monografies\/pla-educacio-digital\/\">Pla d'educaci\u00f3 digital de Catalunya<\/a><span style=\"color: #808080;\"> s'ha proporcionat:<\/span><\/p>\n<ul>\n<li><span style=\"color: #808080;\">Un equip port\u00e0til (PC o Chromebook) a tot l'alumnat des de 5\u00e8 de prim\u00e0ria fins a l'alumnat dels cicles formatius de grau superior.<\/span><\/li>\n<li><span style=\"color: #808080;\">Un dispositiu de connectivitat (MiFi) a totes les fam\u00edlies que no puguin accedir a internet des de les seves llars.<\/span><\/li>\n<\/ul>\n<p><img loading=\"lazy\" decoding=\"async\" class=\"alignnone wp-image-8404 size-medium\" src=\"https:\/\/projectes.xtec.cat\/families-digitals\/wp-content\/uploads\/usu2507\/2021\/03\/porta\u0300til-300x292.png\" alt=\"\" width=\"300\" height=\"292\" \/><img loading=\"lazy\" decoding=\"async\" class=\"alignnone wp-image-8407 size-medium\" src=\"https:\/\/projectes.xtec.cat\/families-digitals\/wp-content\/uploads\/usu2507\/2021\/03\/wifi2-259x300.png\" alt=\"\" width=\"259\" height=\"300\" srcset=\"https:\/\/projectes.xtec.cat\/families-digitals\/wp-content\/uploads\/usu2507\/2021\/03\/wifi2-259x300.png 259w, https:\/\/projectes.xtec.cat\/families-digitals\/wp-content\/uploads\/usu2507\/2021\/03\/wifi2.png 381w\" sizes=\"auto, (max-width: 259px) 100vw, 259px\" \/><\/p>\n<hr \/>\n<p><span class=\"attribution\"><a href=\"https:\/\/storyset.com\">Illustration by Freepik Storyset<\/a><\/span><\/p>\n\t\t\t\t\t\t <\/div>\r\n\t\t\t\t\t\t\t\t\t\t\t\t <div role=\"tabpanel\" class=\"tab-pane \" id=\"tabs_desc_8314_2\">\r\n\t\t\t\t\t\t\t\t<p><span style=\"color: #808080;\">A m\u00e9s dels equipaments personals, es duran a terme les accions necess\u00e0ries per transformar la connectivitat a tots els centres i aix\u00ed assegurar la m\u00e0xima cobertura.<\/span><\/p>\n<p><span style=\"color: #808080;\">Aquestes accions contemplen:<\/span><\/p>\n<ul>\n<li><span style=\"color: #808080;\"><strong>Transformaci\u00f3 de les LAN dels centres educatius<\/strong> que encara no hagin passat per aquest proc\u00e9s renovant el switch principal i resolent els problemes de cablejat estructurat o d'armaris que es poden presentar.<\/span><\/li>\n<li><span style=\"color: #808080;\"><strong>Refor\u00e7 de les WiFi<\/strong> dels centres educatius.<\/span><\/li>\n<\/ul>\n<p><img loading=\"lazy\" decoding=\"async\" class=\"size-full wp-image-8406 aligncenter\" src=\"https:\/\/projectes.xtec.cat\/families-digitals\/wp-content\/uploads\/usu2507\/2021\/03\/infraestructures2.png\" alt=\"\" width=\"427\" height=\"369\" srcset=\"https:\/\/projectes.xtec.cat\/families-digitals\/wp-content\/uploads\/usu2507\/2021\/03\/infraestructures2.png 427w, https:\/\/projectes.xtec.cat\/families-digitals\/wp-content\/uploads\/usu2507\/2021\/03\/infraestructures2-300x259.png 300w\" sizes=\"auto, (max-width: 427px) 100vw, 427px\" \/><\/p>\n<hr \/>\n<p><span class=\"attribution\"><a href=\"https:\/\/storyset.com\">Illustration by Freepik Storyset<\/a><\/span><\/p>\n\t\t\t\t\t\t <\/div>\r\n\t\t\t\t\t\t\t\r\n\t\t\t\t\t <\/div>\r\n\t\t\t\t\t \r\n\t\t\t\t <\/div>\r\n <script>\r\n\t\tjQuery(function () {\r\n\t\t\tjQuery('#myTab_8314 a:first').tab('show')\r\n\t\t});\r\n\t\t\r\n\t\t\t\tjQuery(function(){\r\n\t\t\tvar b=\"fadeIn\";\r\n\t\t\tvar c;\r\n\t\t\tvar a;\r\n\t\t\td(jQuery(\"#myTab_8314 a\"),jQuery(\"#tab-content_8314\"));function d(e,f,g){\r\n\t\t\t\te.click(function(i){\r\n\t\t\t\t\ti.preventDefault();\r\n\t\t\t\t\tjQuery(this).tab(\"show\");\r\n\t\t\t\t\tvar h=jQuery(this).data(\"easein\");\r\n\t\t\t\t\tif(c){c.removeClass(a);}\r\n\t\t\t\t\tif(h){f.find(\"div.active\").addClass(\"animated \"+h);a=h;}\r\n\t\t\t\t\telse{if(g){f.find(\"div.active\").addClass(\"animated \"+g);a=g;}else{f.find(\"div.active\").addClass(\"animated \"+b);a=b;}}c=f.find(\"div.active\");\r\n\t\t\t\t});\r\n\t\t\t}\r\n\t\t});\r\n\t\t\r\n\r\n\t\tfunction do_resize(){\r\n\r\n\t\t\tvar width=jQuery( '.tab-content .tab-pane iframe' ).width();\r\n\t\t\tvar height=jQuery( '.tab-content .tab-pane iframe' ).height();\r\n\r\n\t\t\tvar toggleSize = true;\r\n\t\t\tjQuery('iframe').animate({\r\n\t\t\t    width: toggleSize ? width : 640,\r\n\t\t\t    height: toggleSize ? height : 360\r\n\t\t\t  }, 250);\r\n\r\n\t\t\t  toggleSize = !toggleSize;\r\n\t\t}\r\n\r\n\r\n\t<\/script>\r\n\t\t\t\t\r\n\t\t\t\n","protected":false},"excerpt":{"rendered":"","protected":false},"author":2,"featured_media":0,"parent":8215,"menu_order":30,"comment_status":"closed","ping_status":"closed","template":"page-templates\/side-menu.php","meta":{"footnotes":""},"class_list":["post-8247","page","type-page","status-publish","hentry"],"post_mailing_queue_ids":[],"_links":{"self":[{"href":"https:\/\/projectes.xtec.cat\/families-digitals\/wp-json\/wp\/v2\/pages\/8247","targetHints":{"allow":["GET"]}}],"collection":[{"href":"https:\/\/projectes.xtec.cat\/families-digitals\/wp-json\/wp\/v2\/pages"}],"about":[{"href":"https:\/\/projectes.xtec.cat\/families-digitals\/wp-json\/wp\/v2\/types\/page"}],"author":[{"embeddable":true,"href":"https:\/\/projectes.xtec.cat\/families-digitals\/wp-json\/wp\/v2\/users\/2"}],"replies":[{"embeddable":true,"href":"https:\/\/projectes.xtec.cat\/families-digitals\/wp-json\/wp\/v2\/comments?post=8247"}],"version-history":[{"count":3,"href":"https:\/\/projectes.xtec.cat\/families-digitals\/wp-json\/wp\/v2\/pages\/8247\/revisions"}],"predecessor-version":[{"id":8336,"href":"https:\/\/projectes.xtec.cat\/families-digitals\/wp-json\/wp\/v2\/pages\/8247\/revisions\/8336"}],"up":[{"embeddable":true,"href":"https:\/\/projectes.xtec.cat\/families-digitals\/wp-json\/wp\/v2\/pages\/8215"}],"wp:attachment":[{"href":"https:\/\/projectes.xtec.cat\/families-digitals\/wp-json\/wp\/v2\/media?parent=8247"}],"curies":[{"name":"wp","href":"https:\/\/api.w.org\/{rel}","templated":true}]}}