{"id":8249,"date":"2021-03-22T13:22:53","date_gmt":"2021-03-22T12:22:53","guid":{"rendered":"https:\/\/projectes.xtec.cat\/families-digitals\/?page_id=8249"},"modified":"2025-10-02T18:58:42","modified_gmt":"2025-10-02T16:58:42","slug":"recursos","status":"publish","type":"page","link":"https:\/\/projectes.xtec.cat\/families-digitals\/recursos\/","title":{"rendered":"Recursos"},"content":{"rendered":"<div class=\"imatge_color\" style=border-top-color:#333>\r\n<div class='imatge_color_title'>\r\n<h3><a href='https:\/\/educacio.gencat.cat\/web\/.content\/home\/departament\/publicacions\/monografies\/mon-digital\/guia-families-menys-pantalles\/guia-families.pdf'>Educaci\u00f3 i digitalitzaci\u00f3: Guia per acompanyar les fam\u00edlies<\/a><\/h3>\r\n<\/div><img src='https:\/\/projectes.xtec.cat\/families-digitals\/wp-content\/uploads\/usu2507\/2025\/09\/subcapcalera-digitalitzacio-responsable-3.png'><\/div>\n<p>&nbsp;<\/p>\n<p>Aqu\u00ed podeu trobar recursos orientats a les fam\u00edlies en l&#8217;\u00e0mbit digital.<\/p>\n<div class=\"graella\">\n<div class=\"row\" style=\"margin-bottom: 1em !important;\">\n<div class=\"small-12 large-4 text-center columns\"><div class=\"imatge_color\" style=border-top-color:#DF3133>\r\n<div class='imatge_color_title'>\r\n<h3><a href='https:\/\/projectes.xtec.cat\/families-digitals\/recursos\/videos-formatius\/'>V\u00eddeos formatius<\/a><\/h3>\r\n<\/div><img src='https:\/\/projectes.xtec.cat\/families-digitals\/wp-content\/uploads\/usu2507\/2021\/03\/Captura-de-Pantalla-2021-03-24-a-les-18.45.24.png'><\/div><\/div>\n<div class=\"small-12 large-4 text-center columns\"><div class=\"imatge_color\" style=border-top-color:#68A225>\r\n<div class='imatge_color_title'>\r\n<h3><a href='http:\/\/educacio.gencat.cat\/ca\/arees-actuacio\/families\/families-escola\/escolaritat\/decaleg-grups-missatgeria'>Dec\u00e0leg per a grups de missatgeria escolars<\/a><\/h3>\r\n<\/div><img src='https:\/\/projectes.xtec.cat\/families-digitals\/wp-content\/uploads\/usu2507\/2021\/03\/decaleg-grups-missatgeria.png_1535735885.png'><\/div><\/div>\n<div class=\"small-12 large-4 text-center columns\"><div class=\"imatge_color\" style=border-top-color:#FAD40F>\r\n<div class='imatge_color_title'>\r\n<h3><a href='https:\/\/educacio.gencat.cat\/ca\/arees-actuacio\/families\/benestar-digital\/xarxes-socials\/'>Xarxes socials<\/a><\/h3>\r\n<\/div><img src='https:\/\/projectes.xtec.cat\/families-digitals\/wp-content\/uploads\/usu2507\/2021\/03\/xarxes.jpeg'><\/div><\/div>\n<\/div>\n<div class=\"small-12 large-4 text-center columns\"><div class=\"imatge_color\" style=border-top-color:#00A390>\r\n<div class='imatge_color_title'>\r\n<h3><a href='https:\/\/educacio.gencat.cat\/ca\/arees-actuacio\/families\/benestar-digital\/benestar-digital\/'>Benestar digital en fam\u00edlia<\/a><\/h3>\r\n<\/div><img src='https:\/\/projectes.xtec.cat\/families-digitals\/wp-content\/uploads\/usu2507\/2021\/03\/us-abus-tecnologies.png_1290697484-1.png'><\/div><\/div>\n<div class=\"row\" style=\"margin-bottom: 1em !important;\">\n<div class=\"small-12 large-4 text-center columns\"><div class=\"imatge_color\" style=border-top-color:#EF6F25>\r\n<div class='imatge_color_title'>\r\n<h3><a href='https:\/\/educacio.gencat.cat\/ca\/arees-actuacio\/families\/benestar-digital\/ciberassetjament\/'>Prevenci\u00f3 i detecci\u00f3 del ciberassetjament<\/a><\/h3>\r\n<\/div><img src='https:\/\/projectes.xtec.cat\/families-digitals\/wp-content\/uploads\/usu2507\/2021\/03\/guy-781483_1280-e1616618022540.jpeg'><\/div><\/div>\n<div class=\"small-12 large-4 text-center columns\"><div class=\"imatge_color\" style=border-top-color:#005EB8>\r\n<div class='imatge_color_title'>\r\n<h3><a href='https:\/\/projectes.xtec.cat\/families-digitals\/recursos\/connectar-telegram-al-nodes-del-centre\/'>Connectar Telegram amb el web del centre<\/a><\/h3>\r\n<\/div><img src='https:\/\/projectes.xtec.cat\/families-digitals\/wp-content\/uploads\/usu2507\/2021\/06\/telegram-5348490_640.png'><\/div><\/div>\n<\/div>\n<div class=\"row\" style=\"margin-bottom: 1em !important;\">\n<div class=\"small-12 large-4 text-center columns\"><div class=\"imatge_color\" style=border-top-color:#DF3133>\r\n<div class='imatge_color_title'>\r\n<h3><a href='https:\/\/www.youtube.com\/playlist?list=PLKA0nh3XSotKdvozYSiYhpiyU_SIeI3zY'>Dieta digital<\/a><\/h3>\r\n<\/div><img src='https:\/\/projectes.xtec.cat\/families-digitals\/wp-content\/uploads\/usu2507\/2021\/07\/mesenlla.png'><\/div><\/div>\n<div class=\"small-12 large-4 text-center columns\"><div class=\"imatge_color\" style=border-top-color:#C651C7>\r\n<div class='imatge_color_title'>\r\n<h3><a href='https:\/\/somconnexio.coop\/arriba-la-guia-per-a-families-cruels-i-malvades-en-versio-digital\/'>Guia per a fam\u00edlies cruels i malvades<\/a><\/h3>\r\n<\/div><img src='https:\/\/projectes.xtec.cat\/families-digitals\/wp-content\/uploads\/usu2507\/2022\/05\/Guia-families-malvades.png'><\/div><\/div>\n<div class=\"small-12 large-4 text-center columns\"><div class=\"imatge_color\" style=border-top-color:#333>\r\n<div class='imatge_color_title'>\r\n<h3><a href='https:\/\/ciberseguretat.gencat.cat\/web\/.content\/08_ciutadania\/proteccio-menors\/control-parental\/tecnologiesDigitals_infanciaAdolecencia.pdf'>Les Tecnologies digitals a la inf\u00e0ncia, l\u2019adolesc\u00e8ncia i la joventut<\/a><\/h3>\r\n<\/div><img src='https:\/\/projectes.xtec.cat\/families-digitals\/wp-content\/uploads\/usu2507\/2022\/09\/BanersGuia-TecnologiesDigitalInfants_Claim970x250.png'><\/div><\/div>\n<\/div>\n<\/div>\n","protected":false},"excerpt":{"rendered":"<p><a href='https:\/\/educacio.gencat.cat\/web\/.content\/home\/departament\/publicacions\/monografies\/mon-digital\/guia-families-menys-pantalles\/guia-families.pdf'>Educaci\u00f3 i digitalitzaci\u00f3: Guia per acompanyar les fam\u00edlies<\/a><\/p>\n<p>&nbsp;<br \/>\nAqu\u00ed podeu trobar recursos orientats a les fam\u00edlies en l&#8217;\u00e0mbit digital.<\/p>\n<p><a href='https:\/\/projectes.xtec.cat\/families-digitals\/recursos\/videos-formatius\/'>V\u00eddeos formatius<\/a><\/p>\n<p><a href='http:\/\/educacio.gencat.cat\/ca\/arees-actuacio\/families\/families-escola\/escolaritat\/decaleg-grups-missatgeria'>Dec\u00e0leg per a grups de missatgeria escolars<\/a><\/p>\n<p><a href='https:\/\/educacio.gencat.cat\/ca\/arees-actuacio\/families\/benestar-digital\/xarxes-socials\/'>Xarxes socials<\/a><\/p>\n<p><a href='https:\/\/educacio.gencat.cat\/ca\/arees-actuacio\/families\/benestar-digital\/benestar-digital\/'>Benestar digital en fam\u00edlia<\/a><\/p>\n<p><a href='https:\/\/educacio.gencat.cat\/ca\/arees-actuacio\/families\/benestar-digital\/ciberassetjament\/'>Prevenci\u00f3 i detecci\u00f3 del ciberassetjament<\/a><\/p>\n<p><a href='https:\/\/projectes.xtec.cat\/families-digitals\/recursos\/connectar-telegram-al-nodes-del-centre\/'>Connectar Telegram amb el web del&hellip;  <a href=\"https:\/\/projectes.xtec.cat\/families-digitals\/recursos\/\" title=\"Read Recursos\">Llegeix m\u00e9s\u00bb<\/a><\/p>\n","protected":false},"author":2,"featured_media":0,"parent":0,"menu_order":0,"comment_status":"closed","ping_status":"closed","template":"","meta":{"footnotes":""},"class_list":["post-8249","page","type-page","status-publish","hentry"],"post_mailing_queue_ids":[],"_links":{"self":[{"href":"https:\/\/projectes.xtec.cat\/families-digitals\/wp-json\/wp\/v2\/pages\/8249","targetHints":{"allow":["GET"]}}],"collection":[{"href":"https:\/\/projectes.xtec.cat\/families-digitals\/wp-json\/wp\/v2\/pages"}],"about":[{"href":"https:\/\/projectes.xtec.cat\/families-digitals\/wp-json\/wp\/v2\/types\/page"}],"author":[{"embeddable":true,"href":"https:\/\/projectes.xtec.cat\/families-digitals\/wp-json\/wp\/v2\/users\/2"}],"replies":[{"embeddable":true,"href":"https:\/\/projectes.xtec.cat\/families-digitals\/wp-json\/wp\/v2\/comments?post=8249"}],"version-history":[{"count":7,"href":"https:\/\/projectes.xtec.cat\/families-digitals\/wp-json\/wp\/v2\/pages\/8249\/revisions"}],"predecessor-version":[{"id":8774,"href":"https:\/\/projectes.xtec.cat\/families-digitals\/wp-json\/wp\/v2\/pages\/8249\/revisions\/8774"}],"wp:attachment":[{"href":"https:\/\/projectes.xtec.cat\/families-digitals\/wp-json\/wp\/v2\/media?parent=8249"}],"curies":[{"name":"wp","href":"https:\/\/api.w.org\/{rel}","templated":true}]}}