{"id":8458,"date":"2021-03-26T01:23:56","date_gmt":"2021-03-26T00:23:56","guid":{"rendered":"https:\/\/projectes.xtec.cat\/families-digitals\/?page_id=8458"},"modified":"2021-03-26T03:06:21","modified_gmt":"2021-03-26T02:06:21","slug":"formacio","status":"publish","type":"page","link":"https:\/\/projectes.xtec.cat\/families-digitals\/linies-dactuacio\/assessorar-i-capacitar-digitalment-a-les-families\/formacio\/","title":{"rendered":"Formaci\u00f3"},"content":{"rendered":"<p>La formaci\u00f3 per garantir un acompanyament \u00f2ptim de les fam\u00edlies als infants i joves ha de girar entorn tres eixos diferents: d\u2019una banda, major compet\u00e8ncia digital en relaci\u00f3 amb les plataformes d\u2019aprenentatge que fa servir l\u2019alumnat, que han pres una import\u00e0ncia fonamental en el proc\u00e9s d\u2019ensenyament-aprenentatge; en segon lloc, eines de seguiment de l\u2019escolaritzaci\u00f3 a casa (motivaci\u00f3, planificaci\u00f3, estudi efica\u00e7\u2026); i en tercer lloc, comunicaci\u00f3 i treball en equip amb el tutor\/a i la resta d\u2019equip docent.<br \/>\nEn aquesta l\u00ednia, s&#8217;estan elaborant uns itineraris formatius en relaci\u00f3 amb la parentalitat positiva i la compet\u00e8ncia digital, aix\u00ed com accions de suport i orientaci\u00f3 a les fam\u00edlies.<\/li>\n<p>Objectius generals de la formaci\u00f3:<\/p>\n<ul>\n<li style=\"list-style-type: none;\">\n<ul>\n<li style=\"list-style-type: none;\">\n<ul style=\"list-style-type: disc;\">\n<li>Aprendre a acompanyar els fills i filles en el proc\u00e9s d\u2019aprenentatge en l\u00ednia.<\/li>\n<li>Con\u00e8ixer i aprendre a fer servir eines per fer aquest acompanyament.<\/li>\n<li>Con\u00e8ixer els canals de comunicaci\u00f3 amb l\u2019escola.<\/li>\n<\/ul>\n<\/li>\n<\/ul>\n<\/li>\n<\/ul>\n<p><a href=\"https:\/\/projectes.xtec.cat\/families-digitals\/wp-content\/uploads\/usu2507\/2021\/03\/birret.png\"><img loading=\"lazy\" decoding=\"async\" class=\"wp-image-8433 size-full alignright\" src=\"https:\/\/projectes.xtec.cat\/families-digitals\/wp-content\/uploads\/usu2507\/2021\/03\/birret-e1616668743698.png\" alt=\"\" width=\"200\" height=\"126\" \/><\/a><\/p>\n<p>Modalitats de formaci\u00f3:<\/p>\n<ul>\n<li style=\"list-style-type: none;\">\n<ul>\n<li style=\"list-style-type: none;\">\n<ul>\n<li style=\"list-style-type: none;\">\n<ul style=\"list-style-type: disc;\">\n<li>Cursos en l\u00ednia autoformatius<\/li>\n<li>Formacions presencials als centres educatius<\/li>\n<li>C\u00e0psules formatives de curta durada<\/li>\n<\/ul>\n<\/li>\n<\/ul>\n<\/li>\n<\/ul>\n<\/li>\n<\/ul>\n<hr>\n<p><span class=\"attribution\"><a href=\"https:\/\/storyset.com\">Illustration by Freepik Storyset<\/a><\/span><\/p>\n","protected":false},"excerpt":{"rendered":"<p>La formaci\u00f3 per garantir un acompanyament \u00f2ptim de les fam\u00edlies als infants i joves ha de girar entorn tres eixos diferents: d\u2019una banda, major compet\u00e8ncia digital en relaci\u00f3 amb les plataformes d\u2019aprenentatge que fa servir l\u2019alumnat, que han pres una import\u00e0ncia fonamental en el proc\u00e9s&hellip;  <a href=\"https:\/\/projectes.xtec.cat\/families-digitals\/linies-dactuacio\/assessorar-i-capacitar-digitalment-a-les-families\/formacio\/\" title=\"Read Formaci\u00f3\">Llegeix m\u00e9s\u00bb<\/a><\/p>\n","protected":false},"author":2,"featured_media":0,"parent":8243,"menu_order":20,"comment_status":"closed","ping_status":"closed","template":"page-templates\/side-menu.php","meta":{"footnotes":""},"class_list":["post-8458","page","type-page","status-publish","hentry"],"post_mailing_queue_ids":[],"_links":{"self":[{"href":"https:\/\/projectes.xtec.cat\/families-digitals\/wp-json\/wp\/v2\/pages\/8458","targetHints":{"allow":["GET"]}}],"collection":[{"href":"https:\/\/projectes.xtec.cat\/families-digitals\/wp-json\/wp\/v2\/pages"}],"about":[{"href":"https:\/\/projectes.xtec.cat\/families-digitals\/wp-json\/wp\/v2\/types\/page"}],"author":[{"embeddable":true,"href":"https:\/\/projectes.xtec.cat\/families-digitals\/wp-json\/wp\/v2\/users\/2"}],"replies":[{"embeddable":true,"href":"https:\/\/projectes.xtec.cat\/families-digitals\/wp-json\/wp\/v2\/comments?post=8458"}],"version-history":[{"count":3,"href":"https:\/\/projectes.xtec.cat\/families-digitals\/wp-json\/wp\/v2\/pages\/8458\/revisions"}],"predecessor-version":[{"id":8548,"href":"https:\/\/projectes.xtec.cat\/families-digitals\/wp-json\/wp\/v2\/pages\/8458\/revisions\/8548"}],"up":[{"embeddable":true,"href":"https:\/\/projectes.xtec.cat\/families-digitals\/wp-json\/wp\/v2\/pages\/8243"}],"wp:attachment":[{"href":"https:\/\/projectes.xtec.cat\/families-digitals\/wp-json\/wp\/v2\/media?parent=8458"}],"curies":[{"name":"wp","href":"https:\/\/api.w.org\/{rel}","templated":true}]}}