{"id":8488,"date":"2021-03-26T01:58:03","date_gmt":"2021-03-26T00:58:03","guid":{"rendered":"https:\/\/projectes.xtec.cat\/families-digitals\/?page_id=8488"},"modified":"2021-03-26T07:37:15","modified_gmt":"2021-03-26T06:37:15","slug":"romanes-romana","status":"publish","type":"page","link":"https:\/\/projectes.xtec.cat\/families-digitals\/linies-dactuacio\/assessorar-i-capacitar-digitalment-a-les-families\/videos-formatius\/romanes-romana\/","title":{"rendered":"Roman\u00e8s &#8211; Rom\u00e2ne\u015fte"},"content":{"rendered":"<p><iframe loading=\"lazy\" src=\"https:\/\/www.youtube.com\/embed\/T_qhw_L6pNU\" width=\"560\" height=\"315\" frameborder=\"0\"><\/iframe><\/p>\n<p><iframe loading=\"lazy\" src=\"https:\/\/www.youtube.com\/embed\/D9pg2xoC65c\" width=\"560\" height=\"315\" frameborder=\"0\"><\/iframe><\/p>\n<p><iframe loading=\"lazy\" src=\"https:\/\/www.youtube.com\/embed\/DO5nSR667R4\" width=\"560\" height=\"315\" frameborder=\"0\"><\/iframe><\/p>\n","protected":false},"excerpt":{"rendered":"","protected":false},"author":2,"featured_media":0,"parent":8219,"menu_order":100,"comment_status":"closed","ping_status":"closed","template":"","meta":{"footnotes":""},"class_list":["post-8488","page","type-page","status-publish","hentry"],"post_mailing_queue_ids":[],"_links":{"self":[{"href":"https:\/\/projectes.xtec.cat\/families-digitals\/wp-json\/wp\/v2\/pages\/8488","targetHints":{"allow":["GET"]}}],"collection":[{"href":"https:\/\/projectes.xtec.cat\/families-digitals\/wp-json\/wp\/v2\/pages"}],"about":[{"href":"https:\/\/projectes.xtec.cat\/families-digitals\/wp-json\/wp\/v2\/types\/page"}],"author":[{"embeddable":true,"href":"https:\/\/projectes.xtec.cat\/families-digitals\/wp-json\/wp\/v2\/users\/2"}],"replies":[{"embeddable":true,"href":"https:\/\/projectes.xtec.cat\/families-digitals\/wp-json\/wp\/v2\/comments?post=8488"}],"version-history":[{"count":3,"href":"https:\/\/projectes.xtec.cat\/families-digitals\/wp-json\/wp\/v2\/pages\/8488\/revisions"}],"predecessor-version":[{"id":8581,"href":"https:\/\/projectes.xtec.cat\/families-digitals\/wp-json\/wp\/v2\/pages\/8488\/revisions\/8581"}],"up":[{"embeddable":true,"href":"https:\/\/projectes.xtec.cat\/families-digitals\/wp-json\/wp\/v2\/pages\/8219"}],"wp:attachment":[{"href":"https:\/\/projectes.xtec.cat\/families-digitals\/wp-json\/wp\/v2\/media?parent=8488"}],"curies":[{"name":"wp","href":"https:\/\/api.w.org\/{rel}","templated":true}]}}