{"id":8505,"date":"2021-03-26T02:11:52","date_gmt":"2021-03-26T01:11:52","guid":{"rendered":"https:\/\/projectes.xtec.cat\/families-digitals\/?page_id=8505"},"modified":"2021-03-26T03:04:19","modified_gmt":"2021-03-26T02:04:19","slug":"equitat-digital","status":"publish","type":"page","link":"https:\/\/projectes.xtec.cat\/families-digitals\/linies-dactuacio\/millorar-la-comunicacio-i-participacio-digital-de-la-comunitat-educativa\/equitat-digital\/","title":{"rendered":"Equitat digital"},"content":{"rendered":"<p>El <a href=\"http:\/\/educacio.gencat.cat\/ca\/departament\/linies-estrategiques\/pla-millora-oportunitats-educatives\/\">Pla de Millora d\u2019Oportunitats Educatives<\/a>, dins de \u00e0mbit 3, promou l\u2019acompanyament, la implicaci\u00f3 i la participaci\u00f3 de les fam\u00edlies, aix\u00ed com la millora de la comunicaci\u00f3 fam\u00edlia-escola. Millorar en la compet\u00e8ncia digital esdev\u00e9 una eina b\u00e0sica per l\u2019equitat dins la comunitat educativa.<\/p>\n<p>L\u2019<a href=\"https:\/\/projectes.xtec.cat\/edc-suport\/\">Estrat\u00e8gia Digital de Centre<\/a> (EDC) recull totes les accions que es realitzen en un centre, i les que es realitzaran a mitj\u00e0 termini, per aconseguir la <strong>m\u00e0xima compet\u00e8ncia digital de l\u2019alumnat, del professorat i del centre<\/strong> educatiu. Forma part de les l\u00ednies d&#8217;actuaci\u00f3 de Fam\u00edlies digitals <strong>incloure a les fam\u00edlies en l&#8217;estrat\u00e8gia digital<\/strong> de centre.<\/p>\n<p><img loading=\"lazy\" decoding=\"async\" class=\"wp-image-8542 aligncenter\" src=\"https:\/\/projectes.xtec.cat\/families-digitals\/wp-content\/uploads\/usu2507\/2021\/03\/Building-blocks-amico-e1616724238122-1024x788.png\" alt=\"\" width=\"428\" height=\"330\" srcset=\"https:\/\/projectes.xtec.cat\/families-digitals\/wp-content\/uploads\/usu2507\/2021\/03\/Building-blocks-amico-e1616724238122-1024x788.png 1024w, https:\/\/projectes.xtec.cat\/families-digitals\/wp-content\/uploads\/usu2507\/2021\/03\/Building-blocks-amico-e1616724238122-300x231.png 300w, https:\/\/projectes.xtec.cat\/families-digitals\/wp-content\/uploads\/usu2507\/2021\/03\/Building-blocks-amico-e1616724238122-768x591.png 768w, https:\/\/projectes.xtec.cat\/families-digitals\/wp-content\/uploads\/usu2507\/2021\/03\/Building-blocks-amico-e1616724238122.png 2000w\" sizes=\"auto, (max-width: 428px) 100vw, 428px\" \/><\/p>\n<hr \/>\n<p><span class=\"attribution\"><a href=\"https:\/\/storyset.com\/startup\">Illustration by Freepik Storyset<\/a><\/span><\/p>\n","protected":false},"excerpt":{"rendered":"<p>El <a href=\"http:\/\/educacio.gencat.cat\/ca\/departament\/linies-estrategiques\/pla-millora-oportunitats-educatives\/\">Pla de Millora d\u2019Oportunitats Educatives<\/a>, dins de \u00e0mbit 3, promou l\u2019acompanyament, la implicaci\u00f3 i la participaci\u00f3 de les fam\u00edlies, aix\u00ed com la millora de la comunicaci\u00f3 fam\u00edlia-escola. Millorar en la compet\u00e8ncia digital esdev\u00e9 una eina b\u00e0sica per l\u2019equitat dins la comunitat educativa.<br \/>\nL\u2019<a href=\"https:\/\/projectes.xtec.cat\/edc-suport\/\">Estrat\u00e8gia&hellip;  <a href=\"https:\/\/projectes.xtec.cat\/families-digitals\/linies-dactuacio\/millorar-la-comunicacio-i-participacio-digital-de-la-comunitat-educativa\/equitat-digital\/\" title=\"Read Equitat digital\">Llegeix m\u00e9s\u00bb<\/a><\/p>\n","protected":false},"author":2,"featured_media":0,"parent":8245,"menu_order":20,"comment_status":"closed","ping_status":"closed","template":"page-templates\/side-menu.php","meta":{"footnotes":""},"class_list":["post-8505","page","type-page","status-publish","hentry"],"post_mailing_queue_ids":[],"_links":{"self":[{"href":"https:\/\/projectes.xtec.cat\/families-digitals\/wp-json\/wp\/v2\/pages\/8505","targetHints":{"allow":["GET"]}}],"collection":[{"href":"https:\/\/projectes.xtec.cat\/families-digitals\/wp-json\/wp\/v2\/pages"}],"about":[{"href":"https:\/\/projectes.xtec.cat\/families-digitals\/wp-json\/wp\/v2\/types\/page"}],"author":[{"embeddable":true,"href":"https:\/\/projectes.xtec.cat\/families-digitals\/wp-json\/wp\/v2\/users\/2"}],"replies":[{"embeddable":true,"href":"https:\/\/projectes.xtec.cat\/families-digitals\/wp-json\/wp\/v2\/comments?post=8505"}],"version-history":[{"count":3,"href":"https:\/\/projectes.xtec.cat\/families-digitals\/wp-json\/wp\/v2\/pages\/8505\/revisions"}],"predecessor-version":[{"id":8544,"href":"https:\/\/projectes.xtec.cat\/families-digitals\/wp-json\/wp\/v2\/pages\/8505\/revisions\/8544"}],"up":[{"embeddable":true,"href":"https:\/\/projectes.xtec.cat\/families-digitals\/wp-json\/wp\/v2\/pages\/8245"}],"wp:attachment":[{"href":"https:\/\/projectes.xtec.cat\/families-digitals\/wp-json\/wp\/v2\/media?parent=8505"}],"curies":[{"name":"wp","href":"https:\/\/api.w.org\/{rel}","templated":true}]}}