{"id":8507,"date":"2021-03-26T02:13:27","date_gmt":"2021-03-26T01:13:27","guid":{"rendered":"https:\/\/projectes.xtec.cat\/families-digitals\/?page_id=8507"},"modified":"2021-03-26T02:49:46","modified_gmt":"2021-03-26T01:49:46","slug":"app-mobil","status":"publish","type":"page","link":"https:\/\/projectes.xtec.cat\/families-digitals\/linies-dactuacio\/millorar-la-comunicacio-i-participacio-digital-de-la-comunitat-educativa\/app-mobil\/","title":{"rendered":"App m\u00f2bil"},"content":{"rendered":"<p>En el marc del projecte es desenvolupar\u00e0 una <strong>app m\u00f2bil<\/strong> per facilitar la comunicaci\u00f3 entre l&#8217;escola i la fam\u00edlia.<\/p>\n<p><a href=\"https:\/\/projectes.xtec.cat\/families-digitals\/wp-content\/uploads\/usu2507\/2021\/03\/Software-engineer-rafiki.png\"><img loading=\"lazy\" decoding=\"async\" class=\"aligncenter wp-image-8319 size-full\" src=\"https:\/\/projectes.xtec.cat\/families-digitals\/wp-content\/uploads\/usu2507\/2021\/03\/Software-engineer-rafiki.png\" alt=\"\" width=\"500\" height=\"500\" srcset=\"https:\/\/projectes.xtec.cat\/families-digitals\/wp-content\/uploads\/usu2507\/2021\/03\/Software-engineer-rafiki.png 500w, https:\/\/projectes.xtec.cat\/families-digitals\/wp-content\/uploads\/usu2507\/2021\/03\/Software-engineer-rafiki-150x150.png 150w, https:\/\/projectes.xtec.cat\/families-digitals\/wp-content\/uploads\/usu2507\/2021\/03\/Software-engineer-rafiki-300x300.png 300w\" sizes=\"auto, (max-width: 500px) 100vw, 500px\" \/><\/a><\/p>\n<hr>\n<p><span class=\"attribution\"><a href=\"https:\/\/storyset.com\/people\">Illustration by Freepik Storyset<\/a><\/span><\/p>\n","protected":false},"excerpt":{"rendered":"<p>En el marc del projecte es desenvolupar\u00e0 una app m\u00f2bil per facilitar la comunicaci\u00f3 entre l&#8217;escola i la fam\u00edlia.<br \/>\n<a href=\"https:\/\/projectes.xtec.cat\/families-digitals\/wp-content\/uploads\/usu2507\/2021\/03\/Software-engineer-rafiki.png\"><\/a><\/p>\n<p><a href=\"https:\/\/storyset.com\/people\">Illustration by Freepik Storyset<\/a><\/p>\n","protected":false},"author":2,"featured_media":0,"parent":8245,"menu_order":30,"comment_status":"closed","ping_status":"closed","template":"page-templates\/side-menu.php","meta":{"footnotes":""},"class_list":["post-8507","page","type-page","status-publish","hentry"],"post_mailing_queue_ids":[],"_links":{"self":[{"href":"https:\/\/projectes.xtec.cat\/families-digitals\/wp-json\/wp\/v2\/pages\/8507","targetHints":{"allow":["GET"]}}],"collection":[{"href":"https:\/\/projectes.xtec.cat\/families-digitals\/wp-json\/wp\/v2\/pages"}],"about":[{"href":"https:\/\/projectes.xtec.cat\/families-digitals\/wp-json\/wp\/v2\/types\/page"}],"author":[{"embeddable":true,"href":"https:\/\/projectes.xtec.cat\/families-digitals\/wp-json\/wp\/v2\/users\/2"}],"replies":[{"embeddable":true,"href":"https:\/\/projectes.xtec.cat\/families-digitals\/wp-json\/wp\/v2\/comments?post=8507"}],"version-history":[{"count":3,"href":"https:\/\/projectes.xtec.cat\/families-digitals\/wp-json\/wp\/v2\/pages\/8507\/revisions"}],"predecessor-version":[{"id":8532,"href":"https:\/\/projectes.xtec.cat\/families-digitals\/wp-json\/wp\/v2\/pages\/8507\/revisions\/8532"}],"up":[{"embeddable":true,"href":"https:\/\/projectes.xtec.cat\/families-digitals\/wp-json\/wp\/v2\/pages\/8245"}],"wp:attachment":[{"href":"https:\/\/projectes.xtec.cat\/families-digitals\/wp-json\/wp\/v2\/media?parent=8507"}],"curies":[{"name":"wp","href":"https:\/\/api.w.org\/{rel}","templated":true}]}}