{"id":8509,"date":"2021-03-26T02:14:13","date_gmt":"2021-03-26T01:14:13","guid":{"rendered":"https:\/\/projectes.xtec.cat\/families-digitals\/?page_id=8509"},"modified":"2021-03-26T03:05:23","modified_gmt":"2021-03-26T02:05:23","slug":"families","status":"publish","type":"page","link":"https:\/\/projectes.xtec.cat\/families-digitals\/linies-dactuacio\/reduir-bretxa-digital\/families\/","title":{"rendered":"Fam\u00edlies"},"content":{"rendered":"<p>Dins del <a href=\"http:\/\/educacio.gencat.cat\/ca\/departament\/publicacions\/monografies\/pla-educacio-digital\/\">Pla d&#8217;educaci\u00f3 digital de Catalunya<\/a> s&#8217;ha proporcionat:<\/p>\n<ul>\n<li>Un equip port\u00e0til (PC o Chromebook) a tot l&#8217;alumnat des de 5\u00e8 de prim\u00e0ria fins a l&#8217;alumnat dels cicles formatius de grau superior.<\/li>\n<li>Un dispositiu de connectivitat (MiFi) a totes les fam\u00edlies que no puguin accedir a internet des de les seves llars.<\/li>\n<\/ul>\n<p><img loading=\"lazy\" decoding=\"async\" class=\"alignnone wp-image-8404 size-medium\" src=\"https:\/\/projectes.xtec.cat\/families-digitals\/wp-content\/uploads\/usu2507\/2021\/03\/porta\u0300til-300x292.png\" alt=\"\" width=\"300\" height=\"292\" \/><img loading=\"lazy\" decoding=\"async\" class=\"alignnone wp-image-8407 size-medium\" src=\"https:\/\/projectes.xtec.cat\/families-digitals\/wp-content\/uploads\/usu2507\/2021\/03\/wifi2-259x300.png\" alt=\"\" width=\"259\" height=\"300\" srcset=\"https:\/\/projectes.xtec.cat\/families-digitals\/wp-content\/uploads\/usu2507\/2021\/03\/wifi2-259x300.png 259w, https:\/\/projectes.xtec.cat\/families-digitals\/wp-content\/uploads\/usu2507\/2021\/03\/wifi2.png 381w\" sizes=\"auto, (max-width: 259px) 100vw, 259px\" \/><\/p>\n<hr>\n<p><span class=\"attribution\"><a href=\"https:\/\/storyset.com\">Illustration by Freepik Storyset<\/a><\/span><\/p>\n","protected":false},"excerpt":{"rendered":"<p>Dins del <a href=\"http:\/\/educacio.gencat.cat\/ca\/departament\/publicacions\/monografies\/pla-educacio-digital\/\">Pla d&#8217;educaci\u00f3 digital de Catalunya<\/a> s&#8217;ha proporcionat:<\/p>\n<ul>\n<li>Un equip port\u00e0til (PC o Chromebook) a tot l&#8217;alumnat des de 5\u00e8 de prim\u00e0ria fins a l&#8217;alumnat dels cicles formatius de grau superior.<\/li>\n<li>Un dispositiu de connectivitat (MiFi) a totes les fam\u00edlies que no puguin accedir a&hellip;  <a href=\"https:\/\/projectes.xtec.cat\/families-digitals\/linies-dactuacio\/reduir-bretxa-digital\/families\/\" title=\"Read Fam\u00edlies\">Llegeix m\u00e9s\u00bb<\/a><br \/>\n","protected":false},"author":2,"featured_media":0,"parent":8247,"menu_order":10,"comment_status":"closed","ping_status":"closed","template":"page-templates\/side-menu.php","meta":{"footnotes":""},"class_list":["post-8509","page","type-page","status-publish","hentry"],"post_mailing_queue_ids":[],"_links":{"self":[{"href":"https:\/\/projectes.xtec.cat\/families-digitals\/wp-json\/wp\/v2\/pages\/8509","targetHints":{"allow":["GET"]}}],"collection":[{"href":"https:\/\/projectes.xtec.cat\/families-digitals\/wp-json\/wp\/v2\/pages"}],"about":[{"href":"https:\/\/projectes.xtec.cat\/families-digitals\/wp-json\/wp\/v2\/types\/page"}],"author":[{"embeddable":true,"href":"https:\/\/projectes.xtec.cat\/families-digitals\/wp-json\/wp\/v2\/users\/2"}],"replies":[{"embeddable":true,"href":"https:\/\/projectes.xtec.cat\/families-digitals\/wp-json\/wp\/v2\/comments?post=8509"}],"version-history":[{"count":3,"href":"https:\/\/projectes.xtec.cat\/families-digitals\/wp-json\/wp\/v2\/pages\/8509\/revisions"}],"predecessor-version":[{"id":8545,"href":"https:\/\/projectes.xtec.cat\/families-digitals\/wp-json\/wp\/v2\/pages\/8509\/revisions\/8545"}],"up":[{"embeddable":true,"href":"https:\/\/projectes.xtec.cat\/families-digitals\/wp-json\/wp\/v2\/pages\/8247"}],"wp:attachment":[{"href":"https:\/\/projectes.xtec.cat\/families-digitals\/wp-json\/wp\/v2\/media?parent=8509"}],"curies":[{"name":"wp","href":"https:\/\/api.w.org\/{rel}","templated":true}]}}