{"id":8511,"date":"2021-03-26T02:14:47","date_gmt":"2021-03-26T01:14:47","guid":{"rendered":"https:\/\/projectes.xtec.cat\/families-digitals\/?page_id=8511"},"modified":"2021-03-26T09:26:18","modified_gmt":"2021-03-26T08:26:18","slug":"centre-educatiu","status":"publish","type":"page","link":"https:\/\/projectes.xtec.cat\/families-digitals\/linies-dactuacio\/reduir-bretxa-digital\/centre-educatiu\/","title":{"rendered":"Centres educatius"},"content":{"rendered":"<p>A m\u00e9s dels equipaments personals, es duran a terme les accions necess\u00e0ries per transformar la connectivitat a tots els centres i aix\u00ed assegurar la m\u00e0xima cobertura.<\/p>\n<p>Aquestes accions contemplen:<\/p>\n<ul>\n<li><strong>Transformaci\u00f3 de les LAN dels centres educatius<\/strong> que encara no hagin passat per aquest proc\u00e9s renovant el switch principal i resolent els problemes de cablejat estructurat o d&#8217;armaris que es poden presentar.<\/li>\n<li><strong>Refor\u00e7 de les WiFi<\/strong> dels centres educatius.<\/li>\n<\/ul>\n<p><img loading=\"lazy\" decoding=\"async\" class=\"size-full wp-image-8406 aligncenter\" src=\"https:\/\/projectes.xtec.cat\/families-digitals\/wp-content\/uploads\/usu2507\/2021\/03\/infraestructures2.png\" alt=\"\" width=\"427\" height=\"369\" srcset=\"https:\/\/projectes.xtec.cat\/families-digitals\/wp-content\/uploads\/usu2507\/2021\/03\/infraestructures2.png 427w, https:\/\/projectes.xtec.cat\/families-digitals\/wp-content\/uploads\/usu2507\/2021\/03\/infraestructures2-300x259.png 300w\" sizes=\"auto, (max-width: 427px) 100vw, 427px\" \/><\/p>\n<hr>\n<p><span class=\"attribution\"><a href=\"https:\/\/storyset.com\">Illustration by Freepik Storyset<\/a><\/span><\/p>\n","protected":false},"excerpt":{"rendered":"<p>A m\u00e9s dels equipaments personals, es duran a terme les accions necess\u00e0ries per transformar la connectivitat a tots els centres i aix\u00ed assegurar la m\u00e0xima cobertura.<br \/>\nAquestes accions contemplen:<\/p>\n<ul>\n<li>Transformaci\u00f3 de les LAN dels centres educatius que encara no hagin passat per aquest proc\u00e9s renovant el switch&hellip;  <a href=\"https:\/\/projectes.xtec.cat\/families-digitals\/linies-dactuacio\/reduir-bretxa-digital\/centre-educatiu\/\" title=\"Read Centres educatius\">Llegeix m\u00e9s\u00bb<\/a><br \/>\n","protected":false},"author":2,"featured_media":0,"parent":8247,"menu_order":20,"comment_status":"closed","ping_status":"closed","template":"page-templates\/side-menu.php","meta":{"footnotes":""},"class_list":["post-8511","page","type-page","status-publish","hentry"],"post_mailing_queue_ids":[],"_links":{"self":[{"href":"https:\/\/projectes.xtec.cat\/families-digitals\/wp-json\/wp\/v2\/pages\/8511","targetHints":{"allow":["GET"]}}],"collection":[{"href":"https:\/\/projectes.xtec.cat\/families-digitals\/wp-json\/wp\/v2\/pages"}],"about":[{"href":"https:\/\/projectes.xtec.cat\/families-digitals\/wp-json\/wp\/v2\/types\/page"}],"author":[{"embeddable":true,"href":"https:\/\/projectes.xtec.cat\/families-digitals\/wp-json\/wp\/v2\/users\/2"}],"replies":[{"embeddable":true,"href":"https:\/\/projectes.xtec.cat\/families-digitals\/wp-json\/wp\/v2\/comments?post=8511"}],"version-history":[{"count":3,"href":"https:\/\/projectes.xtec.cat\/families-digitals\/wp-json\/wp\/v2\/pages\/8511\/revisions"}],"predecessor-version":[{"id":8586,"href":"https:\/\/projectes.xtec.cat\/families-digitals\/wp-json\/wp\/v2\/pages\/8511\/revisions\/8586"}],"up":[{"embeddable":true,"href":"https:\/\/projectes.xtec.cat\/families-digitals\/wp-json\/wp\/v2\/pages\/8247"}],"wp:attachment":[{"href":"https:\/\/projectes.xtec.cat\/families-digitals\/wp-json\/wp\/v2\/media?parent=8511"}],"curies":[{"name":"wp","href":"https:\/\/api.w.org\/{rel}","templated":true}]}}