{"id":9,"date":"2014-09-12T10:15:01","date_gmt":"2014-09-12T10:15:01","guid":{"rendered":"http:\/\/projectes.xtec.cat\/families-digitals\/?page_id=9"},"modified":"2022-06-14T10:08:30","modified_gmt":"2022-06-14T08:08:30","slug":"pagina-dinici-buida","status":"publish","type":"page","link":"https:\/\/projectes.xtec.cat\/families-digitals\/","title":{"rendered":"Fam\u00edlies digitals"},"content":{"rendered":"<div class=\"sec_gris\">\n<div style=\"padding-top: 1em;\">\n<p><!--<a class=\"banner_mobile\" href=\"https:\/\/projectes.xtec.cat\/families-digitals\/i-seminari-web-families-digitals\/\" target=\"_blank\" rel=\"noopener noreferrer\"><img loading=\"lazy\" decoding=\"async\" style=\"padding:5px; background-color:white;box-shadow: 0px 0px 0px 5px rgba(189,6,8,0.3);\" class=\"alignnone\" src=\"https:\/\/projectes.xtec.cat\/families-digitals\/wp-content\/uploads\/usu2507\/2021\/06\/E4ZSHWHX0AAW9ui.jpeg\" alt=\"\" width=\"553\" height=\"311\" \/><\/a>--><\/p>\n<div id=\"fila1\" class=\"row\">\n<div class=\"columns small-12 large-7\" style=\"padding-left: 0;\">\n<p><iframe loading=\"lazy\" src=\"https:\/\/www.youtube.com\/embed\/jpQoGdX4hWE\" width=\"800\" height=\"450\" frameborder=\"0\"><\/iframe><\/p>\n<\/div>\n<div class=\"columns small-12 large-5\">\n<p><!--<a class=\"banner_desktop\" href=\"https:\/\/projectes.xtec.cat\/families-digitals\/i-seminari-web-families-digitals\/\" target=\"_blank\" rel=\"noopener noreferrer\"><img loading=\"lazy\" decoding=\"async\" style=\"padding:5px; background-color:white;box-shadow: 0px 0px 0px 5px rgba(189,6,8,0.3);\" class=\"alignnone\" src=\"https:\/\/projectes.xtec.cat\/families-digitals\/wp-content\/uploads\/usu2507\/2021\/06\/E4ZSHWHX0AAW9ui.jpeg\" alt=\"\" width=\"553\" height=\"311\" \/><\/a>--><\/p>\n<p style=\"font-size: 1.1em;\">Des del <a href=\"http:\/\/educacio.gencat.cat\/ca\/departament\/publicacions\/monografies\/pla-educacio-digital\/\" target=\"_blank\" rel=\"noopener noreferrer\">Pla d\u2019educaci\u00f3 digital de Catalunya 2020-23<\/a> i el <a href=\"http:\/\/educacio.gencat.cat\/ca\/departament\/linies-estrategiques\/pla-millora-oportunitats-educatives\/\" target=\"_blank\" rel=\"noopener noreferrer\">Pla de millora d\u2019oportunitats educatives<\/a>, impulsats des del Departament d\u2019Educaci\u00f3, neix la iniciativa <strong>Fam\u00edlies digitals<\/strong> per facilitar l\u2019adquisici\u00f3 de la compet\u00e8ncia digital per part de les fam\u00edlies i donar resposta des de l\u2019acompanyament a les seves necessitats.<\/p>\n<p style=\"font-size: 1.2em;\"><a href=\"https:\/\/projectes.xtec.cat\/families-digitals\/wp-content\/uploads\/usu2507\/2021\/03\/timeline3.png\" target=\"_blank\" rel=\"noopener noreferrer\"><img class=\"alignnone size-large wp-image-8344\" src=https:\/\/projectes.xtec.cat\/families-digitals\/wp-content\/uploads\/usu2507\/2022\/06\/timeline4.png\" alt=\"\" width=\"1024\" height=\"465\" \/><\/a><\/p>\n<\/div>\n<p>&nbsp;<\/p>\n<\/div>\n<\/div>\n<\/div>\n<div class=\"index_homepage\">\n<div style=\"margin-bottom: 2em;\"><\/div>\n<div id=\"fila2\" class=\"row\">\n<div class=\"columns small-12 large-5\" style=\"padding-left: 0;\">\n<h1>I Seminari web de Fam\u00edlies Digitals<\/h1>\n<p>&nbsp;<\/p>\n<p style=\"font-size: 1.3em;\">En el seminari han participat entitats socioeducatives, centres educatius de prim\u00e0ria i de secund\u00e0ria que han compartit les seves experi\u00e8ncies, iniciatives i actuacions. Tamb\u00e9 es presenta l\u2019espai web espec\u00edfic del projecte on es podran trobar recursos, informacions i formaci\u00f3.<\/p>\n<\/div>\n<div class=\"columns small-12 large-7\" style=\"padding-left: 0;\"><iframe loading=\"lazy\" style=\"border: 1px solid #7e7e7e;\" title=\"YouTube video player\" src=\"https:\/\/www.youtube.com\/embed\/1vItA8cdFzs\" width=\"800\" height=\"450\" frameborder=\"0\" allowfullscreen=\"allowfullscreen\"><\/iframe><\/div>\n<\/div>\n<\/div>\n","protected":false},"excerpt":{"rendered":"<p>Des del <a href=\"http:\/\/educacio.gencat.cat\/ca\/departament\/publicacions\/monografies\/pla-educacio-digital\/\" target=\"_blank\" rel=\"noopener noreferrer\">Pla d\u2019educaci\u00f3 digital de Catalunya 2020-23<\/a> i el <a href=\"http:\/\/educacio.gencat.cat\/ca\/departament\/linies-estrategiques\/pla-millora-oportunitats-educatives\/\" target=\"_blank\" rel=\"noopener noreferrer\">Pla de millora d\u2019oportunitats educatives<\/a>, impulsats des del Departament d\u2019Educaci\u00f3, neix la iniciativa Fam\u00edlies digitals per facilitar l\u2019adquisici\u00f3 de la compet\u00e8ncia digital per part de les fam\u00edlies&hellip;  <a href=\"https:\/\/projectes.xtec.cat\/families-digitals\/\" title=\"Read Fam\u00edlies digitals\">Llegeix m\u00e9s\u00bb<\/a><\/p>\n","protected":false},"author":1,"featured_media":0,"parent":7,"menu_order":0,"comment_status":"closed","ping_status":"closed","template":"page-templates\/front-page.php","meta":{"footnotes":""},"class_list":["post-9","page","type-page","status-publish","hentry"],"post_mailing_queue_ids":[],"_links":{"self":[{"href":"https:\/\/projectes.xtec.cat\/families-digitals\/wp-json\/wp\/v2\/pages\/9","targetHints":{"allow":["GET"]}}],"collection":[{"href":"https:\/\/projectes.xtec.cat\/families-digitals\/wp-json\/wp\/v2\/pages"}],"about":[{"href":"https:\/\/projectes.xtec.cat\/families-digitals\/wp-json\/wp\/v2\/types\/page"}],"author":[{"embeddable":true,"href":"https:\/\/projectes.xtec.cat\/families-digitals\/wp-json\/wp\/v2\/users\/1"}],"replies":[{"embeddable":true,"href":"https:\/\/projectes.xtec.cat\/families-digitals\/wp-json\/wp\/v2\/comments?post=9"}],"version-history":[{"count":4,"href":"https:\/\/projectes.xtec.cat\/families-digitals\/wp-json\/wp\/v2\/pages\/9\/revisions"}],"predecessor-version":[{"id":8747,"href":"https:\/\/projectes.xtec.cat\/families-digitals\/wp-json\/wp\/v2\/pages\/9\/revisions\/8747"}],"up":[{"embeddable":true,"href":"https:\/\/projectes.xtec.cat\/families-digitals\/wp-json\/wp\/v2\/pages\/7"}],"wp:attachment":[{"href":"https:\/\/projectes.xtec.cat\/families-digitals\/wp-json\/wp\/v2\/media?parent=9"}],"curies":[{"name":"wp","href":"https:\/\/api.w.org\/{rel}","templated":true}]}}