{"id":318,"date":"2015-11-24T18:18:24","date_gmt":"2015-11-24T17:18:24","guid":{"rendered":"http:\/\/projectes.xtec.cat\/firestecnologia\/?page_id=318"},"modified":"2020-09-27T13:44:56","modified_gmt":"2020-09-27T11:44:56","slug":"fires","status":"publish","type":"page","link":"https:\/\/projectes.xtec.cat\/firestecnologia\/fires\/","title":{"rendered":"Fires"},"content":{"rendered":"<p>En el territori es programen fires, mostres i concursos de rob\u00f2tica destinats a activitats realitzades per alumnat, centres i professorat<\/p>\n<table style=\"width: 582px; height: 262px;\">\n<tbody>\n<tr style=\"height: 31px;\">\n<td style=\"width: 244.8px; height: 31px;\">ST Baix Llobregat<\/td>\n<td style=\"width: 330.4px; height: 31px;\"><a href=\"https:\/\/blocs.xtec.cat\/jornadaprograma\/\" target=\"_blank\" rel=\"noopener noreferrer\">Jornada de programaci\u00f3 i rob\u00f2tica educativa<\/a><\/td>\n<\/tr>\n<tr style=\"height: 46px;\">\n<td style=\"width: 244.8px; height: 46px;\">ST Girona<\/td>\n<td style=\"width: 330.4px; height: 46px;\"><a href=\"http:\/\/www.robolot.org\/site\/\" target=\"_blank\" rel=\"noopener noreferrer\">Robolot<\/a><br \/>\n<a href=\"https:\/\/blocs.xtec.cat\/tramuntec\/\" target=\"_blank\" rel=\"noopener noreferrer\">Tramuntec<\/a><\/td>\n<\/tr>\n<tr style=\"height: 46px;\">\n<td style=\"width: 244.8px; height: 46px;\">ST Lleida<\/td>\n<td style=\"width: 330.4px; height: 46px;\"><a href=\"https:\/\/serveiseducatius.xtec.cat\/solsones\/portada\/i-fira-de-tecnologia\/\" target=\"_blank\" rel=\"noopener noreferrer\">Fira de Tecnologia del Solson\u00e8s<\/a><br \/>\n<a href=\"https:\/\/serveiseducatius.xtec.cat\/pallars\/general\/mercat-de-tecnologia-dels-pallars\/\" target=\"_blank\" rel=\"noopener noreferrer\">Mercat de Tecnologia del Pallars<\/a><\/td>\n<\/tr>\n<tr style=\"height: 31px;\">\n<td style=\"width: 244.8px; height: 31px;\"><span style=\"background-color: #ffffff;\">ST Tarragona<\/span><\/td>\n<td style=\"width: 330.4px; height: 31px;\"><a style=\"color: #2795b6;\" href=\"https:\/\/blocs.xtec.cat\/dmrbtktgn\/\" target=\"_blank\" rel=\"noopener noreferrer\">#DMRBTKTGN &#8211; TarracoBot<\/a><\/td>\n<\/tr>\n<tr style=\"height: 31px;\">\n<td style=\"width: 244.8px; height: 31px;\"><span style=\"background-color: #f9f9f9;\">ST Terres de l&#8217;Ebre<\/span><\/td>\n<td style=\"width: 330.4px; height: 31px;\"><a style=\"color: #2795b6;\" href=\"https:\/\/blocs.xtec.cat\/robotebre\/\" target=\"_blank\" rel=\"noopener noreferrer\">RobotEbre<\/a><\/td>\n<\/tr>\n<tr style=\"height: 46px;\">\n<td style=\"width: 244.8px; height: 46px;\"><span style=\"background-color: #ffffff;\">ST Vall\u00e8s Oriental &#8211; Maresme<\/span><\/td>\n<td style=\"width: 330.4px; height: 46px;\"><a style=\"color: #2795b6;\" href=\"http:\/\/wp.granollers.cat\/mtg\/\" target=\"_blank\" rel=\"noopener noreferrer\">Mercat de Tecnologia de Granollers<\/a><br style=\"background-color: #ffffff;\" \/><a style=\"background-color: #ffffff;\" href=\"http:\/\/robotseny.cat\/2019\/\" target=\"_blank\" rel=\"noopener noreferrer\">Robotseny<\/a><\/td>\n<\/tr>\n<tr style=\"height: 31px;\">\n<td style=\"width: 244.8px; height: 31px;\"><\/td>\n<td style=\"width: 330.4px; height: 31px;\"><\/td>\n<\/tr>\n<\/tbody>\n<\/table>\n<p>&nbsp;<\/p>\n<p>&nbsp;<\/p>\n<p>&nbsp;<\/p>\n","protected":false},"excerpt":{"rendered":"<p>En el territori es programen fires, mostres i concursos de rob\u00f2tica destinats a activitats realitzades per alumnat, centres i professorat ST Baix Llobregat Jornada de programaci\u00f3 i rob\u00f2tica educativa ST Girona Robolot Tramuntec ST Lleida Fira de Tecnologia del Solson\u00e8s Mercat de Tecnologia del Pallars ST Tarragona #DMRBTKTGN &#8211; TarracoBot ST Terres de l&#8217;Ebre RobotEbre [&hellip;]<\/p>\n","protected":false},"author":1,"featured_media":0,"parent":0,"menu_order":0,"comment_status":"closed","ping_status":"closed","template":"page-templates\/side-menu.php","meta":{"_bbp_topic_count":0,"_bbp_reply_count":0,"_bbp_total_topic_count":0,"_bbp_total_reply_count":0,"_bbp_voice_count":0,"_bbp_anonymous_reply_count":0,"_bbp_topic_count_hidden":0,"_bbp_reply_count_hidden":0,"_bbp_forum_subforum_count":0,"site-sidebar-layout":"default","site-content-layout":"","ast-site-content-layout":"","site-content-style":"default","site-sidebar-style":"default","ast-global-header-display":"","ast-banner-title-visibility":"","ast-main-header-display":"","ast-hfb-above-header-display":"","ast-hfb-below-header-display":"","ast-hfb-mobile-header-display":"","site-post-title":"","ast-breadcrumbs-content":"","ast-featured-img":"","footer-sml-layout":"","theme-transparent-header-meta":"","adv-header-id-meta":"","stick-header-meta":"","header-above-stick-meta":"","header-main-stick-meta":"","header-below-stick-meta":"","astra-migrate-meta-layouts":"default","ast-page-background-enabled":"default","ast-page-background-meta":{"desktop":{"background-color":"var(--ast-global-color-4)","background-image":"","background-repeat":"repeat","background-position":"center center","background-size":"auto","background-attachment":"scroll","background-type":"","background-media":"","overlay-type":"","overlay-color":"","overlay-opacity":"","overlay-gradient":""},"tablet":{"background-color":"","background-image":"","background-repeat":"repeat","background-position":"center center","background-size":"auto","background-attachment":"scroll","background-type":"","background-media":"","overlay-type":"","overlay-color":"","overlay-opacity":"","overlay-gradient":""},"mobile":{"background-color":"","background-image":"","background-repeat":"repeat","background-position":"center center","background-size":"auto","background-attachment":"scroll","background-type":"","background-media":"","overlay-type":"","overlay-color":"","overlay-opacity":"","overlay-gradient":""}},"ast-content-background-meta":{"desktop":{"background-color":"var(--ast-global-color-5)","background-image":"","background-repeat":"repeat","background-position":"center center","background-size":"auto","background-attachment":"scroll","background-type":"","background-media":"","overlay-type":"","overlay-color":"","overlay-opacity":"","overlay-gradient":""},"tablet":{"background-color":"var(--ast-global-color-5)","background-image":"","background-repeat":"repeat","background-position":"center center","background-size":"auto","background-attachment":"scroll","background-type":"","background-media":"","overlay-type":"","overlay-color":"","overlay-opacity":"","overlay-gradient":""},"mobile":{"background-color":"var(--ast-global-color-5)","background-image":"","background-repeat":"repeat","background-position":"center center","background-size":"auto","background-attachment":"scroll","background-type":"","background-media":"","overlay-type":"","overlay-color":"","overlay-opacity":"","overlay-gradient":""}},"footnotes":""},"class_list":["post-318","page","type-page","status-publish","hentry"],"post_mailing_queue_ids":[],"_links":{"self":[{"href":"https:\/\/projectes.xtec.cat\/firestecnologia\/wp-json\/wp\/v2\/pages\/318","targetHints":{"allow":["GET"]}}],"collection":[{"href":"https:\/\/projectes.xtec.cat\/firestecnologia\/wp-json\/wp\/v2\/pages"}],"about":[{"href":"https:\/\/projectes.xtec.cat\/firestecnologia\/wp-json\/wp\/v2\/types\/page"}],"author":[{"embeddable":true,"href":"https:\/\/projectes.xtec.cat\/firestecnologia\/wp-json\/wp\/v2\/users\/1"}],"replies":[{"embeddable":true,"href":"https:\/\/projectes.xtec.cat\/firestecnologia\/wp-json\/wp\/v2\/comments?post=318"}],"version-history":[{"count":3,"href":"https:\/\/projectes.xtec.cat\/firestecnologia\/wp-json\/wp\/v2\/pages\/318\/revisions"}],"predecessor-version":[{"id":8399,"href":"https:\/\/projectes.xtec.cat\/firestecnologia\/wp-json\/wp\/v2\/pages\/318\/revisions\/8399"}],"wp:attachment":[{"href":"https:\/\/projectes.xtec.cat\/firestecnologia\/wp-json\/wp\/v2\/media?parent=318"}],"curies":[{"name":"wp","href":"https:\/\/api.w.org\/{rel}","templated":true}]}}