{"id":8307,"date":"2020-07-16T16:53:53","date_gmt":"2020-07-16T14:53:53","guid":{"rendered":"https:\/\/projectes.xtec.cat\/firestecnologia\/?page_id=8307"},"modified":"2022-01-31T10:16:35","modified_gmt":"2022-01-31T09:16:35","slug":"mercat-de-tecnologia-dosona","status":"publish","type":"page","link":"https:\/\/projectes.xtec.cat\/firestecnologia\/presentacio\/mercat-de-tecnologia-dosona\/","title":{"rendered":"Mercat de Tecnologia d&#8217;Osona"},"content":{"rendered":"<p><a href=\"https:\/\/mon.uvic.cat\/mdt\/\" target=\"_blank\" rel=\"noopener\"><img loading=\"lazy\" decoding=\"async\" class=\"alignleft wp-image-8412 size-full\" src=\"https:\/\/projectes.xtec.cat\/firestecnologia\/wp-content\/uploads\/usu2199\/2022\/01\/mdt.png\" alt=\"\" width=\"573\" height=\"294\" srcset=\"https:\/\/projectes.xtec.cat\/firestecnologia\/wp-content\/uploads\/usu2199\/2022\/01\/mdt.png 573w, https:\/\/projectes.xtec.cat\/firestecnologia\/wp-content\/uploads\/usu2199\/2022\/01\/mdt-300x154.png 300w\" sizes=\"auto, (max-width: 573px) 100vw, 573px\" \/><\/a>El Mercat de Tecnologia d\u2019Osona \u00e9s una fira de car\u00e0cter anual impulsada per la <a href=\"https:\/\/mon.uvic.cat\/\" target=\"_blank\" rel=\"noopener\">UVic-UCC<\/a>, on l\u2019alumnat de secund\u00e0ria de les escoles de l\u2019entorn presenta projectes proposats i realitzats per ells mateixos i, amb l\u2019ajut dels seus professors, els mostra i els explica al p\u00fablic visitant. A m\u00e9s, la universitat organitza una s\u00e8rie de tallers impartits per personal expert en diferents \u00e0mbits amb els quals es pret\u00e9n millorar la motivaci\u00f3 dels alumnes assistents envers les disciplines de caire tecnol\u00f2gic i cient\u00edfic.<\/p>\n<p>Els centres que hi vulguin participar presentant projectes i assistint a tallers poden posar-se en contacte amb mdt@uvc.cat abans del 21 de febrer.<\/p>\n<p><a href=\"https:\/\/mon.uvic.cat\/mdt\/\" target=\"_blank\" rel=\"noopener noreferrer\">Mercat de Tecnologia d\u2019Osona<\/a><\/p>\n","protected":false},"excerpt":{"rendered":"<p>El Mercat de Tecnologia d\u2019Osona \u00e9s una fira de car\u00e0cter anual impulsada per la UVic-UCC, on l\u2019alumnat de secund\u00e0ria de les escoles de l\u2019entorn presenta projectes proposats i realitzats per ells mateixos i, amb l\u2019ajut dels seus professors, els mostra i els explica al p\u00fablic visitant. A m\u00e9s, la universitat organitza una s\u00e8rie de tallers [&hellip;]<\/p>\n","protected":false},"author":8,"featured_media":0,"parent":8314,"menu_order":0,"comment_status":"closed","ping_status":"closed","template":"page-templates\/side-menu.php","meta":{"_bbp_topic_count":0,"_bbp_reply_count":0,"_bbp_total_topic_count":0,"_bbp_total_reply_count":0,"_bbp_voice_count":0,"_bbp_anonymous_reply_count":0,"_bbp_topic_count_hidden":0,"_bbp_reply_count_hidden":0,"_bbp_forum_subforum_count":0,"site-sidebar-layout":"default","site-content-layout":"","ast-site-content-layout":"","site-content-style":"default","site-sidebar-style":"default","ast-global-header-display":"","ast-banner-title-visibility":"","ast-main-header-display":"","ast-hfb-above-header-display":"","ast-hfb-below-header-display":"","ast-hfb-mobile-header-display":"","site-post-title":"","ast-breadcrumbs-content":"","ast-featured-img":"","footer-sml-layout":"","theme-transparent-header-meta":"","adv-header-id-meta":"","stick-header-meta":"","header-above-stick-meta":"","header-main-stick-meta":"","header-below-stick-meta":"","astra-migrate-meta-layouts":"default","ast-page-background-enabled":"default","ast-page-background-meta":{"desktop":{"background-color":"var(--ast-global-color-4)","background-image":"","background-repeat":"repeat","background-position":"center center","background-size":"auto","background-attachment":"scroll","background-type":"","background-media":"","overlay-type":"","overlay-color":"","overlay-opacity":"","overlay-gradient":""},"tablet":{"background-color":"","background-image":"","background-repeat":"repeat","background-position":"center center","background-size":"auto","background-attachment":"scroll","background-type":"","background-media":"","overlay-type":"","overlay-color":"","overlay-opacity":"","overlay-gradient":""},"mobile":{"background-color":"","background-image":"","background-repeat":"repeat","background-position":"center center","background-size":"auto","background-attachment":"scroll","background-type":"","background-media":"","overlay-type":"","overlay-color":"","overlay-opacity":"","overlay-gradient":""}},"ast-content-background-meta":{"desktop":{"background-color":"var(--ast-global-color-5)","background-image":"","background-repeat":"repeat","background-position":"center center","background-size":"auto","background-attachment":"scroll","background-type":"","background-media":"","overlay-type":"","overlay-color":"","overlay-opacity":"","overlay-gradient":""},"tablet":{"background-color":"var(--ast-global-color-5)","background-image":"","background-repeat":"repeat","background-position":"center center","background-size":"auto","background-attachment":"scroll","background-type":"","background-media":"","overlay-type":"","overlay-color":"","overlay-opacity":"","overlay-gradient":""},"mobile":{"background-color":"var(--ast-global-color-5)","background-image":"","background-repeat":"repeat","background-position":"center center","background-size":"auto","background-attachment":"scroll","background-type":"","background-media":"","overlay-type":"","overlay-color":"","overlay-opacity":"","overlay-gradient":""}},"footnotes":""},"class_list":["post-8307","page","type-page","status-publish","hentry"],"post_mailing_queue_ids":[],"_links":{"self":[{"href":"https:\/\/projectes.xtec.cat\/firestecnologia\/wp-json\/wp\/v2\/pages\/8307","targetHints":{"allow":["GET"]}}],"collection":[{"href":"https:\/\/projectes.xtec.cat\/firestecnologia\/wp-json\/wp\/v2\/pages"}],"about":[{"href":"https:\/\/projectes.xtec.cat\/firestecnologia\/wp-json\/wp\/v2\/types\/page"}],"author":[{"embeddable":true,"href":"https:\/\/projectes.xtec.cat\/firestecnologia\/wp-json\/wp\/v2\/users\/8"}],"replies":[{"embeddable":true,"href":"https:\/\/projectes.xtec.cat\/firestecnologia\/wp-json\/wp\/v2\/comments?post=8307"}],"version-history":[{"count":4,"href":"https:\/\/projectes.xtec.cat\/firestecnologia\/wp-json\/wp\/v2\/pages\/8307\/revisions"}],"predecessor-version":[{"id":8421,"href":"https:\/\/projectes.xtec.cat\/firestecnologia\/wp-json\/wp\/v2\/pages\/8307\/revisions\/8421"}],"up":[{"embeddable":true,"href":"https:\/\/projectes.xtec.cat\/firestecnologia\/wp-json\/wp\/v2\/pages\/8314"}],"wp:attachment":[{"href":"https:\/\/projectes.xtec.cat\/firestecnologia\/wp-json\/wp\/v2\/media?parent=8307"}],"curies":[{"name":"wp","href":"https:\/\/api.w.org\/{rel}","templated":true}]}}