{"id":10157,"date":"2023-06-27T16:10:27","date_gmt":"2023-06-27T14:10:27","guid":{"rendered":"https:\/\/projectes.xtec.cat\/focus\/?page_id=10157"},"modified":"2023-07-31T09:29:15","modified_gmt":"2023-07-31T07:29:15","slug":"guies-didactiques","status":"publish","type":"page","link":"https:\/\/projectes.xtec.cat\/focus\/guies-didactiques\/","title":{"rendered":"Guies did\u00e0ctiques"},"content":{"rendered":"\n<div class=\"wp-block-columns is-layout-flex wp-container-core-columns-is-layout-1 wp-block-columns-is-layout-flex\">\n<div class=\"wp-block-column caixa-link is-layout-flow wp-block-column-is-layout-flow\">\n<figure class=\"wp-block-image alignwide size-large\"><a href=\"https:\/\/projectes.xtec.cat\/focus\/wp-content\/uploads\/usu2323\/2023\/07\/Focus_guia_professorat.pdf\" target=\"_blank\" rel=\"noopener\"><img loading=\"lazy\" decoding=\"async\" width=\"639\" height=\"904\" src=\"https:\/\/projectes.xtec.cat\/focus\/wp-content\/uploads\/usu2323\/2023\/07\/guia_professorat.png\" alt=\"\" class=\"wp-image-10383\" srcset=\"https:\/\/projectes.xtec.cat\/focus\/wp-content\/uploads\/usu2323\/2023\/07\/guia_professorat.png 639w, https:\/\/projectes.xtec.cat\/focus\/wp-content\/uploads\/usu2323\/2023\/07\/guia_professorat-212x300.png 212w\" sizes=\"auto, (max-width: 639px) 100vw, 639px\" \/><\/a><figcaption><strong>Guia del professorat<\/strong><\/figcaption><\/figure>\n\n\n\n<p>Aquesta guia est\u00e0 adre\u00e7ada als docents, mestres i professorat, i t\u00e9 com a objectiu<br>principal dotar de continguts, eines i estrat\u00e8gies als docents perqu\u00e8 puguin<br>acompanyar l\u2019alumnat en la creaci\u00f3 i publicaci\u00f3 d\u2019aquests v\u00eddeos.<\/p>\n<\/div>\n\n\n\n<div class=\"wp-block-column caixa-link is-layout-flow wp-block-column-is-layout-flow\">\n<figure class=\"wp-block-image alignwide size-large\"><a href=\"https:\/\/projectes.xtec.cat\/focus\/wp-content\/uploads\/usu2323\/2023\/07\/Focus_pla_equip.pdf\" target=\"_blank\" rel=\"noopener\"><img loading=\"lazy\" decoding=\"async\" width=\"639\" height=\"901\" src=\"https:\/\/projectes.xtec.cat\/focus\/wp-content\/uploads\/usu2323\/2023\/07\/Pla_equip-1.png\" alt=\"\" class=\"wp-image-10387\" srcset=\"https:\/\/projectes.xtec.cat\/focus\/wp-content\/uploads\/usu2323\/2023\/07\/Pla_equip-1.png 639w, https:\/\/projectes.xtec.cat\/focus\/wp-content\/uploads\/usu2323\/2023\/07\/Pla_equip-1-213x300.png 213w\" sizes=\"auto, (max-width: 639px) 100vw, 639px\" \/><\/a><figcaption><strong>Guia de l&#8217;alumnat<\/strong><\/figcaption><\/figure>\n\n\n\n<p>Aquesta guia est\u00e0 adre\u00e7ada a l\u2019alumnat, i t\u00e9 com a objectiu principal acompanyar-vos<br>en el vostre proc\u00e9s de creaci\u00f3 audiovisual, juntament amb la tutoritzaci\u00f3 dels vostres<br>mestres i del professorat.<\/p>\n<\/div>\n\n\n\n<div class=\"wp-block-column caixa-link is-layout-flow wp-block-column-is-layout-flow\">\n<figure class=\"wp-block-image alignwide size-large\"><a href=\"https:\/\/projectes.xtec.cat\/focus\/wp-content\/uploads\/usu2323\/2023\/07\/Focus_protocol_tutoritzacio.pdf\" target=\"_blank\" rel=\"noopener\"><img loading=\"lazy\" decoding=\"async\" width=\"637\" height=\"901\" src=\"https:\/\/projectes.xtec.cat\/focus\/wp-content\/uploads\/usu2323\/2023\/07\/protocol-1.png\" alt=\"\" class=\"wp-image-10388\" srcset=\"https:\/\/projectes.xtec.cat\/focus\/wp-content\/uploads\/usu2323\/2023\/07\/protocol-1.png 637w, https:\/\/projectes.xtec.cat\/focus\/wp-content\/uploads\/usu2323\/2023\/07\/protocol-1-212x300.png 212w\" sizes=\"auto, (max-width: 637px) 100vw, 637px\" \/><\/a><figcaption><strong>Protocol de tutoritzaci\u00f3<\/strong><\/figcaption><\/figure>\n\n\n\n<p>Aqu\u00ed trobareu les llistes de passos necessaris per acompanyar l\u2019alumnat a l\u2019hora de realitzar<br>els v\u00eddeos i que aquests aconsegueixin els seus objectius.<\/p>\n<\/div>\n<\/div>\n\n\n\n<div class=\"wp-block-image is-style-default\"><figure class=\"alignright size-large is-resized\"><a href=\"https:\/\/projectes.xtec.cat\/focus\/wp-content\/uploads\/usu2323\/2023\/07\/Guies_Focus.7z\"><img loading=\"lazy\" decoding=\"async\" src=\"https:\/\/projectes.xtec.cat\/focus\/wp-content\/uploads\/usu2323\/2023\/06\/Presentacion-169-Portafolio-Elegante-Beige-edited.png\" alt=\"\" class=\"wp-image-10298\" width=\"179\" height=\"110\"\/><\/a><figcaption>Descarrega totes les guies<\/figcaption><\/figure><\/div>\n","protected":false},"excerpt":{"rendered":"<p>Aquesta guia est\u00e0 adre\u00e7ada als docents, mestres i professorat, i t\u00e9 com a objectiuprincipal dotar de continguts, eines i estrat\u00e8gies als docents perqu\u00e8 puguinacompanyar l\u2019alumnat en la creaci\u00f3 i publicaci\u00f3 d\u2019aquests v\u00eddeos. Aquesta guia est\u00e0 adre\u00e7ada a l\u2019alumnat, i t\u00e9 com a objectiu principal acompanyar-vosen el vostre proc\u00e9s de creaci\u00f3 audiovisual, juntament amb la tutoritzaci\u00f3 [&hellip;]<\/p>\n","protected":false},"author":1,"featured_media":0,"parent":0,"menu_order":0,"comment_status":"closed","ping_status":"close","template":"","meta":{"_bbp_topic_count":0,"_bbp_reply_count":0,"_bbp_total_topic_count":0,"_bbp_total_reply_count":0,"_bbp_voice_count":0,"_bbp_anonymous_reply_count":0,"_bbp_topic_count_hidden":0,"_bbp_reply_count_hidden":0,"_bbp_forum_subforum_count":0,"site-sidebar-layout":"default","site-content-layout":"","ast-site-content-layout":"","site-content-style":"default","site-sidebar-style":"default","ast-global-header-display":"","ast-banner-title-visibility":"","ast-main-header-display":"","ast-hfb-above-header-display":"","ast-hfb-below-header-display":"","ast-hfb-mobile-header-display":"","site-post-title":"","ast-breadcrumbs-content":"","ast-featured-img":"","footer-sml-layout":"","theme-transparent-header-meta":"","adv-header-id-meta":"","stick-header-meta":"","header-above-stick-meta":"","header-main-stick-meta":"","header-below-stick-meta":"","astra-migrate-meta-layouts":"default","ast-page-background-enabled":"default","ast-page-background-meta":{"desktop":{"background-color":"var(--ast-global-color-4)","background-image":"","background-repeat":"repeat","background-position":"center center","background-size":"auto","background-attachment":"scroll","background-type":"","background-media":"","overlay-type":"","overlay-color":"","overlay-opacity":"","overlay-gradient":""},"tablet":{"background-color":"","background-image":"","background-repeat":"repeat","background-position":"center center","background-size":"auto","background-attachment":"scroll","background-type":"","background-media":"","overlay-type":"","overlay-color":"","overlay-opacity":"","overlay-gradient":""},"mobile":{"background-color":"","background-image":"","background-repeat":"repeat","background-position":"center center","background-size":"auto","background-attachment":"scroll","background-type":"","background-media":"","overlay-type":"","overlay-color":"","overlay-opacity":"","overlay-gradient":""}},"ast-content-background-meta":{"desktop":{"background-color":"var(--ast-global-color-5)","background-image":"","background-repeat":"repeat","background-position":"center center","background-size":"auto","background-attachment":"scroll","background-type":"","background-media":"","overlay-type":"","overlay-color":"","overlay-opacity":"","overlay-gradient":""},"tablet":{"background-color":"var(--ast-global-color-5)","background-image":"","background-repeat":"repeat","background-position":"center center","background-size":"auto","background-attachment":"scroll","background-type":"","background-media":"","overlay-type":"","overlay-color":"","overlay-opacity":"","overlay-gradient":""},"mobile":{"background-color":"var(--ast-global-color-5)","background-image":"","background-repeat":"repeat","background-position":"center center","background-size":"auto","background-attachment":"scroll","background-type":"","background-media":"","overlay-type":"","overlay-color":"","overlay-opacity":"","overlay-gradient":""}},"footnotes":""},"class_list":["post-10157","page","type-page","status-publish","hentry"],"post_mailing_queue_ids":[],"_links":{"self":[{"href":"https:\/\/projectes.xtec.cat\/focus\/wp-json\/wp\/v2\/pages\/10157","targetHints":{"allow":["GET"]}}],"collection":[{"href":"https:\/\/projectes.xtec.cat\/focus\/wp-json\/wp\/v2\/pages"}],"about":[{"href":"https:\/\/projectes.xtec.cat\/focus\/wp-json\/wp\/v2\/types\/page"}],"author":[{"embeddable":true,"href":"https:\/\/projectes.xtec.cat\/focus\/wp-json\/wp\/v2\/users\/1"}],"replies":[{"embeddable":true,"href":"https:\/\/projectes.xtec.cat\/focus\/wp-json\/wp\/v2\/comments?post=10157"}],"version-history":[{"count":3,"href":"https:\/\/projectes.xtec.cat\/focus\/wp-json\/wp\/v2\/pages\/10157\/revisions"}],"predecessor-version":[{"id":10589,"href":"https:\/\/projectes.xtec.cat\/focus\/wp-json\/wp\/v2\/pages\/10157\/revisions\/10589"}],"wp:attachment":[{"href":"https:\/\/projectes.xtec.cat\/focus\/wp-json\/wp\/v2\/media?parent=10157"}],"curies":[{"name":"wp","href":"https:\/\/api.w.org\/{rel}","templated":true}]}}