{"id":10169,"date":"2023-06-13T09:03:51","date_gmt":"2023-06-13T07:03:51","guid":{"rendered":"https:\/\/projectes.xtec.cat\/focus\/?page_id=10169"},"modified":"2023-09-04T19:14:22","modified_gmt":"2023-09-04T17:14:22","slug":"videotutorials","status":"publish","type":"page","link":"https:\/\/projectes.xtec.cat\/focus\/videotutorials\/","title":{"rendered":"Videotutorials"},"content":{"rendered":"\n<p>Aprenem una mica m\u00e9s sobre la producci\u00f3 audiovisual amb els seg\u00fcents v\u00eddeos sobre els diferents conceptes audiovisuals.<\/p>\n\n\n\n<div class=\"wp-block-columns alignwide is-layout-flex wp-container-core-columns-is-layout-1 wp-block-columns-is-layout-flex\">\n<div class=\"wp-block-column is-vertically-aligned-center caixa-link is-layout-flow wp-block-column-is-layout-flow\" id=\"https:\/\/www.youtube.com\/watch?v=csbvbfzQHHc\">\n<figure class=\"wp-block-image size-large\" id=\"https:\/\/drive.google.com\/file\/d\/1AC3jM2x_WqE4tInaO6HCW4wv_6awykmV\/view?usp=sharing\"><img loading=\"lazy\" decoding=\"async\" width=\"1024\" height=\"467\" src=\"https:\/\/projectes.xtec.cat\/focus\/wp-content\/uploads\/usu2323\/2023\/04\/fases_produccio-1024x467.png\" alt=\"\" class=\"wp-image-9666\" srcset=\"https:\/\/projectes.xtec.cat\/focus\/wp-content\/uploads\/usu2323\/2023\/04\/fases_produccio-1024x467.png 1024w, https:\/\/projectes.xtec.cat\/focus\/wp-content\/uploads\/usu2323\/2023\/04\/fases_produccio-300x137.png 300w, https:\/\/projectes.xtec.cat\/focus\/wp-content\/uploads\/usu2323\/2023\/04\/fases_produccio-768x350.png 768w, https:\/\/projectes.xtec.cat\/focus\/wp-content\/uploads\/usu2323\/2023\/04\/fases_produccio.png 1351w\" sizes=\"auto, (max-width: 1024px) 100vw, 1024px\" \/><figcaption><strong>Fases de la producci\u00f3<\/strong><\/figcaption><\/figure>\n\n\n\n<p><\/p>\n<\/div>\n\n\n\n<div class=\"wp-block-column is-vertically-aligned-center caixa-link is-layout-flow wp-block-column-is-layout-flow\" id=\"https:\/\/youtu.be\/9Tnn7ZWX2u4\">\n<figure class=\"wp-block-image size-large\" id=\"https:\/\/drive.google.com\/file\/d\/1RzdR6cViNYefAjFL-KVBnXbN0KHagOz2\/view?usp=sharing\"><img loading=\"lazy\" decoding=\"async\" width=\"1024\" height=\"475\" src=\"https:\/\/projectes.xtec.cat\/focus\/wp-content\/uploads\/usu2323\/2023\/06\/ingredients_video-2-1024x475.png\" alt=\"\" class=\"wp-image-10172\" srcset=\"https:\/\/projectes.xtec.cat\/focus\/wp-content\/uploads\/usu2323\/2023\/06\/ingredients_video-2-1024x475.png 1024w, https:\/\/projectes.xtec.cat\/focus\/wp-content\/uploads\/usu2323\/2023\/06\/ingredients_video-2-300x139.png 300w, https:\/\/projectes.xtec.cat\/focus\/wp-content\/uploads\/usu2323\/2023\/06\/ingredients_video-2-768x356.png 768w, https:\/\/projectes.xtec.cat\/focus\/wp-content\/uploads\/usu2323\/2023\/06\/ingredients_video-2-1536x712.png 1536w, https:\/\/projectes.xtec.cat\/focus\/wp-content\/uploads\/usu2323\/2023\/06\/ingredients_video-2.png 1912w\" sizes=\"auto, (max-width: 1024px) 100vw, 1024px\" \/><figcaption><strong>Ingredients per a fer un v\u00eddeo<\/strong><\/figcaption><\/figure>\n\n\n\n<p><\/p>\n<\/div>\n\n\n\n<div class=\"wp-block-column is-vertically-aligned-center caixa-link is-layout-flow wp-block-column-is-layout-flow\" id=\"https:\/\/youtu.be\/RAmBQgT1QLY\">\n<figure class=\"wp-block-image size-large\" id=\"https:\/\/drive.google.com\/file\/d\/17axV2W1lmkxJeZmgeoMHa40z7kl088w1\/view?usp=drive_link\"><img loading=\"lazy\" decoding=\"async\" width=\"1024\" height=\"466\" src=\"https:\/\/projectes.xtec.cat\/focus\/wp-content\/uploads\/usu2323\/2023\/04\/fotograma-1024x466.png\" alt=\"\" class=\"wp-image-9737\" srcset=\"https:\/\/projectes.xtec.cat\/focus\/wp-content\/uploads\/usu2323\/2023\/04\/fotograma-1024x466.png 1024w, https:\/\/projectes.xtec.cat\/focus\/wp-content\/uploads\/usu2323\/2023\/04\/fotograma-300x136.png 300w, https:\/\/projectes.xtec.cat\/focus\/wp-content\/uploads\/usu2323\/2023\/04\/fotograma-768x349.png 768w, https:\/\/projectes.xtec.cat\/focus\/wp-content\/uploads\/usu2323\/2023\/04\/fotograma.png 1348w\" sizes=\"auto, (max-width: 1024px) 100vw, 1024px\" \/><figcaption><strong>Fotograma, pla i seq\u00fc\u00e8ncia<\/strong><\/figcaption><\/figure>\n\n\n\n<p><\/p>\n<\/div>\n<\/div>\n\n\n\n<div style=\"height:42px\" aria-hidden=\"true\" class=\"wp-block-spacer\"><\/div>\n\n\n\n<div class=\"wp-block-columns alignwide is-layout-flex wp-container-core-columns-is-layout-2 wp-block-columns-is-layout-flex\">\n<div class=\"wp-block-column is-vertically-aligned-center caixa-link is-layout-flow wp-block-column-is-layout-flow\" id=\"https:\/\/youtu.be\/x5bX9QoAdGE\">\n<figure class=\"wp-block-image alignwide size-large\" id=\"https:\/\/drive.google.com\/file\/d\/1AC3jM2x_WqE4tInaO6HCW4wv_6awykmV\/view?usp=sharing\"><img loading=\"lazy\" decoding=\"async\" width=\"1024\" height=\"465\" src=\"https:\/\/projectes.xtec.cat\/focus\/wp-content\/uploads\/usu2323\/2023\/04\/enquadrament-1024x465.png\" alt=\"\" class=\"wp-image-9739\" srcset=\"https:\/\/projectes.xtec.cat\/focus\/wp-content\/uploads\/usu2323\/2023\/04\/enquadrament-1024x465.png 1024w, https:\/\/projectes.xtec.cat\/focus\/wp-content\/uploads\/usu2323\/2023\/04\/enquadrament-300x136.png 300w, https:\/\/projectes.xtec.cat\/focus\/wp-content\/uploads\/usu2323\/2023\/04\/enquadrament-768x349.png 768w, https:\/\/projectes.xtec.cat\/focus\/wp-content\/uploads\/usu2323\/2023\/04\/enquadrament.png 1350w\" sizes=\"auto, (max-width: 1024px) 100vw, 1024px\" \/><figcaption><strong>L&#8217;enquadrament<\/strong><\/figcaption><\/figure>\n\n\n\n<p><\/p>\n<\/div>\n\n\n\n<div class=\"wp-block-column is-vertically-aligned-center caixa-link is-layout-flow wp-block-column-is-layout-flow\" id=\"https:\/\/youtu.be\/j6lNVeiYqTw\">\n<figure class=\"wp-block-image alignwide size-large\" id=\"https:\/\/drive.google.com\/file\/d\/1RzdR6cViNYefAjFL-KVBnXbN0KHagOz2\/view?usp=sharing\"><img loading=\"lazy\" decoding=\"async\" width=\"1024\" height=\"465\" src=\"https:\/\/projectes.xtec.cat\/focus\/wp-content\/uploads\/usu2323\/2023\/04\/tipus_pla-1024x465.png\" alt=\"\" class=\"wp-image-9741\" srcset=\"https:\/\/projectes.xtec.cat\/focus\/wp-content\/uploads\/usu2323\/2023\/04\/tipus_pla-1024x465.png 1024w, https:\/\/projectes.xtec.cat\/focus\/wp-content\/uploads\/usu2323\/2023\/04\/tipus_pla-300x136.png 300w, https:\/\/projectes.xtec.cat\/focus\/wp-content\/uploads\/usu2323\/2023\/04\/tipus_pla-768x348.png 768w, https:\/\/projectes.xtec.cat\/focus\/wp-content\/uploads\/usu2323\/2023\/04\/tipus_pla.png 1351w\" sizes=\"auto, (max-width: 1024px) 100vw, 1024px\" \/><figcaption><strong>Els tipus de pla<\/strong><\/figcaption><\/figure>\n\n\n\n<p><\/p>\n<\/div>\n\n\n\n<div class=\"wp-block-column is-vertically-aligned-center caixa-link is-layout-flow wp-block-column-is-layout-flow\" id=\"https:\/\/youtu.be\/m6oPc9BYX5w\">\n<figure class=\"wp-block-image alignwide size-large\" id=\"https:\/\/drive.google.com\/file\/d\/17axV2W1lmkxJeZmgeoMHa40z7kl088w1\/view?usp=drive_link\"><img loading=\"lazy\" decoding=\"async\" width=\"1024\" height=\"466\" src=\"https:\/\/projectes.xtec.cat\/focus\/wp-content\/uploads\/usu2323\/2023\/04\/angulacio-1024x466.png\" alt=\"\" class=\"wp-image-9743\" srcset=\"https:\/\/projectes.xtec.cat\/focus\/wp-content\/uploads\/usu2323\/2023\/04\/angulacio-1024x466.png 1024w, https:\/\/projectes.xtec.cat\/focus\/wp-content\/uploads\/usu2323\/2023\/04\/angulacio-300x136.png 300w, https:\/\/projectes.xtec.cat\/focus\/wp-content\/uploads\/usu2323\/2023\/04\/angulacio-768x349.png 768w, https:\/\/projectes.xtec.cat\/focus\/wp-content\/uploads\/usu2323\/2023\/04\/angulacio.png 1348w\" sizes=\"auto, (max-width: 1024px) 100vw, 1024px\" \/><figcaption><strong>Angulaci\u00f3 i dist\u00e0ncia focal<\/strong><\/figcaption><\/figure>\n\n\n\n<p><\/p>\n<\/div>\n<\/div>\n\n\n\n<div style=\"height:42px\" aria-hidden=\"true\" class=\"wp-block-spacer\"><\/div>\n\n\n\n<div class=\"wp-block-columns alignwide is-layout-flex wp-container-core-columns-is-layout-4 wp-block-columns-is-layout-flex\">\n<div class=\"wp-block-column is-vertically-aligned-center caixa-link is-layout-flow wp-block-column-is-layout-flow\" id=\"https:\/\/youtu.be\/bH03MZB_5b8\">\n<div class=\"wp-block-columns alignwide is-layout-flex wp-container-core-columns-is-layout-3 wp-block-columns-is-layout-flex\">\n<div class=\"wp-block-column is-layout-flow wp-block-column-is-layout-flow\" style=\"flex-basis:100%\">\n<figure class=\"wp-block-image alignwide size-large\" id=\"https:\/\/drive.google.com\/file\/d\/1AC3jM2x_WqE4tInaO6HCW4wv_6awykmV\/view?usp=sharing\"><img loading=\"lazy\" decoding=\"async\" width=\"1024\" height=\"466\" src=\"https:\/\/projectes.xtec.cat\/focus\/wp-content\/uploads\/usu2323\/2023\/04\/moviments_camera-1024x466.png\" alt=\"\" class=\"wp-image-9744\" srcset=\"https:\/\/projectes.xtec.cat\/focus\/wp-content\/uploads\/usu2323\/2023\/04\/moviments_camera-1024x466.png 1024w, https:\/\/projectes.xtec.cat\/focus\/wp-content\/uploads\/usu2323\/2023\/04\/moviments_camera-300x136.png 300w, https:\/\/projectes.xtec.cat\/focus\/wp-content\/uploads\/usu2323\/2023\/04\/moviments_camera-768x349.png 768w, https:\/\/projectes.xtec.cat\/focus\/wp-content\/uploads\/usu2323\/2023\/04\/moviments_camera.png 1348w\" sizes=\"auto, (max-width: 1024px) 100vw, 1024px\" \/><figcaption><strong>Moviment c\u00e0mera de v\u00eddeo<\/strong><\/figcaption><\/figure>\n<\/div>\n<\/div>\n\n\n\n<p><\/p>\n<\/div>\n\n\n\n<div class=\"wp-block-column is-vertically-aligned-center caixa-link is-layout-flow wp-block-column-is-layout-flow\" id=\"https:\/\/youtu.be\/uclM127vf5Q\">\n<figure class=\"wp-block-image alignwide size-large\" id=\"https:\/\/drive.google.com\/file\/d\/1RzdR6cViNYefAjFL-KVBnXbN0KHagOz2\/view?usp=sharing\"><img loading=\"lazy\" decoding=\"async\" width=\"1024\" height=\"466\" src=\"https:\/\/projectes.xtec.cat\/focus\/wp-content\/uploads\/usu2323\/2023\/04\/ritme_continuitat-1024x466.png\" alt=\"\" class=\"wp-image-9731\" srcset=\"https:\/\/projectes.xtec.cat\/focus\/wp-content\/uploads\/usu2323\/2023\/04\/ritme_continuitat-1024x466.png 1024w, https:\/\/projectes.xtec.cat\/focus\/wp-content\/uploads\/usu2323\/2023\/04\/ritme_continuitat-300x136.png 300w, https:\/\/projectes.xtec.cat\/focus\/wp-content\/uploads\/usu2323\/2023\/04\/ritme_continuitat-768x349.png 768w, https:\/\/projectes.xtec.cat\/focus\/wp-content\/uploads\/usu2323\/2023\/04\/ritme_continuitat.png 1348w\" sizes=\"auto, (max-width: 1024px) 100vw, 1024px\" \/><figcaption><strong>Ritme i continu\u00eftat<\/strong><\/figcaption><\/figure>\n\n\n\n<p><\/p>\n<\/div>\n\n\n\n<div class=\"wp-block-column is-vertically-aligned-center caixa-link is-layout-flow wp-block-column-is-layout-flow\" id=\"https:\/\/youtu.be\/G7Q-A4mEbJE\">\n<figure class=\"wp-block-image alignwide size-large\" id=\"https:\/\/drive.google.com\/file\/d\/17axV2W1lmkxJeZmgeoMHa40z7kl088w1\/view?usp=drive_link\"><img loading=\"lazy\" decoding=\"async\" width=\"1024\" height=\"466\" src=\"https:\/\/projectes.xtec.cat\/focus\/wp-content\/uploads\/usu2323\/2023\/04\/narrativa_llum-1024x466.png\" alt=\"\" class=\"wp-image-9745\" srcset=\"https:\/\/projectes.xtec.cat\/focus\/wp-content\/uploads\/usu2323\/2023\/04\/narrativa_llum-1024x466.png 1024w, https:\/\/projectes.xtec.cat\/focus\/wp-content\/uploads\/usu2323\/2023\/04\/narrativa_llum-300x136.png 300w, https:\/\/projectes.xtec.cat\/focus\/wp-content\/uploads\/usu2323\/2023\/04\/narrativa_llum-768x349.png 768w, https:\/\/projectes.xtec.cat\/focus\/wp-content\/uploads\/usu2323\/2023\/04\/narrativa_llum.png 1348w\" sizes=\"auto, (max-width: 1024px) 100vw, 1024px\" \/><figcaption><strong>Narrativa de llum, color i so<\/strong><\/figcaption><\/figure>\n\n\n\n<p><\/p>\n<\/div>\n<\/div>\n\n\n\n<div style=\"height:42px\" aria-hidden=\"true\" class=\"wp-block-spacer\"><\/div>\n\n\n\n<div class=\"wp-block-columns alignwide is-layout-flex wp-container-core-columns-is-layout-5 wp-block-columns-is-layout-flex\">\n<div class=\"wp-block-column is-vertically-aligned-center caixa-link is-layout-flow wp-block-column-is-layout-flow\" id=\"https:\/\/youtu.be\/MCbjyR61E14\">\n<figure class=\"wp-block-image alignfull size-large\" id=\"https:\/\/drive.google.com\/file\/d\/1AC3jM2x_WqE4tInaO6HCW4wv_6awykmV\/view?usp=sharing\"><img loading=\"lazy\" decoding=\"async\" width=\"1024\" height=\"465\" src=\"https:\/\/projectes.xtec.cat\/focus\/wp-content\/uploads\/usu2323\/2023\/04\/illuminacio-1024x465.png\" alt=\"\" class=\"wp-image-9727\" srcset=\"https:\/\/projectes.xtec.cat\/focus\/wp-content\/uploads\/usu2323\/2023\/04\/illuminacio-1024x465.png 1024w, https:\/\/projectes.xtec.cat\/focus\/wp-content\/uploads\/usu2323\/2023\/04\/illuminacio-300x136.png 300w, https:\/\/projectes.xtec.cat\/focus\/wp-content\/uploads\/usu2323\/2023\/04\/illuminacio-768x348.png 768w, https:\/\/projectes.xtec.cat\/focus\/wp-content\/uploads\/usu2323\/2023\/04\/illuminacio.png 1351w\" sizes=\"auto, (max-width: 1024px) 100vw, 1024px\" \/><figcaption><strong>T\u00e8cniques d&#8217;il\u00b7luminaci\u00f3<\/strong><\/figcaption><\/figure>\n\n\n\n<p><\/p>\n<\/div>\n\n\n\n<div class=\"wp-block-column is-vertically-aligned-center caixa-link is-layout-flow wp-block-column-is-layout-flow\" id=\"https:\/\/youtu.be\/zYO9rupRVmw\">\n<figure class=\"wp-block-image alignwide size-large\" id=\"https:\/\/drive.google.com\/file\/d\/1RzdR6cViNYefAjFL-KVBnXbN0KHagOz2\/view?usp=sharing\"><img loading=\"lazy\" decoding=\"async\" width=\"1024\" height=\"491\" src=\"https:\/\/projectes.xtec.cat\/focus\/wp-content\/uploads\/usu2323\/2023\/04\/tutorial_edicio-1024x491.png\" alt=\"\" class=\"wp-image-9707\" srcset=\"https:\/\/projectes.xtec.cat\/focus\/wp-content\/uploads\/usu2323\/2023\/04\/tutorial_edicio-1024x491.png 1024w, https:\/\/projectes.xtec.cat\/focus\/wp-content\/uploads\/usu2323\/2023\/04\/tutorial_edicio-300x144.png 300w, https:\/\/projectes.xtec.cat\/focus\/wp-content\/uploads\/usu2323\/2023\/04\/tutorial_edicio-768x368.png 768w, https:\/\/projectes.xtec.cat\/focus\/wp-content\/uploads\/usu2323\/2023\/04\/tutorial_edicio.png 1201w\" sizes=\"auto, (max-width: 1024px) 100vw, 1024px\" \/><figcaption><strong>Tutorial d&#8217;edici\u00f3 de v\u00eddeo (I)<\/strong><\/figcaption><\/figure>\n\n\n\n<p><\/p>\n<\/div>\n\n\n\n<div class=\"wp-block-column is-vertically-aligned-center caixa-link is-layout-flow wp-block-column-is-layout-flow\" id=\"https:\/\/youtu.be\/MMeLhVoXL64\">\n<figure class=\"wp-block-image alignwide size-large\" id=\"https:\/\/drive.google.com\/file\/d\/17axV2W1lmkxJeZmgeoMHa40z7kl088w1\/view?usp=drive_link\"><img loading=\"lazy\" decoding=\"async\" width=\"1024\" height=\"480\" src=\"https:\/\/projectes.xtec.cat\/focus\/wp-content\/uploads\/usu2323\/2023\/06\/edicio-1024x480.png\" alt=\"\" class=\"wp-image-10173\" srcset=\"https:\/\/projectes.xtec.cat\/focus\/wp-content\/uploads\/usu2323\/2023\/06\/edicio-1024x480.png 1024w, https:\/\/projectes.xtec.cat\/focus\/wp-content\/uploads\/usu2323\/2023\/06\/edicio-300x141.png 300w, https:\/\/projectes.xtec.cat\/focus\/wp-content\/uploads\/usu2323\/2023\/06\/edicio-768x360.png 768w, https:\/\/projectes.xtec.cat\/focus\/wp-content\/uploads\/usu2323\/2023\/06\/edicio.png 1281w\" sizes=\"auto, (max-width: 1024px) 100vw, 1024px\" \/><figcaption><strong>Tutorial d&#8217;edici\u00f3 de v\u00eddeo (II)<\/strong><\/figcaption><\/figure>\n\n\n\n<p><\/p>\n<\/div>\n<\/div>\n\n\n\n<div style=\"height:42px\" aria-hidden=\"true\" class=\"wp-block-spacer\"><\/div>\n\n\n\n<div class=\"wp-block-columns alignwide is-layout-flex wp-container-core-columns-is-layout-6 wp-block-columns-is-layout-flex\">\n<div class=\"wp-block-column is-vertically-aligned-center caixa-link is-layout-flow wp-block-column-is-layout-flow\" id=\"https:\/\/www.youtube.com\/watch?v=ISDumWdMdf8&amp;list=PLojIWF2RflCpc_9l8OIr673jnewB5_gxA&amp;index=2\">\n<figure class=\"wp-block-image alignfull size-large\" id=\"https:\/\/drive.google.com\/file\/d\/1AC3jM2x_WqE4tInaO6HCW4wv_6awykmV\/view?usp=sharing\"><img loading=\"lazy\" decoding=\"async\" width=\"795\" height=\"364\" src=\"https:\/\/projectes.xtec.cat\/focus\/wp-content\/uploads\/usu2323\/2023\/09\/questions-7-1.png\" alt=\"\" class=\"wp-image-10672\" srcset=\"https:\/\/projectes.xtec.cat\/focus\/wp-content\/uploads\/usu2323\/2023\/09\/questions-7-1.png 795w, https:\/\/projectes.xtec.cat\/focus\/wp-content\/uploads\/usu2323\/2023\/09\/questions-7-1-300x137.png 300w, https:\/\/projectes.xtec.cat\/focus\/wp-content\/uploads\/usu2323\/2023\/09\/questions-7-1-768x352.png 768w\" sizes=\"auto, (max-width: 795px) 100vw, 795px\" \/><figcaption><strong>Com fer una bona p\u00edndola de sabers<\/strong><\/figcaption><\/figure>\n\n\n\n<p><\/p>\n<\/div>\n\n\n\n<div class=\"wp-block-column is-vertically-aligned-center caixa-link is-layout-flow wp-block-column-is-layout-flow\" id=\"https:\/\/youtube.com\/playlist?list=PLojIWF2RflCpc_9l8OIr673jnewB5_gxA\">\n<figure class=\"wp-block-image alignwide size-large\" id=\"https:\/\/drive.google.com\/file\/d\/1RzdR6cViNYefAjFL-KVBnXbN0KHagOz2\/view?usp=sharing\"><a href=\"https:\/\/www.youtube.com\/playlist?list=PLojIWF2RflCpc_9l8OIr673jnewB5_gxA\" target=\"_blank\" rel=\"noopener\"><img loading=\"lazy\" decoding=\"async\" width=\"409\" height=\"225\" src=\"https:\/\/projectes.xtec.cat\/focus\/wp-content\/uploads\/usu2323\/2023\/07\/youtube-1.png\" alt=\"\" class=\"wp-image-10413\" srcset=\"https:\/\/projectes.xtec.cat\/focus\/wp-content\/uploads\/usu2323\/2023\/07\/youtube-1.png 409w, https:\/\/projectes.xtec.cat\/focus\/wp-content\/uploads\/usu2323\/2023\/07\/youtube-1-300x165.png 300w\" sizes=\"auto, (max-width: 409px) 100vw, 409px\" \/><\/a><figcaption><strong>Llista de reproducci\u00f3 de FOCUS<\/strong><\/figcaption><\/figure>\n\n\n\n<p><\/p>\n<\/div>\n\n\n\n<div class=\"wp-block-column is-vertically-aligned-center is-layout-flow wp-block-column-is-layout-flow\">\n<p><\/p>\n<\/div>\n<\/div>\n\n\n\n<p class=\"has-text-align-right\"><\/p>\n\n\n\n<p><\/p>\n","protected":false},"excerpt":{"rendered":"<p>Aprenem una mica m\u00e9s sobre la producci\u00f3 audiovisual amb els seg\u00fcents v\u00eddeos sobre els diferents conceptes audiovisuals.<\/p>\n","protected":false},"author":1,"featured_media":0,"parent":0,"menu_order":0,"comment_status":"closed","ping_status":"close","template":"","meta":{"_bbp_topic_count":0,"_bbp_reply_count":0,"_bbp_total_topic_count":0,"_bbp_total_reply_count":0,"_bbp_voice_count":0,"_bbp_anonymous_reply_count":0,"_bbp_topic_count_hidden":0,"_bbp_reply_count_hidden":0,"_bbp_forum_subforum_count":0,"site-sidebar-layout":"default","site-content-layout":"","ast-site-content-layout":"","site-content-style":"default","site-sidebar-style":"default","ast-global-header-display":"","ast-banner-title-visibility":"","ast-main-header-display":"","ast-hfb-above-header-display":"","ast-hfb-below-header-display":"","ast-hfb-mobile-header-display":"","site-post-title":"","ast-breadcrumbs-content":"","ast-featured-img":"","footer-sml-layout":"","theme-transparent-header-meta":"","adv-header-id-meta":"","stick-header-meta":"","header-above-stick-meta":"","header-main-stick-meta":"","header-below-stick-meta":"","astra-migrate-meta-layouts":"default","ast-page-background-enabled":"default","ast-page-background-meta":{"desktop":{"background-color":"var(--ast-global-color-4)","background-image":"","background-repeat":"repeat","background-position":"center center","background-size":"auto","background-attachment":"scroll","background-type":"","background-media":"","overlay-type":"","overlay-color":"","overlay-opacity":"","overlay-gradient":""},"tablet":{"background-color":"","background-image":"","background-repeat":"repeat","background-position":"center center","background-size":"auto","background-attachment":"scroll","background-type":"","background-media":"","overlay-type":"","overlay-color":"","overlay-opacity":"","overlay-gradient":""},"mobile":{"background-color":"","background-image":"","background-repeat":"repeat","background-position":"center center","background-size":"auto","background-attachment":"scroll","background-type":"","background-media":"","overlay-type":"","overlay-color":"","overlay-opacity":"","overlay-gradient":""}},"ast-content-background-meta":{"desktop":{"background-color":"var(--ast-global-color-5)","background-image":"","background-repeat":"repeat","background-position":"center center","background-size":"auto","background-attachment":"scroll","background-type":"","background-media":"","overlay-type":"","overlay-color":"","overlay-opacity":"","overlay-gradient":""},"tablet":{"background-color":"var(--ast-global-color-5)","background-image":"","background-repeat":"repeat","background-position":"center center","background-size":"auto","background-attachment":"scroll","background-type":"","background-media":"","overlay-type":"","overlay-color":"","overlay-opacity":"","overlay-gradient":""},"mobile":{"background-color":"var(--ast-global-color-5)","background-image":"","background-repeat":"repeat","background-position":"center center","background-size":"auto","background-attachment":"scroll","background-type":"","background-media":"","overlay-type":"","overlay-color":"","overlay-opacity":"","overlay-gradient":""}},"footnotes":""},"class_list":["post-10169","page","type-page","status-publish","hentry"],"post_mailing_queue_ids":[],"_links":{"self":[{"href":"https:\/\/projectes.xtec.cat\/focus\/wp-json\/wp\/v2\/pages\/10169","targetHints":{"allow":["GET"]}}],"collection":[{"href":"https:\/\/projectes.xtec.cat\/focus\/wp-json\/wp\/v2\/pages"}],"about":[{"href":"https:\/\/projectes.xtec.cat\/focus\/wp-json\/wp\/v2\/types\/page"}],"author":[{"embeddable":true,"href":"https:\/\/projectes.xtec.cat\/focus\/wp-json\/wp\/v2\/users\/1"}],"replies":[{"embeddable":true,"href":"https:\/\/projectes.xtec.cat\/focus\/wp-json\/wp\/v2\/comments?post=10169"}],"version-history":[{"count":3,"href":"https:\/\/projectes.xtec.cat\/focus\/wp-json\/wp\/v2\/pages\/10169\/revisions"}],"predecessor-version":[{"id":10674,"href":"https:\/\/projectes.xtec.cat\/focus\/wp-json\/wp\/v2\/pages\/10169\/revisions\/10674"}],"wp:attachment":[{"href":"https:\/\/projectes.xtec.cat\/focus\/wp-json\/wp\/v2\/media?parent=10169"}],"curies":[{"name":"wp","href":"https:\/\/api.w.org\/{rel}","templated":true}]}}