{"id":10779,"date":"2023-09-08T11:44:55","date_gmt":"2023-09-08T09:44:55","guid":{"rendered":"https:\/\/projectes.xtec.cat\/focus\/?page_id=10779"},"modified":"2025-02-26T12:06:44","modified_gmt":"2025-02-26T11:06:44","slug":"el-projecte","status":"publish","type":"page","link":"https:\/\/projectes.xtec.cat\/focus\/el-projecte\/","title":{"rendered":"El projecte"},"content":{"rendered":"\n<p>El&nbsp;<strong>projecte Focus<\/strong>&nbsp;promou el desenvolupament de les compet\u00e8ncies clau de l\u2019alumnat de prim\u00e0ria i secund\u00e0ria mitjan\u00e7ant la<strong>&nbsp;creaci\u00f3 de v\u00eddeos amb contingut curricular<\/strong>, promovent l\u2019aprenentatge entre iguals.<\/p>\n\n\n\n<p>Aquest projecte pret\u00e9n desenvolupar la compet\u00e8ncia digital dels docents i de l\u2019alumnat. El projecte s\u2019emmarca dins del <a href=\"https:\/\/educacio.gencat.cat\/ca\/departament\/linies-estrategiques\/pla-educacio-digital\/\" target=\"_blank\" rel=\"noreferrer noopener\">Pla d\u2019educaci\u00f3 digital de Catalunya<\/a>&nbsp;i treballa per potenciar les produccions audiovisuals amb narrativa de sabers curriculars.<\/p>\n\n\n\n<p>Feu-vos preguntes, investigueu i creeu-ne un v\u00eddeo!\u00a0En aquest espai trobareu <a href=\"https:\/\/projectes.xtec.cat\/focus\/recursos\/\">recursos <\/a>diversos per con\u00e8ixer i treballar-ho. Tamb\u00e9 hi trobareu unes guies did\u00e0ctiques de suport que us poden ajudar en la generaci\u00f3 d&#8217;idees, en el proc\u00e9s audiovisual.<\/p>\n\n\n\n<p>Eiqueteu les vostres creacions audiovisuals amb l&#8217;etiqueta <strong>#Focus<\/strong><\/p>\n\n\n\n<div class=\"wp-block-getwid-section alignfull alignfull\"><div class=\"wp-block-getwid-section__wrapper\"><div class=\"wp-block-getwid-section__inner-wrapper\"><div class=\"wp-block-getwid-section__background-holder\"><div class=\"wp-block-getwid-section__background has-background\" style=\"background-color:#f5f5f5\"><\/div><div class=\"wp-block-getwid-section__foreground\"><\/div><\/div><div class=\"wp-block-getwid-section__content\"><div class=\"wp-block-getwid-section__inner-content\">\n<div class=\"wp-block-columns is-layout-flex wp-container-core-columns-is-layout-1 wp-block-columns-is-layout-flex\">\n<div class=\"wp-block-column is-layout-flow wp-block-column-is-layout-flow\">\n<h4 class=\"wp-block-heading\"><strong>Objectius generals<\/strong><\/h4>\n\n\n\n<figure class=\"wp-block-image size-large\"><img loading=\"lazy\" decoding=\"async\" width=\"1024\" height=\"416\" src=\"https:\/\/projectes.xtec.cat\/focus\/wp-content\/uploads\/usu2323\/2024\/09\/Objcetius-focus-generals-2025-1024x416.png\" alt=\"\" class=\"wp-image-11075\" srcset=\"https:\/\/projectes.xtec.cat\/focus\/wp-content\/uploads\/usu2323\/2024\/09\/Objcetius-focus-generals-2025-1024x416.png 1024w, https:\/\/projectes.xtec.cat\/focus\/wp-content\/uploads\/usu2323\/2024\/09\/Objcetius-focus-generals-2025-300x122.png 300w, https:\/\/projectes.xtec.cat\/focus\/wp-content\/uploads\/usu2323\/2024\/09\/Objcetius-focus-generals-2025-768x312.png 768w, https:\/\/projectes.xtec.cat\/focus\/wp-content\/uploads\/usu2323\/2024\/09\/Objcetius-focus-generals-2025-1536x624.png 1536w, https:\/\/projectes.xtec.cat\/focus\/wp-content\/uploads\/usu2323\/2024\/09\/Objcetius-focus-generals-2025.png 1920w\" sizes=\"auto, (max-width: 1024px) 100vw, 1024px\" \/><\/figure>\n<\/div>\n\n\n\n<div class=\"wp-block-column is-layout-flow wp-block-column-is-layout-flow\">\n<h4 class=\"wp-block-heading\"><strong>Objectius finals<\/strong><\/h4>\n\n\n\n<figure class=\"wp-block-image size-large\"><img loading=\"lazy\" decoding=\"async\" width=\"1024\" height=\"416\" src=\"https:\/\/projectes.xtec.cat\/focus\/wp-content\/uploads\/usu2323\/2024\/09\/Objcetius-focus-finals-2025--1024x416.png\" alt=\"\" class=\"wp-image-11073\" srcset=\"https:\/\/projectes.xtec.cat\/focus\/wp-content\/uploads\/usu2323\/2024\/09\/Objcetius-focus-finals-2025--1024x416.png 1024w, https:\/\/projectes.xtec.cat\/focus\/wp-content\/uploads\/usu2323\/2024\/09\/Objcetius-focus-finals-2025--300x122.png 300w, https:\/\/projectes.xtec.cat\/focus\/wp-content\/uploads\/usu2323\/2024\/09\/Objcetius-focus-finals-2025--768x312.png 768w, https:\/\/projectes.xtec.cat\/focus\/wp-content\/uploads\/usu2323\/2024\/09\/Objcetius-focus-finals-2025--1536x624.png 1536w, https:\/\/projectes.xtec.cat\/focus\/wp-content\/uploads\/usu2323\/2024\/09\/Objcetius-focus-finals-2025-.png 1920w\" sizes=\"auto, (max-width: 1024px) 100vw, 1024px\" \/><\/figure>\n<\/div>\n<\/div>\n<\/div><\/div><\/div><\/div><\/div>\n","protected":false},"excerpt":{"rendered":"<p>El&nbsp;projecte Focus&nbsp;promou el desenvolupament de les compet\u00e8ncies clau de l\u2019alumnat de prim\u00e0ria i secund\u00e0ria mitjan\u00e7ant la&nbsp;creaci\u00f3 de v\u00eddeos amb contingut curricular, promovent l\u2019aprenentatge entre iguals. Aquest projecte pret\u00e9n desenvolupar la compet\u00e8ncia digital dels docents i de l\u2019alumnat. El projecte s\u2019emmarca dins del Pla d\u2019educaci\u00f3 digital de Catalunya&nbsp;i treballa per potenciar les produccions audiovisuals amb narrativa [&hellip;]<\/p>\n","protected":false},"author":1,"featured_media":0,"parent":0,"menu_order":0,"comment_status":"closed","ping_status":"closed","template":"","meta":{"_bbp_topic_count":0,"_bbp_reply_count":0,"_bbp_total_topic_count":0,"_bbp_total_reply_count":0,"_bbp_voice_count":0,"_bbp_anonymous_reply_count":0,"_bbp_topic_count_hidden":0,"_bbp_reply_count_hidden":0,"_bbp_forum_subforum_count":0,"site-sidebar-layout":"default","site-content-layout":"","ast-site-content-layout":"default","site-content-style":"default","site-sidebar-style":"default","ast-global-header-display":"","ast-banner-title-visibility":"","ast-main-header-display":"","ast-hfb-above-header-display":"","ast-hfb-below-header-display":"","ast-hfb-mobile-header-display":"","site-post-title":"","ast-breadcrumbs-content":"","ast-featured-img":"","footer-sml-layout":"","theme-transparent-header-meta":"","adv-header-id-meta":"","stick-header-meta":"","header-above-stick-meta":"","header-main-stick-meta":"","header-below-stick-meta":"","astra-migrate-meta-layouts":"set","ast-page-background-enabled":"default","ast-page-background-meta":{"desktop":{"background-color":"var(--ast-global-color-4)","background-image":"","background-repeat":"repeat","background-position":"center center","background-size":"auto","background-attachment":"scroll","background-type":"","background-media":"","overlay-type":"","overlay-color":"","overlay-opacity":"","overlay-gradient":""},"tablet":{"background-color":"","background-image":"","background-repeat":"repeat","background-position":"center center","background-size":"auto","background-attachment":"scroll","background-type":"","background-media":"","overlay-type":"","overlay-color":"","overlay-opacity":"","overlay-gradient":""},"mobile":{"background-color":"","background-image":"","background-repeat":"repeat","background-position":"center center","background-size":"auto","background-attachment":"scroll","background-type":"","background-media":"","overlay-type":"","overlay-color":"","overlay-opacity":"","overlay-gradient":""}},"ast-content-background-meta":{"desktop":{"background-color":"var(--ast-global-color-5)","background-image":"","background-repeat":"repeat","background-position":"center center","background-size":"auto","background-attachment":"scroll","background-type":"","background-media":"","overlay-type":"","overlay-color":"","overlay-opacity":"","overlay-gradient":""},"tablet":{"background-color":"var(--ast-global-color-5)","background-image":"","background-repeat":"repeat","background-position":"center center","background-size":"auto","background-attachment":"scroll","background-type":"","background-media":"","overlay-type":"","overlay-color":"","overlay-opacity":"","overlay-gradient":""},"mobile":{"background-color":"var(--ast-global-color-5)","background-image":"","background-repeat":"repeat","background-position":"center center","background-size":"auto","background-attachment":"scroll","background-type":"","background-media":"","overlay-type":"","overlay-color":"","overlay-opacity":"","overlay-gradient":""}},"footnotes":""},"class_list":["post-10779","page","type-page","status-publish","hentry"],"post_mailing_queue_ids":[],"_links":{"self":[{"href":"https:\/\/projectes.xtec.cat\/focus\/wp-json\/wp\/v2\/pages\/10779","targetHints":{"allow":["GET"]}}],"collection":[{"href":"https:\/\/projectes.xtec.cat\/focus\/wp-json\/wp\/v2\/pages"}],"about":[{"href":"https:\/\/projectes.xtec.cat\/focus\/wp-json\/wp\/v2\/types\/page"}],"author":[{"embeddable":true,"href":"https:\/\/projectes.xtec.cat\/focus\/wp-json\/wp\/v2\/users\/1"}],"replies":[{"embeddable":true,"href":"https:\/\/projectes.xtec.cat\/focus\/wp-json\/wp\/v2\/comments?post=10779"}],"version-history":[{"count":6,"href":"https:\/\/projectes.xtec.cat\/focus\/wp-json\/wp\/v2\/pages\/10779\/revisions"}],"predecessor-version":[{"id":11117,"href":"https:\/\/projectes.xtec.cat\/focus\/wp-json\/wp\/v2\/pages\/10779\/revisions\/11117"}],"wp:attachment":[{"href":"https:\/\/projectes.xtec.cat\/focus\/wp-json\/wp\/v2\/media?parent=10779"}],"curies":[{"name":"wp","href":"https:\/\/api.w.org\/{rel}","templated":true}]}}