{"id":9328,"date":"2023-04-18T08:32:07","date_gmt":"2023-04-18T06:32:07","guid":{"rendered":"https:\/\/projectes.xtec.cat\/focus\/?page_id=9328"},"modified":"2025-10-06T09:57:08","modified_gmt":"2025-10-06T07:57:08","slug":"proces-audiovisual","status":"publish","type":"page","link":"https:\/\/projectes.xtec.cat\/focus\/proces-audiovisual\/","title":{"rendered":"El proc\u00e9s audiovisual"},"content":{"rendered":"\n<div class=\"wp-block-columns alignwide is-layout-flex wp-container-core-columns-is-layout-1 wp-block-columns-is-layout-flex\">\n<div class=\"wp-block-column is-layout-flow wp-block-column-is-layout-flow\" style=\"flex-basis:66.66%\">\n<p>Aqu\u00ed comen\u00e7a la nostra hist\u00f2ria, la de crear <strong>v\u00eddeos de sabers curriculars<\/strong>. Com qualsevol relat, aquesta hist\u00f2ria t\u00e9 tres parts plenament identificables.\u00a0<strong>Plantejament, nus i desenlla\u00e7.<\/strong>\u00a0Tota creaci\u00f3 audiovisual tamb\u00e9 passa per aquests tres episodis. La\u00a0<strong>preproducci\u00f3<\/strong>\u00a0(1) \u00e9s el plantejament del v\u00eddeo que farem.\u00a0 El\u00a0<strong>rodatge<\/strong>\u00a0(2) \u00e9s el nus que cal desenlla\u00e7ar a la darrera fase, la de la\u00a0<strong>postproducci\u00f3<\/strong>\u00a0(3). En aquestes p\u00e0gines trobareu informaci\u00f3 i recursos que us ajudaran a crear un bon v\u00eddeo curricular, passant per les 3 fases.<\/p>\n\n\n\n<div style=\"height:30px\" aria-hidden=\"true\" class=\"wp-block-spacer\"><\/div>\n<\/div>\n\n\n\n<div class=\"wp-block-column is-layout-flow wp-block-column-is-layout-flow\" style=\"flex-basis:33.33%\">\n<figure class=\"wp-block-embed is-type-video is-provider-youtube wp-block-embed-youtube wp-embed-aspect-16-9 wp-has-aspect-ratio\"><div class=\"wp-block-embed__wrapper\">\n<div class=\"ast-oembed-container \" style=\"height: 100%;\"><iframe loading=\"lazy\" title=\"Focus 00 - Com fem una p\u00edndola de saber per participar en el projecte focus?\" width=\"500\" height=\"281\" src=\"https:\/\/www.youtube.com\/embed\/ISDumWdMdf8?list=PLojIWF2RflCpc_9l8OIr673jnewB5_gxA\" frameborder=\"0\" allow=\"accelerometer; autoplay; clipboard-write; encrypted-media; gyroscope; picture-in-picture; web-share\" referrerpolicy=\"strict-origin-when-cross-origin\" allowfullscreen><\/iframe><\/div>\n<\/div><\/figure>\n<\/div>\n<\/div>\n\n\n\n<div class=\"wp-block-getwid-section alignfull alignfull\"><div class=\"wp-block-getwid-section__wrapper\"><div class=\"wp-block-getwid-section__inner-wrapper\"><div class=\"wp-block-getwid-section__background-holder\"><div class=\"wp-block-getwid-section__background\"><\/div><div class=\"wp-block-getwid-section__foreground\"><\/div><\/div><div class=\"wp-block-getwid-section__content\"><div class=\"wp-block-getwid-section__inner-content\">\n<div class=\"wp-block-columns is-layout-flex wp-container-core-columns-is-layout-2 wp-block-columns-is-layout-flex\">\n<div class=\"wp-block-column caixa-link is-layout-flow wp-block-column-is-layout-flow\" id=\"https:\/\/projectes.xtec.cat\/focus\/fases-produccio\/preproduccio\/\">\n<h2 class=\"wp-block-heading\" style=\"font-size:26px\">1. Preproducci\u00f3<\/h2>\n\n\n\n<figure class=\"wp-block-image aligncenter size-large is-resized\"><img loading=\"lazy\" decoding=\"async\" width=\"150\" height=\"150\" src=\"https:\/\/projectes.xtec.cat\/focus\/wp-content\/uploads\/usu2323\/2023\/04\/softbox-150x150-1.png\" alt=\"\" class=\"wp-image-9420\" style=\"width:118px;height:103px\"\/><\/figure>\n\n\n\n<p>Va des de la&nbsp;<strong>idea<\/strong>&nbsp;fins al&nbsp;<strong>gui\u00f3<\/strong>&nbsp;i la&nbsp;<strong>preparaci\u00f3 del rodatge<\/strong>. Per\u00f2 en realitat,&nbsp;el proc\u00e9s comen\u00e7a abans de la idea. Perqu\u00e8 les idees no apareixen per generaci\u00f3 espont\u00e0nia, cal treballar i emprar metodologies creatives perqu\u00e8 aflorin.<\/p>\n<\/div>\n\n\n\n<div class=\"wp-block-column is-vertically-aligned-center is-layout-flow wp-block-column-is-layout-flow\" style=\"flex-basis:5%\">\n<figure class=\"wp-block-image size-large is-resized\"><img loading=\"lazy\" decoding=\"async\" width=\"1024\" height=\"920\" src=\"https:\/\/projectes.xtec.cat\/focus\/wp-content\/uploads\/usu2323\/2023\/04\/Housing-Arrows-01-copia-1024x920.png\" alt=\"\" class=\"wp-image-9397\" style=\"width:60px\" srcset=\"https:\/\/projectes.xtec.cat\/focus\/wp-content\/uploads\/usu2323\/2023\/04\/Housing-Arrows-01-copia-1024x920.png 1024w, https:\/\/projectes.xtec.cat\/focus\/wp-content\/uploads\/usu2323\/2023\/04\/Housing-Arrows-01-copia-300x269.png 300w, https:\/\/projectes.xtec.cat\/focus\/wp-content\/uploads\/usu2323\/2023\/04\/Housing-Arrows-01-copia-768x690.png 768w, https:\/\/projectes.xtec.cat\/focus\/wp-content\/uploads\/usu2323\/2023\/04\/Housing-Arrows-01-copia-1536x1379.png 1536w, https:\/\/projectes.xtec.cat\/focus\/wp-content\/uploads\/usu2323\/2023\/04\/Housing-Arrows-01-copia-2048x1839.png 2048w\" sizes=\"auto, (max-width: 1024px) 100vw, 1024px\" \/><\/figure>\n<\/div>\n\n\n\n<div class=\"wp-block-column caixa-link is-layout-flow wp-block-column-is-layout-flow\" id=\"https:\/\/projectes.xtec.cat\/focus\/?page_id=9569\">\n<h2 class=\"wp-block-heading\" style=\"font-size:26px\">2. Producci\u00f3<\/h2>\n\n\n\n<figure class=\"wp-block-image aligncenter size-large is-resized\"><img loading=\"lazy\" decoding=\"async\" width=\"300\" height=\"300\" src=\"https:\/\/projectes.xtec.cat\/focus\/wp-content\/uploads\/usu2323\/2023\/04\/clapperboard.png\" alt=\"\" class=\"wp-image-9421\" style=\"width:106px;height:106px\" srcset=\"https:\/\/projectes.xtec.cat\/focus\/wp-content\/uploads\/usu2323\/2023\/04\/clapperboard.png 300w, https:\/\/projectes.xtec.cat\/focus\/wp-content\/uploads\/usu2323\/2023\/04\/clapperboard-150x150.png 150w\" sizes=\"auto, (max-width: 300px) 100vw, 300px\" \/><\/figure>\n\n\n\n<p><\/p>\n\n\n\n<p>Endinsem-nos en el llenguatge audiovisual, tot descobrint conceptes claus com: fotograma, tipus de plans, enquadraments, moviments de la c\u00e0mera, angle de la c\u00e0mera&#8230;&nbsp;\u00c9s el moment de posar en pr\u00e0ctica totes les idees pensades en la fase de preproducci\u00f3.<\/p>\n<\/div>\n\n\n\n<div class=\"wp-block-column is-vertically-aligned-center is-layout-flow wp-block-column-is-layout-flow\" style=\"flex-basis:5%\">\n<figure class=\"wp-block-image size-large is-resized\"><img loading=\"lazy\" decoding=\"async\" width=\"1024\" height=\"920\" src=\"https:\/\/projectes.xtec.cat\/focus\/wp-content\/uploads\/usu2323\/2023\/04\/Housing-Arrows-01-copia-1024x920.png\" alt=\"\" class=\"wp-image-9397\" style=\"width:60px\" srcset=\"https:\/\/projectes.xtec.cat\/focus\/wp-content\/uploads\/usu2323\/2023\/04\/Housing-Arrows-01-copia-1024x920.png 1024w, https:\/\/projectes.xtec.cat\/focus\/wp-content\/uploads\/usu2323\/2023\/04\/Housing-Arrows-01-copia-300x269.png 300w, https:\/\/projectes.xtec.cat\/focus\/wp-content\/uploads\/usu2323\/2023\/04\/Housing-Arrows-01-copia-768x690.png 768w, https:\/\/projectes.xtec.cat\/focus\/wp-content\/uploads\/usu2323\/2023\/04\/Housing-Arrows-01-copia-1536x1379.png 1536w, https:\/\/projectes.xtec.cat\/focus\/wp-content\/uploads\/usu2323\/2023\/04\/Housing-Arrows-01-copia-2048x1839.png 2048w\" sizes=\"auto, (max-width: 1024px) 100vw, 1024px\" \/><\/figure>\n<\/div>\n\n\n\n<div class=\"wp-block-column caixa-link is-layout-flow wp-block-column-is-layout-flow\" id=\"https:\/\/projectes.xtec.cat\/focus\/?page_id=9523\">\n<h2 class=\"wp-block-heading\" style=\"font-size:26px\">3. Postproducci\u00f3<\/h2>\n\n\n\n<figure class=\"wp-block-image aligncenter size-large is-resized\"><img loading=\"lazy\" decoding=\"async\" width=\"400\" height=\"400\" src=\"https:\/\/projectes.xtec.cat\/focus\/wp-content\/uploads\/usu2323\/2023\/04\/video-gallery.png\" alt=\"\" class=\"wp-image-9426\" style=\"width:120px;height:120px\" srcset=\"https:\/\/projectes.xtec.cat\/focus\/wp-content\/uploads\/usu2323\/2023\/04\/video-gallery.png 400w, https:\/\/projectes.xtec.cat\/focus\/wp-content\/uploads\/usu2323\/2023\/04\/video-gallery-300x300.png 300w, https:\/\/projectes.xtec.cat\/focus\/wp-content\/uploads\/usu2323\/2023\/04\/video-gallery-150x150.png 150w\" sizes=\"auto, (max-width: 400px) 100vw, 400px\" \/><\/figure>\n\n\n\n<p>\u00c9s el moment de seleccionar, editar i fer el muntatge de tots els elements enregistrats i creats durant el rodatge. <\/p>\n<\/div>\n<\/div>\n<\/div><\/div><\/div><\/div><\/div>\n\n\n\n<div style=\"height:90px\" aria-hidden=\"true\" class=\"wp-block-spacer\"><\/div>\n\n\n\n<p><\/p>\n","protected":false},"excerpt":{"rendered":"<p>Aqu\u00ed comen\u00e7a la nostra hist\u00f2ria, la de crear v\u00eddeos de sabers curriculars. Com qualsevol relat, aquesta hist\u00f2ria t\u00e9 tres parts plenament identificables.\u00a0Plantejament, nus i desenlla\u00e7.\u00a0Tota creaci\u00f3 audiovisual tamb\u00e9 passa per aquests tres episodis. La\u00a0preproducci\u00f3\u00a0(1) \u00e9s el plantejament del v\u00eddeo que farem.\u00a0 El\u00a0rodatge\u00a0(2) \u00e9s el nus que cal desenlla\u00e7ar a la darrera fase, la de la\u00a0postproducci\u00f3\u00a0(3). [&hellip;]<\/p>\n","protected":false},"author":4,"featured_media":0,"parent":0,"menu_order":0,"comment_status":"closed","ping_status":"closed","template":"","meta":{"_bbp_topic_count":0,"_bbp_reply_count":0,"_bbp_total_topic_count":0,"_bbp_total_reply_count":0,"_bbp_voice_count":0,"_bbp_anonymous_reply_count":0,"_bbp_topic_count_hidden":0,"_bbp_reply_count_hidden":0,"_bbp_forum_subforum_count":0,"site-sidebar-layout":"default","site-content-layout":"","ast-site-content-layout":"default","site-content-style":"default","site-sidebar-style":"default","ast-global-header-display":"","ast-banner-title-visibility":"","ast-main-header-display":"","ast-hfb-above-header-display":"","ast-hfb-below-header-display":"","ast-hfb-mobile-header-display":"","site-post-title":"","ast-breadcrumbs-content":"","ast-featured-img":"","footer-sml-layout":"","theme-transparent-header-meta":"","adv-header-id-meta":"","stick-header-meta":"","header-above-stick-meta":"","header-main-stick-meta":"","header-below-stick-meta":"","astra-migrate-meta-layouts":"set","ast-page-background-enabled":"default","ast-page-background-meta":{"desktop":{"background-color":"var(--ast-global-color-4)","background-image":"","background-repeat":"repeat","background-position":"center center","background-size":"auto","background-attachment":"scroll","background-type":"","background-media":"","overlay-type":"","overlay-color":"","overlay-opacity":"","overlay-gradient":""},"tablet":{"background-color":"","background-image":"","background-repeat":"repeat","background-position":"center center","background-size":"auto","background-attachment":"scroll","background-type":"","background-media":"","overlay-type":"","overlay-color":"","overlay-opacity":"","overlay-gradient":""},"mobile":{"background-color":"","background-image":"","background-repeat":"repeat","background-position":"center center","background-size":"auto","background-attachment":"scroll","background-type":"","background-media":"","overlay-type":"","overlay-color":"","overlay-opacity":"","overlay-gradient":""}},"ast-content-background-meta":{"desktop":{"background-color":"var(--ast-global-color-5)","background-image":"","background-repeat":"repeat","background-position":"center center","background-size":"auto","background-attachment":"scroll","background-type":"","background-media":"","overlay-type":"","overlay-color":"","overlay-opacity":"","overlay-gradient":""},"tablet":{"background-color":"var(--ast-global-color-5)","background-image":"","background-repeat":"repeat","background-position":"center center","background-size":"auto","background-attachment":"scroll","background-type":"","background-media":"","overlay-type":"","overlay-color":"","overlay-opacity":"","overlay-gradient":""},"mobile":{"background-color":"var(--ast-global-color-5)","background-image":"","background-repeat":"repeat","background-position":"center center","background-size":"auto","background-attachment":"scroll","background-type":"","background-media":"","overlay-type":"","overlay-color":"","overlay-opacity":"","overlay-gradient":""}},"footnotes":""},"class_list":["post-9328","page","type-page","status-publish","hentry"],"post_mailing_queue_ids":[],"_links":{"self":[{"href":"https:\/\/projectes.xtec.cat\/focus\/wp-json\/wp\/v2\/pages\/9328","targetHints":{"allow":["GET"]}}],"collection":[{"href":"https:\/\/projectes.xtec.cat\/focus\/wp-json\/wp\/v2\/pages"}],"about":[{"href":"https:\/\/projectes.xtec.cat\/focus\/wp-json\/wp\/v2\/types\/page"}],"author":[{"embeddable":true,"href":"https:\/\/projectes.xtec.cat\/focus\/wp-json\/wp\/v2\/users\/4"}],"replies":[{"embeddable":true,"href":"https:\/\/projectes.xtec.cat\/focus\/wp-json\/wp\/v2\/comments?post=9328"}],"version-history":[{"count":6,"href":"https:\/\/projectes.xtec.cat\/focus\/wp-json\/wp\/v2\/pages\/9328\/revisions"}],"predecessor-version":[{"id":11127,"href":"https:\/\/projectes.xtec.cat\/focus\/wp-json\/wp\/v2\/pages\/9328\/revisions\/11127"}],"wp:attachment":[{"href":"https:\/\/projectes.xtec.cat\/focus\/wp-json\/wp\/v2\/media?parent=9328"}],"curies":[{"name":"wp","href":"https:\/\/api.w.org\/{rel}","templated":true}]}}