{"id":9437,"date":"2023-04-13T16:20:34","date_gmt":"2023-04-13T14:20:34","guid":{"rendered":"https:\/\/projectes.xtec.cat\/focus\/?page_id=9437"},"modified":"2024-09-05T13:33:23","modified_gmt":"2024-09-05T11:33:23","slug":"preproduccio","status":"publish","type":"page","link":"https:\/\/projectes.xtec.cat\/focus\/proces-audiovisual\/preproduccio\/","title":{"rendered":"Preproducci\u00f3"},"content":{"rendered":"\n<p>Va des de la&nbsp;<strong>idea<\/strong>&nbsp;fins al&nbsp;<strong>gui\u00f3<\/strong>&nbsp;i la&nbsp;<strong>preparaci\u00f3 del rodatge<\/strong>. Per\u00f2 en realitat,&nbsp;el proc\u00e9s comen\u00e7a abans de la idea. Perqu\u00e8 les idees no apareixen per generaci\u00f3 espont\u00e0nia, cal treballar i emprar metodologies creatives perqu\u00e8 aflorin.<\/p>\n\n\n\n<div class=\"wp-block-getwid-section getwid-section-content-custom-width\"><div class=\"wp-block-getwid-section__wrapper\"><div class=\"wp-block-getwid-section__inner-wrapper\" style=\"max-width:1454px\"><div class=\"wp-block-getwid-section__background-holder\"><div class=\"wp-block-getwid-section__background\"><\/div><div class=\"wp-block-getwid-section__foreground\"><\/div><\/div><div class=\"wp-block-getwid-section__content\"><div class=\"wp-block-getwid-section__inner-content\">\n<div class=\"wp-block-getwid-content-timeline is-animated\" data-animation=\"slideInSides\" data-filling=\"true\"><div class=\"wp-block-getwid-content-timeline__line\"><div class=\"wp-block-getwid-content-timeline__bar\"><\/div><\/div><div class=\"wp-block-getwid-content-timeline__wrapper\">\n<div class=\"wp-block-getwid-content-timeline-item\"><div class=\"wp-block-getwid-content-timeline-item__wrapper\"><div class=\"wp-block-getwid-content-timeline-item__card\"><div class=\"wp-block-getwid-content-timeline-item__card-wrapper\"><div class=\"wp-block-getwid-content-timeline-item__content-wrapper\"><div class=\"wp-block-getwid-content-timeline-item__mobile-meta\"><p class=\"wp-block-getwid-content-timeline-item__meta-content\"><br><a href=\"https:\/\/projectes.xtec.cat\/focus\/proces-audiovisual\/preproduccio\/fases-produccio-audiovisual\/\">1. Les fases de la producci\u00f3 audiovisual<\/a><\/p><\/div>\n<figure class=\"wp-block-image alignwide size-medium is-style-default\"><img loading=\"lazy\" decoding=\"async\" width=\"300\" height=\"137\" src=\"https:\/\/projectes.xtec.cat\/focus\/wp-content\/uploads\/usu2323\/2023\/04\/fases_produccio-300x137.png\" alt=\"\" class=\"wp-image-9666\" srcset=\"https:\/\/projectes.xtec.cat\/focus\/wp-content\/uploads\/usu2323\/2023\/04\/fases_produccio-300x137.png 300w, https:\/\/projectes.xtec.cat\/focus\/wp-content\/uploads\/usu2323\/2023\/04\/fases_produccio-1024x467.png 1024w, https:\/\/projectes.xtec.cat\/focus\/wp-content\/uploads\/usu2323\/2023\/04\/fases_produccio-768x350.png 768w, https:\/\/projectes.xtec.cat\/focus\/wp-content\/uploads\/usu2323\/2023\/04\/fases_produccio.png 1351w\" sizes=\"auto, (max-width: 300px) 100vw, 300px\" \/><\/figure>\n<\/div><\/div><\/div><div class=\"wp-block-getwid-content-timeline-item__point\"><div class=\"wp-block-getwid-content-timeline-item__point-content\"><\/div><\/div><div class=\"wp-block-getwid-content-timeline-item__meta\"><p class=\"wp-block-getwid-content-timeline-item__meta-content\"><br><a href=\"https:\/\/projectes.xtec.cat\/focus\/proces-audiovisual\/preproduccio\/fases-produccio-audiovisual\/\">1. Les fases de la producci\u00f3 audiovisual<\/a><\/p><\/div><\/div><\/div>\n\n\n\n<div class=\"wp-block-getwid-content-timeline-item\"><div class=\"wp-block-getwid-content-timeline-item__wrapper\"><div class=\"wp-block-getwid-content-timeline-item__card\"><div class=\"wp-block-getwid-content-timeline-item__card-wrapper\"><div class=\"wp-block-getwid-content-timeline-item__content-wrapper\"><div class=\"wp-block-getwid-content-timeline-item__mobile-meta\"><p class=\"wp-block-getwid-content-timeline-item__meta-content\"><a href=\"https:\/\/projectes.xtec.cat\/focus\/proces-audiovisual\/preproduccio\/design-thinking\/\">2. Design thinking<\/a><\/p><\/div>\n<figure class=\"wp-block-image size-large\"><img loading=\"lazy\" decoding=\"async\" width=\"1024\" height=\"577\" src=\"https:\/\/projectes.xtec.cat\/focus\/wp-content\/uploads\/usu2323\/2023\/07\/focus_1-1024x577.png\" alt=\"\" class=\"wp-image-10482\" srcset=\"https:\/\/projectes.xtec.cat\/focus\/wp-content\/uploads\/usu2323\/2023\/07\/focus_1-1024x577.png 1024w, https:\/\/projectes.xtec.cat\/focus\/wp-content\/uploads\/usu2323\/2023\/07\/focus_1-300x169.png 300w, https:\/\/projectes.xtec.cat\/focus\/wp-content\/uploads\/usu2323\/2023\/07\/focus_1-768x432.png 768w, https:\/\/projectes.xtec.cat\/focus\/wp-content\/uploads\/usu2323\/2023\/07\/focus_1.png 1078w\" sizes=\"auto, (max-width: 1024px) 100vw, 1024px\" \/><\/figure>\n<\/div><\/div><\/div><div class=\"wp-block-getwid-content-timeline-item__point\"><div class=\"wp-block-getwid-content-timeline-item__point-content\"><\/div><\/div><div class=\"wp-block-getwid-content-timeline-item__meta\"><p class=\"wp-block-getwid-content-timeline-item__meta-content\"><a href=\"https:\/\/projectes.xtec.cat\/focus\/proces-audiovisual\/preproduccio\/design-thinking\/\">2. Design thinking<\/a><\/p><\/div><\/div><\/div>\n\n\n\n<div class=\"wp-block-getwid-content-timeline-item\"><div class=\"wp-block-getwid-content-timeline-item__wrapper\"><div class=\"wp-block-getwid-content-timeline-item__card\"><div class=\"wp-block-getwid-content-timeline-item__card-wrapper\"><div class=\"wp-block-getwid-content-timeline-item__content-wrapper\"><div class=\"wp-block-getwid-content-timeline-item__mobile-meta\"><p class=\"wp-block-getwid-content-timeline-item__meta-content\"><a href=\"https:\/\/projectes.xtec.cat\/focus\/proces-audiovisual\/preproduccio\/bones-preguntes\/\">3. Fer-se bones preguntes.<\/a><\/p><\/div>\n<figure class=\"wp-block-image alignright size-large\"><img loading=\"lazy\" decoding=\"async\" width=\"1024\" height=\"569\" src=\"https:\/\/projectes.xtec.cat\/focus\/wp-content\/uploads\/usu2323\/2023\/07\/focus_2-1024x569.png\" alt=\"\" class=\"wp-image-10496\" srcset=\"https:\/\/projectes.xtec.cat\/focus\/wp-content\/uploads\/usu2323\/2023\/07\/focus_2-1024x569.png 1024w, https:\/\/projectes.xtec.cat\/focus\/wp-content\/uploads\/usu2323\/2023\/07\/focus_2-300x167.png 300w, https:\/\/projectes.xtec.cat\/focus\/wp-content\/uploads\/usu2323\/2023\/07\/focus_2-768x427.png 768w, https:\/\/projectes.xtec.cat\/focus\/wp-content\/uploads\/usu2323\/2023\/07\/focus_2-1536x853.png 1536w, https:\/\/projectes.xtec.cat\/focus\/wp-content\/uploads\/usu2323\/2023\/07\/focus_2.png 1919w\" sizes=\"auto, (max-width: 1024px) 100vw, 1024px\" \/><\/figure>\n<\/div><\/div><\/div><div class=\"wp-block-getwid-content-timeline-item__point\"><div class=\"wp-block-getwid-content-timeline-item__point-content\"><\/div><\/div><div class=\"wp-block-getwid-content-timeline-item__meta\"><p class=\"wp-block-getwid-content-timeline-item__meta-content\"><a href=\"https:\/\/projectes.xtec.cat\/focus\/proces-audiovisual\/preproduccio\/bones-preguntes\/\">3. Fer-se bones preguntes.<\/a><\/p><\/div><\/div><\/div>\n\n\n\n<div class=\"wp-block-getwid-content-timeline-item\"><div class=\"wp-block-getwid-content-timeline-item__wrapper\"><div class=\"wp-block-getwid-content-timeline-item__card\"><div class=\"wp-block-getwid-content-timeline-item__card-wrapper\"><div class=\"wp-block-getwid-content-timeline-item__content-wrapper\"><div class=\"wp-block-getwid-content-timeline-item__mobile-meta\"><p class=\"wp-block-getwid-content-timeline-item__meta-content\"><a href=\"https:\/\/projectes.xtec.cat\/focus\/proces-audiovisual\/preproduccio\/definir-repte\/\">4. Definir el repte<\/a><\/p><\/div>\n<figure class=\"wp-block-image size-large\"><img loading=\"lazy\" decoding=\"async\" width=\"1024\" height=\"724\" src=\"https:\/\/projectes.xtec.cat\/focus\/wp-content\/uploads\/usu2323\/2023\/07\/Focus04_Repte-grans_A4_page-0001-1024x724.jpg\" alt=\"\" class=\"wp-image-10489\" srcset=\"https:\/\/projectes.xtec.cat\/focus\/wp-content\/uploads\/usu2323\/2023\/07\/Focus04_Repte-grans_A4_page-0001-1024x724.jpg 1024w, https:\/\/projectes.xtec.cat\/focus\/wp-content\/uploads\/usu2323\/2023\/07\/Focus04_Repte-grans_A4_page-0001-300x212.jpg 300w, https:\/\/projectes.xtec.cat\/focus\/wp-content\/uploads\/usu2323\/2023\/07\/Focus04_Repte-grans_A4_page-0001-768x543.jpg 768w, https:\/\/projectes.xtec.cat\/focus\/wp-content\/uploads\/usu2323\/2023\/07\/Focus04_Repte-grans_A4_page-0001-1536x1086.jpg 1536w, https:\/\/projectes.xtec.cat\/focus\/wp-content\/uploads\/usu2323\/2023\/07\/Focus04_Repte-grans_A4_page-0001.jpg 1755w\" sizes=\"auto, (max-width: 1024px) 100vw, 1024px\" \/><\/figure>\n<\/div><\/div><\/div><div class=\"wp-block-getwid-content-timeline-item__point\"><div class=\"wp-block-getwid-content-timeline-item__point-content\"><\/div><\/div><div class=\"wp-block-getwid-content-timeline-item__meta\"><p class=\"wp-block-getwid-content-timeline-item__meta-content\"><a href=\"https:\/\/projectes.xtec.cat\/focus\/proces-audiovisual\/preproduccio\/definir-repte\/\">4. Definir el repte<\/a><\/p><\/div><\/div><\/div>\n\n\n\n<div class=\"wp-block-getwid-content-timeline-item\"><div class=\"wp-block-getwid-content-timeline-item__wrapper\"><div class=\"wp-block-getwid-content-timeline-item__card\"><div class=\"wp-block-getwid-content-timeline-item__card-wrapper\"><div class=\"wp-block-getwid-content-timeline-item__content-wrapper\"><div class=\"wp-block-getwid-content-timeline-item__mobile-meta\"><p class=\"wp-block-getwid-content-timeline-item__meta-content\"><a href=\"https:\/\/projectes.xtec.cat\/focus\/proces-audiovisual\/preproduccio\/ideacio\/\">5. Ideaci\u00f3<\/a><\/p><\/div>\n<figure class=\"wp-block-image alignright size-large\"><img loading=\"lazy\" decoding=\"async\" width=\"1024\" height=\"724\" src=\"https:\/\/projectes.xtec.cat\/focus\/wp-content\/uploads\/usu2323\/2023\/07\/Focus05_Ideacio_DispositioiStoryline_A3_page-0001-1-1024x724.jpg\" alt=\"\" class=\"wp-image-10490\" srcset=\"https:\/\/projectes.xtec.cat\/focus\/wp-content\/uploads\/usu2323\/2023\/07\/Focus05_Ideacio_DispositioiStoryline_A3_page-0001-1-1024x724.jpg 1024w, https:\/\/projectes.xtec.cat\/focus\/wp-content\/uploads\/usu2323\/2023\/07\/Focus05_Ideacio_DispositioiStoryline_A3_page-0001-1-300x212.jpg 300w, https:\/\/projectes.xtec.cat\/focus\/wp-content\/uploads\/usu2323\/2023\/07\/Focus05_Ideacio_DispositioiStoryline_A3_page-0001-1-768x543.jpg 768w, https:\/\/projectes.xtec.cat\/focus\/wp-content\/uploads\/usu2323\/2023\/07\/Focus05_Ideacio_DispositioiStoryline_A3_page-0001-1-1536x1086.jpg 1536w, https:\/\/projectes.xtec.cat\/focus\/wp-content\/uploads\/usu2323\/2023\/07\/Focus05_Ideacio_DispositioiStoryline_A3_page-0001-1-2048x1448.jpg 2048w\" sizes=\"auto, (max-width: 1024px) 100vw, 1024px\" \/><\/figure>\n<\/div><\/div><\/div><div class=\"wp-block-getwid-content-timeline-item__point\"><div class=\"wp-block-getwid-content-timeline-item__point-content\"><\/div><\/div><div class=\"wp-block-getwid-content-timeline-item__meta\"><p class=\"wp-block-getwid-content-timeline-item__meta-content\"><a href=\"https:\/\/projectes.xtec.cat\/focus\/proces-audiovisual\/preproduccio\/ideacio\/\">5. Ideaci\u00f3<\/a><\/p><\/div><\/div><\/div>\n\n\n\n<div class=\"wp-block-getwid-content-timeline-item\"><div class=\"wp-block-getwid-content-timeline-item__wrapper\"><div class=\"wp-block-getwid-content-timeline-item__card\"><div class=\"wp-block-getwid-content-timeline-item__card-wrapper\"><div class=\"wp-block-getwid-content-timeline-item__content-wrapper\"><div class=\"wp-block-getwid-content-timeline-item__mobile-meta\"><p class=\"wp-block-getwid-content-timeline-item__meta-content\"><a href=\"https:\/\/projectes.xtec.cat\/focus\/proces-audiovisual\/preproduccio\/escaleta-guio\/\">6. Escaleta i Gui\u00f3<\/a><\/p><\/div>\n<figure class=\"wp-block-image size-large\"><img loading=\"lazy\" decoding=\"async\" width=\"725\" height=\"1024\" src=\"https:\/\/projectes.xtec.cat\/focus\/wp-content\/uploads\/usu2323\/2023\/07\/Focus07_Guio_A4_page-0001-1-725x1024.jpg\" alt=\"\" class=\"wp-image-10491\" srcset=\"https:\/\/projectes.xtec.cat\/focus\/wp-content\/uploads\/usu2323\/2023\/07\/Focus07_Guio_A4_page-0001-1-725x1024.jpg 725w, https:\/\/projectes.xtec.cat\/focus\/wp-content\/uploads\/usu2323\/2023\/07\/Focus07_Guio_A4_page-0001-1-212x300.jpg 212w, https:\/\/projectes.xtec.cat\/focus\/wp-content\/uploads\/usu2323\/2023\/07\/Focus07_Guio_A4_page-0001-1-768x1085.jpg 768w, https:\/\/projectes.xtec.cat\/focus\/wp-content\/uploads\/usu2323\/2023\/07\/Focus07_Guio_A4_page-0001-1-1087x1536.jpg 1087w, https:\/\/projectes.xtec.cat\/focus\/wp-content\/uploads\/usu2323\/2023\/07\/Focus07_Guio_A4_page-0001-1.jpg 1242w\" sizes=\"auto, (max-width: 725px) 100vw, 725px\" \/><\/figure>\n<\/div><\/div><\/div><div class=\"wp-block-getwid-content-timeline-item__point\"><div class=\"wp-block-getwid-content-timeline-item__point-content\"><\/div><\/div><div class=\"wp-block-getwid-content-timeline-item__meta\"><p class=\"wp-block-getwid-content-timeline-item__meta-content\"><a href=\"https:\/\/projectes.xtec.cat\/focus\/proces-audiovisual\/preproduccio\/escaleta-guio\/\">6. Escaleta i Gui\u00f3<\/a><\/p><\/div><\/div><\/div>\n\n\n\n<div class=\"wp-block-getwid-content-timeline-item\"><div class=\"wp-block-getwid-content-timeline-item__wrapper\"><div class=\"wp-block-getwid-content-timeline-item__card\"><div class=\"wp-block-getwid-content-timeline-item__card-wrapper\"><div class=\"wp-block-getwid-content-timeline-item__content-wrapper\"><div class=\"wp-block-getwid-content-timeline-item__mobile-meta\"><p class=\"wp-block-getwid-content-timeline-item__meta-content\"><a href=\"https:\/\/projectes.xtec.cat\/focus\/proces-audiovisual\/preproduccio\/pla-produccio\/\">7. Pla de producci\u00f3<\/a><\/p><\/div>\n<figure class=\"wp-block-image alignright size-large\"><img loading=\"lazy\" decoding=\"async\" width=\"724\" height=\"1024\" src=\"https:\/\/projectes.xtec.cat\/focus\/wp-content\/uploads\/usu2323\/2023\/07\/Focus08_Plaproduccio_A4_page-0001-1-724x1024.jpg\" alt=\"\" class=\"wp-image-10492\" srcset=\"https:\/\/projectes.xtec.cat\/focus\/wp-content\/uploads\/usu2323\/2023\/07\/Focus08_Plaproduccio_A4_page-0001-1-724x1024.jpg 724w, https:\/\/projectes.xtec.cat\/focus\/wp-content\/uploads\/usu2323\/2023\/07\/Focus08_Plaproduccio_A4_page-0001-1-212x300.jpg 212w, https:\/\/projectes.xtec.cat\/focus\/wp-content\/uploads\/usu2323\/2023\/07\/Focus08_Plaproduccio_A4_page-0001-1-768x1086.jpg 768w, https:\/\/projectes.xtec.cat\/focus\/wp-content\/uploads\/usu2323\/2023\/07\/Focus08_Plaproduccio_A4_page-0001-1-1086x1536.jpg 1086w, https:\/\/projectes.xtec.cat\/focus\/wp-content\/uploads\/usu2323\/2023\/07\/Focus08_Plaproduccio_A4_page-0001-1.jpg 1241w\" sizes=\"auto, (max-width: 724px) 100vw, 724px\" \/><\/figure>\n<\/div><\/div><\/div><div class=\"wp-block-getwid-content-timeline-item__point\"><div class=\"wp-block-getwid-content-timeline-item__point-content\"><\/div><\/div><div class=\"wp-block-getwid-content-timeline-item__meta\"><p class=\"wp-block-getwid-content-timeline-item__meta-content\"><a href=\"https:\/\/projectes.xtec.cat\/focus\/proces-audiovisual\/preproduccio\/pla-produccio\/\">7. Pla de producci\u00f3<\/a><\/p><\/div><\/div><\/div>\n\n\n\n<div class=\"wp-block-getwid-content-timeline-item\"><div class=\"wp-block-getwid-content-timeline-item__wrapper\"><div class=\"wp-block-getwid-content-timeline-item__card\"><div class=\"wp-block-getwid-content-timeline-item__card-wrapper\"><div class=\"wp-block-getwid-content-timeline-item__content-wrapper\"><div class=\"wp-block-getwid-content-timeline-item__mobile-meta\"><p class=\"wp-block-getwid-content-timeline-item__meta-content\"><span class=\"has-inline-color has-ast-global-color-0-color\"><a href=\"https:\/\/projectes.xtec.cat\/focus\/proces-audiovisual\/preproduccio\/drets-imatge\/\">8. Drets d&#8217;imatge<\/a><\/span><\/p><\/div>\n<figure class=\"wp-block-image size-large\"><img loading=\"lazy\" decoding=\"async\" width=\"724\" height=\"1024\" src=\"https:\/\/projectes.xtec.cat\/focus\/wp-content\/uploads\/usu2323\/2024\/09\/menors14_focus-1-724x1024.jpg\" alt=\"\" class=\"wp-image-11051\" srcset=\"https:\/\/projectes.xtec.cat\/focus\/wp-content\/uploads\/usu2323\/2024\/09\/menors14_focus-1-724x1024.jpg 724w, https:\/\/projectes.xtec.cat\/focus\/wp-content\/uploads\/usu2323\/2024\/09\/menors14_focus-1-212x300.jpg 212w, https:\/\/projectes.xtec.cat\/focus\/wp-content\/uploads\/usu2323\/2024\/09\/menors14_focus-1-768x1086.jpg 768w, https:\/\/projectes.xtec.cat\/focus\/wp-content\/uploads\/usu2323\/2024\/09\/menors14_focus-1-1086x1536.jpg 1086w, https:\/\/projectes.xtec.cat\/focus\/wp-content\/uploads\/usu2323\/2024\/09\/menors14_focus-1.jpg 1241w\" sizes=\"auto, (max-width: 724px) 100vw, 724px\" \/><\/figure>\n<\/div><\/div><\/div><div class=\"wp-block-getwid-content-timeline-item__point\"><div class=\"wp-block-getwid-content-timeline-item__point-content\"><\/div><\/div><div class=\"wp-block-getwid-content-timeline-item__meta\"><p class=\"wp-block-getwid-content-timeline-item__meta-content\"><span class=\"has-inline-color has-ast-global-color-0-color\"><a href=\"https:\/\/projectes.xtec.cat\/focus\/proces-audiovisual\/preproduccio\/drets-imatge\/\">8. Drets d&#8217;imatge<\/a><\/span><\/p><\/div><\/div><\/div>\n<\/div><\/div>\n<\/div><\/div><\/div><\/div><\/div>\n\n\n\n<div style=\"height:199px\" aria-hidden=\"true\" class=\"wp-block-spacer\"><\/div>\n","protected":false},"excerpt":{"rendered":"<p>Va des de la&nbsp;idea&nbsp;fins al&nbsp;gui\u00f3&nbsp;i la&nbsp;preparaci\u00f3 del rodatge. Per\u00f2 en realitat,&nbsp;el proc\u00e9s comen\u00e7a abans de la idea. Perqu\u00e8 les idees no apareixen per generaci\u00f3 espont\u00e0nia, cal treballar i emprar metodologies creatives perqu\u00e8 aflorin.<\/p>\n","protected":false},"author":3,"featured_media":0,"parent":9328,"menu_order":0,"comment_status":"closed","ping_status":"closed","template":"","meta":{"_bbp_topic_count":0,"_bbp_reply_count":0,"_bbp_total_topic_count":0,"_bbp_total_reply_count":0,"_bbp_voice_count":0,"_bbp_anonymous_reply_count":0,"_bbp_topic_count_hidden":0,"_bbp_reply_count_hidden":0,"_bbp_forum_subforum_count":0,"site-sidebar-layout":"default","site-content-layout":"","ast-site-content-layout":"default","site-content-style":"default","site-sidebar-style":"default","ast-global-header-display":"","ast-banner-title-visibility":"","ast-main-header-display":"","ast-hfb-above-header-display":"","ast-hfb-below-header-display":"","ast-hfb-mobile-header-display":"","site-post-title":"","ast-breadcrumbs-content":"","ast-featured-img":"","footer-sml-layout":"","theme-transparent-header-meta":"","adv-header-id-meta":"","stick-header-meta":"","header-above-stick-meta":"","header-main-stick-meta":"","header-below-stick-meta":"","astra-migrate-meta-layouts":"set","ast-page-background-enabled":"default","ast-page-background-meta":{"desktop":{"background-color":"var(--ast-global-color-4)","background-image":"","background-repeat":"repeat","background-position":"center center","background-size":"auto","background-attachment":"scroll","background-type":"","background-media":"","overlay-type":"","overlay-color":"","overlay-opacity":"","overlay-gradient":""},"tablet":{"background-color":"","background-image":"","background-repeat":"repeat","background-position":"center center","background-size":"auto","background-attachment":"scroll","background-type":"","background-media":"","overlay-type":"","overlay-color":"","overlay-opacity":"","overlay-gradient":""},"mobile":{"background-color":"","background-image":"","background-repeat":"repeat","background-position":"center center","background-size":"auto","background-attachment":"scroll","background-type":"","background-media":"","overlay-type":"","overlay-color":"","overlay-opacity":"","overlay-gradient":""}},"ast-content-background-meta":{"desktop":{"background-color":"var(--ast-global-color-5)","background-image":"","background-repeat":"repeat","background-position":"center center","background-size":"auto","background-attachment":"scroll","background-type":"","background-media":"","overlay-type":"","overlay-color":"","overlay-opacity":"","overlay-gradient":""},"tablet":{"background-color":"var(--ast-global-color-5)","background-image":"","background-repeat":"repeat","background-position":"center center","background-size":"auto","background-attachment":"scroll","background-type":"","background-media":"","overlay-type":"","overlay-color":"","overlay-opacity":"","overlay-gradient":""},"mobile":{"background-color":"var(--ast-global-color-5)","background-image":"","background-repeat":"repeat","background-position":"center center","background-size":"auto","background-attachment":"scroll","background-type":"","background-media":"","overlay-type":"","overlay-color":"","overlay-opacity":"","overlay-gradient":""}},"footnotes":""},"class_list":["post-9437","page","type-page","status-publish","hentry"],"post_mailing_queue_ids":[],"_links":{"self":[{"href":"https:\/\/projectes.xtec.cat\/focus\/wp-json\/wp\/v2\/pages\/9437","targetHints":{"allow":["GET"]}}],"collection":[{"href":"https:\/\/projectes.xtec.cat\/focus\/wp-json\/wp\/v2\/pages"}],"about":[{"href":"https:\/\/projectes.xtec.cat\/focus\/wp-json\/wp\/v2\/types\/page"}],"author":[{"embeddable":true,"href":"https:\/\/projectes.xtec.cat\/focus\/wp-json\/wp\/v2\/users\/3"}],"replies":[{"embeddable":true,"href":"https:\/\/projectes.xtec.cat\/focus\/wp-json\/wp\/v2\/comments?post=9437"}],"version-history":[{"count":6,"href":"https:\/\/projectes.xtec.cat\/focus\/wp-json\/wp\/v2\/pages\/9437\/revisions"}],"predecessor-version":[{"id":11052,"href":"https:\/\/projectes.xtec.cat\/focus\/wp-json\/wp\/v2\/pages\/9437\/revisions\/11052"}],"up":[{"embeddable":true,"href":"https:\/\/projectes.xtec.cat\/focus\/wp-json\/wp\/v2\/pages\/9328"}],"wp:attachment":[{"href":"https:\/\/projectes.xtec.cat\/focus\/wp-json\/wp\/v2\/media?parent=9437"}],"curies":[{"name":"wp","href":"https:\/\/api.w.org\/{rel}","templated":true}]}}