{"id":9455,"date":"2023-04-14T13:17:35","date_gmt":"2023-04-14T11:17:35","guid":{"rendered":"https:\/\/projectes.xtec.cat\/focus\/?page_id=9455"},"modified":"2023-07-24T11:46:56","modified_gmt":"2023-07-24T09:46:56","slug":"ideacio","status":"publish","type":"page","link":"https:\/\/projectes.xtec.cat\/focus\/proces-audiovisual\/preproduccio\/ideacio\/","title":{"rendered":"5. Ideaci\u00f3"},"content":{"rendered":"\n<div class=\"wp-block-getwid-section alignfull alignfull getwid-section-content-custom-width\"><div class=\"wp-block-getwid-section__wrapper getwid-padding-left-medium getwid-padding-right-medium\"><div class=\"wp-block-getwid-section__inner-wrapper\" style=\"max-width:1140px\"><div class=\"wp-block-getwid-section__background-holder\"><div class=\"wp-block-getwid-section__background\"><\/div><div class=\"wp-block-getwid-section__foreground\"><\/div><\/div><div class=\"wp-block-getwid-section__content\"><div class=\"wp-block-getwid-section__inner-content\">\n<div class=\"wp-block-columns has-2-columns are-vertically-aligned-center is-layout-flex wp-container-core-columns-is-layout-1 wp-block-columns-is-layout-flex\">\n<div class=\"wp-block-column is-vertically-aligned-center is-layout-flow wp-block-column-is-layout-flow\">\n<div class=\"wp-block-getwid-advanced-heading\" style=\"margin-bottom:30px;margin-top:10px\"><h2 class=\"wp-block-getwid-advanced-heading__content\">Estrat\u00e8gies narratives i did\u00e0ctiques<\/h2><\/div>\n\n\n\n<p id=\"block-acd395c9-c973-4e3e-aabd-fb2b2a85b8fd\">Si volem que els nostres audiovisuals de sabers curriculars provoquin un coneixement perdurable, caldr\u00e0 que busquem&nbsp;<strong>estrat\u00e8gies o dispositius narratius<\/strong>&nbsp;perqu\u00e8 el p\u00fablic els recordi. <br><br>Cal que treballem fons i forma perqu\u00e8 el contingut arribi de la millor manera possible i respongui la pregunta plantejada. Treballarem&nbsp;<strong>el fons i la forma<\/strong>&nbsp;conjuntament, s\u00f3n inseparables: el plantejament del contingut ens portar\u00e0 a la forma, al dispositiu.<\/p>\n<\/div>\n<\/div>\n<\/div><\/div><\/div><\/div><\/div>\n\n\n\n<div class=\"wp-block-getwid-section alignfull alignfull getwid-section-content-custom-width\"><div class=\"wp-block-getwid-section__wrapper getwid-padding-left-medium getwid-padding-right-medium\"><div class=\"wp-block-getwid-section__inner-wrapper\" style=\"max-width:1140px\"><div class=\"wp-block-getwid-section__background-holder\"><div class=\"wp-block-getwid-section__background\"><\/div><div class=\"wp-block-getwid-section__foreground\"><\/div><\/div><div class=\"wp-block-getwid-section__content\"><div class=\"wp-block-getwid-section__inner-content\">\n<div class=\"wp-block-columns has-2-columns are-vertically-aligned-center is-layout-flex wp-container-core-columns-is-layout-2 wp-block-columns-is-layout-flex\">\n<div class=\"wp-block-column is-vertically-aligned-center is-layout-flow wp-block-column-is-layout-flow\">\n<div class=\"wp-block-getwid-advanced-heading\" style=\"margin-bottom:30px;margin-top:10px\"><h2 class=\"wp-block-getwid-advanced-heading__content\">Dispositiu i storyline<\/h2><\/div>\n\n\n\n<p id=\"block-acd395c9-c973-4e3e-aabd-fb2b2a85b8fd\">A partir del <strong>contingut <\/strong>(la pregunta que volem contestar amb l\u2019audiovisual) idearem mitjan\u00e7ant una pluja d\u2019idees per escrit, diverses <strong>estrat\u00e8gies <\/strong>(narratives i did\u00e0ctiques) que conformaran possibles escenes del nostre audiovisual.<\/p>\n\n\n\n<p> <\/p>\n<\/div>\n\n\n\n<div class=\"wp-block-column is-vertically-aligned-center is-layout-flow wp-block-column-is-layout-flow\">\n<figure class=\"wp-block-image size-large caixa\"><img loading=\"lazy\" decoding=\"async\" width=\"1024\" height=\"724\" src=\"https:\/\/projectes.xtec.cat\/focus\/wp-content\/uploads\/usu2323\/2023\/07\/Focus05_Ideacio_DispositioiStoryline_A3_page-0001-1-1024x724.jpg\" alt=\"\" class=\"wp-image-10490\" srcset=\"https:\/\/projectes.xtec.cat\/focus\/wp-content\/uploads\/usu2323\/2023\/07\/Focus05_Ideacio_DispositioiStoryline_A3_page-0001-1-1024x724.jpg 1024w, https:\/\/projectes.xtec.cat\/focus\/wp-content\/uploads\/usu2323\/2023\/07\/Focus05_Ideacio_DispositioiStoryline_A3_page-0001-1-300x212.jpg 300w, https:\/\/projectes.xtec.cat\/focus\/wp-content\/uploads\/usu2323\/2023\/07\/Focus05_Ideacio_DispositioiStoryline_A3_page-0001-1-768x543.jpg 768w, https:\/\/projectes.xtec.cat\/focus\/wp-content\/uploads\/usu2323\/2023\/07\/Focus05_Ideacio_DispositioiStoryline_A3_page-0001-1-1536x1086.jpg 1536w, https:\/\/projectes.xtec.cat\/focus\/wp-content\/uploads\/usu2323\/2023\/07\/Focus05_Ideacio_DispositioiStoryline_A3_page-0001-1-2048x1448.jpg 2048w\" sizes=\"auto, (max-width: 1024px) 100vw, 1024px\" \/><\/figure>\n\n\n\n<figure class=\"wp-block-image size-large\"><a href=\"https:\/\/projectes.xtec.cat\/focus\/wp-content\/uploads\/usu2323\/2023\/07\/Focus05_Ideacio_DispositioiStoryline_A3.pdf\" target=\"_blank\" rel=\"noopener\"><img loading=\"lazy\" decoding=\"async\" width=\"24\" height=\"24\" src=\"https:\/\/projectes.xtec.cat\/focus\/wp-content\/uploads\/usu2323\/2023\/04\/icons8-download-24-1.png\" alt=\"\" class=\"wp-image-9683\"\/><\/a><\/figure>\n<\/div>\n<\/div>\n<\/div><\/div><\/div><\/div><\/div>\n\n\n\n<p><\/p>\n","protected":false},"excerpt":{"rendered":"","protected":false},"author":1,"featured_media":0,"parent":9437,"menu_order":0,"comment_status":"closed","ping_status":"closed","template":"","meta":{"_bbp_topic_count":0,"_bbp_reply_count":0,"_bbp_total_topic_count":0,"_bbp_total_reply_count":0,"_bbp_voice_count":0,"_bbp_anonymous_reply_count":0,"_bbp_topic_count_hidden":0,"_bbp_reply_count_hidden":0,"_bbp_forum_subforum_count":0,"site-sidebar-layout":"default","site-content-layout":"","ast-site-content-layout":"","site-content-style":"default","site-sidebar-style":"default","ast-global-header-display":"","ast-banner-title-visibility":"","ast-main-header-display":"","ast-hfb-above-header-display":"","ast-hfb-below-header-display":"","ast-hfb-mobile-header-display":"","site-post-title":"","ast-breadcrumbs-content":"","ast-featured-img":"","footer-sml-layout":"","theme-transparent-header-meta":"","adv-header-id-meta":"","stick-header-meta":"","header-above-stick-meta":"","header-main-stick-meta":"","header-below-stick-meta":"","astra-migrate-meta-layouts":"default","ast-page-background-enabled":"default","ast-page-background-meta":{"desktop":{"background-color":"var(--ast-global-color-4)","background-image":"","background-repeat":"repeat","background-position":"center center","background-size":"auto","background-attachment":"scroll","background-type":"","background-media":"","overlay-type":"","overlay-color":"","overlay-opacity":"","overlay-gradient":""},"tablet":{"background-color":"","background-image":"","background-repeat":"repeat","background-position":"center center","background-size":"auto","background-attachment":"scroll","background-type":"","background-media":"","overlay-type":"","overlay-color":"","overlay-opacity":"","overlay-gradient":""},"mobile":{"background-color":"","background-image":"","background-repeat":"repeat","background-position":"center center","background-size":"auto","background-attachment":"scroll","background-type":"","background-media":"","overlay-type":"","overlay-color":"","overlay-opacity":"","overlay-gradient":""}},"ast-content-background-meta":{"desktop":{"background-color":"var(--ast-global-color-5)","background-image":"","background-repeat":"repeat","background-position":"center center","background-size":"auto","background-attachment":"scroll","background-type":"","background-media":"","overlay-type":"","overlay-color":"","overlay-opacity":"","overlay-gradient":""},"tablet":{"background-color":"var(--ast-global-color-5)","background-image":"","background-repeat":"repeat","background-position":"center center","background-size":"auto","background-attachment":"scroll","background-type":"","background-media":"","overlay-type":"","overlay-color":"","overlay-opacity":"","overlay-gradient":""},"mobile":{"background-color":"var(--ast-global-color-5)","background-image":"","background-repeat":"repeat","background-position":"center center","background-size":"auto","background-attachment":"scroll","background-type":"","background-media":"","overlay-type":"","overlay-color":"","overlay-opacity":"","overlay-gradient":""}},"footnotes":""},"class_list":["post-9455","page","type-page","status-publish","hentry"],"post_mailing_queue_ids":[],"_links":{"self":[{"href":"https:\/\/projectes.xtec.cat\/focus\/wp-json\/wp\/v2\/pages\/9455","targetHints":{"allow":["GET"]}}],"collection":[{"href":"https:\/\/projectes.xtec.cat\/focus\/wp-json\/wp\/v2\/pages"}],"about":[{"href":"https:\/\/projectes.xtec.cat\/focus\/wp-json\/wp\/v2\/types\/page"}],"author":[{"embeddable":true,"href":"https:\/\/projectes.xtec.cat\/focus\/wp-json\/wp\/v2\/users\/1"}],"replies":[{"embeddable":true,"href":"https:\/\/projectes.xtec.cat\/focus\/wp-json\/wp\/v2\/comments?post=9455"}],"version-history":[{"count":3,"href":"https:\/\/projectes.xtec.cat\/focus\/wp-json\/wp\/v2\/pages\/9455\/revisions"}],"predecessor-version":[{"id":10508,"href":"https:\/\/projectes.xtec.cat\/focus\/wp-json\/wp\/v2\/pages\/9455\/revisions\/10508"}],"up":[{"embeddable":true,"href":"https:\/\/projectes.xtec.cat\/focus\/wp-json\/wp\/v2\/pages\/9437"}],"wp:attachment":[{"href":"https:\/\/projectes.xtec.cat\/focus\/wp-json\/wp\/v2\/media?parent=9455"}],"curies":[{"name":"wp","href":"https:\/\/api.w.org\/{rel}","templated":true}]}}