{"id":9461,"date":"2023-04-19T13:05:11","date_gmt":"2023-04-19T11:05:11","guid":{"rendered":"https:\/\/projectes.xtec.cat\/focus\/?page_id=9461"},"modified":"2023-07-24T11:48:57","modified_gmt":"2023-07-24T09:48:57","slug":"escaleta-guio","status":"publish","type":"page","link":"https:\/\/projectes.xtec.cat\/focus\/proces-audiovisual\/preproduccio\/escaleta-guio\/","title":{"rendered":"6. Escaleta i gui\u00f3"},"content":{"rendered":"\n<div class=\"wp-block-getwid-section alignfull alignfull getwid-section-content-custom-width\"><div class=\"wp-block-getwid-section__wrapper getwid-padding-left-medium getwid-padding-right-medium\"><div class=\"wp-block-getwid-section__inner-wrapper\" style=\"max-width:1140px\"><div class=\"wp-block-getwid-section__background-holder\"><div class=\"wp-block-getwid-section__background\"><\/div><div class=\"wp-block-getwid-section__foreground\"><\/div><\/div><div class=\"wp-block-getwid-section__content\"><div class=\"wp-block-getwid-section__inner-content\">\n<div class=\"wp-block-columns has-2-columns are-vertically-aligned-center is-layout-flex wp-container-core-columns-is-layout-1 wp-block-columns-is-layout-flex\">\n<div class=\"wp-block-column is-vertically-aligned-center is-layout-flow wp-block-column-is-layout-flow\">\n<div class=\"wp-block-getwid-advanced-heading\" style=\"margin-bottom:30px;margin-top:10px\"><h2 class=\"wp-block-getwid-advanced-heading__content\"><a href=\"Escaleta: estructurant el nostre v\u00eddeo de principi a fi\">Escaleta: estructurant el nostre v\u00eddeo de principi a fi<\/a><\/h2><\/div>\n\n\n\n<p>&nbsp;L&#8217;escaleta \u00e9s com l&#8217;\u00edndex de cap\u00edtols d&#8217;un llibre: \u00e9s<strong>&nbsp;la llista d&#8217;escenes <\/strong>que ens condueixen des de <strong>l&#8217;inici<\/strong> (plantejament)&nbsp;<strong>fins al final<\/strong>&nbsp;del relat (desenlla\u00e7), passant per tots els entrebancs (nus), explicacions, demostracions, exemples, met\u00e0fores\u2026<\/p>\n\n\n\n<p>&nbsp;L&#8217;escaleta \u00e9s una tasca important a vegades menystinguda i \u00e9s un bon pas previ abans de l&#8217;escriptura final del gui\u00f3 perqu\u00e8 ens ajuda a passar d&#8217;una unitat m\u00e9s petita i poc concreta com \u00e9s la idea, a la concreci\u00f3 molt m\u00e9s llarga i definitiva del gui\u00f3. Aquest pas intermedi ens ajuda a estructurar i a no deixar-nos res rellevant al gui\u00f3.<\/p>\n<\/div>\n\n\n\n<div class=\"wp-block-column is-vertically-aligned-center is-layout-flow wp-block-column-is-layout-flow\">\n<div class=\"wp-block-image caixa\"><figure class=\"aligncenter size-large\"><img loading=\"lazy\" decoding=\"async\" width=\"724\" height=\"1024\" src=\"https:\/\/projectes.xtec.cat\/focus\/wp-content\/uploads\/usu2323\/2023\/07\/Focus06_Escaleta_A3_page-0001-1-724x1024.jpg\" alt=\"\" class=\"wp-image-10509\" srcset=\"https:\/\/projectes.xtec.cat\/focus\/wp-content\/uploads\/usu2323\/2023\/07\/Focus06_Escaleta_A3_page-0001-1-724x1024.jpg 724w, https:\/\/projectes.xtec.cat\/focus\/wp-content\/uploads\/usu2323\/2023\/07\/Focus06_Escaleta_A3_page-0001-1-212x300.jpg 212w, https:\/\/projectes.xtec.cat\/focus\/wp-content\/uploads\/usu2323\/2023\/07\/Focus06_Escaleta_A3_page-0001-1-768x1086.jpg 768w, https:\/\/projectes.xtec.cat\/focus\/wp-content\/uploads\/usu2323\/2023\/07\/Focus06_Escaleta_A3_page-0001-1-1086x1536.jpg 1086w, https:\/\/projectes.xtec.cat\/focus\/wp-content\/uploads\/usu2323\/2023\/07\/Focus06_Escaleta_A3_page-0001-1-1448x2048.jpg 1448w, https:\/\/projectes.xtec.cat\/focus\/wp-content\/uploads\/usu2323\/2023\/07\/Focus06_Escaleta_A3_page-0001-1.jpg 1755w\" sizes=\"auto, (max-width: 724px) 100vw, 724px\" \/><\/figure><\/div>\n\n\n\n<figure class=\"wp-block-image size-large is-resized\"><a href=\"https:\/\/projectes.xtec.cat\/focus\/wp-content\/uploads\/usu2323\/2023\/07\/Focus06_Escaleta_A3.pdf\" target=\"_blank\" rel=\"noopener\"><img loading=\"lazy\" decoding=\"async\" src=\"https:\/\/projectes.xtec.cat\/focus\/wp-content\/uploads\/usu2323\/2023\/04\/icons8-download-24-2.png\" alt=\"\" class=\"wp-image-9686\" width=\"24\" height=\"24\"\/><\/a><\/figure>\n<\/div>\n<\/div>\n<\/div><\/div><\/div><\/div><\/div>\n\n\n\n<div class=\"wp-block-getwid-section alignfull alignfull getwid-section-content-custom-width\"><div class=\"wp-block-getwid-section__wrapper getwid-padding-left-medium getwid-padding-right-medium\"><div class=\"wp-block-getwid-section__inner-wrapper\" style=\"max-width:1140px\"><div class=\"wp-block-getwid-section__background-holder\"><div class=\"wp-block-getwid-section__background\"><\/div><div class=\"wp-block-getwid-section__foreground\"><\/div><\/div><div class=\"wp-block-getwid-section__content\"><div class=\"wp-block-getwid-section__inner-content\">\n<div class=\"wp-block-columns has-2-columns are-vertically-aligned-center is-layout-flex wp-container-core-columns-is-layout-2 wp-block-columns-is-layout-flex\">\n<div class=\"wp-block-column is-vertically-aligned-center is-layout-flow wp-block-column-is-layout-flow\">\n<div class=\"wp-block-getwid-advanced-heading\" style=\"margin-bottom:30px;margin-top:10px\"><h2 class=\"wp-block-getwid-advanced-heading__content\"><a href=\"Escaleta: estructurant el nostre v\u00eddeo de principi a fi\">El gui\u00f3<\/a><\/h2><\/div>\n\n\n\n<p>Amb l&#8217;escaleta no n&#8217;hi ha prou per afrontar el rodatge amb garanties. Si agafem la c\u00e0mera i comencem a gravar, al cap de poc, ens comen\u00e7arien a sorgir dubtes. Ens manquen detalls, concreci\u00f3: qu\u00e8 direm, qu\u00e8 veurem. Aix\u00f2 es resol amb un darrer pas: el gui\u00f3.<\/p>\n\n\n\n<p>El <strong>gui\u00f3 literari<\/strong> \u00e9s l&#8217;escrit detallat on es&nbsp;<strong>concreten<\/strong>&nbsp;les&nbsp;<strong>accions<\/strong>&nbsp;i els&nbsp;<strong>di\u00e0legs<\/strong>. Dit d\u2019una altra manera, especificarem qu\u00e8 veurem i qu\u00e8 escoltarem.<\/p>\n\n\n\n<p>El <strong>gui\u00f3 obert<\/strong> (reportatge), si el nostre v\u00eddeo cont\u00e9 entrevistes, no podrem tenir un gui\u00f3 definitiu amb tot el text de qu\u00e8 es diu. En aquest cas el gui\u00f3 concretar\u00e0 <strong>les preguntes<\/strong> i farem una <strong>previsi\u00f3 de les imatges<\/strong> que creiem que podrien acompanyar les paraules de la persona entrevistada.<\/p>\n\n\n\n<p>El <strong>gui\u00f3 t\u00e8cnic <\/strong>\u00e9s l&#8217;evoluci\u00f3 del gui\u00f3 literari amb algunes <strong>indicacions t\u00e8cniques<\/strong>, com els tipus de pla que emprarem o indicacions de r\u00e8tols i m\u00fasiques.<\/p>\n<\/div>\n\n\n\n<div class=\"wp-block-column is-vertically-aligned-center is-layout-flow wp-block-column-is-layout-flow\">\n<div class=\"wp-block-image caixa\"><figure class=\"aligncenter size-large\"><img loading=\"lazy\" decoding=\"async\" width=\"725\" height=\"1024\" src=\"https:\/\/projectes.xtec.cat\/focus\/wp-content\/uploads\/usu2323\/2023\/07\/Focus07_Guio_A4_page-0001-1-725x1024.jpg\" alt=\"\" class=\"wp-image-10491\" srcset=\"https:\/\/projectes.xtec.cat\/focus\/wp-content\/uploads\/usu2323\/2023\/07\/Focus07_Guio_A4_page-0001-1-725x1024.jpg 725w, https:\/\/projectes.xtec.cat\/focus\/wp-content\/uploads\/usu2323\/2023\/07\/Focus07_Guio_A4_page-0001-1-212x300.jpg 212w, https:\/\/projectes.xtec.cat\/focus\/wp-content\/uploads\/usu2323\/2023\/07\/Focus07_Guio_A4_page-0001-1-768x1085.jpg 768w, https:\/\/projectes.xtec.cat\/focus\/wp-content\/uploads\/usu2323\/2023\/07\/Focus07_Guio_A4_page-0001-1-1087x1536.jpg 1087w, https:\/\/projectes.xtec.cat\/focus\/wp-content\/uploads\/usu2323\/2023\/07\/Focus07_Guio_A4_page-0001-1.jpg 1242w\" sizes=\"auto, (max-width: 725px) 100vw, 725px\" \/><\/figure><\/div>\n\n\n\n<figure class=\"wp-block-image size-large is-resized\"><a href=\"https:\/\/projectes.xtec.cat\/focus\/wp-content\/uploads\/usu2323\/2023\/07\/Focus07_Guio_A4.pdf\" target=\"_blank\" rel=\"noopener\"><img loading=\"lazy\" decoding=\"async\" src=\"https:\/\/projectes.xtec.cat\/focus\/wp-content\/uploads\/usu2323\/2023\/04\/icons8-download-24-3.png\" alt=\"\" class=\"wp-image-9687\" width=\"24\" height=\"24\"\/><\/a><\/figure>\n<\/div>\n<\/div>\n<\/div><\/div><\/div><\/div><\/div>\n","protected":false},"excerpt":{"rendered":"","protected":false},"author":1,"featured_media":0,"parent":9437,"menu_order":0,"comment_status":"closed","ping_status":"closed","template":"","meta":{"_bbp_topic_count":0,"_bbp_reply_count":0,"_bbp_total_topic_count":0,"_bbp_total_reply_count":0,"_bbp_voice_count":0,"_bbp_anonymous_reply_count":0,"_bbp_topic_count_hidden":0,"_bbp_reply_count_hidden":0,"_bbp_forum_subforum_count":0,"site-sidebar-layout":"default","site-content-layout":"","ast-site-content-layout":"","site-content-style":"default","site-sidebar-style":"default","ast-global-header-display":"","ast-banner-title-visibility":"","ast-main-header-display":"","ast-hfb-above-header-display":"","ast-hfb-below-header-display":"","ast-hfb-mobile-header-display":"","site-post-title":"","ast-breadcrumbs-content":"","ast-featured-img":"","footer-sml-layout":"","theme-transparent-header-meta":"","adv-header-id-meta":"","stick-header-meta":"","header-above-stick-meta":"","header-main-stick-meta":"","header-below-stick-meta":"","astra-migrate-meta-layouts":"default","ast-page-background-enabled":"default","ast-page-background-meta":{"desktop":{"background-color":"var(--ast-global-color-4)","background-image":"","background-repeat":"repeat","background-position":"center center","background-size":"auto","background-attachment":"scroll","background-type":"","background-media":"","overlay-type":"","overlay-color":"","overlay-opacity":"","overlay-gradient":""},"tablet":{"background-color":"","background-image":"","background-repeat":"repeat","background-position":"center center","background-size":"auto","background-attachment":"scroll","background-type":"","background-media":"","overlay-type":"","overlay-color":"","overlay-opacity":"","overlay-gradient":""},"mobile":{"background-color":"","background-image":"","background-repeat":"repeat","background-position":"center center","background-size":"auto","background-attachment":"scroll","background-type":"","background-media":"","overlay-type":"","overlay-color":"","overlay-opacity":"","overlay-gradient":""}},"ast-content-background-meta":{"desktop":{"background-color":"var(--ast-global-color-5)","background-image":"","background-repeat":"repeat","background-position":"center center","background-size":"auto","background-attachment":"scroll","background-type":"","background-media":"","overlay-type":"","overlay-color":"","overlay-opacity":"","overlay-gradient":""},"tablet":{"background-color":"var(--ast-global-color-5)","background-image":"","background-repeat":"repeat","background-position":"center center","background-size":"auto","background-attachment":"scroll","background-type":"","background-media":"","overlay-type":"","overlay-color":"","overlay-opacity":"","overlay-gradient":""},"mobile":{"background-color":"var(--ast-global-color-5)","background-image":"","background-repeat":"repeat","background-position":"center center","background-size":"auto","background-attachment":"scroll","background-type":"","background-media":"","overlay-type":"","overlay-color":"","overlay-opacity":"","overlay-gradient":""}},"footnotes":""},"class_list":["post-9461","page","type-page","status-publish","hentry"],"post_mailing_queue_ids":[],"_links":{"self":[{"href":"https:\/\/projectes.xtec.cat\/focus\/wp-json\/wp\/v2\/pages\/9461","targetHints":{"allow":["GET"]}}],"collection":[{"href":"https:\/\/projectes.xtec.cat\/focus\/wp-json\/wp\/v2\/pages"}],"about":[{"href":"https:\/\/projectes.xtec.cat\/focus\/wp-json\/wp\/v2\/types\/page"}],"author":[{"embeddable":true,"href":"https:\/\/projectes.xtec.cat\/focus\/wp-json\/wp\/v2\/users\/1"}],"replies":[{"embeddable":true,"href":"https:\/\/projectes.xtec.cat\/focus\/wp-json\/wp\/v2\/comments?post=9461"}],"version-history":[{"count":3,"href":"https:\/\/projectes.xtec.cat\/focus\/wp-json\/wp\/v2\/pages\/9461\/revisions"}],"predecessor-version":[{"id":10511,"href":"https:\/\/projectes.xtec.cat\/focus\/wp-json\/wp\/v2\/pages\/9461\/revisions\/10511"}],"up":[{"embeddable":true,"href":"https:\/\/projectes.xtec.cat\/focus\/wp-json\/wp\/v2\/pages\/9437"}],"wp:attachment":[{"href":"https:\/\/projectes.xtec.cat\/focus\/wp-json\/wp\/v2\/media?parent=9461"}],"curies":[{"name":"wp","href":"https:\/\/api.w.org\/{rel}","templated":true}]}}