{"id":9505,"date":"2023-04-18T08:38:08","date_gmt":"2023-04-18T06:38:08","guid":{"rendered":"https:\/\/projectes.xtec.cat\/focus\/?page_id=9505"},"modified":"2023-04-19T16:49:33","modified_gmt":"2023-04-19T14:49:33","slug":"edicio","status":"publish","type":"page","link":"https:\/\/projectes.xtec.cat\/focus\/proces-audiovisual\/postproduccio\/edicio\/","title":{"rendered":"1. L&#8217;edici\u00f3"},"content":{"rendered":"\n<div class=\"wp-block-getwid-section alignfull alignfull getwid-section-content-custom-width\"><div class=\"wp-block-getwid-section__wrapper getwid-padding-left-medium getwid-padding-right-medium\"><div class=\"wp-block-getwid-section__inner-wrapper\" style=\"max-width:1140px\"><div class=\"wp-block-getwid-section__background-holder\"><div class=\"wp-block-getwid-section__background\"><\/div><div class=\"wp-block-getwid-section__foreground\"><\/div><\/div><div class=\"wp-block-getwid-section__content\"><div class=\"wp-block-getwid-section__inner-content\">\n<div class=\"wp-block-columns has-2-columns are-vertically-aligned-center is-layout-flex wp-container-core-columns-is-layout-1 wp-block-columns-is-layout-flex\">\n<div class=\"wp-block-column is-vertically-aligned-center is-layout-flow wp-block-column-is-layout-flow\">\n<div class=\"wp-block-getwid-advanced-heading\" style=\"margin-bottom:30px;margin-top:10px\"><h2 class=\"wp-block-getwid-advanced-heading__content\">All\u00f2 que fa \u00fanic l&#8217;audiovisual<\/h2><\/div>\n\n\n\n<p>L&#8217;edici\u00f3 \u00e9s, amb difer\u00e8ncia, el moment del proc\u00e9s audiovisual que fa m\u00e9s por als docents. Pot ser que sigui perqu\u00e8 el programari, en alguns casos, sigui enrevessat i poc intu\u00eftiu. D&#8217;altra banda, aquesta percepci\u00f3 tamb\u00e9 es fonamenta en algunes concepcions err\u00f2nies sobre qu\u00e8 \u00e9s el muntatge que es tradueix, sovint, en un ab\u00fas de la utilitzaci\u00f3 d&#8217;efectes i cortinetes que, certament, compliquen molt la feina d&#8217;editar i tampoc ajuden al resultat. De fet, al m\u00f3n audiovisual es diu que si el material \u00e9s bo, no et tallis, munta per tall. Que si fa pena, encadena. I si el material \u00e9s dolent amb devoci\u00f3, postproducci\u00f3. \u00c9s una broma que senzillament vol dir que com m\u00e9s simple \u00e9s el proc\u00e9s, fins i tot m\u00e9s invisible, m\u00e9s efectiu esdev\u00e9. Aix\u00ed doncs, us animem a editar per tall, fer alguna fosa de tant en tant i poca cosa m\u00e9s. Menys \u00e9s m\u00e9s.<\/p>\n\n\n\n<h4 class=\"wp-block-heading\">Edici\u00f3 o muntatge audiovisual<\/h4>\n\n\n\n<p>\u00c9s l&#8217;art i ofici d&#8217;<strong>escollir les millors preses del rodatge per ordenar-les i assemblar-les<\/strong>* aconseguint un film coherent. L&#8217;editor\/a talla, empalma i reordena el material original (o bruts de c\u00e0mera). Tamb\u00e9 decideix q\u00fcestions que afecten el ritme, l&#8217;atmosfera, la narrativa, la m\u00fasica&#8230;<br>*Assemblar: empalmar, interconnectar.<\/p>\n\n\n\n<h4 class=\"wp-block-heading\">Multiplicant el significat<\/h4>\n\n\n\n<p>El muntatge \u00e9s la caracter\u00edstica que fa \u00fanic el cinema. &nbsp;<strong>Construir un significat emocional a partir de la juxtaposici\u00f3 de dos plans<\/strong>.&nbsp;<strong>A+B=C<\/strong><\/p>\n<\/div>\n\n\n\n<div class=\"wp-block-column is-vertically-aligned-center is-layout-flow wp-block-column-is-layout-flow\">\n<figure class=\"wp-block-image size-large is-resized\"><img loading=\"lazy\" decoding=\"async\" src=\"https:\/\/projectes.xtec.cat\/focus\/wp-content\/uploads\/usu2323\/2023\/04\/edicio.png\" alt=\"\" class=\"wp-image-9533\" width=\"496\" height=\"288\" srcset=\"https:\/\/projectes.xtec.cat\/focus\/wp-content\/uploads\/usu2323\/2023\/04\/edicio.png 991w, https:\/\/projectes.xtec.cat\/focus\/wp-content\/uploads\/usu2323\/2023\/04\/edicio-300x174.png 300w, https:\/\/projectes.xtec.cat\/focus\/wp-content\/uploads\/usu2323\/2023\/04\/edicio-768x446.png 768w\" sizes=\"auto, (max-width: 496px) 100vw, 496px\" \/><\/figure>\n<\/div>\n<\/div>\n<\/div><\/div><\/div><\/div><\/div>\n","protected":false},"excerpt":{"rendered":"","protected":false},"author":1,"featured_media":0,"parent":9523,"menu_order":0,"comment_status":"closed","ping_status":"closed","template":"","meta":{"_bbp_topic_count":0,"_bbp_reply_count":0,"_bbp_total_topic_count":0,"_bbp_total_reply_count":0,"_bbp_voice_count":0,"_bbp_anonymous_reply_count":0,"_bbp_topic_count_hidden":0,"_bbp_reply_count_hidden":0,"_bbp_forum_subforum_count":0,"site-sidebar-layout":"default","site-content-layout":"","ast-site-content-layout":"","site-content-style":"default","site-sidebar-style":"default","ast-global-header-display":"","ast-banner-title-visibility":"","ast-main-header-display":"","ast-hfb-above-header-display":"","ast-hfb-below-header-display":"","ast-hfb-mobile-header-display":"","site-post-title":"","ast-breadcrumbs-content":"","ast-featured-img":"","footer-sml-layout":"","theme-transparent-header-meta":"","adv-header-id-meta":"","stick-header-meta":"","header-above-stick-meta":"","header-main-stick-meta":"","header-below-stick-meta":"","astra-migrate-meta-layouts":"default","ast-page-background-enabled":"default","ast-page-background-meta":{"desktop":{"background-color":"var(--ast-global-color-4)","background-image":"","background-repeat":"repeat","background-position":"center center","background-size":"auto","background-attachment":"scroll","background-type":"","background-media":"","overlay-type":"","overlay-color":"","overlay-opacity":"","overlay-gradient":""},"tablet":{"background-color":"","background-image":"","background-repeat":"repeat","background-position":"center center","background-size":"auto","background-attachment":"scroll","background-type":"","background-media":"","overlay-type":"","overlay-color":"","overlay-opacity":"","overlay-gradient":""},"mobile":{"background-color":"","background-image":"","background-repeat":"repeat","background-position":"center center","background-size":"auto","background-attachment":"scroll","background-type":"","background-media":"","overlay-type":"","overlay-color":"","overlay-opacity":"","overlay-gradient":""}},"ast-content-background-meta":{"desktop":{"background-color":"var(--ast-global-color-5)","background-image":"","background-repeat":"repeat","background-position":"center center","background-size":"auto","background-attachment":"scroll","background-type":"","background-media":"","overlay-type":"","overlay-color":"","overlay-opacity":"","overlay-gradient":""},"tablet":{"background-color":"var(--ast-global-color-5)","background-image":"","background-repeat":"repeat","background-position":"center center","background-size":"auto","background-attachment":"scroll","background-type":"","background-media":"","overlay-type":"","overlay-color":"","overlay-opacity":"","overlay-gradient":""},"mobile":{"background-color":"var(--ast-global-color-5)","background-image":"","background-repeat":"repeat","background-position":"center center","background-size":"auto","background-attachment":"scroll","background-type":"","background-media":"","overlay-type":"","overlay-color":"","overlay-opacity":"","overlay-gradient":""}},"footnotes":""},"class_list":["post-9505","page","type-page","status-publish","hentry"],"post_mailing_queue_ids":[],"_links":{"self":[{"href":"https:\/\/projectes.xtec.cat\/focus\/wp-json\/wp\/v2\/pages\/9505","targetHints":{"allow":["GET"]}}],"collection":[{"href":"https:\/\/projectes.xtec.cat\/focus\/wp-json\/wp\/v2\/pages"}],"about":[{"href":"https:\/\/projectes.xtec.cat\/focus\/wp-json\/wp\/v2\/types\/page"}],"author":[{"embeddable":true,"href":"https:\/\/projectes.xtec.cat\/focus\/wp-json\/wp\/v2\/users\/1"}],"replies":[{"embeddable":true,"href":"https:\/\/projectes.xtec.cat\/focus\/wp-json\/wp\/v2\/comments?post=9505"}],"version-history":[{"count":3,"href":"https:\/\/projectes.xtec.cat\/focus\/wp-json\/wp\/v2\/pages\/9505\/revisions"}],"predecessor-version":[{"id":9854,"href":"https:\/\/projectes.xtec.cat\/focus\/wp-json\/wp\/v2\/pages\/9505\/revisions\/9854"}],"up":[{"embeddable":true,"href":"https:\/\/projectes.xtec.cat\/focus\/wp-json\/wp\/v2\/pages\/9523"}],"wp:attachment":[{"href":"https:\/\/projectes.xtec.cat\/focus\/wp-json\/wp\/v2\/media?parent=9505"}],"curies":[{"name":"wp","href":"https:\/\/api.w.org\/{rel}","templated":true}]}}