{"id":9510,"date":"2023-04-18T08:40:30","date_gmt":"2023-04-18T06:40:30","guid":{"rendered":"https:\/\/projectes.xtec.cat\/focus\/?page_id=9510"},"modified":"2023-04-19T16:50:40","modified_gmt":"2023-04-19T14:50:40","slug":"recursos-aliens","status":"publish","type":"page","link":"https:\/\/projectes.xtec.cat\/focus\/proces-audiovisual\/postproduccio\/recursos-aliens\/","title":{"rendered":"3. \u00das de recursos aliens"},"content":{"rendered":"\n<div class=\"wp-block-getwid-section alignfull alignfull getwid-section-content-custom-width\"><div class=\"wp-block-getwid-section__wrapper getwid-padding-left-medium getwid-padding-right-medium\"><div class=\"wp-block-getwid-section__inner-wrapper\" style=\"max-width:1140px\"><div class=\"wp-block-getwid-section__background-holder\"><div class=\"wp-block-getwid-section__background\"><\/div><div class=\"wp-block-getwid-section__foreground\"><\/div><\/div><div class=\"wp-block-getwid-section__content\"><div class=\"wp-block-getwid-section__inner-content\">\n<div class=\"wp-block-columns has-2-columns are-vertically-aligned-center is-layout-flex wp-container-core-columns-is-layout-1 wp-block-columns-is-layout-flex\">\n<div class=\"wp-block-column is-vertically-aligned-center is-layout-flow wp-block-column-is-layout-flow\">\n<div class=\"wp-block-getwid-advanced-heading\" style=\"margin-bottom:30px;margin-top:10px\"><h2 class=\"wp-block-getwid-advanced-heading__content\">M\u00fasica, sons, imatges, etc. <\/h2><\/div>\n\n\n\n<p id=\"yui_3_17_2_1_1681717409886_44\">Els nostres audiovisuals cal que siguin originals i de producci\u00f3 pr\u00f2pia. No obstant aix\u00f2, pot ser que en algun moment necessitem emprar alguna imatge o so per afegir a les nostres produccions. Ho podem fer? \u00c9s legal? En alguns sup\u00f2sits, s\u00ed.&nbsp;<\/p>\n\n\n\n<h4 class=\"wp-block-heading\"><strong>Dret de cita amb finalitats educatives o d&#8217;investigaci\u00f3 cient\u00edfica<\/strong><\/h4>\n\n\n\n<p><strong>Podem fer servir sense autoritzaci\u00f3 fragments d&#8217;obres alienes&nbsp;<\/strong>(escrites, sonores o audiovisuals), aix\u00ed com obres a\u00efllades de car\u00e0cter pl\u00e0stic o fotogr\u00e0fic a<strong>mb finalitats educatives i de recerca, no comercials.<\/strong><br><br>Condicions: cal citar la font i l&#8217;autoria, l&#8217;obra original no pot ser alterada i la seva inclusi\u00f3 no pot explicar-se per la seva mera reproducci\u00f3 sin\u00f3 que ha d&#8217;estar justificada en el context de la nostra obra. \u00c9s a dir,&nbsp;<strong>nom\u00e9s podem incorporar-la si l&#8217;analitzem, la comentem o fem un judici cr\u00edtic sobre ella.<\/strong><\/p>\n<\/div>\n\n\n\n<div class=\"wp-block-column is-vertically-aligned-center is-layout-flow wp-block-column-is-layout-flow\"><div class=\"container-wrapper-genially\" style=\"position: relative; min-height: 400px; max-width: 100%;\"><video class=\"loader-genially\" autoplay=\"autoplay\" loop=\"loop\" playsinline=\"playsInline\" muted=\"muted\" style=\"position: absolute;top: 45%;left: 50%;transform: translate(-50%, -50%);width: 80px;height: 80px;margin-bottom: 10%\"><source src=\"https:\/\/static.genial.ly\/resources\/loader-default.mp4\" type=\"video\/mp4\">Your browser does not support the video tag.<\/video><\/p>\n<div id=\"637b590c6c240a001919d391\" class=\"genially-embed\" style=\"margin: 0px auto; position: relative; height: auto; width: 100%;\"><\/div>\n<\/div>\n<p><script>(function (d) { var js, id = \"genially-embed-js\", ref = d.getElementsByTagName(\"script\")[0]; if (d.getElementById(id)) { return; } js = d.createElement(\"script\"); js.id = id; js.async = true; js.src = \"https:\/\/view.genial.ly\/static\/embed\/embed.js\"; ref.parentNode.insertBefore(js, ref); }(document));<\/script><\/p>\n<\/div>\n<\/div>\n<\/div><\/div><\/div><\/div><\/div>\n\n\n\n<p><\/p>\n","protected":false},"excerpt":{"rendered":"","protected":false},"author":1,"featured_media":0,"parent":9523,"menu_order":0,"comment_status":"closed","ping_status":"closed","template":"","meta":{"_bbp_topic_count":0,"_bbp_reply_count":0,"_bbp_total_topic_count":0,"_bbp_total_reply_count":0,"_bbp_voice_count":0,"_bbp_anonymous_reply_count":0,"_bbp_topic_count_hidden":0,"_bbp_reply_count_hidden":0,"_bbp_forum_subforum_count":0,"site-sidebar-layout":"default","site-content-layout":"","ast-site-content-layout":"","site-content-style":"default","site-sidebar-style":"default","ast-global-header-display":"","ast-banner-title-visibility":"","ast-main-header-display":"","ast-hfb-above-header-display":"","ast-hfb-below-header-display":"","ast-hfb-mobile-header-display":"","site-post-title":"","ast-breadcrumbs-content":"","ast-featured-img":"","footer-sml-layout":"","theme-transparent-header-meta":"","adv-header-id-meta":"","stick-header-meta":"","header-above-stick-meta":"","header-main-stick-meta":"","header-below-stick-meta":"","astra-migrate-meta-layouts":"default","ast-page-background-enabled":"default","ast-page-background-meta":{"desktop":{"background-color":"var(--ast-global-color-4)","background-image":"","background-repeat":"repeat","background-position":"center center","background-size":"auto","background-attachment":"scroll","background-type":"","background-media":"","overlay-type":"","overlay-color":"","overlay-opacity":"","overlay-gradient":""},"tablet":{"background-color":"","background-image":"","background-repeat":"repeat","background-position":"center center","background-size":"auto","background-attachment":"scroll","background-type":"","background-media":"","overlay-type":"","overlay-color":"","overlay-opacity":"","overlay-gradient":""},"mobile":{"background-color":"","background-image":"","background-repeat":"repeat","background-position":"center center","background-size":"auto","background-attachment":"scroll","background-type":"","background-media":"","overlay-type":"","overlay-color":"","overlay-opacity":"","overlay-gradient":""}},"ast-content-background-meta":{"desktop":{"background-color":"var(--ast-global-color-5)","background-image":"","background-repeat":"repeat","background-position":"center center","background-size":"auto","background-attachment":"scroll","background-type":"","background-media":"","overlay-type":"","overlay-color":"","overlay-opacity":"","overlay-gradient":""},"tablet":{"background-color":"var(--ast-global-color-5)","background-image":"","background-repeat":"repeat","background-position":"center center","background-size":"auto","background-attachment":"scroll","background-type":"","background-media":"","overlay-type":"","overlay-color":"","overlay-opacity":"","overlay-gradient":""},"mobile":{"background-color":"var(--ast-global-color-5)","background-image":"","background-repeat":"repeat","background-position":"center center","background-size":"auto","background-attachment":"scroll","background-type":"","background-media":"","overlay-type":"","overlay-color":"","overlay-opacity":"","overlay-gradient":""}},"footnotes":""},"class_list":["post-9510","page","type-page","status-publish","hentry"],"post_mailing_queue_ids":[],"_links":{"self":[{"href":"https:\/\/projectes.xtec.cat\/focus\/wp-json\/wp\/v2\/pages\/9510","targetHints":{"allow":["GET"]}}],"collection":[{"href":"https:\/\/projectes.xtec.cat\/focus\/wp-json\/wp\/v2\/pages"}],"about":[{"href":"https:\/\/projectes.xtec.cat\/focus\/wp-json\/wp\/v2\/types\/page"}],"author":[{"embeddable":true,"href":"https:\/\/projectes.xtec.cat\/focus\/wp-json\/wp\/v2\/users\/1"}],"replies":[{"embeddable":true,"href":"https:\/\/projectes.xtec.cat\/focus\/wp-json\/wp\/v2\/comments?post=9510"}],"version-history":[{"count":4,"href":"https:\/\/projectes.xtec.cat\/focus\/wp-json\/wp\/v2\/pages\/9510\/revisions"}],"predecessor-version":[{"id":9858,"href":"https:\/\/projectes.xtec.cat\/focus\/wp-json\/wp\/v2\/pages\/9510\/revisions\/9858"}],"up":[{"embeddable":true,"href":"https:\/\/projectes.xtec.cat\/focus\/wp-json\/wp\/v2\/pages\/9523"}],"wp:attachment":[{"href":"https:\/\/projectes.xtec.cat\/focus\/wp-json\/wp\/v2\/media?parent=9510"}],"curies":[{"name":"wp","href":"https:\/\/api.w.org\/{rel}","templated":true}]}}