{"id":9899,"date":"2023-05-24T15:51:59","date_gmt":"2023-05-24T13:51:59","guid":{"rendered":"https:\/\/projectes.xtec.cat\/focus\/?page_id=9899"},"modified":"2024-09-05T13:35:50","modified_gmt":"2024-09-05T11:35:50","slug":"drets-imatge","status":"publish","type":"page","link":"https:\/\/projectes.xtec.cat\/focus\/proces-audiovisual\/preproduccio\/drets-imatge\/","title":{"rendered":"8. Drets d&#8217;imatge"},"content":{"rendered":"\n<div class=\"wp-block-getwid-section alignfull alignfull getwid-section-content-custom-width\"><div class=\"wp-block-getwid-section__wrapper getwid-padding-left-medium getwid-padding-right-medium\"><div class=\"wp-block-getwid-section__inner-wrapper\" style=\"max-width:1140px\"><div class=\"wp-block-getwid-section__background-holder\"><div class=\"wp-block-getwid-section__background\"><\/div><div class=\"wp-block-getwid-section__foreground\"><\/div><\/div><div class=\"wp-block-getwid-section__content\"><div class=\"wp-block-getwid-section__inner-content\">\n<div class=\"wp-block-columns has-2-columns are-vertically-aligned-center is-layout-flex wp-container-core-columns-is-layout-2 wp-block-columns-is-layout-flex\">\n<div class=\"wp-block-column is-vertically-aligned-top is-vertically-aligned-center is-layout-flow wp-block-column-is-layout-flow\">\n<div class=\"wp-block-getwid-advanced-heading\" style=\"margin-bottom:30px;margin-top:10px\"><h2 class=\"wp-block-getwid-advanced-heading__content\"><a href=\"Escaleta: estructurant el nostre v\u00eddeo de principi a fi\">Drets d&#8217;imatge: <\/a><\/h2><\/div>\n\n\n\n<p>El centre disposa d&#8217;espais de comunicaci\u00f3 i difusi\u00f3, inclosos els espais web, on informa i fa la difusi\u00f3 de les activitats escolars lectives, complement\u00e0ries, extraescolars i tamb\u00e9 de les <strong>produccions de l&#8217;alumnat<\/strong>.<\/p>\n\n\n\n<p>En aquest sentit, per poder publicar els v\u00eddeos al vostre nodes i\/o espais de difusi\u00f3, la direcci\u00f3 del centre ha de demanar el consentiment als pares, mares o tutors legals per publicar fotografies i v\u00eddeos on apareguin els seus fills i filles menors de 14 anys i hi siguin clarament identificables.<\/p>\n\n\n\n<p>Per als majors de 14 anys ho poden signar ells mateixos. <\/p>\n\n\n\n<h6 class=\"wp-block-heading\"><a href=\"https:\/\/educacio.gencat.cat\/ca\/departament\/proteccio-dades\/centres-educatius\/\" target=\"_blank\" rel=\"noreferrer noopener\">El Departament d&#8217;Educaci\u00f3 ha elaborat uns materials on s&#8217;explica totes les accions que fan als centres educatius per\u200b\u00a0<strong>protegir l&#8217;alumnat i respectar-ne els drets<\/strong>\u00a0en mat\u00e8ria de protecci\u00f3 de dades.<\/a><\/h6>\n\n\n\n<p><\/p>\n<\/div>\n\n\n\n<div class=\"wp-block-column is-vertically-aligned-center is-layout-flow wp-block-column-is-layout-flow\">\n<div class=\"wp-block-columns is-layout-flex wp-container-core-columns-is-layout-1 wp-block-columns-is-layout-flex\">\n<div class=\"wp-block-column is-layout-flow wp-block-column-is-layout-flow\">\n<figure class=\"wp-block-image size-large is-resized\"><a href=\"https:\/\/projectes.xtec.cat\/focus\/wp-content\/uploads\/usu2323\/2024\/09\/menors14_focus.jpg\"><img loading=\"lazy\" decoding=\"async\" width=\"724\" height=\"1024\" src=\"https:\/\/projectes.xtec.cat\/focus\/wp-content\/uploads\/usu2323\/2024\/09\/menors14_focus-724x1024.jpg\" alt=\"\" class=\"wp-image-11048\" style=\"width:327px;height:440px\" srcset=\"https:\/\/projectes.xtec.cat\/focus\/wp-content\/uploads\/usu2323\/2024\/09\/menors14_focus-724x1024.jpg 724w, https:\/\/projectes.xtec.cat\/focus\/wp-content\/uploads\/usu2323\/2024\/09\/menors14_focus-212x300.jpg 212w, https:\/\/projectes.xtec.cat\/focus\/wp-content\/uploads\/usu2323\/2024\/09\/menors14_focus-768x1086.jpg 768w, https:\/\/projectes.xtec.cat\/focus\/wp-content\/uploads\/usu2323\/2024\/09\/menors14_focus-1086x1536.jpg 1086w, https:\/\/projectes.xtec.cat\/focus\/wp-content\/uploads\/usu2323\/2024\/09\/menors14_focus.jpg 1241w\" sizes=\"auto, (max-width: 724px) 100vw, 724px\" \/><\/a><\/figure>\n\n\n\n<figure class=\"wp-block-image is-resized\"><a href=\"https:\/\/documents.espai.educacio.gencat.cat\/FormularisModels\/ProteccioDades\/A251.pdf\" target=\"_blank\" rel=\"noopener\"><img decoding=\"async\" src=\"https:\/\/projectes.xtec.cat\/focus\/wp-content\/uploads\/usu2323\/2023\/04\/icons8-download-24-1.png\" alt=\"Aquesta imatge t\u00e9 l'atribut alt buit; el seu nom \u00e9s icons8-download-24-1.png\" style=\"width:24px;height:auto\"\/><\/a><figcaption class=\"wp-element-caption\">Autoritzaci\u00f3 per a <strong>menors<\/strong> de 14 anys<\/figcaption><\/figure>\n<\/div>\n\n\n\n<div class=\"wp-block-column is-layout-flow wp-block-column-is-layout-flow\">\n<figure class=\"wp-block-image size-large is-resized\"><a href=\"https:\/\/projectes.xtec.cat\/focus\/wp-content\/uploads\/usu2323\/2024\/09\/majors14_focus.jpg\"><img loading=\"lazy\" decoding=\"async\" width=\"724\" height=\"1024\" src=\"https:\/\/projectes.xtec.cat\/focus\/wp-content\/uploads\/usu2323\/2024\/09\/majors14_focus-724x1024.jpg\" alt=\"\" class=\"wp-image-11049\" style=\"width:327px;height:440px\" srcset=\"https:\/\/projectes.xtec.cat\/focus\/wp-content\/uploads\/usu2323\/2024\/09\/majors14_focus-724x1024.jpg 724w, https:\/\/projectes.xtec.cat\/focus\/wp-content\/uploads\/usu2323\/2024\/09\/majors14_focus-212x300.jpg 212w, https:\/\/projectes.xtec.cat\/focus\/wp-content\/uploads\/usu2323\/2024\/09\/majors14_focus-768x1086.jpg 768w, https:\/\/projectes.xtec.cat\/focus\/wp-content\/uploads\/usu2323\/2024\/09\/majors14_focus-1086x1536.jpg 1086w, https:\/\/projectes.xtec.cat\/focus\/wp-content\/uploads\/usu2323\/2024\/09\/majors14_focus.jpg 1241w\" sizes=\"auto, (max-width: 724px) 100vw, 724px\" \/><\/a><\/figure>\n\n\n\n<figure class=\"wp-block-image is-resized\"><a href=\"https:\/\/documents.espai.educacio.gencat.cat\/FormularisModels\/ProteccioDades\/A254.pdf\" target=\"_blank\" rel=\"noopener\"><img decoding=\"async\" src=\"https:\/\/projectes.xtec.cat\/focus\/wp-content\/uploads\/usu2323\/2023\/04\/icons8-download-24-1.png\" alt=\"Aquesta imatge t\u00e9 l'atribut alt buit; el seu nom \u00e9s icons8-download-24-1.png\" style=\"width:24px;height:24px\"\/><\/a><figcaption class=\"wp-element-caption\">Autoritzaci\u00f3 per a <strong>majors<\/strong> de 14 anys<\/figcaption><\/figure>\n<\/div>\n<\/div>\n<\/div>\n<\/div>\n<\/div><\/div><\/div><\/div><\/div>\n\n\n\n<p><\/p>\n","protected":false},"excerpt":{"rendered":"","protected":false},"author":4,"featured_media":0,"parent":9437,"menu_order":0,"comment_status":"closed","ping_status":"closed","template":"","meta":{"_bbp_topic_count":0,"_bbp_reply_count":0,"_bbp_total_topic_count":0,"_bbp_total_reply_count":0,"_bbp_voice_count":0,"_bbp_anonymous_reply_count":0,"_bbp_topic_count_hidden":0,"_bbp_reply_count_hidden":0,"_bbp_forum_subforum_count":0,"site-sidebar-layout":"default","site-content-layout":"","ast-site-content-layout":"default","site-content-style":"default","site-sidebar-style":"default","ast-global-header-display":"","ast-banner-title-visibility":"","ast-main-header-display":"","ast-hfb-above-header-display":"","ast-hfb-below-header-display":"","ast-hfb-mobile-header-display":"","site-post-title":"disabled","ast-breadcrumbs-content":"","ast-featured-img":"","footer-sml-layout":"","theme-transparent-header-meta":"","adv-header-id-meta":"","stick-header-meta":"","header-above-stick-meta":"","header-main-stick-meta":"","header-below-stick-meta":"","astra-migrate-meta-layouts":"set","ast-page-background-enabled":"default","ast-page-background-meta":{"desktop":{"background-color":"var(--ast-global-color-4)","background-image":"","background-repeat":"repeat","background-position":"center center","background-size":"auto","background-attachment":"scroll","background-type":"","background-media":"","overlay-type":"","overlay-color":"","overlay-opacity":"","overlay-gradient":""},"tablet":{"background-color":"","background-image":"","background-repeat":"repeat","background-position":"center center","background-size":"auto","background-attachment":"scroll","background-type":"","background-media":"","overlay-type":"","overlay-color":"","overlay-opacity":"","overlay-gradient":""},"mobile":{"background-color":"","background-image":"","background-repeat":"repeat","background-position":"center center","background-size":"auto","background-attachment":"scroll","background-type":"","background-media":"","overlay-type":"","overlay-color":"","overlay-opacity":"","overlay-gradient":""}},"ast-content-background-meta":{"desktop":{"background-color":"var(--ast-global-color-5)","background-image":"","background-repeat":"repeat","background-position":"center center","background-size":"auto","background-attachment":"scroll","background-type":"","background-media":"","overlay-type":"","overlay-color":"","overlay-opacity":"","overlay-gradient":""},"tablet":{"background-color":"var(--ast-global-color-5)","background-image":"","background-repeat":"repeat","background-position":"center center","background-size":"auto","background-attachment":"scroll","background-type":"","background-media":"","overlay-type":"","overlay-color":"","overlay-opacity":"","overlay-gradient":""},"mobile":{"background-color":"var(--ast-global-color-5)","background-image":"","background-repeat":"repeat","background-position":"center center","background-size":"auto","background-attachment":"scroll","background-type":"","background-media":"","overlay-type":"","overlay-color":"","overlay-opacity":"","overlay-gradient":""}},"footnotes":""},"class_list":["post-9899","page","type-page","status-publish","hentry"],"post_mailing_queue_ids":[],"_links":{"self":[{"href":"https:\/\/projectes.xtec.cat\/focus\/wp-json\/wp\/v2\/pages\/9899","targetHints":{"allow":["GET"]}}],"collection":[{"href":"https:\/\/projectes.xtec.cat\/focus\/wp-json\/wp\/v2\/pages"}],"about":[{"href":"https:\/\/projectes.xtec.cat\/focus\/wp-json\/wp\/v2\/types\/page"}],"author":[{"embeddable":true,"href":"https:\/\/projectes.xtec.cat\/focus\/wp-json\/wp\/v2\/users\/4"}],"replies":[{"embeddable":true,"href":"https:\/\/projectes.xtec.cat\/focus\/wp-json\/wp\/v2\/comments?post=9899"}],"version-history":[{"count":6,"href":"https:\/\/projectes.xtec.cat\/focus\/wp-json\/wp\/v2\/pages\/9899\/revisions"}],"predecessor-version":[{"id":11054,"href":"https:\/\/projectes.xtec.cat\/focus\/wp-json\/wp\/v2\/pages\/9899\/revisions\/11054"}],"up":[{"embeddable":true,"href":"https:\/\/projectes.xtec.cat\/focus\/wp-json\/wp\/v2\/pages\/9437"}],"wp:attachment":[{"href":"https:\/\/projectes.xtec.cat\/focus\/wp-json\/wp\/v2\/media?parent=9899"}],"curies":[{"name":"wp","href":"https:\/\/api.w.org\/{rel}","templated":true}]}}