{"id":10732,"date":"2022-11-28T18:35:48","date_gmt":"2022-11-28T17:35:48","guid":{"rendered":"https:\/\/projectes.xtec.cat\/gep\/?page_id=10732"},"modified":"2023-01-23T12:05:27","modified_gmt":"2023-01-23T11:05:27","slug":"gep2","status":"publish","type":"page","link":"https:\/\/projectes.xtec.cat\/gep\/gep-2\/gep2\/","title":{"rendered":"GEP2"},"content":{"rendered":"<h6>En aquest espai hi trobareu tota la informaci\u00f3 relacionada amb la formaci\u00f3 de segon any del programa d&#8217;innovaci\u00f3 Generaci\u00f3 Pluriling\u00fce.<\/h6>\n<p>Cliqueu el men\u00fa desplegable per veure&#8217;n tots els detalls.<\/p>\n","protected":false},"excerpt":{"rendered":"<p>En aquest espai hi trobareu tota la informaci\u00f3 relacionada amb la formaci\u00f3 de segon any del programa d&#8217;innovaci\u00f3 Generaci\u00f3 Pluriling\u00fce.<br \/>\nCliqueu el men\u00fa desplegable per veure&#8217;n tots els detalls.<\/p>\n","protected":false},"author":1,"featured_media":0,"parent":10093,"menu_order":2,"comment_status":"closed","ping_status":"closed","template":"page-templates\/side-menu.php","meta":{"_bbp_topic_count":0,"_bbp_reply_count":0,"_bbp_total_topic_count":0,"_bbp_total_reply_count":0,"_bbp_voice_count":0,"_bbp_anonymous_reply_count":0,"_bbp_topic_count_hidden":0,"_bbp_reply_count_hidden":0,"_bbp_forum_subforum_count":0,"footnotes":""},"class_list":["post-10732","page","type-page","status-publish","hentry"],"post_mailing_queue_ids":[],"_links":{"self":[{"href":"https:\/\/projectes.xtec.cat\/gep\/wp-json\/wp\/v2\/pages\/10732","targetHints":{"allow":["GET"]}}],"collection":[{"href":"https:\/\/projectes.xtec.cat\/gep\/wp-json\/wp\/v2\/pages"}],"about":[{"href":"https:\/\/projectes.xtec.cat\/gep\/wp-json\/wp\/v2\/types\/page"}],"author":[{"embeddable":true,"href":"https:\/\/projectes.xtec.cat\/gep\/wp-json\/wp\/v2\/users\/1"}],"replies":[{"embeddable":true,"href":"https:\/\/projectes.xtec.cat\/gep\/wp-json\/wp\/v2\/comments?post=10732"}],"version-history":[{"count":3,"href":"https:\/\/projectes.xtec.cat\/gep\/wp-json\/wp\/v2\/pages\/10732\/revisions"}],"predecessor-version":[{"id":10857,"href":"https:\/\/projectes.xtec.cat\/gep\/wp-json\/wp\/v2\/pages\/10732\/revisions\/10857"}],"up":[{"embeddable":true,"href":"https:\/\/projectes.xtec.cat\/gep\/wp-json\/wp\/v2\/pages\/10093"}],"wp:attachment":[{"href":"https:\/\/projectes.xtec.cat\/gep\/wp-json\/wp\/v2\/media?parent=10732"}],"curies":[{"name":"wp","href":"https:\/\/api.w.org\/{rel}","templated":true}]}}