{"id":10769,"date":"2022-12-19T13:54:01","date_gmt":"2022-12-19T12:54:01","guid":{"rendered":"https:\/\/projectes.xtec.cat\/gep\/?page_id=10769"},"modified":"2026-02-16T13:14:01","modified_gmt":"2026-02-16T12:14:01","slug":"projectes-de-referencia","status":"publish","type":"page","link":"https:\/\/projectes.xtec.cat\/gep\/gep-2\/gep1\/projectes-de-referencia\/","title":{"rendered":"Projectes de refer\u00e8ncia"},"content":{"rendered":"<p>En aquest apartat hi trobareu projectes de refer\u00e8ncia dissenyats i implementats pels docents participants en el GEP 1 i 2. Com podreu apreciar els resultats s\u00f3n magn\u00edfics.<\/p>\n<h3>Projectes GEP1 per ed. prim\u00e0ria<\/h3>\n<table style=\"border-collapse: collapse; width: 96.2684%;\">\n<tbody>\n<tr>\n<td style=\"width: 18.7855%; text-align: center;\">\n<h4><strong>Arts &amp; Crafts<\/strong><\/h4>\n<\/td>\n<td style=\"width: 21.9516%; text-align: center;\">\n<h4><strong>Natural Science<\/strong><\/h4>\n<\/td>\n<td style=\"width: 22.4032%; text-align: center;\">\n<h4><strong>Physical\u00a0Education<\/strong><\/h4>\n<\/td>\n<td style=\"width: 16.2154%; text-align: center;\">\n<h4><strong>Social Science<\/strong><\/h4>\n<\/td>\n<td style=\"width: 69.356%; text-align: center;\">\n<h4><strong>Miscellaneous<\/strong><\/h4>\n<\/td>\n<\/tr>\n<tr>\n<td style=\"width: 18.7855%; vertical-align: top;\"><strong><a href=\"https:\/\/projectes.xtec.cat\/gep\/wp-content\/uploads\/usu682\/2026\/02\/Cami_Pros_Cequiel_TASK1_GEP1_LLE_compressed.pdf\">&#8220;Women in art&#8221; Year 3 and 4<\/a><\/strong><\/p>\n<p><strong><a href=\"https:\/\/projectes.xtec.cat\/gep\/wp-content\/uploads\/usu682\/2026\/02\/23_-24-GEP-1-CLIL-Task-1-Marta-Molins-Laura-Arjo-Definitiu_compressed.pdf\">&#8220;Dali&#8217;s art and tech workshop&#8221; Year 5\u00a0<\/a><\/strong><\/p>\n<p><strong><a href=\"https:\/\/projectes.xtec.cat\/gep\/wp-content\/uploads\/usu682\/2026\/02\/23_24-GEP-1-CLIL-Task-2-Marta-Molins-Laura-Arjo-definitiu_compressed.pdf\">&#8220;T\u00e0pies art and tech workshop&#8221; Year 6<\/a><\/strong><\/p>\n<p><strong><a href=\"https:\/\/projectes.xtec.cat\/gep\/wp-content\/uploads\/usu682\/2020\/07\/The-shrinking-machine.pdf\">&#8220;The shrinking machine&#8221; and &#8220;Guess Who&#8221; Year 5<\/a>\u00a0 \u00a0 \u00a0 \u00a0 \u00a0\u00a0<\/strong><\/p>\n<p><strong>\u00a0<a href=\"https:\/\/projectes.xtec.cat\/gep\/wp-content\/uploads\/usu682\/2020\/07\/Van-Gogh-and-Richard-Hamilton.pdf\">&#8220;Vincent Van Gogh and Richard Hamilton: Modern artists&#8221; Year 5 or 6<\/a><\/strong><\/p>\n<p><strong><a href=\"https:\/\/projectes.xtec.cat\/gep\/wp-content\/uploads\/usu682\/2020\/07\/Frida-Kahlo.pdf\">&#8220;Frida Kahlo&#8221; Year 6 <\/a>\u00a0 \u00a0<\/strong><\/p>\n<p><strong><a href=\"https:\/\/projectes.xtec.cat\/gep\/wp-content\/uploads\/usu682\/2020\/07\/Claude-Monet.pdf\">&#8220;Claude Monet&#8221; Year 6<\/a><\/strong><\/td>\n<td style=\"width: 21.9516%; vertical-align: top;\"><strong><a href=\"https:\/\/projectes.xtec.cat\/gep\/wp-content\/uploads\/usu682\/2026\/02\/Cami_Pros_Cequiel_TASK2_GEP1_LLE_compressed.pdf\">&#8220;Water Project&#8221; Year 3 and 4<\/a><\/strong><\/p>\n<p><strong><a href=\"https:\/\/projectes.xtec.cat\/gep\/wp-content\/uploads\/usu682\/2026\/02\/Why_does_it_rain_GEP1_compressed.pdf\">&#8220;Why does it rain?&#8221; Year 3<\/a><\/strong><\/p>\n<p><strong><a href=\"https:\/\/projectes.xtec.cat\/gep\/wp-content\/uploads\/usu682\/2026\/02\/Santander_Patricia_TASK2_GEP1_LLE_compressed.pdf\">&#8220;Good food, good mood&#8221; Year 2<\/a><\/strong><\/p>\n<p><strong><a href=\"https:\/\/projectes.xtec.cat\/gep\/wp-content\/uploads\/usu682\/2020\/07\/The-animal-kingdom-and-endangered-animals.pdf\">&#8220;The animal kingdom and endangered animals&#8221; Year 3<\/a><\/strong><\/p>\n<p><strong><a href=\"https:\/\/projectes.xtec.cat\/gep\/wp-content\/uploads\/usu682\/2020\/07\/Animals-around-the-world.pdf\">\u00a0&#8220;Animals around the world&#8221; Year 4<\/a><\/strong><\/p>\n<p><strong>\u00a0<a href=\"https:\/\/projectes.xtec.cat\/gep\/wp-content\/uploads\/usu682\/2020\/07\/Happy-to-eatlive-to-be-happy.pdf\">&#8220;Happy to eat, live to be happy!&#8221; Year 4<\/a><\/strong><\/p>\n<p><strong>\u00a0<a href=\"https:\/\/projectes.xtec.cat\/gep\/wp-content\/uploads\/usu682\/2020\/07\/This-is-Science.pdf\">&#8220;This is Science!&#8221; Year 5<\/a><\/strong><\/p>\n<p><strong>\u00a0<a href=\"https:\/\/projectes.xtec.cat\/gep\/wp-content\/uploads\/usu682\/2020\/07\/Space-exploration-and-a-healthy-diet.pdf\">&#8220;Space exploration and a healthy diet&#8221; Year 5<\/a><\/strong><\/p>\n<p><strong>\u00a0<a href=\"https:\/\/projectes.xtec.cat\/gep\/wp-content\/uploads\/usu682\/2020\/07\/GE1.-FINAL-PDF-\u00c0ngels-and-X\u00e8nia.pdf\">&#8220;How does plastic affect in our lives?&#8221; Year 5<\/a><\/strong><\/p>\n<p><strong><a href=\"https:\/\/projectes.xtec.cat\/gep\/wp-content\/uploads\/usu682\/2020\/07\/The-solar-system.pdf\">\u00a0&#8220;The solar system&#8221; Year 5<\/a><\/strong><\/p>\n<p><strong>\u00a0<a href=\"https:\/\/projectes.xtec.cat\/gep\/wp-content\/uploads\/usu682\/2020\/07\/Matter-and-mixtures.pdf\">&#8220;Matter and mixtures&#8221; Year 5<\/a><\/strong><\/p>\n<p><strong>\u00a0<a href=\"https:\/\/projectes.xtec.cat\/gep\/wp-content\/uploads\/usu682\/2020\/07\/Welcome-to-Cerdanyola.pdf\">&#8220;Welcome to Cerdanyola!&#8221; Year 5<\/a><\/strong><\/p>\n<p><strong>\u00a0<a href=\"https:\/\/projectes.xtec.cat\/gep\/wp-content\/uploads\/usu682\/2020\/07\/Matter-matters.pdf\">&#8220;Matter, matters!&#8221; Year 6<\/a><\/strong><\/p>\n<p><strong><a href=\"https:\/\/projectes.xtec.cat\/gep\/wp-content\/uploads\/usu682\/2020\/07\/Nutrition-and-matter-1.pdf\">&#8220;Nutrition and matter!&#8221; Year 6<\/a><\/strong><\/p>\n<p><strong>\u00a0<a href=\"https:\/\/projectes.xtec.cat\/gep\/wp-content\/uploads\/usu682\/2020\/07\/Human-reproduction.pdf\">&#8220;Human reproduction&#8221; Year 6<\/a><\/strong><\/p>\n<p><strong><a href=\"https:\/\/projectes.xtec.cat\/gep\/wp-content\/uploads\/usu682\/2020\/07\/How-do-organisms-reproduce.pdf\">\u00a0&#8220;How do organisms reproduce?&#8221; Year 6<\/a><\/strong><\/td>\n<td style=\"width: 22.4032%; vertical-align: top;\"><strong><a href=\"https:\/\/projectes.xtec.cat\/gep\/wp-content\/uploads\/usu682\/2020\/07\/Move-yourself-through-the-space-and-guess-the-athletes-biography.pdf\">&#8220;Move yourself through the space and guess the athlete&#8217;s biography&#8221; Year 3 \/ Year 5<\/a><\/strong><\/p>\n<p><strong>\u00a0<a href=\"https:\/\/projectes.xtec.cat\/gep\/wp-content\/uploads\/usu682\/2020\/07\/Olympic-modern-and-traditional-games.pdf\">&#8220;Olympic, modern and traditional games&#8221; Year 6\u00a0<\/a><\/strong><\/td>\n<td style=\"width: 16.2154%; vertical-align: top;\"><strong><a href=\"https:\/\/projectes.xtec.cat\/gep\/wp-content\/uploads\/usu682\/2026\/02\/Gothic_Romanesque_GEP1_compressed.pdf\">&#8220;What do you think, is it Gothic or Romanesque architecture?&#8221; Year 6<\/a><\/strong><\/p>\n<p><strong><a href=\"https:\/\/projectes.xtec.cat\/gep\/wp-content\/uploads\/usu682\/2020\/07\/Roman-Life.pdf\">&#8220;Roman Life&#8221; Year 5 or 6<\/a><\/strong><\/p>\n<p><strong><a href=\"https:\/\/projectes.xtec.cat\/gep\/wp-content\/uploads\/usu682\/2020\/07\/Gavin_Cristina-Rosa_Pilar-_GEP_1_EscolaBet\u00e0nia_BaixLlobregatV.pdf\">&#8220;Neolithic&#8221; Year 5\u00a0<\/a><\/strong><\/td>\n<td style=\"width: 69.356%; vertical-align: top;\"><strong><a href=\"https:\/\/projectes.xtec.cat\/gep\/wp-content\/uploads\/usu682\/2020\/07\/Gavin_Cristina-Rosa_Pilar-_GEP_1_EscolaBet\u00e0nia_BaixLlobregatV.pdf\">&#8220;Music time&#8221; Year 6<\/a><\/strong><\/p>\n<p><strong><a href=\"https:\/\/projectes.xtec.cat\/gep\/wp-content\/uploads\/usu682\/2020\/07\/The-little-Prince-visits-the-Earth-and-Who-knows-Vincent-Van-Gogh.pdf\">&#8220;The little Prince visits the Earth and Who knows Vincent Van Gog<\/a><a href=\"https:\/\/projectes.xtec.cat\/gep\/wp-content\/uploads\/usu682\/2020\/07\/The-little-Prince-visits-the-Earth-and-Who-knows-Vincent-Van-Gogh.pdf\">h?&#8221; Year 6<\/a><\/strong><\/td>\n<\/tr>\n<\/tbody>\n<\/table>\n<h3>Projectes GEP1 per ed. secund\u00e0ria<\/h3>\n<table style=\"border-collapse: collapse; width: 100%;\">\n<tbody>\n<tr>\n<td style=\"width: 16.6667%;\">\n<h4>Science<\/h4>\n<\/td>\n<td style=\"width: 16.6667%;\">\n<h4>History<\/h4>\n<\/td>\n<td style=\"width: 16.6667%;\">\n<h4>Maths<\/h4>\n<\/td>\n<td style=\"width: 16.6667%;\">\n<h4>Physical Education<\/h4>\n<\/td>\n<td style=\"width: 16.6667%;\">\n<h4>Music<\/h4>\n<\/td>\n<td style=\"width: 16.6667%;\">\n<h4>Miscellaneous<\/h4>\n<\/td>\n<\/tr>\n<tr>\n<td style=\"width: 16.6667%; vertical-align: top;\"><strong><a href=\"https:\/\/projectes.xtec.cat\/gep\/wp-content\/uploads\/usu682\/2020\/07\/Vertebrate-Animals-and-Fables.pdf\">\u00a0&#8220;Vertebrate Animals and Fables&#8221; 1st ESO<\/a><\/strong><\/p>\n<p><strong>\u00a0<a href=\"https:\/\/projectes.xtec.cat\/gep\/wp-content\/uploads\/usu682\/2020\/07\/Scientific-method-life-generation-and-the-5-kingdoms.pdf\">&#8220;Scientific method life generation and the 5 kingdoms&#8221; 1st ESO<\/a><\/strong><\/p>\n<p><strong>\u00a0<a href=\"https:\/\/projectes.xtec.cat\/gep\/wp-content\/uploads\/usu682\/2020\/07\/The-universe.pdf\">&#8220;The universe&#8221; 1st ESO<\/a><\/strong><\/p>\n<p><strong>\u00a0<a href=\"https:\/\/projectes.xtec.cat\/gep\/wp-content\/uploads\/usu682\/2020\/07\/HEALTH-GENS.pdf\">&#8220;Health and gens&#8221; 2nd ESO\/ 4th ESO<\/a><\/strong><\/p>\n<p><strong>\u00a0<a href=\"https:\/\/projectes.xtec.cat\/gep\/wp-content\/uploads\/usu682\/2020\/07\/Dissection-of-mammalian-eye.pdf\">&#8220;Dissection of mammalian eye. Human impact on ecosystems&#8221; 3rd ESO<\/a><\/strong><\/p>\n<p><strong>\u00a0<a href=\"https:\/\/projectes.xtec.cat\/gep\/wp-content\/uploads\/usu682\/2020\/07\/Famous-Physicists.pdf\">&#8220;Famous Physicists&#8221; 1st Batxillerat<\/a><\/strong><\/p>\n<p><strong><a href=\"https:\/\/projectes.xtec.cat\/gep\/wp-content\/uploads\/usu682\/2020\/07\/The-ecological-footprint.-Global-warming.pdf\">&#8220;The ecological footprint. Global warming&#8221; 2nd Batxillerat \/ ESO<\/a><\/strong><\/td>\n<td style=\"width: 16.6667%; vertical-align: top;\"><strong><a href=\"https:\/\/projectes.xtec.cat\/gep\/wp-content\/uploads\/usu682\/2026\/02\/MartA_nez_SolA-_TASK2_GEP1_MVO_final_compressed.pdf\">&#8220;Egyptian Gods&#8221; 1st ESO<\/a>\u00a0<\/strong><\/p>\n<p><strong><a href=\"https:\/\/projectes.xtec.cat\/gep\/wp-content\/uploads\/usu682\/2020\/07\/Womens-suffrage-movement.pdf\">&#8220;Women&#8217;s suffrage movement&#8221; 1st Batxillerat<\/a><\/strong><\/td>\n<td style=\"width: 16.6667%; vertical-align: top;\"><strong>\u00a0<a href=\"https:\/\/projectes.xtec.cat\/gep\/wp-content\/uploads\/usu682\/2020\/07\/Discovering-Shapes-The-Mysteries-os-measure.pdf\">&#8220;Discovering Shapes &amp; The Mysteries of measure&#8221; 1st ESO<\/a><\/strong><\/p>\n<p><strong>\u00a0<a href=\"https:\/\/projectes.xtec.cat\/gep\/wp-content\/uploads\/usu682\/2020\/07\/Keep-calm....and-count-with-us.pdf\">&#8220;Keep calm&#8230;.and count with us&#8221; 2nd or 3rd ESO<\/a><\/strong><\/p>\n<p><strong>\u00a0<a href=\"https:\/\/projectes.xtec.cat\/gep\/wp-content\/uploads\/usu682\/2020\/07\/making-the-quadratic-function-approachable.pdf\">&#8220;Making the quadratic function approachable&#8221; 4th ESO<\/a><\/strong><\/td>\n<td style=\"width: 16.6667%; vertical-align: top;\"><strong>\u00a0<a href=\"https:\/\/projectes.xtec.cat\/gep\/wp-content\/uploads\/usu682\/2020\/07\/Orienteering-Don\u2019t-get-lost-and-Let\u2019s-play-badminton.pdf\">&#8220;Orienteering Don\u2019t get lost! and Let\u2019s play badminton&#8221; 3rd ESO<\/a><\/strong><\/p>\n<p><strong><a href=\"https:\/\/projectes.xtec.cat\/gep\/wp-content\/uploads\/usu682\/2020\/07\/Sport.pdf\">\u00a0&#8220;Sport&#8221; 4th ESO<\/a><\/strong><\/td>\n<td style=\"width: 16.6667%; vertical-align: top;\"><strong>\u00a0 <a href=\"https:\/\/projectes.xtec.cat\/gep\/wp-content\/uploads\/usu682\/2020\/07\/Who-is-who-and-Knowing-Baroque-Music.pdf\">&#8220;Who is who?&#8221; and &#8220;Knowing Baroque Music&#8221;\u00a0 2nd ESO<\/a><\/strong><\/td>\n<td style=\"width: 16.6667%; vertical-align: top;\"><strong>\u00a0\u00a0<a href=\"https:\/\/projectes.xtec.cat\/gep\/wp-content\/uploads\/usu682\/2020\/07\/feudal.pdf\">&#8221; Detective Fiction&#8221; and &#8221; Feudal social structure&#8221; 2nd ESO<\/a><\/strong><\/p>\n<p><strong>\u00a0 \u00a0\u00a0<a href=\"https:\/\/projectes.xtec.cat\/gep\/wp-content\/uploads\/usu682\/2020\/07\/Geometry-and-color.pdf\">&#8220;Geometry and color&#8221; 3rd ESO<\/a><\/strong><\/td>\n<\/tr>\n<\/tbody>\n<\/table>\n<h3>Projectes GEP1 per FP<\/h3>\n<p><strong><a href=\"https:\/\/projectes.xtec.cat\/gep\/wp-content\/uploads\/usu682\/2020\/07\/CLIL-Activities-in-the-English-class-for-CFGS-Direcci\u00f3-de-Cuina-Students.pdf\">&#8220;My restaurant&#8221; and &#8220;2019 Year of the Vegan&#8221; CFGS Direcci\u00f3 de cuina.<\/a><\/strong><\/p>\n","protected":false},"excerpt":{"rendered":"<p>En aquest apartat hi trobareu projectes de refer\u00e8ncia dissenyats i implementats pels docents participants en el GEP 1 i 2. Com podreu apreciar els resultats s\u00f3n magn\u00edfics.<br \/>\nProjectes GEP1 per ed. prim\u00e0ria<\/p>\n<p>Arts &amp; Crafts<\/p>\n<p>Natural Science<\/p>\n<p>Physical\u00a0Education<\/p>\n<p>Social Science<\/p>\n<p>Miscellaneous<\/p>\n<p><a href=\"https:\/\/projectes.xtec.cat\/gep\/wp-content\/uploads\/usu682\/2026\/02\/Cami_Pros_Cequiel_TASK1_GEP1_LLE_compressed.pdf\">&#8220;Women in art&#8221; Year 3 and 4<\/a><br \/>\n<a href=\"https:\/\/projectes.xtec.cat\/gep\/wp-content\/uploads\/usu682\/2026\/02\/23_-24-GEP-1-CLIL-Task-1-Marta-Molins-Laura-Arjo-Definitiu_compressed.pdf\">&#8220;Dali&#8217;s art and&hellip;  <a href=\"https:\/\/projectes.xtec.cat\/gep\/gep-2\/gep1\/projectes-de-referencia\/\" title=\"Read Projectes de refer\u00e8ncia\">Llegeix m\u00e9s\u00bb<\/a><\/p>\n","protected":false},"author":1,"featured_media":0,"parent":10730,"menu_order":1,"comment_status":"closed","ping_status":"closed","template":"page-templates\/side-menu.php","meta":{"_bbp_topic_count":0,"_bbp_reply_count":0,"_bbp_total_topic_count":0,"_bbp_total_reply_count":0,"_bbp_voice_count":0,"_bbp_anonymous_reply_count":0,"_bbp_topic_count_hidden":0,"_bbp_reply_count_hidden":0,"_bbp_forum_subforum_count":0,"footnotes":""},"class_list":["post-10769","page","type-page","status-publish","hentry"],"post_mailing_queue_ids":[],"_links":{"self":[{"href":"https:\/\/projectes.xtec.cat\/gep\/wp-json\/wp\/v2\/pages\/10769","targetHints":{"allow":["GET"]}}],"collection":[{"href":"https:\/\/projectes.xtec.cat\/gep\/wp-json\/wp\/v2\/pages"}],"about":[{"href":"https:\/\/projectes.xtec.cat\/gep\/wp-json\/wp\/v2\/types\/page"}],"author":[{"embeddable":true,"href":"https:\/\/projectes.xtec.cat\/gep\/wp-json\/wp\/v2\/users\/1"}],"replies":[{"embeddable":true,"href":"https:\/\/projectes.xtec.cat\/gep\/wp-json\/wp\/v2\/comments?post=10769"}],"version-history":[{"count":7,"href":"https:\/\/projectes.xtec.cat\/gep\/wp-json\/wp\/v2\/pages\/10769\/revisions"}],"predecessor-version":[{"id":12039,"href":"https:\/\/projectes.xtec.cat\/gep\/wp-json\/wp\/v2\/pages\/10769\/revisions\/12039"}],"up":[{"embeddable":true,"href":"https:\/\/projectes.xtec.cat\/gep\/wp-json\/wp\/v2\/pages\/10730"}],"wp:attachment":[{"href":"https:\/\/projectes.xtec.cat\/gep\/wp-json\/wp\/v2\/media?parent=10769"}],"curies":[{"name":"wp","href":"https:\/\/api.w.org\/{rel}","templated":true}]}}