{"id":10781,"date":"2022-12-19T14:55:25","date_gmt":"2022-12-19T13:55:25","guid":{"rendered":"https:\/\/projectes.xtec.cat\/gep\/?page_id=10781"},"modified":"2022-12-19T14:55:25","modified_gmt":"2022-12-19T13:55:25","slug":"per-saber-ne-mes-pbl","status":"publish","type":"page","link":"https:\/\/projectes.xtec.cat\/gep\/gep-2\/gep2\/per-saber-ne-mes-pbl\/","title":{"rendered":"Per saber-ne m\u00e9s: PBL"},"content":{"rendered":"<h4>Els elements principals d&#8217;un PBL<\/h4>\n<p>Quan comenceu a treballar amb el vostre PBL recordeu d\u2019utilitzar tots els elements clau!<\/p>\n<p>Aquesta p\u00e0gina us ajudar\u00e0 a tenir-los sempre tots en compte!\u00a0<a href=\"https:\/\/www.pblworks.org\/what-is-pbl\/gold-standard-project-design\">https:\/\/www.pblworks.org\/what-is-pbl\/gold-standard-project-design<\/a><\/p>\n<h4>Quines caracter\u00edstiques t\u00e9 el PBL? Quines difer\u00e8ncies hi ha entre els projectes i el PBL?<\/h4>\n<p>Us proposem un v\u00eddeo molt interessant per descobrir-ne les caracter\u00edstiques principals.<\/p>\n<p><iframe loading=\"lazy\" title=\"Projects and Project-Based Learning: What&#039;s The Difference?\" width=\"500\" height=\"281\" src=\"https:\/\/www.youtube.com\/embed\/dhwuQU2-g5g?feature=oembed\" frameborder=\"0\" allow=\"accelerometer; autoplay; clipboard-write; encrypted-media; gyroscope; picture-in-picture; web-share\" referrerpolicy=\"strict-origin-when-cross-origin\" allowfullscreen><\/iframe><\/p>\n","protected":false},"excerpt":{"rendered":"<p>Els elements principals d&#8217;un PBL<br \/>\nQuan comenceu a treballar amb el vostre PBL recordeu d\u2019utilitzar tots els elements clau!<br \/>\nAquesta p\u00e0gina us ajudar\u00e0 a tenir-los sempre tots en compte!\u00a0<a href=\"https:\/\/www.pblworks.org\/what-is-pbl\/gold-standard-project-design\">https:\/\/www.pblworks.org\/what-is-pbl\/gold-standard-project-design<\/a><br \/>\nQuines caracter\u00edstiques t\u00e9 el PBL? Quines difer\u00e8ncies hi ha entre els projectes i el PBL?<br \/>\nUs proposem un v\u00eddeo&hellip;  <a href=\"https:\/\/projectes.xtec.cat\/gep\/gep-2\/gep2\/per-saber-ne-mes-pbl\/\" title=\"Read Per saber-ne m\u00e9s: PBL\">Llegeix m\u00e9s\u00bb<\/a><\/p>\n","protected":false},"author":1,"featured_media":0,"parent":10732,"menu_order":2,"comment_status":"closed","ping_status":"closed","template":"page-templates\/side-menu.php","meta":{"_bbp_topic_count":0,"_bbp_reply_count":0,"_bbp_total_topic_count":0,"_bbp_total_reply_count":0,"_bbp_voice_count":0,"_bbp_anonymous_reply_count":0,"_bbp_topic_count_hidden":0,"_bbp_reply_count_hidden":0,"_bbp_forum_subforum_count":0,"footnotes":""},"class_list":["post-10781","page","type-page","status-publish","hentry"],"post_mailing_queue_ids":[],"_links":{"self":[{"href":"https:\/\/projectes.xtec.cat\/gep\/wp-json\/wp\/v2\/pages\/10781","targetHints":{"allow":["GET"]}}],"collection":[{"href":"https:\/\/projectes.xtec.cat\/gep\/wp-json\/wp\/v2\/pages"}],"about":[{"href":"https:\/\/projectes.xtec.cat\/gep\/wp-json\/wp\/v2\/types\/page"}],"author":[{"embeddable":true,"href":"https:\/\/projectes.xtec.cat\/gep\/wp-json\/wp\/v2\/users\/1"}],"replies":[{"embeddable":true,"href":"https:\/\/projectes.xtec.cat\/gep\/wp-json\/wp\/v2\/comments?post=10781"}],"version-history":[{"count":1,"href":"https:\/\/projectes.xtec.cat\/gep\/wp-json\/wp\/v2\/pages\/10781\/revisions"}],"predecessor-version":[{"id":10782,"href":"https:\/\/projectes.xtec.cat\/gep\/wp-json\/wp\/v2\/pages\/10781\/revisions\/10782"}],"up":[{"embeddable":true,"href":"https:\/\/projectes.xtec.cat\/gep\/wp-json\/wp\/v2\/pages\/10732"}],"wp:attachment":[{"href":"https:\/\/projectes.xtec.cat\/gep\/wp-json\/wp\/v2\/media?parent=10781"}],"curies":[{"name":"wp","href":"https:\/\/api.w.org\/{rel}","templated":true}]}}