{"id":10783,"date":"2022-12-19T15:00:47","date_gmt":"2022-12-19T14:00:47","guid":{"rendered":"https:\/\/projectes.xtec.cat\/gep\/?page_id=10783"},"modified":"2022-12-19T15:00:47","modified_gmt":"2022-12-19T14:00:47","slug":"memoria-final","status":"publish","type":"page","link":"https:\/\/projectes.xtec.cat\/gep\/gep-2\/gep3\/memoria-final\/","title":{"rendered":"Mem\u00f2ria final"},"content":{"rendered":"<p>Aquest darrer curs, els centres GEP fan una valoraci\u00f3 de la seva tasca realitzada durant els dos cursos de formaci\u00f3 i continuen treballant en els seus projectes GEP de manera m\u00e9s aut\u00f2noma.<\/p>\n<p>Ha arribat el moment tamb\u00e9 d&#8217;escriure la mem\u00f2ria la qual podreu trobar penjada al &#8220;<a href=\"https:\/\/espai.educacio.gencat.cat\/Centres\/Innovacio-pedagogica\/Programes\/Generacio-Plurilingue-GEP\/Pagines\/default.aspx#!#h214\">Portal de centre<\/a>&#8220;.<\/p>\n<p><a href=\"https:\/\/projectes.xtec.cat\/gep\/wp-content\/uploads\/usu682\/2020\/02\/Generacio-Plurilingue-GEP-Departament-dEducacio.png\"><img loading=\"lazy\" decoding=\"async\" class=\" wp-image-10648 alignleft\" src=\"https:\/\/projectes.xtec.cat\/gep\/wp-content\/uploads\/usu682\/2020\/02\/Generacio-Plurilingue-GEP-Departament-dEducacio.png\" alt=\"\" width=\"858\" height=\"384\" srcset=\"https:\/\/projectes.xtec.cat\/gep\/wp-content\/uploads\/usu682\/2020\/02\/Generacio-Plurilingue-GEP-Departament-dEducacio.png 1223w, https:\/\/projectes.xtec.cat\/gep\/wp-content\/uploads\/usu682\/2020\/02\/Generacio-Plurilingue-GEP-Departament-dEducacio-300x134.png 300w, https:\/\/projectes.xtec.cat\/gep\/wp-content\/uploads\/usu682\/2020\/02\/Generacio-Plurilingue-GEP-Departament-dEducacio-1024x458.png 1024w, https:\/\/projectes.xtec.cat\/gep\/wp-content\/uploads\/usu682\/2020\/02\/Generacio-Plurilingue-GEP-Departament-dEducacio-768x343.png 768w\" sizes=\"auto, (max-width: 858px) 100vw, 858px\" \/><\/a><\/p>\n<p>&nbsp;<\/p>\n","protected":false},"excerpt":{"rendered":"<p>Aquest darrer curs, els centres GEP fan una valoraci\u00f3 de la seva tasca realitzada durant els dos cursos de formaci\u00f3 i continuen treballant en els seus projectes GEP de manera m\u00e9s aut\u00f2noma.<br \/>\nHa arribat el moment tamb\u00e9 d&#8217;escriure la mem\u00f2ria la qual podreu trobar penjada al&hellip;  <a href=\"https:\/\/projectes.xtec.cat\/gep\/gep-2\/gep3\/memoria-final\/\" title=\"Read Mem\u00f2ria final\">Llegeix m\u00e9s\u00bb<\/a><\/p>\n","protected":false},"author":1,"featured_media":0,"parent":10734,"menu_order":0,"comment_status":"closed","ping_status":"closed","template":"page-templates\/side-menu.php","meta":{"_bbp_topic_count":0,"_bbp_reply_count":0,"_bbp_total_topic_count":0,"_bbp_total_reply_count":0,"_bbp_voice_count":0,"_bbp_anonymous_reply_count":0,"_bbp_topic_count_hidden":0,"_bbp_reply_count_hidden":0,"_bbp_forum_subforum_count":0,"footnotes":""},"class_list":["post-10783","page","type-page","status-publish","hentry"],"post_mailing_queue_ids":[],"_links":{"self":[{"href":"https:\/\/projectes.xtec.cat\/gep\/wp-json\/wp\/v2\/pages\/10783","targetHints":{"allow":["GET"]}}],"collection":[{"href":"https:\/\/projectes.xtec.cat\/gep\/wp-json\/wp\/v2\/pages"}],"about":[{"href":"https:\/\/projectes.xtec.cat\/gep\/wp-json\/wp\/v2\/types\/page"}],"author":[{"embeddable":true,"href":"https:\/\/projectes.xtec.cat\/gep\/wp-json\/wp\/v2\/users\/1"}],"replies":[{"embeddable":true,"href":"https:\/\/projectes.xtec.cat\/gep\/wp-json\/wp\/v2\/comments?post=10783"}],"version-history":[{"count":1,"href":"https:\/\/projectes.xtec.cat\/gep\/wp-json\/wp\/v2\/pages\/10783\/revisions"}],"predecessor-version":[{"id":10784,"href":"https:\/\/projectes.xtec.cat\/gep\/wp-json\/wp\/v2\/pages\/10783\/revisions\/10784"}],"up":[{"embeddable":true,"href":"https:\/\/projectes.xtec.cat\/gep\/wp-json\/wp\/v2\/pages\/10734"}],"wp:attachment":[{"href":"https:\/\/projectes.xtec.cat\/gep\/wp-json\/wp\/v2\/media?parent=10783"}],"curies":[{"name":"wp","href":"https:\/\/api.w.org\/{rel}","templated":true}]}}