{"id":10785,"date":"2022-12-19T15:01:49","date_gmt":"2022-12-19T14:01:49","guid":{"rendered":"https:\/\/projectes.xtec.cat\/gep\/?page_id=10785"},"modified":"2022-12-19T15:01:49","modified_gmt":"2022-12-19T14:01:49","slug":"i-despres-del-gep-que-fem","status":"publish","type":"page","link":"https:\/\/projectes.xtec.cat\/gep\/gep-2\/gep3\/i-despres-del-gep-que-fem\/","title":{"rendered":"I despr\u00e9s del GEP qu\u00e8 fem?"},"content":{"rendered":"<p>Durant els tres anys del programa d\u2019innovaci\u00f3, el centre ha redissenyat o creat de nou el seu projecte ling\u00fc\u00edstic. Els centres s\u2019han plantejat nous objectius hi han vetllat per assolir-los. Un cop acabat el programa, qu\u00e8 podem fer per continuar atenent i enriquint aquests objectius?<\/p>\n<p><img loading=\"lazy\" decoding=\"async\" class=\"size-full wp-image-8696 alignleft\" src=\"https:\/\/projectes.xtec.cat\/avancem\/wp-content\/uploads\/usu2068\/2020\/11\/world.png\" alt=\"\" width=\"288\" height=\"191\" \/><\/p>\n<p>Una de les opcions que hi ha \u00e9s la\u00a0<strong>internacionalitzaci\u00f3<\/strong>. La internacionalitzaci\u00f3 ens pot ajudar a assolir els nostres objectius del projecte ling\u00fc\u00edstic amb una mirada inclusiva per a tot l\u2019alumnat. \u00c9s a dir, lleng\u00fces per a tothom i internacionalitzaci\u00f3 per a tothom.<\/p>\n<p>L\u2019objectiu principal de la UE \u00e9s crear un espai educatiu europeu, cada cop m\u00e9s real i proper per a tot l\u2019alumnat. Per tant, accedir a la internacionalitzaci\u00f3 ens comporta molts beneficis. Per una banda, compartir les nostres bones practiques; per altra banda con\u00e8ixer i adaptar les bones practiques d\u2019altres que creiem adients; i en tercer lloc, poder formar i fomentar les xarxes entre centres i docents. \u00a0Tots aquests aspectes en l\u2019\u00e0mbit internacional, afegeixen un car\u00e0cter internacional a les nostres iniciatives did\u00e0ctiques.<\/p>\n<p>Us deixem l\u2019enlla\u00e7 del<strong>\u00a0Nodes de Projectes Internacionals<\/strong>\u00a0on podeu trobar iniciatives i projectes que us ajudaran a enriquir els vostres projectes actuals de centre donant una mirada m\u00e9s oberta al m\u00f3n que ens envolta.<\/p>\n<p><a href=\"https:\/\/projectes.xtec.cat\/internacional\/\">https:\/\/projectes.xtec.cat\/internacional\/<\/a><\/p>\n","protected":false},"excerpt":{"rendered":"<p>Durant els tres anys del programa d\u2019innovaci\u00f3, el centre ha redissenyat o creat de nou el seu projecte ling\u00fc\u00edstic. Els centres s\u2019han plantejat nous objectius hi han vetllat per assolir-los. Un cop acabat el programa, qu\u00e8 podem fer per continuar atenent i enriquint aquests objectius?<\/p>\n<p>Una&hellip;  <a href=\"https:\/\/projectes.xtec.cat\/gep\/gep-2\/gep3\/i-despres-del-gep-que-fem\/\" title=\"Read I despr\u00e9s del GEP qu\u00e8 fem?\">Llegeix m\u00e9s\u00bb<\/a><\/p>\n","protected":false},"author":1,"featured_media":0,"parent":10734,"menu_order":1,"comment_status":"closed","ping_status":"closed","template":"page-templates\/side-menu.php","meta":{"_bbp_topic_count":0,"_bbp_reply_count":0,"_bbp_total_topic_count":0,"_bbp_total_reply_count":0,"_bbp_voice_count":0,"_bbp_anonymous_reply_count":0,"_bbp_topic_count_hidden":0,"_bbp_reply_count_hidden":0,"_bbp_forum_subforum_count":0,"footnotes":""},"class_list":["post-10785","page","type-page","status-publish","hentry"],"post_mailing_queue_ids":[],"_links":{"self":[{"href":"https:\/\/projectes.xtec.cat\/gep\/wp-json\/wp\/v2\/pages\/10785","targetHints":{"allow":["GET"]}}],"collection":[{"href":"https:\/\/projectes.xtec.cat\/gep\/wp-json\/wp\/v2\/pages"}],"about":[{"href":"https:\/\/projectes.xtec.cat\/gep\/wp-json\/wp\/v2\/types\/page"}],"author":[{"embeddable":true,"href":"https:\/\/projectes.xtec.cat\/gep\/wp-json\/wp\/v2\/users\/1"}],"replies":[{"embeddable":true,"href":"https:\/\/projectes.xtec.cat\/gep\/wp-json\/wp\/v2\/comments?post=10785"}],"version-history":[{"count":1,"href":"https:\/\/projectes.xtec.cat\/gep\/wp-json\/wp\/v2\/pages\/10785\/revisions"}],"predecessor-version":[{"id":10786,"href":"https:\/\/projectes.xtec.cat\/gep\/wp-json\/wp\/v2\/pages\/10785\/revisions\/10786"}],"up":[{"embeddable":true,"href":"https:\/\/projectes.xtec.cat\/gep\/wp-json\/wp\/v2\/pages\/10734"}],"wp:attachment":[{"href":"https:\/\/projectes.xtec.cat\/gep\/wp-json\/wp\/v2\/media?parent=10785"}],"curies":[{"name":"wp","href":"https:\/\/api.w.org\/{rel}","templated":true}]}}