{"id":306,"date":"2015-11-24T18:02:44","date_gmt":"2015-11-24T17:02:44","guid":{"rendered":"http:\/\/projectes.xtec.cat\/gep\/?page_id=306"},"modified":"2022-10-27T18:28:24","modified_gmt":"2022-10-27T16:28:24","slug":"equip","status":"publish","type":"page","link":"https:\/\/projectes.xtec.cat\/gep\/el-projecte\/equip\/","title":{"rendered":"Formaci\u00f3"},"content":{"rendered":"<p><a href=\"https:\/\/projectes.xtec.cat\/gep\/wp-content\/uploads\/usu682\/2022\/10\/Coding-workshop-pana.png\"><img loading=\"lazy\" decoding=\"async\" class=\"wp-image-10554 alignleft\" src=\"https:\/\/projectes.xtec.cat\/gep\/wp-content\/uploads\/usu682\/2022\/10\/Coding-workshop-pana.png\" alt=\"\" width=\"320\" height=\"320\" srcset=\"https:\/\/projectes.xtec.cat\/gep\/wp-content\/uploads\/usu682\/2022\/10\/Coding-workshop-pana.png 2000w, https:\/\/projectes.xtec.cat\/gep\/wp-content\/uploads\/usu682\/2022\/10\/Coding-workshop-pana-300x300.png 300w, https:\/\/projectes.xtec.cat\/gep\/wp-content\/uploads\/usu682\/2022\/10\/Coding-workshop-pana-1024x1024.png 1024w, https:\/\/projectes.xtec.cat\/gep\/wp-content\/uploads\/usu682\/2022\/10\/Coding-workshop-pana-150x150.png 150w, https:\/\/projectes.xtec.cat\/gep\/wp-content\/uploads\/usu682\/2022\/10\/Coding-workshop-pana-768x768.png 768w, https:\/\/projectes.xtec.cat\/gep\/wp-content\/uploads\/usu682\/2022\/10\/Coding-workshop-pana-1536x1536.png 1536w\" sizes=\"auto, (max-width: 320px) 100vw, 320px\" \/><\/a><\/p>\n<p>&nbsp;<\/p>\n<p>&nbsp;<\/p>\n<p style=\"text-align: justify;\">La <strong><span style=\"color: #800080;\">formaci\u00f3<\/span><\/strong> associada al programa GEP s\u2019adre\u00e7a, en primera inst\u00e0ncia, a professorat de mat\u00e8ria no ling\u00fc\u00edstica que acrediti un nivell m\u00ednim B2 (MECR) de llengua estrangera. No obstant aix\u00f2, pot participar tamb\u00e9 en la formaci\u00f3 un professor\/a de llengua estrangera, si b\u00e9 no de manera exclusiva.<\/p>\n<p>&nbsp;<\/p>\n<p>&nbsp;<\/p>\n<p>&nbsp;<\/p>\n<p><strong><span style=\"color: #800080;\">Objectius i estructura<\/span><\/strong> de la formaci\u00f3 GEP:<\/p>\n<p style=\"padding-left: 40px;\"><span style=\"color: #800080;\"><strong>1. Formaci\u00f3 de primer any<\/strong><\/span><\/p>\n<p style=\"text-align: justify; padding-left: 80px;\">L\u2019objectiu de la formaci\u00f3 de primer any dels docents de centres GEP d\u2019angl\u00e8s \u00e9s iniciar els professors de mat\u00e8ria no ling\u00fc\u00edstica en l\u2019aprenentatge integrat de llengua estrangera i continguts (AICLE), per tal de capacitar-los per impartir continguts de la seva mat\u00e8ria en llengua anglesa o francesa.<\/p>\n<p style=\"padding-left: 80px;\">La formaci\u00f3 consisteix en un curs semipresencial de 45 hores de durada.<\/p>\n<p style=\"padding-left: 40px;\"><span style=\"color: #800080;\"><strong>2. Formaci\u00f3 de segon any<\/strong><\/span><\/p>\n<p style=\"text-align: justify; padding-left: 80px;\">L\u2019objectiu de la formaci\u00f3 de 2n any GEP \u00e9s aprofundir en l&#8217;enfocament AICLE per tal de capacitar els docents per elaborar i implementar projectes competencials en angl\u00e8s o franc\u00e8s en mat\u00e8ries i \u00e0rees no ling\u00fc\u00edstiques, tot integrant-hi les TIC.<\/p>\n<p style=\"padding-left: 80px;\">La formaci\u00f3 consistir\u00e0 en un curs semipresencial de 45 hores de durada.<\/p>\n<p style=\"text-align: justify; padding-left: 80px;\">Formaci\u00f3 complement\u00e0ria associada al programa d\u2019innovaci\u00f3 Generaci\u00f3 Pluriling\u00fce: el Departament ofereix un cicle de confer\u00e8ncies &#8220;Webinars&#8221; al voltant de l&#8217;aprenentatge de lleng\u00fces. Aquesta acci\u00f3 formativa va dirigida al professorat de centres participants en el programa Generaci\u00f3 Pluriling\u00fce i, en general, al professorat de llengua anglesa o d&#8217;\u00e0rees en angl\u00e8s, de tots els nivells educatius.<\/p>\n<p>&nbsp;<\/p>\n<p style=\"text-align: right;\"><a href=\"https:\/\/storyset.com\/web\">Web illustrations by Storyset<\/a><\/p>\n","protected":false},"excerpt":{"rendered":"<p><a href=\"https:\/\/projectes.xtec.cat\/gep\/wp-content\/uploads\/usu682\/2022\/10\/Coding-workshop-pana.png\"><\/a><br \/>\n&nbsp;<br \/>\n&nbsp;<br \/>\nLa formaci\u00f3 associada al programa GEP s\u2019adre\u00e7a, en primera inst\u00e0ncia, a professorat de mat\u00e8ria no ling\u00fc\u00edstica que acrediti un nivell m\u00ednim B2 (MECR) de llengua estrangera. No obstant aix\u00f2, pot participar tamb\u00e9 en la formaci\u00f3 un professor\/a de llengua estrangera, si b\u00e9 no de&hellip;  <a href=\"https:\/\/projectes.xtec.cat\/gep\/el-projecte\/equip\/\" title=\"Read Formaci\u00f3\">Llegeix m\u00e9s\u00bb<\/a><\/p>\n","protected":false},"author":1,"featured_media":0,"parent":806,"menu_order":20,"comment_status":"closed","ping_status":"closed","template":"page-templates\/side-menu.php","meta":{"_bbp_topic_count":0,"_bbp_reply_count":0,"_bbp_total_topic_count":0,"_bbp_total_reply_count":0,"_bbp_voice_count":0,"_bbp_anonymous_reply_count":0,"_bbp_topic_count_hidden":0,"_bbp_reply_count_hidden":0,"_bbp_forum_subforum_count":0,"footnotes":""},"class_list":["post-306","page","type-page","status-publish","hentry"],"post_mailing_queue_ids":[],"_links":{"self":[{"href":"https:\/\/projectes.xtec.cat\/gep\/wp-json\/wp\/v2\/pages\/306","targetHints":{"allow":["GET"]}}],"collection":[{"href":"https:\/\/projectes.xtec.cat\/gep\/wp-json\/wp\/v2\/pages"}],"about":[{"href":"https:\/\/projectes.xtec.cat\/gep\/wp-json\/wp\/v2\/types\/page"}],"author":[{"embeddable":true,"href":"https:\/\/projectes.xtec.cat\/gep\/wp-json\/wp\/v2\/users\/1"}],"replies":[{"embeddable":true,"href":"https:\/\/projectes.xtec.cat\/gep\/wp-json\/wp\/v2\/comments?post=306"}],"version-history":[{"count":3,"href":"https:\/\/projectes.xtec.cat\/gep\/wp-json\/wp\/v2\/pages\/306\/revisions"}],"predecessor-version":[{"id":10576,"href":"https:\/\/projectes.xtec.cat\/gep\/wp-json\/wp\/v2\/pages\/306\/revisions\/10576"}],"up":[{"embeddable":true,"href":"https:\/\/projectes.xtec.cat\/gep\/wp-json\/wp\/v2\/pages\/806"}],"wp:attachment":[{"href":"https:\/\/projectes.xtec.cat\/gep\/wp-json\/wp\/v2\/media?parent=306"}],"curies":[{"name":"wp","href":"https:\/\/api.w.org\/{rel}","templated":true}]}}