{"id":797,"date":"2015-11-28T21:06:57","date_gmt":"2015-11-28T20:06:57","guid":{"rendered":"http:\/\/projectes.xtec.cat\/gep\/?page_id=797"},"modified":"2022-10-27T18:24:06","modified_gmt":"2022-10-27T16:24:06","slug":"presentacio","status":"publish","type":"page","link":"https:\/\/projectes.xtec.cat\/gep\/el-projecte\/presentacio\/","title":{"rendered":"Objectius"},"content":{"rendered":"<p><a href=\"https:\/\/projectes.xtec.cat\/gep\/wp-content\/uploads\/usu682\/2022\/10\/Shared-goals-pana.png\"><img loading=\"lazy\" decoding=\"async\" class=\"wp-image-10551 alignright\" src=\"https:\/\/projectes.xtec.cat\/gep\/wp-content\/uploads\/usu682\/2022\/10\/Shared-goals-pana.png\" alt=\"\" width=\"320\" height=\"320\" srcset=\"https:\/\/projectes.xtec.cat\/gep\/wp-content\/uploads\/usu682\/2022\/10\/Shared-goals-pana.png 2000w, https:\/\/projectes.xtec.cat\/gep\/wp-content\/uploads\/usu682\/2022\/10\/Shared-goals-pana-300x300.png 300w, https:\/\/projectes.xtec.cat\/gep\/wp-content\/uploads\/usu682\/2022\/10\/Shared-goals-pana-1024x1024.png 1024w, https:\/\/projectes.xtec.cat\/gep\/wp-content\/uploads\/usu682\/2022\/10\/Shared-goals-pana-150x150.png 150w, https:\/\/projectes.xtec.cat\/gep\/wp-content\/uploads\/usu682\/2022\/10\/Shared-goals-pana-768x768.png 768w, https:\/\/projectes.xtec.cat\/gep\/wp-content\/uploads\/usu682\/2022\/10\/Shared-goals-pana-1536x1536.png 1536w\" sizes=\"auto, (max-width: 320px) 100vw, 320px\" \/><\/a><\/p>\n<p>&nbsp;<\/p>\n<h4>Objectius generals:<\/h4>\n<p style=\"text-align: justify;\">Els <span style=\"color: #800080;\"><strong>objectius generals<\/strong><\/span> del programa s\u00f3n promoure l\u2019aplicaci\u00f3 a l\u2019aula de metodologies per a\u00a0l\u2019aprenentatge integrat de continguts i llengua estrangera (AICLE); fomentar el desenvolupament de projectes interdisciplinars en llengua estrangera, i oferir pautes per a l\u2019organitzaci\u00f3 educativa i el disseny curricular. A trav\u00e9s del GEP tamb\u00e9 es vol refor\u00e7ar el treball cooperatiu entre el professorat, fomentar la innovaci\u00f3 educativa i promoure l&#8217;intercanvi de bones pr\u00e0ctiques entre els centres educatius participants.<\/p>\n<p>&nbsp;<\/p>\n<h4>Objectius espec\u00edfics:<\/h4>\n<p>Els <span style=\"color: #800080;\"><strong>objectius espec\u00edfics<\/strong><\/span> del GEP s\u00f3n, d\u2019acord amb els diferents col\u00b7lectius a qui s\u2019adre\u00e7a, els seg\u00fcents:<\/p>\n<p style=\"padding-left: 40px;\"><span style=\"color: #800080;\"><strong>Alumnat:<\/strong><\/span><\/p>\n<p style=\"padding-left: 80px;\">&#8211; Millorar la compet\u00e8ncia comunicativa en llengua estrangera<\/p>\n<p style=\"padding-left: 80px;\">&#8211; Desenvolupar compet\u00e8ncies clau per al s. XXI (b\u00e0siques, del pensament i actitudinals o personals)<\/p>\n<p style=\"padding-left: 80px;\">&#8211; Fomentar el treball cooperatiu i per projectes<\/p>\n<p style=\"padding-left: 80px;\">&#8211; Adquirir estrat\u00e8gies per a l\u2019aprenentatge aut\u00f2nom (aprendre a aprendre)<\/p>\n<p style=\"padding-left: 40px;\"><span style=\"color: #800080;\"><strong>Professorat:<\/strong><\/span><\/p>\n<p style=\"padding-left: 80px;\">&#8211; Incorporar en la doc\u00e8ncia estrat\u00e8gies AICLE i d\u2019aprenentatge basat en projectes<\/p>\n<p style=\"padding-left: 80px;\">&#8211; Refor\u00e7ar el treball cooperatiu<\/p>\n<p style=\"padding-left: 80px;\">&#8211; Adquirir coneixement i estrat\u00e8gies d\u2019intercomprensi\u00f3<\/p>\n<p style=\"padding-left: 80px;\">&#8211; Desenvolupar projectes globals de car\u00e0cter transversal<\/p>\n<p style=\"padding-left: 80px;\">&#8211; Augmentar la compet\u00e8ncia en llengua estrangera<\/p>\n<p style=\"padding-left: 40px;\"><span style=\"color: #800080;\"><strong>Equips directius:<\/strong><\/span><\/p>\n<p style=\"padding-left: 80px;\">&#8211; Oferir, de manera progressiva, mat\u00e8ries no ling\u00fc\u00edstiques en llengua estrangera.<\/p>\n<p style=\"padding-left: 80px;\">&#8211; Facilitar la cooperaci\u00f3 docent, especialment entre el professorat de mat\u00e8ria i l\u2019especialista de llengua estrangera.<\/p>\n<p style=\"padding-left: 80px;\">&#8211; Intercanviar experi\u00e8ncies i bones pr\u00e0ctiques amb altres centres.<\/p>\n<p style=\"padding-left: 80px;\">&#8211; Afavorir la implicaci\u00f3 de la comunitat educativa en el projecte ling\u00fc\u00edstic pluriling\u00fce del centre.<\/p>\n<p>&nbsp;<\/p>\n<p style=\"text-align: right;\"><a href=\"https:\/\/storyset.com\/business\">Business illustrations by Storyset<\/a><\/p>\n","protected":false},"excerpt":{"rendered":"<p><a href=\"https:\/\/projectes.xtec.cat\/gep\/wp-content\/uploads\/usu682\/2022\/10\/Shared-goals-pana.png\"><\/a><br \/>\n&nbsp;<br \/>\nObjectius generals:<br \/>\nEls objectius generals del programa s\u00f3n promoure l\u2019aplicaci\u00f3 a l\u2019aula de metodologies per a\u00a0l\u2019aprenentatge integrat de continguts i llengua estrangera (AICLE); fomentar el desenvolupament de projectes interdisciplinars en llengua estrangera, i oferir pautes per a l\u2019organitzaci\u00f3 educativa i el disseny curricular. A trav\u00e9s&hellip;  <a href=\"https:\/\/projectes.xtec.cat\/gep\/el-projecte\/presentacio\/\" title=\"Read Objectius\">Llegeix m\u00e9s\u00bb<\/a><\/p>\n","protected":false},"author":1,"featured_media":0,"parent":806,"menu_order":10,"comment_status":"closed","ping_status":"closed","template":"page-templates\/side-menu.php","meta":{"_bbp_topic_count":0,"_bbp_reply_count":0,"_bbp_total_topic_count":0,"_bbp_total_reply_count":0,"_bbp_voice_count":0,"_bbp_anonymous_reply_count":0,"_bbp_topic_count_hidden":0,"_bbp_reply_count_hidden":0,"_bbp_forum_subforum_count":0,"footnotes":""},"class_list":["post-797","page","type-page","status-publish","hentry"],"post_mailing_queue_ids":[],"_links":{"self":[{"href":"https:\/\/projectes.xtec.cat\/gep\/wp-json\/wp\/v2\/pages\/797","targetHints":{"allow":["GET"]}}],"collection":[{"href":"https:\/\/projectes.xtec.cat\/gep\/wp-json\/wp\/v2\/pages"}],"about":[{"href":"https:\/\/projectes.xtec.cat\/gep\/wp-json\/wp\/v2\/types\/page"}],"author":[{"embeddable":true,"href":"https:\/\/projectes.xtec.cat\/gep\/wp-json\/wp\/v2\/users\/1"}],"replies":[{"embeddable":true,"href":"https:\/\/projectes.xtec.cat\/gep\/wp-json\/wp\/v2\/comments?post=797"}],"version-history":[{"count":3,"href":"https:\/\/projectes.xtec.cat\/gep\/wp-json\/wp\/v2\/pages\/797\/revisions"}],"predecessor-version":[{"id":10572,"href":"https:\/\/projectes.xtec.cat\/gep\/wp-json\/wp\/v2\/pages\/797\/revisions\/10572"}],"up":[{"embeddable":true,"href":"https:\/\/projectes.xtec.cat\/gep\/wp-json\/wp\/v2\/pages\/806"}],"wp:attachment":[{"href":"https:\/\/projectes.xtec.cat\/gep\/wp-json\/wp\/v2\/media?parent=797"}],"curies":[{"name":"wp","href":"https:\/\/api.w.org\/{rel}","templated":true}]}}