{"id":806,"date":"2015-11-28T21:29:55","date_gmt":"2015-11-28T20:29:55","guid":{"rendered":"http:\/\/projectes.xtec.cat\/gep\/?page_id=806"},"modified":"2022-11-28T18:12:09","modified_gmt":"2022-11-28T17:12:09","slug":"el-projecte","status":"publish","type":"page","link":"https:\/\/projectes.xtec.cat\/gep\/el-projecte\/","title":{"rendered":"El projecte GEP"},"content":{"rendered":"<p>El curs 2017-2018 el Departament d&#8217;Ensenyament inicia el programa\u00a0d\u2019innovaci\u00f3 pedag\u00f2gica\u00a0<strong>Generaci\u00f3 Pluriling\u00fce (GEP)<\/strong>. La finalitat d\u2019aquest programa \u00e9s millorar la compet\u00e8ncia en lleng\u00fces estrangeres de l\u2019alumnat, afavorint el seu creixement acad\u00e8mic i posterior inserci\u00f3 laboral, i capacitant-lo per interactuar amb el m\u00f3n en diverses lleng\u00fces i de manera cr\u00edtica.<\/p>\n<p>Les accions del programa GEP s\u2019orienten, d\u2019una banda, a incrementar el temps d\u2019exposici\u00f3 de l\u2019alumnat a les lleng\u00fces estrangeres curriculars i, d\u2019una altra, a acompanyar els centres educatius en el proc\u00e9s de desplegament i consolidaci\u00f3 d\u2019un projecte ling\u00fc\u00edstic pluriling\u00fce propi. Tamb\u00e9 es promou un aprenentatge actiu i significatiu per part de l&#8217;alumnat, basat en el treball cooperatiu i per projectes que integrin les TIC, en una avaluaci\u00f3 orientada a l&#8217;aprenentatge, i en l&#8217;adquisici\u00f3 d&#8217;estrat\u00e8gies per a un aprenentatge aut\u00f2nom.<\/p>\n<p>Nascut l\u2019any 2013 com a programa experimental, s\u2019adre\u00e7a als centres educatius que imparteixen ensenyaments d\u2019educaci\u00f3 prim\u00e0ria, d\u2019educaci\u00f3 secund\u00e0ria obligat\u00f2ria, batxillerat o formaci\u00f3 professional inicial, de titularitat del Departament d\u2019Ensenyament, de titularitat municipal i de titularitat privada en r\u00e8gim de concert. La selecci\u00f3 de centres es far\u00e0 anualment a proposta dels serveis territorials i amb la col\u00b7laboraci\u00f3 de la Inspecci\u00f3 d&#8217;Educaci\u00f3.<\/p>\n<p>La durada del programa \u00e9s de tres cursos escolars. Durant aquest temps, docents dels centres participants amb una acreditaci\u00f3 suficient de coneixements de llengua estrangera reben formaci\u00f3 sobre\u00a0<strong>enfocaments<\/strong>\u00a0CLIL i \u00c9MILE (aprenentatge integrat de contingut i llengua estrangera en angl\u00e8s i franc\u00e8s, respectivament). Els equips directius, al seu torn, reben orientacions per a la implementaci\u00f3 del programa en el centre, el disseny d\u2019un\u00a0pla d\u2019acci\u00f3\u00a0i l\u2019elaboraci\u00f3 d\u2019una\u00a0<a href=\"https:\/\/espai.educacio.gencat.cat\/Centres\/Innovacio-pedagogica\/Generacio-Plurilingue-GEP\/Pagines\/default.aspx\">mem\u00f2ria final<\/a>.<\/p>\n<p><a title=\"Obre finestra nova (Ves al DOGC)\" href=\"http:\/\/dogc.gencat.cat\/ca\/pdogc_canals_interns\/pdogc_resultats_fitxa\/?action=fitxa&amp;mode=single&amp;documentId=789740&amp;language=ca_ES\" target=\"_blank\" rel=\"noopener noreferrer\">Resoluci\u00f3 ENS\/1363\/2017<\/a>, de 7 de juny, per la qual es crea el programa d&#8217;innovaci\u00f3 pedag\u00f2gica &#8220;Generaci\u00f3 Pluriling\u00fce (GEP): aprendre lleng\u00fces estrangeres a trav\u00e9s de les mat\u00e8ries\u201d.<\/p>\n","protected":false},"excerpt":{"rendered":"<p>El curs 2017-2018 el Departament d&#8217;Ensenyament inicia el programa\u00a0d\u2019innovaci\u00f3 pedag\u00f2gica\u00a0Generaci\u00f3 Pluriling\u00fce (GEP). La finalitat d\u2019aquest programa \u00e9s millorar la compet\u00e8ncia en lleng\u00fces estrangeres de l\u2019alumnat, afavorint el seu creixement acad\u00e8mic i posterior inserci\u00f3 laboral, i capacitant-lo per interactuar amb el m\u00f3n en diverses lleng\u00fces i&hellip;  <a href=\"https:\/\/projectes.xtec.cat\/gep\/el-projecte\/\" title=\"Read El projecte GEP\">Llegeix m\u00e9s\u00bb<\/a><\/p>\n","protected":false},"author":1,"featured_media":0,"parent":0,"menu_order":0,"comment_status":"closed","ping_status":"closed","template":"page-templates\/side-menu.php","meta":{"_bbp_topic_count":0,"_bbp_reply_count":0,"_bbp_total_topic_count":0,"_bbp_total_reply_count":0,"_bbp_voice_count":0,"_bbp_anonymous_reply_count":0,"_bbp_topic_count_hidden":0,"_bbp_reply_count_hidden":0,"_bbp_forum_subforum_count":0,"footnotes":""},"class_list":["post-806","page","type-page","status-publish","hentry"],"post_mailing_queue_ids":[],"_links":{"self":[{"href":"https:\/\/projectes.xtec.cat\/gep\/wp-json\/wp\/v2\/pages\/806","targetHints":{"allow":["GET"]}}],"collection":[{"href":"https:\/\/projectes.xtec.cat\/gep\/wp-json\/wp\/v2\/pages"}],"about":[{"href":"https:\/\/projectes.xtec.cat\/gep\/wp-json\/wp\/v2\/types\/page"}],"author":[{"embeddable":true,"href":"https:\/\/projectes.xtec.cat\/gep\/wp-json\/wp\/v2\/users\/1"}],"replies":[{"embeddable":true,"href":"https:\/\/projectes.xtec.cat\/gep\/wp-json\/wp\/v2\/comments?post=806"}],"version-history":[{"count":2,"href":"https:\/\/projectes.xtec.cat\/gep\/wp-json\/wp\/v2\/pages\/806\/revisions"}],"predecessor-version":[{"id":8803,"href":"https:\/\/projectes.xtec.cat\/gep\/wp-json\/wp\/v2\/pages\/806\/revisions\/8803"}],"wp:attachment":[{"href":"https:\/\/projectes.xtec.cat\/gep\/wp-json\/wp\/v2\/media?parent=806"}],"curies":[{"name":"wp","href":"https:\/\/api.w.org\/{rel}","templated":true}]}}