{"id":8552,"date":"2019-11-29T08:45:09","date_gmt":"2019-11-29T07:45:09","guid":{"rendered":"https:\/\/projectes.xtec.cat\/gep\/?page_id=8552"},"modified":"2022-10-27T18:30:59","modified_gmt":"2022-10-27T16:30:59","slug":"certificacio","status":"publish","type":"page","link":"https:\/\/projectes.xtec.cat\/gep\/el-projecte\/certificacio\/","title":{"rendered":"Certificaci\u00f3"},"content":{"rendered":"<p>El programa GEP \u00e9s un programa d&#8217;innovaci\u00f3 pedag\u00f2gica. Qui pot obtenir aquest certificat?<\/p>\n<p><span style=\"color: #800080;\"><b><a href=\"https:\/\/projectes.xtec.cat\/gep\/wp-content\/uploads\/usu682\/2022\/10\/Certification-amico.png\"><img loading=\"lazy\" decoding=\"async\" class=\"wp-image-10558 alignleft\" src=\"https:\/\/projectes.xtec.cat\/gep\/wp-content\/uploads\/usu682\/2022\/10\/Certification-amico.png\" alt=\"\" width=\"310\" height=\"310\" srcset=\"https:\/\/projectes.xtec.cat\/gep\/wp-content\/uploads\/usu682\/2022\/10\/Certification-amico.png 2000w, https:\/\/projectes.xtec.cat\/gep\/wp-content\/uploads\/usu682\/2022\/10\/Certification-amico-300x300.png 300w, https:\/\/projectes.xtec.cat\/gep\/wp-content\/uploads\/usu682\/2022\/10\/Certification-amico-1024x1024.png 1024w, https:\/\/projectes.xtec.cat\/gep\/wp-content\/uploads\/usu682\/2022\/10\/Certification-amico-150x150.png 150w, https:\/\/projectes.xtec.cat\/gep\/wp-content\/uploads\/usu682\/2022\/10\/Certification-amico-768x768.png 768w, https:\/\/projectes.xtec.cat\/gep\/wp-content\/uploads\/usu682\/2022\/10\/Certification-amico-1536x1536.png 1536w\" sizes=\"auto, (max-width: 310px) 100vw, 310px\" \/><\/a>&#8211; Professorat participant en la formaci\u00f3 GEP:<\/b><\/span><\/p>\n<p style=\"text-align: justify;\">El professorat que participi en la formaci\u00f3 del programa GEP gaudeix de la corresponent certificaci\u00f3 reconeguda pel Departament d&#8217;Educaci\u00f3.<\/p>\n<p><span style=\"color: #800080;\"><b>&#8211; Centre participant<\/b><\/span><\/p>\n<p style=\"text-align: justify;\"><span style=\"font-weight: 400;\">La participaci\u00f3 en el programa tindr\u00e0 el reconeixement d\u2019innovaci\u00f3 pedag\u00f2gica un cop avaluada la mem\u00f2ria per part de la Inspecci\u00f3 d\u2019Educaci\u00f3 i d\u2019acord amb la normativa vigent.<\/span><\/p>\n<p><span style=\"color: #800080;\"><b>&#8211; Professorat implicat en el programa GEP<\/b><\/span><\/p>\n<p style=\"text-align: justify;\"><span style=\"font-weight: 400;\">El professorat que hagi participat directament en el programa podr\u00e0 obtenir un certificat d\u2019innovaci\u00f3 pedag\u00f2gica.<\/span><\/p>\n<p>&nbsp;<\/p>\n<p style=\"text-align: right;\"><a href=\"https:\/\/storyset.com\/people\">People illustrations by Storyset<\/a><\/p>\n","protected":false},"excerpt":{"rendered":"<p>El programa GEP \u00e9s un programa d&#8217;innovaci\u00f3 pedag\u00f2gica. Qui pot obtenir aquest certificat?<br \/>\n<a href=\"https:\/\/projectes.xtec.cat\/gep\/wp-content\/uploads\/usu682\/2022\/10\/Certification-amico.png\"><\/a>&#8211; Professorat participant en la formaci\u00f3 GEP:<br \/>\nEl professorat que participi en la formaci\u00f3 del programa GEP gaudeix de la corresponent certificaci\u00f3 reconeguda pel Departament d&#8217;Educaci\u00f3.<br \/>\n&#8211; Centre participant<br \/>\nLa participaci\u00f3 en el programa tindr\u00e0&hellip;  <a href=\"https:\/\/projectes.xtec.cat\/gep\/el-projecte\/certificacio\/\" title=\"Read Certificaci\u00f3\">Llegeix m\u00e9s\u00bb<\/a><\/p>\n","protected":false},"author":5,"featured_media":0,"parent":806,"menu_order":10,"comment_status":"closed","ping_status":"closed","template":"page-templates\/side-menu.php","meta":{"_bbp_topic_count":0,"_bbp_reply_count":0,"_bbp_total_topic_count":0,"_bbp_total_reply_count":0,"_bbp_voice_count":0,"_bbp_anonymous_reply_count":0,"_bbp_topic_count_hidden":0,"_bbp_reply_count_hidden":0,"_bbp_forum_subforum_count":0,"footnotes":""},"class_list":["post-8552","page","type-page","status-publish","hentry"],"post_mailing_queue_ids":[],"_links":{"self":[{"href":"https:\/\/projectes.xtec.cat\/gep\/wp-json\/wp\/v2\/pages\/8552","targetHints":{"allow":["GET"]}}],"collection":[{"href":"https:\/\/projectes.xtec.cat\/gep\/wp-json\/wp\/v2\/pages"}],"about":[{"href":"https:\/\/projectes.xtec.cat\/gep\/wp-json\/wp\/v2\/types\/page"}],"author":[{"embeddable":true,"href":"https:\/\/projectes.xtec.cat\/gep\/wp-json\/wp\/v2\/users\/5"}],"replies":[{"embeddable":true,"href":"https:\/\/projectes.xtec.cat\/gep\/wp-json\/wp\/v2\/comments?post=8552"}],"version-history":[{"count":3,"href":"https:\/\/projectes.xtec.cat\/gep\/wp-json\/wp\/v2\/pages\/8552\/revisions"}],"predecessor-version":[{"id":10579,"href":"https:\/\/projectes.xtec.cat\/gep\/wp-json\/wp\/v2\/pages\/8552\/revisions\/10579"}],"up":[{"embeddable":true,"href":"https:\/\/projectes.xtec.cat\/gep\/wp-json\/wp\/v2\/pages\/806"}],"wp:attachment":[{"href":"https:\/\/projectes.xtec.cat\/gep\/wp-json\/wp\/v2\/media?parent=8552"}],"curies":[{"name":"wp","href":"https:\/\/api.w.org\/{rel}","templated":true}]}}