{"id":10053,"date":"2024-04-16T12:15:53","date_gmt":"2024-04-16T10:15:53","guid":{"rendered":"https:\/\/projectes.xtec.cat\/ia\/?page_id=10053"},"modified":"2024-04-16T12:22:40","modified_gmt":"2024-04-16T10:22:40","slug":"tutoria-la-intel%c2%b7ligencia-artificial-a-laula-dfp","status":"publish","type":"page","link":"https:\/\/projectes.xtec.cat\/ia\/a-les-aules\/experiencies-aula\/tutoria-la-intel%c2%b7ligencia-artificial-a-laula-dfp\/","title":{"rendered":"TutorIA. LA INTEL\u00b7LIG\u00c8NCIA ARTIFICIAL A L&#8217;AULA D&#8217;FP."},"content":{"rendered":"\n<p class=\"has-medium-font-size\"><strong>Etapa<\/strong>: Cicles Formatius<\/p>\n\n\n\n<p class=\"has-medium-font-size\"><strong>Usuari<\/strong>: Alumnat de Cicles Formatius.<\/p>\n\n\n\n<p class=\"has-medium-font-size\"><strong>Autor<\/strong>: N\u00faria Ferr\u00e9.  Institut Compte de Rius.<\/p>\n\n\n\n<div class=\"wp-block-buttons is-content-justification-center is-nowrap is-layout-flex wp-container-core-buttons-is-layout-1 wp-block-buttons-is-layout-flex\">\n<div class=\"wp-block-button\"><a class=\"wp-block-button__link wp-element-button\" href=\"https:\/\/projectes.xtec.cat\/ia\/wp-content\/uploads\/usu2387\/2024\/04\/TutorIA-OPLAB1-ComtedeRius-ActivaFP-2.pdf\">Descarrega&#8217;t el PDF<\/a><\/div>\n\n\n\n<div class=\"wp-block-button\"><a class=\"wp-block-button__link wp-element-button\" href=\"https:\/\/sites.google.com\/comtederius.cat\/iatutoriafp\/inici?authuser=0\">Ves a la WEB<\/a><\/div>\n<\/div>\n\n\n\n<div style=\"height:50px\" aria-hidden=\"true\" class=\"wp-block-spacer\"><\/div>\n\n\n\n<div class=\"wp-block-columns caixa is-layout-flex wp-container-core-columns-is-layout-1 wp-block-columns-is-layout-flex\">\n<div class=\"wp-block-column is-layout-flow wp-block-column-is-layout-flow\">\n<p class=\"has-light-green-cyan-background-color has-background has-medium-font-size\"><strong>INTRODUCCI\u00d3<\/strong><\/p>\n\n\n\n<p>L&#8217;\u00fas de la intel\u00b7lig\u00e8ncia artificial (IA) esdev\u00e9 un canvi metodol\u00f2gic, cada vegada m\u00e9s important en l&#8217;educaci\u00f3, i tamb\u00e9 a les aules de formaci\u00f3 professional.<br>El curs TutorIA ofereix una introducci\u00f3 a les eines d&#8217;IA i les seves aplicacions.<\/p>\n<\/div>\n<\/div>\n\n\n\n<div style=\"height:20px\" aria-hidden=\"true\" class=\"wp-block-spacer\"><\/div>\n\n\n\n<div style=\"height:0px\" aria-hidden=\"true\" class=\"wp-block-spacer\"><\/div>\n\n\n\n<div class=\"wp-block-columns caixa is-layout-flex wp-container-core-columns-is-layout-2 wp-block-columns-is-layout-flex\">\n<div class=\"wp-block-column is-layout-flow wp-block-column-is-layout-flow\">\n<p class=\"has-light-green-cyan-background-color has-background has-medium-font-size\"><strong>METODOLOGIA I RECURSOS<\/strong><\/p>\n\n\n\n<ol class=\"wp-block-list\">\n<li>Creaci\u00f3 d&#8217;un bloc d&#8217;aula amb eines i recursos per a TutorIA de CFGM d&#8217;OPLAB1. Recurs disponible i que creix a cada sessi\u00f3.<\/li>\n\n\n\n<li>Aplicar els conceptes b\u00e0sics de la iA i veure els seus usos des d&#8217;activitats que inclouen temes clau a l&#8217;acci\u00f3 tutorial: \u00fas de xatbots, imatges, video, audio, per ajudar als alumnes en la resoluci\u00f3 de problemes, eines d&#8217;estudi, l&#8217;\u00fas de sistemes de recomanaci\u00f3 per personalitzar l&#8217;aprenentatge.<\/li>\n\n\n\n<li>La IA per a la creaci\u00f3 de materials d&#8217;aprenentatge interactius. La IA serveix per aprendre i estudiar a un ritme personalitzat.<\/li>\n\n\n\n<li>Desenvolupar habilitats per a l&#8217;avaluaci\u00f3 cr\u00edtica de les aplicacions d&#8217;IA a aules i laboratoris, incloent la reflexi\u00f3 sobre els avantatges i desavantatges de l&#8217;\u00fas d&#8217;eines d&#8217;IA en el proc\u00e9s d&#8217;ensenyament-aprenentatge. No tots els resultats obtinguts seran de qualitat.<\/li>\n\n\n\n<li>Explorar les possibilitats futures d&#8217;aplicaci\u00f3 de les eines d&#8217;IA a les aules de FP.<\/li>\n<\/ol>\n\n\n\n<p>Tot els materials d&#8217;aprenentatge s\u00f3n personalitzats. Es treballa la ressoluci\u00f3 de conflictes, el treball en equip, la creativitat i la comunicac\u00ed\u00f3, aix\u00ed com les Power skills i la compet\u00e8ncia digital de l&#8217;alumnat.<\/p>\n<\/div>\n<\/div>\n\n\n\n<div style=\"height:20px\" aria-hidden=\"true\" class=\"wp-block-spacer\"><\/div>\n\n\n\n<div class=\"wp-block-columns caixa is-layout-flex wp-container-core-columns-is-layout-4 wp-block-columns-is-layout-flex\">\n<div class=\"wp-block-column is-layout-flow wp-block-column-is-layout-flow\">\n<p class=\"has-light-green-cyan-background-color has-background has-medium-font-size\"><strong>RESULTATS<\/strong><\/p>\n\n\n\n<figure class=\"wp-block-image aligncenter size-full\"><a href=\"https:\/\/projectes.xtec.cat\/ia\/wp-content\/uploads\/usu2387\/2024\/04\/RESULTATS.png\"><img loading=\"lazy\" decoding=\"async\" width=\"697\" height=\"178\" src=\"https:\/\/projectes.xtec.cat\/ia\/wp-content\/uploads\/usu2387\/2024\/04\/RESULTATS.png\" alt=\"\" class=\"wp-image-10057\" srcset=\"https:\/\/projectes.xtec.cat\/ia\/wp-content\/uploads\/usu2387\/2024\/04\/RESULTATS.png 697w, https:\/\/projectes.xtec.cat\/ia\/wp-content\/uploads\/usu2387\/2024\/04\/RESULTATS-300x77.png 300w\" sizes=\"auto, (max-width: 697px) 100vw, 697px\" \/><\/a><\/figure>\n\n\n\n<ul class=\"wp-block-list\">\n<li><strong>Aplicacions d&#8217;IA en FP<\/strong>: processament llenguatge, recomanaci\u00f3, avaluaci\u00f3: L&#8217;alumnat ha apr\u00e8s a utilitzar les eines d&#8217;IA per al processament del llenguatge natural, la recomanaci\u00f3 de recursos d&#8217;aprenentatge i l&#8217;avaluaci\u00f3 automatitzada.<\/li>\n\n\n\n<li><strong>Aplicaci\u00f3 d&#8217;eines d&#8217;IA a l&#8217;aula<\/strong>: xatbots, recomanaci\u00f3, materials interactius: L&#8217;alumnat ha apr\u00e8s a aplicar les eines d&#8217;IA a l&#8217;aula, com ara l&#8217;\u00fas de xatbots per a la resoluci\u00f3 de problemes, la recomanaci\u00f3 de recursos i la creaci\u00f3 de materials d&#8217;aprenentatge interactius.<\/li>\n\n\n\n<li><strong>Possibilitats futures d&#8217;IA enl&#8217;aprenentatge personalitzat de l&#8217;alumnat<\/strong>: personalitzaci\u00f3 i activitats adaptades: L&#8217;alumnat ha adquirit una comprensi\u00f3 sobre les possibilitats futures d&#8217;IA en la seva educaci\u00f3, incloent la creaci\u00f3 de materials d&#8217;aprenentatge personalitzats i l&#8217;\u00fas d&#8217;IA per a la creaci\u00f3 d&#8217;activitats adaptades a les necessitats individuals.<\/li>\n\n\n\n<li><strong>Desenvolupar sentit cr\u00edtic en l&#8217;\u00fas de l&#8217;IA<\/strong>: L&#8217;alumnat ha apr\u00e8s a desenvolupar un sentit cr\u00edtic en l&#8217;\u00fas de les eines d&#8217;IA, incloent la comprensi\u00f3 de les seves limitacions i l&#8217;avaluaci\u00f3 de la seva fiabilitat i \u00e8tica en diverses situacions.<\/li>\n\n\n\n<li><strong>Millorar la qualitat i efic\u00e0cia de l&#8217;acci\u00f3 tutorial mitjan\u00e7ant l&#8217;aplicaci\u00f3 de la IA<\/strong>. Ha millorat l&#8217;atenci\u00f3 personalitzada de l&#8217;alumnat i ha augmentat el seu rendiment acad\u00e8mic. Ha proporcionat recomanacions adaptades a les seves necessitats individuals. Ha augmentat la satisfacci\u00f3 de les fam\u00edlies.<\/li>\n<\/ul>\n\n\n\n<div class=\"wp-block-columns is-layout-flex wp-container-core-columns-is-layout-3 wp-block-columns-is-layout-flex\">\n<div class=\"wp-block-column is-layout-flow wp-block-column-is-layout-flow\" style=\"flex-basis:66.66%\">\n<p>L&#8217;IA a l&#8217;aula de FP proporciona als alumnes les eines necess\u00e0ries per millorar el seu aprenentatge i capacitaci\u00f3 professional.<\/p>\n\n\n\n<p>A m\u00e9s, promou la creativitat, la innovaci\u00f3, la resoluci\u00f3 de problemes i el pensament cr\u00edtic, prenent en compte els possibles efectes negatius de la tecnologia en la societat i el m\u00f3n laboral.<\/p>\n<\/div>\n\n\n\n<div class=\"wp-block-column is-layout-flow wp-block-column-is-layout-flow\" style=\"flex-basis:33.33%\">\n<figure class=\"wp-block-image aligncenter size-full\"><a href=\"https:\/\/projectes.xtec.cat\/ia\/wp-content\/uploads\/usu2387\/2024\/04\/SATISFACCIO.png\"><img loading=\"lazy\" decoding=\"async\" width=\"320\" height=\"387\" src=\"https:\/\/projectes.xtec.cat\/ia\/wp-content\/uploads\/usu2387\/2024\/04\/SATISFACCIO.png\" alt=\"\" class=\"wp-image-10058\" srcset=\"https:\/\/projectes.xtec.cat\/ia\/wp-content\/uploads\/usu2387\/2024\/04\/SATISFACCIO.png 320w, https:\/\/projectes.xtec.cat\/ia\/wp-content\/uploads\/usu2387\/2024\/04\/SATISFACCIO-248x300.png 248w\" sizes=\"auto, (max-width: 320px) 100vw, 320px\" \/><\/a><\/figure>\n<\/div>\n<\/div>\n<\/div>\n<\/div>\n\n\n\n<div class=\"wp-block-columns caixa is-layout-flex wp-container-core-columns-is-layout-5 wp-block-columns-is-layout-flex\">\n<div class=\"wp-block-column is-layout-flow wp-block-column-is-layout-flow\">\n<p class=\"has-light-green-cyan-background-color has-background has-medium-font-size\"><strong>CONCLUSIONS<\/strong><\/p>\n\n\n\n<p>A trav\u00e9s de la seva formaci\u00f3, l&#8217;alumnat est\u00e0 preparat per aprofitar les oportunitats que l&#8217;IA els ofereix i millorar la seva pr\u00f2pia formaci\u00f3 PRofessional, i aplicar-les en els seus aprenentages i en el seu futur professional. Des de la TutorIA, tamb\u00e9 es pot capacitar digitalment a l&#8217;alumnat segons el nostre pla d&#8217;acci\u00f3 tutorial, un projecte versatil i ple de metodologies actives.<\/p>\n<\/div>\n<\/div>\n\n\n\n<div style=\"height:20px\" aria-hidden=\"true\" class=\"wp-block-spacer\"><\/div>\n\n\n\n<div style=\"height:20px\" aria-hidden=\"true\" class=\"wp-block-spacer\"><\/div>\n\n\n\n<div style=\"height:20px\" aria-hidden=\"true\" class=\"wp-block-spacer\"><\/div>\n\n\n\n<div style=\"height:20px\" aria-hidden=\"true\" class=\"wp-block-spacer\"><\/div>\n\n\n\n<div style=\"height:20px\" aria-hidden=\"true\" class=\"wp-block-spacer\"><\/div>\n\n\n\n<div style=\"height:20px\" aria-hidden=\"true\" class=\"wp-block-spacer\"><\/div>\n\n\n\n<div style=\"height:20px\" aria-hidden=\"true\" class=\"wp-block-spacer\"><\/div>\n","protected":false},"excerpt":{"rendered":"<p>Etapa: Cicles Formatius Usuari: Alumnat de Cicles Formatius. Autor: N\u00faria Ferr\u00e9. Institut Compte de Rius. INTRODUCCI\u00d3 L&#8217;\u00fas de la intel\u00b7lig\u00e8ncia artificial (IA) esdev\u00e9 un canvi metodol\u00f2gic, cada vegada m\u00e9s important en l&#8217;educaci\u00f3, i tamb\u00e9 a les aules de formaci\u00f3 professional.El curs TutorIA ofereix una introducci\u00f3 a les eines d&#8217;IA i les seves aplicacions. METODOLOGIA I RECURSOS Tot els materials d&#8217;aprenentatge s\u00f3n personalitzats. Es treballa la ressoluci\u00f3 de conflictes, el treball [&hellip;]<\/p>\n","protected":false},"author":14,"featured_media":0,"parent":9106,"menu_order":0,"comment_status":"closed","ping_status":"close","template":"","meta":{"site-sidebar-layout":"default","site-content-layout":"","ast-site-content-layout":"","site-content-style":"default","site-sidebar-style":"default","ast-global-header-display":"","ast-banner-title-visibility":"","ast-main-header-display":"","ast-hfb-above-header-display":"","ast-hfb-below-header-display":"","ast-hfb-mobile-header-display":"","site-post-title":"","ast-breadcrumbs-content":"","ast-featured-img":"","footer-sml-layout":"","theme-transparent-header-meta":"","adv-header-id-meta":"","stick-header-meta":"","header-above-stick-meta":"","header-main-stick-meta":"","header-below-stick-meta":"","astra-migrate-meta-layouts":"default","ast-page-background-enabled":"default","ast-page-background-meta":{"desktop":{"background-color":"var(--ast-global-color-4)","background-image":"","background-repeat":"repeat","background-position":"center center","background-size":"auto","background-attachment":"scroll","background-type":"","background-media":"","overlay-type":"","overlay-color":"","overlay-opacity":"","overlay-gradient":""},"tablet":{"background-color":"","background-image":"","background-repeat":"repeat","background-position":"center center","background-size":"auto","background-attachment":"scroll","background-type":"","background-media":"","overlay-type":"","overlay-color":"","overlay-opacity":"","overlay-gradient":""},"mobile":{"background-color":"","background-image":"","background-repeat":"repeat","background-position":"center center","background-size":"auto","background-attachment":"scroll","background-type":"","background-media":"","overlay-type":"","overlay-color":"","overlay-opacity":"","overlay-gradient":""}},"ast-content-background-meta":{"desktop":{"background-color":"var(--ast-global-color-5)","background-image":"","background-repeat":"repeat","background-position":"center center","background-size":"auto","background-attachment":"scroll","background-type":"","background-media":"","overlay-type":"","overlay-color":"","overlay-opacity":"","overlay-gradient":""},"tablet":{"background-color":"var(--ast-global-color-5)","background-image":"","background-repeat":"repeat","background-position":"center center","background-size":"auto","background-attachment":"scroll","background-type":"","background-media":"","overlay-type":"","overlay-color":"","overlay-opacity":"","overlay-gradient":""},"mobile":{"background-color":"var(--ast-global-color-5)","background-image":"","background-repeat":"repeat","background-position":"center center","background-size":"auto","background-attachment":"scroll","background-type":"","background-media":"","overlay-type":"","overlay-color":"","overlay-opacity":"","overlay-gradient":""}},"footnotes":""},"class_list":["post-10053","page","type-page","status-publish","hentry"],"post_mailing_queue_ids":[],"_links":{"self":[{"href":"https:\/\/projectes.xtec.cat\/ia\/wp-json\/wp\/v2\/pages\/10053","targetHints":{"allow":["GET"]}}],"collection":[{"href":"https:\/\/projectes.xtec.cat\/ia\/wp-json\/wp\/v2\/pages"}],"about":[{"href":"https:\/\/projectes.xtec.cat\/ia\/wp-json\/wp\/v2\/types\/page"}],"author":[{"embeddable":true,"href":"https:\/\/projectes.xtec.cat\/ia\/wp-json\/wp\/v2\/users\/14"}],"replies":[{"embeddable":true,"href":"https:\/\/projectes.xtec.cat\/ia\/wp-json\/wp\/v2\/comments?post=10053"}],"version-history":[{"count":4,"href":"https:\/\/projectes.xtec.cat\/ia\/wp-json\/wp\/v2\/pages\/10053\/revisions"}],"predecessor-version":[{"id":10060,"href":"https:\/\/projectes.xtec.cat\/ia\/wp-json\/wp\/v2\/pages\/10053\/revisions\/10060"}],"up":[{"embeddable":true,"href":"https:\/\/projectes.xtec.cat\/ia\/wp-json\/wp\/v2\/pages\/9106"}],"wp:attachment":[{"href":"https:\/\/projectes.xtec.cat\/ia\/wp-json\/wp\/v2\/media?parent=10053"}],"curies":[{"name":"wp","href":"https:\/\/api.w.org\/{rel}","templated":true}]}}