{"id":10094,"date":"2024-04-23T09:57:21","date_gmt":"2024-04-23T07:57:21","guid":{"rendered":"https:\/\/projectes.xtec.cat\/ia\/?page_id=10094"},"modified":"2024-04-23T10:00:07","modified_gmt":"2024-04-23T08:00:07","slug":"implicat-amb-roses-amb-missatges","status":"publish","type":"page","link":"https:\/\/projectes.xtec.cat\/ia\/a-les-aules\/experiencies-aula\/implicat-amb-roses-amb-missatges\/","title":{"rendered":"Implica&#8217;t+ amb roses amb missatges"},"content":{"rendered":"\n<p class=\"has-medium-font-size\"><strong>Etapa<\/strong>: Secund\u00e0ria, Batxillerat i Cicles Formatius<\/p>\n\n\n\n<p class=\"has-medium-font-size\"><strong>Usuari<\/strong>: Alumnat <\/p>\n\n\n\n<p class=\"has-medium-font-size\"><strong>Autor<\/strong>: Maria del Mar Lluelles Perera i Montse Remacha. Institut Caparella. Lleida<\/p>\n\n\n\n<div class=\"wp-block-buttons is-content-justification-center is-nowrap is-layout-flex wp-container-core-buttons-is-layout-1 wp-block-buttons-is-layout-flex\">\n<div class=\"wp-block-button\"><a class=\"wp-block-button__link wp-element-button\" href=\"https:\/\/blocs.xtec.cat\/implicatspersantjordi\/2024\/04\/08\/implicat-amb-roses-amb-missatges\/\">Ves a la WEB<\/a><\/div>\n<\/div>\n\n\n\n<div style=\"height:50px\" aria-hidden=\"true\" class=\"wp-block-spacer\"><\/div>\n\n\n\n<div class=\"wp-block-columns caixa is-layout-flex wp-container-core-columns-is-layout-1 wp-block-columns-is-layout-flex\">\n<div class=\"wp-block-column is-layout-flow wp-block-column-is-layout-flow\">\n<p class=\"has-light-green-cyan-background-color has-background has-medium-font-size\"><strong>INTRODUCCI\u00d3<\/strong><\/p>\n\n\n\n<p id=\"isPasted\">Dins del projecte <strong>IMPLICA&#8217;T<\/strong>, es proposa l&#8217;activitat d&#8217;aula<strong> Implica&#8217;t amb roses i missatges<\/strong>, una activitat adient per alumnes de m\u00e9s de 14 anys, sempre amb el perm\u00eds de la fam\u00edlia.<\/p>\n<\/div>\n<\/div>\n\n\n\n<div style=\"height:40px\" aria-hidden=\"true\" class=\"wp-block-spacer\"><\/div>\n\n\n\n<figure class=\"wp-block-image aligncenter size-large caixa\"><a href=\"https:\/\/projectes.xtec.cat\/ia\/wp-content\/uploads\/usu2387\/2024\/04\/implicat.png\"><img loading=\"lazy\" decoding=\"async\" width=\"880\" height=\"1024\" src=\"https:\/\/projectes.xtec.cat\/ia\/wp-content\/uploads\/usu2387\/2024\/04\/implicat-880x1024.png\" alt=\"\" class=\"wp-image-10096\" srcset=\"https:\/\/projectes.xtec.cat\/ia\/wp-content\/uploads\/usu2387\/2024\/04\/implicat-880x1024.png 880w, https:\/\/projectes.xtec.cat\/ia\/wp-content\/uploads\/usu2387\/2024\/04\/implicat-258x300.png 258w, https:\/\/projectes.xtec.cat\/ia\/wp-content\/uploads\/usu2387\/2024\/04\/implicat-768x894.png 768w, https:\/\/projectes.xtec.cat\/ia\/wp-content\/uploads\/usu2387\/2024\/04\/implicat.png 923w\" sizes=\"auto, (max-width: 880px) 100vw, 880px\" \/><\/a><\/figure>\n\n\n\n<div style=\"height:40px\" aria-hidden=\"true\" class=\"wp-block-spacer\"><\/div>\n\n\n\n<div class=\"wp-block-columns caixa is-layout-flex wp-container-core-columns-is-layout-2 wp-block-columns-is-layout-flex\">\n<div class=\"wp-block-column is-layout-flow wp-block-column-is-layout-flow\">\n<p class=\"has-light-green-cyan-background-color has-background has-medium-font-size\"><strong>1. Proposta<\/strong><\/p>\n\n\n\n<p id=\"isPasted\">Aquest&nbsp;<em>Sant Jordi<\/em>&nbsp;volem sembrar&nbsp;<em>roses<\/em>&nbsp;d&#8217;esperan\u00e7a i acci\u00f3!<\/p>\n\n\n\n<p>Amb aquest objectiu et proposem &#8230;&nbsp;<\/p>\n\n\n\n<p>Escollir un&nbsp;<a href=\"https:\/\/blocs.xtec.cat\/implicat\/2022\/11\/28\/implicat-amb-la-carta-de-la-terra-i-lagenda-2030\/\" rel=\"noreferrer noopener\" target=\"_blank\"><strong><em>ODS o un Principi de la Carta de la Terra<\/em><\/strong><\/a>&nbsp;crear en una rosa com&nbsp;<a href=\"https:\/\/padlet.com\/mlluelle\/implicats-amb-una-rosa-1im9knakwj6s8s5l\/wish\/2925635828\" rel=\"noreferrer noopener\" target=\"_blank\"><strong><em>aquesta<\/em><\/strong><\/a>.<\/p>\n\n\n\n<figure class=\"wp-block-image aligncenter size-full\"><a href=\"https:\/\/projectes.xtec.cat\/ia\/wp-content\/uploads\/usu2387\/2024\/04\/1710877002781-ODS2.jpg\"><img loading=\"lazy\" decoding=\"async\" width=\"210\" height=\"732\" src=\"https:\/\/projectes.xtec.cat\/ia\/wp-content\/uploads\/usu2387\/2024\/04\/1710877002781-ODS2.jpg\" alt=\"\" class=\"wp-image-10097\" srcset=\"https:\/\/projectes.xtec.cat\/ia\/wp-content\/uploads\/usu2387\/2024\/04\/1710877002781-ODS2.jpg 210w, https:\/\/projectes.xtec.cat\/ia\/wp-content\/uploads\/usu2387\/2024\/04\/1710877002781-ODS2-86x300.jpg 86w\" sizes=\"auto, (max-width: 210px) 100vw, 210px\" \/><\/a><\/figure>\n<\/div>\n<\/div>\n\n\n\n<div style=\"height:40px\" aria-hidden=\"true\" class=\"wp-block-spacer\"><\/div>\n\n\n\n<div class=\"wp-block-columns caixa is-layout-flex wp-container-core-columns-is-layout-3 wp-block-columns-is-layout-flex\">\n<div class=\"wp-block-column is-layout-flow wp-block-column-is-layout-flow\">\n<p class=\"has-light-green-cyan-background-color has-background has-medium-font-size\"><strong>2. Inici<\/strong><\/p>\n\n\n\n<p>Escriu en l&#8217;<strong><em>arrel&nbsp;<\/em><\/strong>el n\u00famero i el nom de l&#8217;<strong>Objectiu<\/strong><em><strong>&nbsp;de Desenvolupament Sostenible<\/strong><\/em>&nbsp;o del&nbsp;<strong><em>P<\/em><\/strong><strong><em>rincipi de la Carta de la Terra<\/em><\/strong>&nbsp;que has escollit.<\/p>\n\n\n\n<p><strong>Exemple: ODS 2. Fam zero<\/strong><\/p>\n<\/div>\n<\/div>\n\n\n\n<div style=\"height:40px\" aria-hidden=\"true\" class=\"wp-block-spacer\"><\/div>\n\n\n\n<div class=\"wp-block-columns caixa is-layout-flex wp-container-core-columns-is-layout-4 wp-block-columns-is-layout-flex\">\n<div class=\"wp-block-column is-layout-flow wp-block-column-is-layout-flow\">\n<p class=\"has-light-green-cyan-background-color has-background has-medium-font-size\"><strong>3. Qu\u00e8 et suggereix aquest ODS o Principi?<\/strong><\/p>\n\n\n\n<p>Representa la <strong>tija<\/strong> amb una frase que el defineixi, amb algun missatge d&#8217;esperan\u00e7a o proposta d&#8217;acci\u00f3.<\/p>\n\n\n\n<p>Pots inspirar-te amb alguna d&#8217;aquestes IA generativa text-text.<\/p>\n\n\n\n<ul class=\"wp-block-list\">\n<li>ChatGPT<\/li>\n\n\n\n<li>Gemini<\/li>\n\n\n\n<li>Bing Chat<\/li>\n\n\n\n<li>Perplexity<\/li>\n<\/ul>\n<\/div>\n<\/div>\n\n\n\n<div style=\"height:40px\" aria-hidden=\"true\" class=\"wp-block-spacer\"><\/div>\n\n\n\n<div class=\"wp-block-columns caixa is-layout-flex wp-container-core-columns-is-layout-5 wp-block-columns-is-layout-flex\">\n<div class=\"wp-block-column is-layout-flow wp-block-column-is-layout-flow\">\n<p class=\"has-light-green-cyan-background-color has-background has-medium-font-size\"><strong>4. Tasca<\/strong><\/p>\n\n\n\n<p>Recull la teva idea amb una imatge (fotografia o dibuix) i converteix-la en la corol\u00b7la de la rosa<\/p>\n\n\n\n<p>Eines que et poden ajudar<\/p>\n\n\n\n<ul class=\"wp-block-list\">\n<li>Editors d&#8217;imatges\n<ul class=\"wp-block-list\">\n<li>Paint<\/li>\n\n\n\n<li>Gimp<\/li>\n<\/ul>\n<\/li>\n\n\n\n<li>Aplicacions web 2.0\n<ul class=\"wp-block-list\">\n<li>Online image editor<\/li>\n\n\n\n<li>Lunapic<\/li>\n\n\n\n<li>Canva<\/li>\n<\/ul>\n<\/li>\n\n\n\n<li>Intel\u00b7lig\u00e8ncia artificial\n<ul class=\"wp-block-list\">\n<li>Dall-3. Tutorial<\/li>\n\n\n\n<li>Leonardo IA. Tutorial<\/li>\n\n\n\n<li>Adobe FireFly<\/li>\n\n\n\n<li>LenGo<\/li>\n\n\n\n<li>Copilot<\/li>\n<\/ul>\n<\/li>\n<\/ul>\n<\/div>\n<\/div>\n\n\n\n<div style=\"height:40px\" aria-hidden=\"true\" class=\"wp-block-spacer\"><\/div>\n\n\n\n<div class=\"wp-block-columns caixa is-layout-flex wp-container-core-columns-is-layout-6 wp-block-columns-is-layout-flex\">\n<div class=\"wp-block-column is-layout-flow wp-block-column-is-layout-flow\">\n<p class=\"has-light-green-cyan-background-color has-background has-medium-font-size\"><strong>5. Fulla<\/strong><\/p>\n\n\n\n<p>Afegeix la fulla que porta el logotip Implica&#8217;t<\/p>\n\n\n\n<figure class=\"wp-block-image aligncenter size-large is-resized\"><a href=\"https:\/\/projectes.xtec.cat\/ia\/wp-content\/uploads\/usu2387\/2024\/04\/Fulla-Implicat.png\"><img loading=\"lazy\" decoding=\"async\" width=\"1024\" height=\"744\" src=\"https:\/\/projectes.xtec.cat\/ia\/wp-content\/uploads\/usu2387\/2024\/04\/Fulla-Implicat-1024x744.png\" alt=\"\" class=\"wp-image-10098\" style=\"aspect-ratio:1.3763440860215055;width:421px;height:auto\" srcset=\"https:\/\/projectes.xtec.cat\/ia\/wp-content\/uploads\/usu2387\/2024\/04\/Fulla-Implicat-1024x744.png 1024w, https:\/\/projectes.xtec.cat\/ia\/wp-content\/uploads\/usu2387\/2024\/04\/Fulla-Implicat-300x218.png 300w, https:\/\/projectes.xtec.cat\/ia\/wp-content\/uploads\/usu2387\/2024\/04\/Fulla-Implicat-768x558.png 768w, https:\/\/projectes.xtec.cat\/ia\/wp-content\/uploads\/usu2387\/2024\/04\/Fulla-Implicat-1536x1116.png 1536w, https:\/\/projectes.xtec.cat\/ia\/wp-content\/uploads\/usu2387\/2024\/04\/Fulla-Implicat.png 1876w\" sizes=\"auto, (max-width: 1024px) 100vw, 1024px\" \/><\/a><\/figure>\n\n\n\n<p>Clica <strong><a href=\"https:\/\/img.genial.ly\/5661b7571561e90ed4800456\/1710874419124-Fulla.png\">aqu\u00ed<\/a><\/strong> per descarregar-la<\/p>\n<\/div>\n<\/div>\n\n\n\n<div style=\"height:40px\" aria-hidden=\"true\" class=\"wp-block-spacer\"><\/div>\n\n\n\n<div class=\"wp-block-columns caixa is-layout-flex wp-container-core-columns-is-layout-7 wp-block-columns-is-layout-flex\">\n<div class=\"wp-block-column is-layout-flow wp-block-column-is-layout-flow\">\n<p class=\"has-light-green-cyan-background-color has-background has-medium-font-size\"><strong>5. Comparteix<\/strong><\/p>\n\n\n\n<p id=\"isPasted\">I, per acabar, comparteix-la.<\/p>\n\n\n\n<p class=\"has-text-align-center has-ast-global-color-5-background-color has-background has-medium-font-size\"><strong>T&#8217;impliques?<\/strong><\/p>\n<\/div>\n<\/div>\n\n\n\n<div style=\"height:20px\" aria-hidden=\"true\" class=\"wp-block-spacer\"><\/div>\n\n\n\n<div style=\"height:0px\" aria-hidden=\"true\" class=\"wp-block-spacer\"><\/div>\n\n\n\n<div style=\"height:20px\" aria-hidden=\"true\" class=\"wp-block-spacer\"><\/div>\n\n\n\n<div style=\"height:20px\" aria-hidden=\"true\" class=\"wp-block-spacer\"><\/div>\n\n\n\n<div style=\"height:20px\" aria-hidden=\"true\" class=\"wp-block-spacer\"><\/div>\n\n\n\n<div style=\"height:20px\" aria-hidden=\"true\" class=\"wp-block-spacer\"><\/div>\n\n\n\n<div style=\"height:20px\" aria-hidden=\"true\" class=\"wp-block-spacer\"><\/div>\n\n\n\n<div style=\"height:20px\" aria-hidden=\"true\" class=\"wp-block-spacer\"><\/div>\n\n\n\n<div style=\"height:20px\" aria-hidden=\"true\" class=\"wp-block-spacer\"><\/div>\n\n\n\n<div style=\"height:20px\" aria-hidden=\"true\" class=\"wp-block-spacer\"><\/div>\n","protected":false},"excerpt":{"rendered":"<p>Etapa: Secund\u00e0ria, Batxillerat i Cicles Formatius Usuari: Alumnat Autor: Maria del Mar Lluelles Perera i Montse Remacha. Institut Caparella. Lleida INTRODUCCI\u00d3 Dins del projecte IMPLICA&#8217;T, es proposa l&#8217;activitat d&#8217;aula Implica&#8217;t amb roses i missatges, una activitat adient per alumnes de m\u00e9s de 14 anys, sempre amb el perm\u00eds de la fam\u00edlia. 1. Proposta Aquest&nbsp;Sant Jordi&nbsp;volem sembrar&nbsp;roses&nbsp;d&#8217;esperan\u00e7a i acci\u00f3! Amb aquest objectiu et proposem &#8230;&nbsp; Escollir un&nbsp;ODS o un Principi de [&hellip;]<\/p>\n","protected":false},"author":14,"featured_media":0,"parent":9106,"menu_order":0,"comment_status":"closed","ping_status":"close","template":"","meta":{"site-sidebar-layout":"default","site-content-layout":"","ast-site-content-layout":"","site-content-style":"default","site-sidebar-style":"default","ast-global-header-display":"","ast-banner-title-visibility":"","ast-main-header-display":"","ast-hfb-above-header-display":"","ast-hfb-below-header-display":"","ast-hfb-mobile-header-display":"","site-post-title":"","ast-breadcrumbs-content":"","ast-featured-img":"","footer-sml-layout":"","theme-transparent-header-meta":"","adv-header-id-meta":"","stick-header-meta":"","header-above-stick-meta":"","header-main-stick-meta":"","header-below-stick-meta":"","astra-migrate-meta-layouts":"default","ast-page-background-enabled":"default","ast-page-background-meta":{"desktop":{"background-color":"var(--ast-global-color-4)","background-image":"","background-repeat":"repeat","background-position":"center center","background-size":"auto","background-attachment":"scroll","background-type":"","background-media":"","overlay-type":"","overlay-color":"","overlay-opacity":"","overlay-gradient":""},"tablet":{"background-color":"","background-image":"","background-repeat":"repeat","background-position":"center center","background-size":"auto","background-attachment":"scroll","background-type":"","background-media":"","overlay-type":"","overlay-color":"","overlay-opacity":"","overlay-gradient":""},"mobile":{"background-color":"","background-image":"","background-repeat":"repeat","background-position":"center center","background-size":"auto","background-attachment":"scroll","background-type":"","background-media":"","overlay-type":"","overlay-color":"","overlay-opacity":"","overlay-gradient":""}},"ast-content-background-meta":{"desktop":{"background-color":"var(--ast-global-color-5)","background-image":"","background-repeat":"repeat","background-position":"center center","background-size":"auto","background-attachment":"scroll","background-type":"","background-media":"","overlay-type":"","overlay-color":"","overlay-opacity":"","overlay-gradient":""},"tablet":{"background-color":"var(--ast-global-color-5)","background-image":"","background-repeat":"repeat","background-position":"center center","background-size":"auto","background-attachment":"scroll","background-type":"","background-media":"","overlay-type":"","overlay-color":"","overlay-opacity":"","overlay-gradient":""},"mobile":{"background-color":"var(--ast-global-color-5)","background-image":"","background-repeat":"repeat","background-position":"center center","background-size":"auto","background-attachment":"scroll","background-type":"","background-media":"","overlay-type":"","overlay-color":"","overlay-opacity":"","overlay-gradient":""}},"footnotes":""},"class_list":["post-10094","page","type-page","status-publish","hentry"],"post_mailing_queue_ids":[],"_links":{"self":[{"href":"https:\/\/projectes.xtec.cat\/ia\/wp-json\/wp\/v2\/pages\/10094","targetHints":{"allow":["GET"]}}],"collection":[{"href":"https:\/\/projectes.xtec.cat\/ia\/wp-json\/wp\/v2\/pages"}],"about":[{"href":"https:\/\/projectes.xtec.cat\/ia\/wp-json\/wp\/v2\/types\/page"}],"author":[{"embeddable":true,"href":"https:\/\/projectes.xtec.cat\/ia\/wp-json\/wp\/v2\/users\/14"}],"replies":[{"embeddable":true,"href":"https:\/\/projectes.xtec.cat\/ia\/wp-json\/wp\/v2\/comments?post=10094"}],"version-history":[{"count":6,"href":"https:\/\/projectes.xtec.cat\/ia\/wp-json\/wp\/v2\/pages\/10094\/revisions"}],"predecessor-version":[{"id":10104,"href":"https:\/\/projectes.xtec.cat\/ia\/wp-json\/wp\/v2\/pages\/10094\/revisions\/10104"}],"up":[{"embeddable":true,"href":"https:\/\/projectes.xtec.cat\/ia\/wp-json\/wp\/v2\/pages\/9106"}],"wp:attachment":[{"href":"https:\/\/projectes.xtec.cat\/ia\/wp-json\/wp\/v2\/media?parent=10094"}],"curies":[{"name":"wp","href":"https:\/\/api.w.org\/{rel}","templated":true}]}}