{"id":10125,"date":"2024-04-30T13:25:58","date_gmt":"2024-04-30T11:25:58","guid":{"rendered":"https:\/\/projectes.xtec.cat\/ia\/?page_id=10125"},"modified":"2024-05-06T07:45:06","modified_gmt":"2024-05-06T05:45:06","slug":"disaster-report","status":"publish","type":"page","link":"https:\/\/projectes.xtec.cat\/ia\/a-les-aules\/experiencies-aula\/disaster-report\/","title":{"rendered":"Disaster report"},"content":{"rendered":"\n<p class=\"has-medium-font-size\"><strong>Etapa<\/strong>: Secund\u00e0ria<\/p>\n\n\n\n<p class=\"has-medium-font-size\"><strong>Usuari<\/strong>: Alumnat <\/p>\n\n\n\n<p class=\"has-medium-font-size\"><strong>Autor<\/strong>: Miquel \u00c0ngel Fuentes, INS Quercus, Sant Joan de Vilatorrada.<\/p>\n\n\n\n<div style=\"height:50px\" aria-hidden=\"true\" class=\"wp-block-spacer\"><\/div>\n\n\n\n<div class=\"wp-block-columns caixa is-layout-flex wp-container-core-columns-is-layout-1 wp-block-columns-is-layout-flex\">\n<div class=\"wp-block-column is-layout-flow wp-block-column-is-layout-flow\">\n<p class=\"has-light-green-cyan-background-color has-background has-medium-font-size\"><strong>Objectiu<\/strong><\/p>\n\n\n\n<p id=\"isPasted\">Familiaritzar als alumnes en el seu \u00fas cr\u00edtic, aprendre el seu funcionament, crear recursos (imatges, textos, v\u00eddeos, etc.), refor\u00e7ar compet\u00e8ncies espec\u00edfiques d&#8217;una o diverses \u00e0rees o mat\u00e8ries.<\/p>\n<\/div>\n<\/div>\n\n\n\n<div style=\"height:30px\" aria-hidden=\"true\" class=\"wp-block-spacer\"><\/div>\n\n\n\n<figure class=\"wp-block-image aligncenter size-large caixa\"><a href=\"https:\/\/projectes.xtec.cat\/ia\/wp-content\/uploads\/usu2387\/2024\/04\/Volcano-MIQUEL-ANGEL-FUENTES-ARJONA.png\"><img loading=\"lazy\" decoding=\"async\" width=\"1024\" height=\"587\" src=\"https:\/\/projectes.xtec.cat\/ia\/wp-content\/uploads\/usu2387\/2024\/04\/Volcano-MIQUEL-ANGEL-FUENTES-ARJONA-1024x587.png\" alt=\"\" class=\"wp-image-10113\" srcset=\"https:\/\/projectes.xtec.cat\/ia\/wp-content\/uploads\/usu2387\/2024\/04\/Volcano-MIQUEL-ANGEL-FUENTES-ARJONA-1024x587.png 1024w, https:\/\/projectes.xtec.cat\/ia\/wp-content\/uploads\/usu2387\/2024\/04\/Volcano-MIQUEL-ANGEL-FUENTES-ARJONA-300x172.png 300w, https:\/\/projectes.xtec.cat\/ia\/wp-content\/uploads\/usu2387\/2024\/04\/Volcano-MIQUEL-ANGEL-FUENTES-ARJONA-768x440.png 768w, https:\/\/projectes.xtec.cat\/ia\/wp-content\/uploads\/usu2387\/2024\/04\/Volcano-MIQUEL-ANGEL-FUENTES-ARJONA.png 1090w\" sizes=\"auto, (max-width: 1024px) 100vw, 1024px\" \/><\/a><\/figure>\n\n\n\n<div style=\"height:40px\" aria-hidden=\"true\" class=\"wp-block-spacer\"><\/div>\n\n\n\n<div style=\"height:40px\" aria-hidden=\"true\" class=\"wp-block-spacer\"><\/div>\n\n\n\n<div class=\"wp-block-columns caixa is-layout-flex wp-container-core-columns-is-layout-2 wp-block-columns-is-layout-flex\">\n<div class=\"wp-block-column is-layout-flow wp-block-column-is-layout-flow\">\n<p class=\"has-light-green-cyan-background-color has-background has-medium-font-size\"><strong>Experi\u00e8ncia<\/strong><\/p>\n\n\n\n<p id=\"isPasted\">Aquesta \u00e9s una activitat situada dintre d&#8217;una situaci\u00f3 d&#8217;aprenentatge a la mat\u00e8ria d&#8217;angl\u00e8s de 2n d&#8217;ESO. En aquesta activitat, l&#8217;alumnat ha de crear una not\u00edcia enganyosa (fake news) sobre un desastre natural. En aquesta activitat es treballa vocabulari clau sobre desastres naturals, t\u00e9 un focus gramatical en el passat simple i treballa la tipologia textual de l&#8217;article period\u00edstic.<\/p>\n<\/div>\n<\/div>\n\n\n\n<div style=\"height:40px\" aria-hidden=\"true\" class=\"wp-block-spacer\"><\/div>\n\n\n\n<div class=\"wp-block-columns caixa is-layout-flex wp-container-core-columns-is-layout-3 wp-block-columns-is-layout-flex\">\n<div class=\"wp-block-column is-layout-flow wp-block-column-is-layout-flow\">\n<p class=\"has-light-green-cyan-background-color has-background has-medium-font-size\"><strong>Aspectes positius<\/strong><\/p>\n\n\n\n<p>L&#8217;alumnat ha utilitzat les eines d&#8217;edici\u00f3 d&#8217;imatge amb intel\u00b7lig\u00e8ncia artificial generativa de Canva per modificar imatges per incloure desastres naturals. Aix\u00f2 ha perm\u00e8s a l&#8217;alumnat familiaritzar-se amb l&#8217;edici\u00f3 d&#8217;imatge amb IA i debatre sobre la fiabilitat dels continguts que consumim a les xarxes socials.<\/p>\n<\/div>\n<\/div>\n\n\n\n<div style=\"height:40px\" aria-hidden=\"true\" class=\"wp-block-spacer\"><\/div>\n\n\n\n<div class=\"wp-block-columns caixa is-layout-flex wp-container-core-columns-is-layout-4 wp-block-columns-is-layout-flex\">\n<div class=\"wp-block-column is-layout-flow wp-block-column-is-layout-flow\">\n<p class=\"has-light-green-cyan-background-color has-background has-medium-font-size\"><strong>Aspectes a tenir en compte<\/strong><\/p>\n\n\n\n<p>Les condicions d&#8217;\u00fas de Canva per a l&#8217;educaci\u00f3 semblen indicar que els usuaris tinguin almenys 13 anys (al primer trimestre de 2n d&#8217;ESO algun alumne podria tenir 12 anys). Millor fer-ho a partir del segon trimestre<\/p>\n<\/div>\n<\/div>\n\n\n\n<div class=\"wp-block-columns caixa is-layout-flex wp-container-core-columns-is-layout-5 wp-block-columns-is-layout-flex\">\n<div class=\"wp-block-column is-layout-flow wp-block-column-is-layout-flow\">\n<p class=\"has-light-green-cyan-background-color has-background has-medium-font-size\"><strong>Modificar imatges amb Canva.<\/strong><\/p>\n\n\n\n<p>Com modificar imatges amb IA amb Canva explicat per un alumne.<\/p>\n\n\n\n<figure class=\"wp-block-embed is-type-video is-provider-youtube wp-block-embed-youtube wp-embed-aspect-16-9 wp-has-aspect-ratio\"><div class=\"wp-block-embed__wrapper\">\n<div class=\"ast-oembed-container \" style=\"height: 100%;\"><iframe loading=\"lazy\" title=\"Tutorial com editar imatges amb la IA amb Canva\" width=\"500\" height=\"281\" src=\"https:\/\/www.youtube.com\/embed\/LZc_dI5xAGQ?feature=oembed\" frameborder=\"0\" allow=\"accelerometer; autoplay; clipboard-write; encrypted-media; gyroscope; picture-in-picture; web-share\" referrerpolicy=\"strict-origin-when-cross-origin\" allowfullscreen><\/iframe><\/div>\n<\/div><\/figure>\n<\/div>\n<\/div>\n\n\n\n<div style=\"height:40px\" aria-hidden=\"true\" class=\"wp-block-spacer\"><\/div>\n\n\n\n<div style=\"height:20px\" aria-hidden=\"true\" class=\"wp-block-spacer\"><\/div>\n\n\n\n<div style=\"height:0px\" aria-hidden=\"true\" class=\"wp-block-spacer\"><\/div>\n\n\n\n<div style=\"height:20px\" aria-hidden=\"true\" class=\"wp-block-spacer\"><\/div>\n\n\n\n<p><\/p>\n\n\n\n<div style=\"height:20px\" aria-hidden=\"true\" class=\"wp-block-spacer\"><\/div>\n\n\n\n<div style=\"height:20px\" aria-hidden=\"true\" class=\"wp-block-spacer\"><\/div>\n\n\n\n<div style=\"height:20px\" aria-hidden=\"true\" class=\"wp-block-spacer\"><\/div>\n\n\n\n<div style=\"height:20px\" aria-hidden=\"true\" class=\"wp-block-spacer\"><\/div>\n\n\n\n<div style=\"height:20px\" aria-hidden=\"true\" class=\"wp-block-spacer\"><\/div>\n\n\n\n<div style=\"height:20px\" aria-hidden=\"true\" class=\"wp-block-spacer\"><\/div>\n\n\n\n<div style=\"height:20px\" aria-hidden=\"true\" class=\"wp-block-spacer\"><\/div>\n","protected":false},"excerpt":{"rendered":"<p>Etapa: Secund\u00e0ria Usuari: Alumnat Autor: Miquel \u00c0ngel Fuentes, INS Quercus, Sant Joan de Vilatorrada. Objectiu Familiaritzar als alumnes en el seu \u00fas cr\u00edtic, aprendre el seu funcionament, crear recursos (imatges, textos, v\u00eddeos, etc.), refor\u00e7ar compet\u00e8ncies espec\u00edfiques d&#8217;una o diverses \u00e0rees o mat\u00e8ries. Experi\u00e8ncia Aquesta \u00e9s una activitat situada dintre d&#8217;una situaci\u00f3 d&#8217;aprenentatge a la mat\u00e8ria d&#8217;angl\u00e8s de 2n d&#8217;ESO. En aquesta activitat, l&#8217;alumnat ha de crear una not\u00edcia enganyosa (fake [&hellip;]<\/p>\n","protected":false},"author":14,"featured_media":0,"parent":9106,"menu_order":0,"comment_status":"closed","ping_status":"close","template":"","meta":{"site-sidebar-layout":"default","site-content-layout":"","ast-site-content-layout":"default","site-content-style":"default","site-sidebar-style":"default","ast-global-header-display":"","ast-banner-title-visibility":"","ast-main-header-display":"","ast-hfb-above-header-display":"","ast-hfb-below-header-display":"","ast-hfb-mobile-header-display":"","site-post-title":"","ast-breadcrumbs-content":"","ast-featured-img":"","footer-sml-layout":"","theme-transparent-header-meta":"","adv-header-id-meta":"","stick-header-meta":"","header-above-stick-meta":"","header-main-stick-meta":"","header-below-stick-meta":"","astra-migrate-meta-layouts":"set","ast-page-background-enabled":"default","ast-page-background-meta":{"desktop":{"background-color":"var(--ast-global-color-4)","background-image":"","background-repeat":"repeat","background-position":"center center","background-size":"auto","background-attachment":"scroll","background-type":"","background-media":"","overlay-type":"","overlay-color":"","overlay-opacity":"","overlay-gradient":""},"tablet":{"background-color":"","background-image":"","background-repeat":"repeat","background-position":"center center","background-size":"auto","background-attachment":"scroll","background-type":"","background-media":"","overlay-type":"","overlay-color":"","overlay-opacity":"","overlay-gradient":""},"mobile":{"background-color":"","background-image":"","background-repeat":"repeat","background-position":"center center","background-size":"auto","background-attachment":"scroll","background-type":"","background-media":"","overlay-type":"","overlay-color":"","overlay-opacity":"","overlay-gradient":""}},"ast-content-background-meta":{"desktop":{"background-color":"var(--ast-global-color-5)","background-image":"","background-repeat":"repeat","background-position":"center center","background-size":"auto","background-attachment":"scroll","background-type":"","background-media":"","overlay-type":"","overlay-color":"","overlay-opacity":"","overlay-gradient":""},"tablet":{"background-color":"var(--ast-global-color-5)","background-image":"","background-repeat":"repeat","background-position":"center center","background-size":"auto","background-attachment":"scroll","background-type":"","background-media":"","overlay-type":"","overlay-color":"","overlay-opacity":"","overlay-gradient":""},"mobile":{"background-color":"var(--ast-global-color-5)","background-image":"","background-repeat":"repeat","background-position":"center center","background-size":"auto","background-attachment":"scroll","background-type":"","background-media":"","overlay-type":"","overlay-color":"","overlay-opacity":"","overlay-gradient":""}},"footnotes":""},"class_list":["post-10125","page","type-page","status-publish","hentry"],"post_mailing_queue_ids":[],"_links":{"self":[{"href":"https:\/\/projectes.xtec.cat\/ia\/wp-json\/wp\/v2\/pages\/10125","targetHints":{"allow":["GET"]}}],"collection":[{"href":"https:\/\/projectes.xtec.cat\/ia\/wp-json\/wp\/v2\/pages"}],"about":[{"href":"https:\/\/projectes.xtec.cat\/ia\/wp-json\/wp\/v2\/types\/page"}],"author":[{"embeddable":true,"href":"https:\/\/projectes.xtec.cat\/ia\/wp-json\/wp\/v2\/users\/14"}],"replies":[{"embeddable":true,"href":"https:\/\/projectes.xtec.cat\/ia\/wp-json\/wp\/v2\/comments?post=10125"}],"version-history":[{"count":6,"href":"https:\/\/projectes.xtec.cat\/ia\/wp-json\/wp\/v2\/pages\/10125\/revisions"}],"predecessor-version":[{"id":10135,"href":"https:\/\/projectes.xtec.cat\/ia\/wp-json\/wp\/v2\/pages\/10125\/revisions\/10135"}],"up":[{"embeddable":true,"href":"https:\/\/projectes.xtec.cat\/ia\/wp-json\/wp\/v2\/pages\/9106"}],"wp:attachment":[{"href":"https:\/\/projectes.xtec.cat\/ia\/wp-json\/wp\/v2\/media?parent=10125"}],"curies":[{"name":"wp","href":"https:\/\/api.w.org\/{rel}","templated":true}]}}