{"id":1027,"date":"2025-11-15T00:00:00","date_gmt":"2025-11-15T00:00:00","guid":{"rendered":"https:\/\/projectes.xtec.cat\/ia\/?page_id=1027"},"modified":"2025-11-19T13:40:20","modified_gmt":"2025-11-19T12:40:20","slug":"3b22-crea-o-ajusta-materials-activitats-d-ensenyament-i","status":"publish","type":"page","link":"https:\/\/projectes.xtec.cat\/ia\/competencia-digital-docent-intelligencia-artificial\/dimensio3-pedagogia-ia\/d3-etapa-intermedia\/3-b-2-personalitzacio-intermedia-de-laprenentatge-amb-ia\/3b22-crea-o-ajusta-materials-activitats-d-ensenyament-i\/","title":{"rendered":"3.B.2.2. Crea o ajusta materials, activitats d&#8217;ensenyament i d&#8217;avaluaci\u00f3 m\u00e9s complexes (com q\u00fcestionaris adaptatius o recursos interactius) minimitzant les barreres amb eines b\u00e0siques d&#8217;IA, buscant afavorir la participaci\u00f3 i l&#8217;aprenentatge personalitzat."},"content":{"rendered":"<p><strong>Indicador 3.B.2.2.<\/strong> Crea o ajusta materials, activitats d&#x27;ensenyament i d&#x27;avaluaci\u00f3 m\u00e9s complexes (com q\u00fcestionaris adaptatius o recursos interactius) minimitzant les barreres amb eines b\u00e0siques d&#x27;IA, buscant afavorir la participaci\u00f3 i l&#x27;aprenentatge personalitzat.<\/p>\n<p><em>Text extret del document \u00abMarc de la Compet\u00e8ncia Digital Docent en IA\u00bb.<\/em><\/p>\n","protected":false},"excerpt":{"rendered":"<p>Indicador 3.B.2.2. Crea o ajusta materials, activitats d&#x27;ensenyament i d&#x27;avaluaci\u00f3 m\u00e9s complexes (com q\u00fcestionaris adaptatius o recursos interactius) minimitzant les barreres amb eines b\u00e0siques d&#x27;IA, buscant afavorir la participaci\u00f3 i l&#x27;aprenentatge personalitzat. Text extret del document \u00abMarc de la Compet\u00e8ncia Digital Docent en IA\u00bb.<\/p>\n","protected":false},"author":1,"featured_media":0,"parent":12172,"menu_order":0,"comment_status":"closed","ping_status":"closed","template":"","meta":{"site-sidebar-layout":"default","site-content-layout":"","ast-site-content-layout":"default","site-content-style":"default","site-sidebar-style":"default","ast-global-header-display":"","ast-banner-title-visibility":"","ast-main-header-display":"","ast-hfb-above-header-display":"","ast-hfb-below-header-display":"","ast-hfb-mobile-header-display":"","site-post-title":"","ast-breadcrumbs-content":"","ast-featured-img":"","footer-sml-layout":"","theme-transparent-header-meta":"","adv-header-id-meta":"","stick-header-meta":"","header-above-stick-meta":"","header-main-stick-meta":"","header-below-stick-meta":"","astra-migrate-meta-layouts":"set","ast-page-background-enabled":"default","ast-page-background-meta":{"desktop":{"background-color":"var(--ast-global-color-4)","background-image":"","background-repeat":"repeat","background-position":"center center","background-size":"auto","background-attachment":"scroll","background-type":"","background-media":"","overlay-type":"","overlay-color":"","overlay-opacity":"","overlay-gradient":""},"tablet":{"background-color":"","background-image":"","background-repeat":"repeat","background-position":"center center","background-size":"auto","background-attachment":"scroll","background-type":"","background-media":"","overlay-type":"","overlay-color":"","overlay-opacity":"","overlay-gradient":""},"mobile":{"background-color":"","background-image":"","background-repeat":"repeat","background-position":"center center","background-size":"auto","background-attachment":"scroll","background-type":"","background-media":"","overlay-type":"","overlay-color":"","overlay-opacity":"","overlay-gradient":""}},"ast-content-background-meta":{"desktop":{"background-color":"var(--ast-global-color-5)","background-image":"","background-repeat":"repeat","background-position":"center center","background-size":"auto","background-attachment":"scroll","background-type":"","background-media":"","overlay-type":"","overlay-color":"","overlay-opacity":"","overlay-gradient":""},"tablet":{"background-color":"var(--ast-global-color-5)","background-image":"","background-repeat":"repeat","background-position":"center center","background-size":"auto","background-attachment":"scroll","background-type":"","background-media":"","overlay-type":"","overlay-color":"","overlay-opacity":"","overlay-gradient":""},"mobile":{"background-color":"var(--ast-global-color-5)","background-image":"","background-repeat":"repeat","background-position":"center center","background-size":"auto","background-attachment":"scroll","background-type":"","background-media":"","overlay-type":"","overlay-color":"","overlay-opacity":"","overlay-gradient":""}},"footnotes":""},"class_list":["post-1027","page","type-page","status-publish","hentry"],"post_mailing_queue_ids":[],"_links":{"self":[{"href":"https:\/\/projectes.xtec.cat\/ia\/wp-json\/wp\/v2\/pages\/1027","targetHints":{"allow":["GET"]}}],"collection":[{"href":"https:\/\/projectes.xtec.cat\/ia\/wp-json\/wp\/v2\/pages"}],"about":[{"href":"https:\/\/projectes.xtec.cat\/ia\/wp-json\/wp\/v2\/types\/page"}],"author":[{"embeddable":true,"href":"https:\/\/projectes.xtec.cat\/ia\/wp-json\/wp\/v2\/users\/1"}],"replies":[{"embeddable":true,"href":"https:\/\/projectes.xtec.cat\/ia\/wp-json\/wp\/v2\/comments?post=1027"}],"version-history":[{"count":2,"href":"https:\/\/projectes.xtec.cat\/ia\/wp-json\/wp\/v2\/pages\/1027\/revisions"}],"predecessor-version":[{"id":12178,"href":"https:\/\/projectes.xtec.cat\/ia\/wp-json\/wp\/v2\/pages\/1027\/revisions\/12178"}],"up":[{"embeddable":true,"href":"https:\/\/projectes.xtec.cat\/ia\/wp-json\/wp\/v2\/pages\/12172"}],"wp:attachment":[{"href":"https:\/\/projectes.xtec.cat\/ia\/wp-json\/wp\/v2\/media?parent=1027"}],"curies":[{"name":"wp","href":"https:\/\/api.w.org\/{rel}","templated":true}]}}