{"id":10430,"date":"2025-02-19T21:45:22","date_gmt":"2025-02-19T20:45:22","guid":{"rendered":"https:\/\/projectes.xtec.cat\/ia\/?page_id=10430"},"modified":"2026-03-16T23:17:50","modified_gmt":"2026-03-16T22:17:50","slug":"competencia-digital-docent-intelligencia-artificial","status":"publish","type":"page","link":"https:\/\/projectes.xtec.cat\/ia\/competencia-digital-docent-intelligencia-artificial\/","title":{"rendered":"Compet\u00e8ncia digital docent en intel\u00b7lig\u00e8ncia artificial"},"content":{"rendered":"\n<div class=\"wp-block-columns is-layout-flex wp-container-core-columns-is-layout-1 wp-block-columns-is-layout-flex\">\n<div class=\"wp-block-column is-layout-flow wp-block-column-is-layout-flow\">\n<p>Aquest espai de suport s\u2019adre\u00e7a als docents de totes les etapes i nivells educatius amb la finalitat de delimitar i descriure els coneixements, les habilitats i les actituds que han d\u2019assolir els docents per ser competents en l\u2019\u00fas de la IA en contextos educatius.&nbsp;<\/p>\n\n\n\n<p>L\u2019arribada de la IA est\u00e0 transformant r\u00e0pidament els processos d\u2019ensenyament i aprenentatge, i fa imprescindible que el docent estigui preparat per aprofitar-ne els beneficis tot mitigant-ne els riscos. <\/p>\n\n\n\n<p class=\"has-ast-global-color-4-background-color has-background\">Aquest espai de suport \u00e9s un espai en construcci\u00f3. Es mostraran les modificacions i novetats m\u00e9s significatives <a href=\"#canvis\" data-type=\"internal\" data-id=\"#canvis\">aqu\u00ed<\/a>.<\/p>\n<\/div>\n\n\n\n<div class=\"wp-block-column is-layout-flow wp-block-column-is-layout-flow\">\n<figure class=\"wp-block-image aligncenter size-full is-resized has-custom-border\"><a href=\"https:\/\/projectes.xtec.cat\/ia\/wp-content\/uploads\/usu2387\/2025\/12\/portada-del-document-1.png\"><img loading=\"lazy\" decoding=\"async\" width=\"517\" height=\"733\" src=\"https:\/\/projectes.xtec.cat\/ia\/wp-content\/uploads\/usu2387\/2025\/12\/portada-del-document-1.png\" alt=\"\" class=\"has-border-color has-ast-global-color-3-border-color wp-image-12517\" style=\"border-width:1px;width:204px;height:auto\" srcset=\"https:\/\/projectes.xtec.cat\/ia\/wp-content\/uploads\/usu2387\/2025\/12\/portada-del-document-1.png 517w, https:\/\/projectes.xtec.cat\/ia\/wp-content\/uploads\/usu2387\/2025\/12\/portada-del-document-1-212x300.png 212w\" sizes=\"auto, (max-width: 517px) 100vw, 517px\" \/><\/a><\/figure>\n<\/div>\n<\/div>\n\n\n\n<h2 class=\"wp-block-heading has-medium-font-size\">Dimensions<\/h2>\n\n\n\n<div class=\"wp-block-columns is-layout-flex wp-container-core-columns-is-layout-2 wp-block-columns-is-layout-flex\" style=\"margin-top:0px;margin-bottom:0px;padding-top:1em;padding-bottom:1em\">\n<div class=\"wp-block-column caixa-link has-background is-layout-flow wp-block-column-is-layout-flow\" style=\"background-color:#f3cccc\" id=\"https:\/\/projectes.xtec.cat\/ia\/competencia-digital-docent-intelligencia-artificial\/d1-comprensio-us-segur-ia\/\">\n<h2 class=\"wp-block-heading has-medium-font-size\">Dimensi\u00f3 1. <br>Comprensi\u00f3 i \u00fas segur de la IA<\/h2>\n\n\n\n<p>Aborda els coneixements b\u00e0sics sobre el funcionament de la IA i els principis per utilitzar-la de forma segura.&nbsp;<\/p>\n<\/div>\n\n\n\n<div class=\"wp-block-column caixa-link has-background is-layout-flow wp-block-column-is-layout-flow\" style=\"background-color:#eaa6a6\" id=\"https:\/\/projectes.xtec.cat\/ia\/competencia-digital-docent-intelligencia-artificial\/dimensio2-visio-humanista-de-la-ia\/\">\n<h2 class=\"wp-block-heading has-medium-font-size\">Dimensi\u00f3 2. <br>\u00c8tica i visi\u00f3 humanista<\/h2>\n\n\n\n<p>Tracta els valors i principis \u00e8tics necessaris per a un \u00fas cr\u00edtic i responsable de la IA remarcant la import\u00e0ncia de l\u2019ag\u00e8ncia humana en la interacci\u00f3 amb la IA. <\/p>\n<\/div>\n<\/div>\n\n\n\n<div class=\"wp-block-columns is-layout-flex wp-container-core-columns-is-layout-3 wp-block-columns-is-layout-flex\" style=\"margin-top:0px;margin-bottom:0px;padding-top:1em;padding-bottom:1em\">\n<div class=\"wp-block-column caixa-link has-background is-layout-flow wp-block-column-is-layout-flow\" style=\"background-color:#cbd1e8\" id=\"https:\/\/projectes.xtec.cat\/ia\/competencia-digital-docent-intelligencia-artificial\/dimensio3-pedagogia-ia\/\">\n<h2 class=\"wp-block-heading has-medium-font-size\">Dimensi\u00f3 3. <br>Pedagogia amb IA<\/h2>\n\n\n\n<p>Se centra en la integraci\u00f3 did\u00e0ctica de la IA: les compet\u00e8ncies per seleccionar metodol\u00f2gicament eines d\u2019IA i incorporar-les de manera efica\u00e7 en la planificaci\u00f3, la doc\u00e8ncia, l\u2019avaluaci\u00f3 i l\u2019atenci\u00f3 a l\u2019alumnat.&nbsp;<\/p>\n<\/div>\n\n\n\n<div class=\"wp-block-column caixa-link has-background is-layout-flow wp-block-column-is-layout-flow\" style=\"background-color:#dadada\" id=\"https:\/\/projectes.xtec.cat\/ia\/competencia-digital-docent-intelligencia-artificial\/dimensio-4-desenvolupament-professional-ia\/\">\n<h2 class=\"wp-block-heading has-medium-font-size\">Dimensi\u00f3 4. <br>Desenvolupament professional<\/h2>\n\n\n\n<p>Descriu les compet\u00e8ncies per emprar la IA en benefici de la formaci\u00f3 cont\u00ednua, la millora en la pr\u00e0ctica educativa del docent i el seu creixement professional.&nbsp;<\/p>\n<\/div>\n<\/div>\n\n\n\n<div style=\"height:27px\" aria-hidden=\"true\" class=\"wp-block-spacer\"><\/div>\n\n\n\n<div style=\"height:0px\" aria-hidden=\"true\" class=\"wp-block-spacer\"><\/div>\n\n\n\n<div class=\"wp-block-getwid-section\"><div class=\"wp-block-getwid-section__wrapper\"><div class=\"wp-block-getwid-section__inner-wrapper\"><div class=\"wp-block-getwid-section__background-holder\"><div class=\"wp-block-getwid-section__background\"><\/div><div class=\"wp-block-getwid-section__foreground\"><\/div><\/div><div class=\"wp-block-getwid-section__content\"><div class=\"wp-block-getwid-section__inner-content\">\n<h2 class=\"wp-block-heading\" id=\"canvis\">Novetats i modificacions<\/h2>\n\n\n\n<p><strong>16.03.26.<\/strong> S&#8217;afegeix un an\u00e0lisi de la privacitat i la seguretat a <strong>1.B.3.3. <\/strong><a href=\"https:\/\/projectes.xtec.cat\/ia\/competencia-digital-docent-intelligencia-artificial\/d1-comprensio-us-segur-ia\/etapa-intermedia\/1-b-3-adopcio-de-lus-segur-de-la-ia-en-el-context-educatiu\/1b33-valora-la-seguretat-i-la-proteccio-de-dades\/\">Valora la seguretat i la protecci\u00f3 de dades, seleccionant eines d\u2019IA basant-se en la normativa vigent i informaci\u00f3 rellevant (condicions d\u2019\u00fas de les eines, publicacions de seguretat, etc.)<\/a><\/p>\n\n\n\n<p><strong>02.03.26.<\/strong> S&#8217;afegeix un videotutorial de NotebookLM a <strong>1.B.2.1.<\/strong> <a href=\"https:\/\/projectes.xtec.cat\/ia\/competencia-digital-docent-intelligencia-artificial\/d1-comprensio-us-segur-ia\/etapa-intermedia\/1-b-2-us-eficac-de-la-ia\/1b21-coneix-i-utilitza-eines-d-ia-diverses-assistents-2\/\" target=\"_blank\" rel=\"noreferrer noopener\">Coneix i utilitza eines d\u2019IA diverses (assistents conversacionals generals i personalitzats, IA generativa multimodal, etc.) per a tasques generals, i agents aut\u00f2noms per a l\u2019automatitzaci\u00f3 de fluxos i processos<\/a>.<\/p>\n\n\n\n<p><strong>22.02.26.<\/strong> S&#8217;afegeix una refer\u00e8ncia a enverinament de models de llenguatge a &nbsp;<strong>1.B.3.2.<\/strong> <a href=\"https:\/\/projectes.xtec.cat\/ia\/competencia-digital-docent-intelligencia-artificial\/d1-comprensio-us-segur-ia\/etapa-intermedia\/1-b-3-adopcio-de-lus-segur-de-la-ia-en-el-context-educatiu\/1b32-coneix-aspectes-de-seguretat-especifics-de-la-ia\/\">Coneix aspectes de seguretat espec\u00edfics de la IA, com els m\u00e8todes d\u2019injecci\u00f3 d\u2019indicacions (<em>prompt injection<\/em>) o d\u2019atac advers (<em>adversarial attack<\/em>&nbsp;i estrat\u00e8gies de mitigaci\u00f3.<\/a><\/p>\n\n\n\n<p><strong>09.02.26<\/strong>. S&#8217;afegeix l&#8217;escala AIAS i el m\u00e8tode MIAE a l&#8217;indicador <strong>2.A.3.5<\/strong>&nbsp;&nbsp;<a href=\"https:\/\/projectes.xtec.cat\/ia\/competencia-digital-docent-intelligencia-artificial\/dimensio2-visio-humanista-de-la-ia\/d2-etapa-basica\/2-a-3-us-etic-de-la-ia\/2-a-3-5-informa-de-manera-transparent-quan-el-contingut-ha-estat-generat-totalment-o-parcialment-amb-eines-dia\/\">Informa de manera transparent quan el contingut ha estat generat totalment o parcialment amb eines d\u2019IA.<\/a><\/p>\n\n\n\n<p><strong>08.02.26.<\/strong> S&#8217;afegeixen refer\u00e8ncies a l&#8217;indicador <strong>2.A.1.1<\/strong> <a href=\"https:\/\/projectes.xtec.cat\/ia\/competencia-digital-docent-intelligencia-artificial\/dimensio2-visio-humanista-de-la-ia\/d2-etapa-basica\/2-a-1-comprensio-de-lagencia-humana\/2-a-1-1-es-conscient-que-la-ia-esta-dissenyada-per-persones-i-corporacions-amb-biaixos-i-interessos-comercials-que-poden-entrar-en-conflicte-amb-letica-i-els-drets-fonamentals\/\">\u00c9s conscient que la IA est\u00e0 dissenyada per persones i corporacions amb biaixos i interessos comercials que poden entrar en conflicte amb l\u2019\u00e8tica i els drets fonamentals.<\/a><\/p>\n\n\n\n<p><strong>18.01.26.<\/strong> Afegit un enlla\u00e7 al Pseudoanonimitzador de dades personals, dins de l&#8217;indicador <strong>1.A.3.3<\/strong><a href=\"https:\/\/projectes.xtec.cat\/ia\/competencia-digital-docent-intelligencia-artificial\/d1-comprensio-us-segur-ia\/d1-etapa-basica\/1-a-3-3-aplica-mesures-de-seguretat-en-lus-de-la-ia-com-lanonimitzacio-de-dades-la-desactivacio-de-la-memoria-i-la-restriccio-de-lentrenament\/\"> Aplica mesures de seguretat en l\u2019\u00fas de la IA com l\u2019anonimitzaci\u00f3 o pseudonimitzaci\u00f3 de dades, la desactivaci\u00f3 de la mem\u00f2ria persistent i la restricci\u00f3 de l\u2019entrenament.<\/a><\/p>\n<\/div><\/div><\/div><\/div><\/div>\n\n\n\n<div style=\"height:72px\" aria-hidden=\"true\" class=\"wp-block-spacer\"><\/div>\n","protected":false},"excerpt":{"rendered":"<p>Aquest espai de suport s\u2019adre\u00e7a als docents de totes les etapes i nivells educatius amb la finalitat de delimitar i descriure els coneixements, les habilitats i les actituds que han d\u2019assolir els docents per ser competents en l\u2019\u00fas de la IA en contextos educatius.&nbsp; L\u2019arribada de la IA est\u00e0 transformant r\u00e0pidament els processos d\u2019ensenyament i aprenentatge, i fa imprescindible que el docent estigui preparat per aprofitar-ne els beneficis tot mitigant-ne [&hellip;]<\/p>\n","protected":false},"author":1,"featured_media":0,"parent":0,"menu_order":0,"comment_status":"closed","ping_status":"close","template":"","meta":{"site-sidebar-layout":"left-sidebar","site-content-layout":"","ast-site-content-layout":"default","site-content-style":"default","site-sidebar-style":"default","ast-global-header-display":"","ast-banner-title-visibility":"","ast-main-header-display":"","ast-hfb-above-header-display":"","ast-hfb-below-header-display":"","ast-hfb-mobile-header-display":"","site-post-title":"","ast-breadcrumbs-content":"","ast-featured-img":"","footer-sml-layout":"","theme-transparent-header-meta":"","adv-header-id-meta":"","stick-header-meta":"","header-above-stick-meta":"","header-main-stick-meta":"","header-below-stick-meta":"","astra-migrate-meta-layouts":"set","ast-page-background-enabled":"default","ast-page-background-meta":{"desktop":{"background-color":"var(--ast-global-color-4)","background-image":"","background-repeat":"repeat","background-position":"center center","background-size":"auto","background-attachment":"scroll","background-type":"","background-media":"","overlay-type":"","overlay-color":"","overlay-opacity":"","overlay-gradient":""},"tablet":{"background-color":"","background-image":"","background-repeat":"repeat","background-position":"center center","background-size":"auto","background-attachment":"scroll","background-type":"","background-media":"","overlay-type":"","overlay-color":"","overlay-opacity":"","overlay-gradient":""},"mobile":{"background-color":"","background-image":"","background-repeat":"repeat","background-position":"center center","background-size":"auto","background-attachment":"scroll","background-type":"","background-media":"","overlay-type":"","overlay-color":"","overlay-opacity":"","overlay-gradient":""}},"ast-content-background-meta":{"desktop":{"background-color":"var(--ast-global-color-5)","background-image":"","background-repeat":"repeat","background-position":"center center","background-size":"auto","background-attachment":"scroll","background-type":"","background-media":"","overlay-type":"","overlay-color":"","overlay-opacity":"","overlay-gradient":""},"tablet":{"background-color":"var(--ast-global-color-5)","background-image":"","background-repeat":"repeat","background-position":"center center","background-size":"auto","background-attachment":"scroll","background-type":"","background-media":"","overlay-type":"","overlay-color":"","overlay-opacity":"","overlay-gradient":""},"mobile":{"background-color":"var(--ast-global-color-5)","background-image":"","background-repeat":"repeat","background-position":"center center","background-size":"auto","background-attachment":"scroll","background-type":"","background-media":"","overlay-type":"","overlay-color":"","overlay-opacity":"","overlay-gradient":""}},"footnotes":""},"class_list":["post-10430","page","type-page","status-publish","hentry"],"post_mailing_queue_ids":[],"_links":{"self":[{"href":"https:\/\/projectes.xtec.cat\/ia\/wp-json\/wp\/v2\/pages\/10430","targetHints":{"allow":["GET"]}}],"collection":[{"href":"https:\/\/projectes.xtec.cat\/ia\/wp-json\/wp\/v2\/pages"}],"about":[{"href":"https:\/\/projectes.xtec.cat\/ia\/wp-json\/wp\/v2\/types\/page"}],"author":[{"embeddable":true,"href":"https:\/\/projectes.xtec.cat\/ia\/wp-json\/wp\/v2\/users\/1"}],"replies":[{"embeddable":true,"href":"https:\/\/projectes.xtec.cat\/ia\/wp-json\/wp\/v2\/comments?post=10430"}],"version-history":[{"count":6,"href":"https:\/\/projectes.xtec.cat\/ia\/wp-json\/wp\/v2\/pages\/10430\/revisions"}],"predecessor-version":[{"id":13201,"href":"https:\/\/projectes.xtec.cat\/ia\/wp-json\/wp\/v2\/pages\/10430\/revisions\/13201"}],"wp:attachment":[{"href":"https:\/\/projectes.xtec.cat\/ia\/wp-json\/wp\/v2\/media?parent=10430"}],"curies":[{"name":"wp","href":"https:\/\/api.w.org\/{rel}","templated":true}]}}