{"id":10452,"date":"2025-02-19T22:09:26","date_gmt":"2025-02-19T21:09:26","guid":{"rendered":"https:\/\/projectes.xtec.cat\/ia\/?page_id=10452"},"modified":"2026-01-18T10:58:46","modified_gmt":"2026-01-18T09:58:46","slug":"d1-comprensio-us-segur-ia","status":"publish","type":"page","link":"https:\/\/projectes.xtec.cat\/ia\/competencia-digital-docent-intelligencia-artificial\/d1-comprensio-us-segur-ia\/","title":{"rendered":"Dimensi\u00f3 1. Comprensi\u00f3 i \u00fas segur de la IA"},"content":{"rendered":"\n<p style=\"font-size:16px\">La dimensi\u00f3 d\u2019alfabetitzaci\u00f3 i \u00fas segur de la IA t\u00e9 com a objectiu que els docents adquireixin una <strong>comprensi\u00f3 progressiva del funcionament i les aplicacions de la intel\u00b7lig\u00e8ncia artificial<\/strong>, aix\u00ed com les compet\u00e8ncies necess\u00e0ries per fer-ne un \u00fas segur en contextos educatius. <\/p>\n\n\n\n<p style=\"font-size:16px\">\ud83d\udc49 Aquesta primera dimensi\u00f3 estableix una <strong>base de coneixement<\/strong> imprescindible per poder abordar la resta de dimensions, i se centra en l\u2019aprenentatge de l\u2019\u00fas de la IA per a tasques de prop\u00f2sit general, sense una aplicaci\u00f3 pedag\u00f2gica directa, que es desenvolupa espec\u00edficament a la <a href=\"https:\/\/projectes.xtec.cat\/ia\/competencia-digital-docent-intelligencia-artificial\/dimensio3-pedagogia-ia\/\">Dimensi\u00f3 3. Pedagogia<\/a>.<\/p>\n\n\n\n<div class=\"wp-block-columns alignwide is-layout-flex wp-container-core-columns-is-layout-2 wp-block-columns-is-layout-flex\">\n<div class=\"wp-block-column is-layout-flow wp-block-column-is-layout-flow\">\n<div class=\"wp-block-columns etapes-desc is-layout-flex wp-container-core-columns-is-layout-1 wp-block-columns-is-layout-flex\">\n<div class=\"wp-block-column caixa is-layout-flow wp-block-column-is-layout-flow\">\n<h2 class=\"wp-block-heading\" style=\"font-size:26px\">Etapa b\u00e0sica<\/h2>\n\n\n\n<p style=\"font-size:13px\">\u2705 T\u00e9 coneixements fonamentals i habilitats b\u00e0siques per fer un \u00fas segur i responsable.<\/p>\n\n\n\n<p style=\"font-size:13px\">\u2705 Interactua amb agents conversacionals (xatbots) fent servir instruccions senzilles per tasques de prop\u00f2sit general.<\/p>\n\n\n\n<div class=\"wp-block-buttons is-content-justification-center is-layout-flex wp-container-core-buttons-is-layout-1 wp-block-buttons-is-layout-flex\">\n<div class=\"wp-block-button\"><a class=\"wp-block-button__link wp-element-button\" href=\"https:\/\/projectes.xtec.cat\/ia\/competencia-digital-docent-intelligencia-artificial\/d1-alfabetitzacio-us-segur-ia\/d1-etapa-basica\/\">M\u00e9s informaci\u00f3<\/a><\/div>\n<\/div>\n<\/div>\n\n\n\n<div class=\"wp-block-column caixa is-layout-flow wp-block-column-is-layout-flow\">\n<h2 class=\"wp-block-heading\" style=\"font-size:26px\">Etapa interm\u00e8dia<\/h2>\n\n\n\n<p style=\"font-size:13px\">\u2705 Coneixement dels processos associats al desenvolupament de la IA (entrenament, validaci\u00f3 de models).<\/p>\n\n\n\n<p style=\"font-size:13px\">\u2705 Identificaci\u00f3 de diverses tipologies IA.<\/p>\n\n\n\n<p style=\"font-size:13px\">\u2705 \u00das de diferents IA i adaptaci\u00f3 de les indicacions als objectius d&#8217;aprenentatge i context. <\/p>\n\n\n\n<p style=\"font-size:13px\">\u2705 Promou l&#8217;alfabetitzaci\u00f3 digital de l&#8217;alumnat i del claustre, fomentant pr\u00e0ctiques d&#8217;\u00fas responsable.<\/p>\n\n\n\n<div class=\"wp-block-buttons is-content-justification-center is-layout-flex wp-container-core-buttons-is-layout-2 wp-block-buttons-is-layout-flex\">\n<div class=\"wp-block-button\"><a class=\"wp-block-button__link wp-element-button\" href=\"https:\/\/projectes.xtec.cat\/ia\/competencia-digital-docent-intelligencia-artificial\/d1-alfabetitzacio-us-segur-ia\/etapa-intermedia\/\">M\u00e9s informaci\u00f3<\/a><\/div>\n<\/div>\n<\/div>\n\n\n\n<div class=\"wp-block-column caixa is-layout-flow wp-block-column-is-layout-flow\">\n<h2 class=\"wp-block-heading\" style=\"font-size:26px\">Etapa avan\u00e7ada<\/h2>\n\n\n\n<p style=\"font-size:13px\">\u2705 Comprensi\u00f3 profunda dels sistemes IA i es mant\u00e9 actualitzat. <\/p>\n\n\n\n<p style=\"font-size:13px\">\u2705 Integra diverses eines d\u2019IA generant solucions contextualitzades i optimitzades mitjan\u00e7ant l\u2019\u00fas d&#8217;indicacions precises i adequades. <\/p>\n\n\n\n<p style=\"font-size:13px\">\u2705 Esdev\u00e9 un referent i un agent sensibilitzador en l\u2019\u00fas segur i responsable de la IA. <\/p>\n\n\n\n<div class=\"wp-block-buttons is-content-justification-center is-layout-flex wp-container-core-buttons-is-layout-3 wp-block-buttons-is-layout-flex\">\n<div class=\"wp-block-button\"><a class=\"wp-block-button__link wp-element-button\" href=\"https:\/\/projectes.xtec.cat\/ia\/competencia-digital-docent-intelligencia-artificial\/d1-alfabetitzacio-us-segur-ia\/d1-etapa-avancada\/\">M\u00e9s informaci\u00f3<\/a><\/div>\n<\/div>\n<\/div>\n<\/div>\n<\/div>\n<\/div>\n\n\n\n<div style=\"height:38px\" aria-hidden=\"true\" class=\"wp-block-spacer\"><\/div>\n","protected":false},"excerpt":{"rendered":"<p>La dimensi\u00f3 d\u2019alfabetitzaci\u00f3 i \u00fas segur de la IA t\u00e9 com a objectiu que els docents adquireixin una comprensi\u00f3 progressiva del funcionament i les aplicacions de la intel\u00b7lig\u00e8ncia artificial, aix\u00ed com les compet\u00e8ncies necess\u00e0ries per fer-ne un \u00fas segur en contextos educatius. \ud83d\udc49 Aquesta primera dimensi\u00f3 estableix una base de coneixement imprescindible per poder abordar la resta de dimensions, i se centra en l\u2019aprenentatge de l\u2019\u00fas de la IA per [&hellip;]<\/p>\n","protected":false},"author":1,"featured_media":0,"parent":10430,"menu_order":0,"comment_status":"closed","ping_status":"close","template":"","meta":{"site-sidebar-layout":"left-sidebar","site-content-layout":"","ast-site-content-layout":"normal-width-container","site-content-style":"default","site-sidebar-style":"default","ast-global-header-display":"","ast-banner-title-visibility":"","ast-main-header-display":"","ast-hfb-above-header-display":"","ast-hfb-below-header-display":"","ast-hfb-mobile-header-display":"","site-post-title":"","ast-breadcrumbs-content":"","ast-featured-img":"","footer-sml-layout":"","theme-transparent-header-meta":"","adv-header-id-meta":"","stick-header-meta":"","header-above-stick-meta":"","header-main-stick-meta":"","header-below-stick-meta":"","astra-migrate-meta-layouts":"set","ast-page-background-enabled":"default","ast-page-background-meta":{"desktop":{"background-color":"var(--ast-global-color-4)","background-image":"","background-repeat":"repeat","background-position":"center center","background-size":"auto","background-attachment":"scroll","background-type":"","background-media":"","overlay-type":"","overlay-color":"","overlay-opacity":"","overlay-gradient":""},"tablet":{"background-color":"","background-image":"","background-repeat":"repeat","background-position":"center center","background-size":"auto","background-attachment":"scroll","background-type":"","background-media":"","overlay-type":"","overlay-color":"","overlay-opacity":"","overlay-gradient":""},"mobile":{"background-color":"","background-image":"","background-repeat":"repeat","background-position":"center center","background-size":"auto","background-attachment":"scroll","background-type":"","background-media":"","overlay-type":"","overlay-color":"","overlay-opacity":"","overlay-gradient":""}},"ast-content-background-meta":{"desktop":{"background-color":"var(--ast-global-color-5)","background-image":"","background-repeat":"repeat","background-position":"center center","background-size":"auto","background-attachment":"scroll","background-type":"","background-media":"","overlay-type":"","overlay-color":"","overlay-opacity":"","overlay-gradient":""},"tablet":{"background-color":"var(--ast-global-color-5)","background-image":"","background-repeat":"repeat","background-position":"center center","background-size":"auto","background-attachment":"scroll","background-type":"","background-media":"","overlay-type":"","overlay-color":"","overlay-opacity":"","overlay-gradient":""},"mobile":{"background-color":"var(--ast-global-color-5)","background-image":"","background-repeat":"repeat","background-position":"center center","background-size":"auto","background-attachment":"scroll","background-type":"","background-media":"","overlay-type":"","overlay-color":"","overlay-opacity":"","overlay-gradient":""}},"footnotes":""},"class_list":["post-10452","page","type-page","status-publish","hentry"],"post_mailing_queue_ids":[],"_links":{"self":[{"href":"https:\/\/projectes.xtec.cat\/ia\/wp-json\/wp\/v2\/pages\/10452","targetHints":{"allow":["GET"]}}],"collection":[{"href":"https:\/\/projectes.xtec.cat\/ia\/wp-json\/wp\/v2\/pages"}],"about":[{"href":"https:\/\/projectes.xtec.cat\/ia\/wp-json\/wp\/v2\/types\/page"}],"author":[{"embeddable":true,"href":"https:\/\/projectes.xtec.cat\/ia\/wp-json\/wp\/v2\/users\/1"}],"replies":[{"embeddable":true,"href":"https:\/\/projectes.xtec.cat\/ia\/wp-json\/wp\/v2\/comments?post=10452"}],"version-history":[{"count":6,"href":"https:\/\/projectes.xtec.cat\/ia\/wp-json\/wp\/v2\/pages\/10452\/revisions"}],"predecessor-version":[{"id":12778,"href":"https:\/\/projectes.xtec.cat\/ia\/wp-json\/wp\/v2\/pages\/10452\/revisions\/12778"}],"up":[{"embeddable":true,"href":"https:\/\/projectes.xtec.cat\/ia\/wp-json\/wp\/v2\/pages\/10430"}],"wp:attachment":[{"href":"https:\/\/projectes.xtec.cat\/ia\/wp-json\/wp\/v2\/media?parent=10452"}],"curies":[{"name":"wp","href":"https:\/\/api.w.org\/{rel}","templated":true}]}}