{"id":10454,"date":"2025-02-19T22:11:21","date_gmt":"2025-02-19T21:11:21","guid":{"rendered":"https:\/\/projectes.xtec.cat\/ia\/?page_id=10454"},"modified":"2026-02-03T22:41:37","modified_gmt":"2026-02-03T21:41:37","slug":"dimensio-4-desenvolupament-professional-ia","status":"publish","type":"page","link":"https:\/\/projectes.xtec.cat\/ia\/competencia-digital-docent-intelligencia-artificial\/dimensio-4-desenvolupament-professional-ia\/","title":{"rendered":"Dimensi\u00f3 4. Desenvolupament professional amb IA"},"content":{"rendered":"\n<p>La dimensi\u00f3 4 aborda l\u2019\u00fas de la intel\u00b7lig\u00e8ncia artificial com a eina per a la formaci\u00f3 cont\u00ednua, la millora de la pr\u00e0ctica docent i el creixement professional. El docent planifica el seu propi aprenentatge, participa en comunitats amb IA i fa reflexi\u00f3 conjunta sobre els seus usos.&nbsp;<\/p>\n\n\n\n<p>Aquesta dimensi\u00f3, a m\u00e9s, impulsa una cultura d\u2019aprenentatge professional continu amb suport d\u2019IA que afavoreix l\u2019autonomia, la col\u00b7laboraci\u00f3 i la innovaci\u00f3 docent i vetlla per l\u2019\u00fas cr\u00edtic i fonamentat d\u2019aquestes tecnologies en l\u2019\u00e0mbit educatiu.&nbsp;<\/p>\n\n\n\n<div class=\"wp-block-columns alignwide is-layout-flex wp-container-core-columns-is-layout-2 wp-block-columns-is-layout-flex\">\n<div class=\"wp-block-column is-layout-flow wp-block-column-is-layout-flow\">\n<div class=\"wp-block-columns etapes-desc is-layout-flex wp-container-core-columns-is-layout-1 wp-block-columns-is-layout-flex\">\n<div class=\"wp-block-column caixa is-layout-flow wp-block-column-is-layout-flow\">\n<h2 class=\"wp-block-heading\" style=\"font-size:26px\">Etapa b\u00e0sica<\/h2>\n\n\n\n<p style=\"font-size:13px\">\u2705 El docent planifica i segueix l\u2019itinerari formatiu utilitzant IA.<\/p>\n\n\n\n<p style=\"font-size:13px\">\u2705 El docent reflexiona sobre l\u2019\u00fas de la IA i participa en comunitats docents.<\/p>\n\n\n\n<div class=\"wp-block-buttons is-content-justification-center is-layout-flex wp-container-core-buttons-is-layout-1 wp-block-buttons-is-layout-flex\">\n<div class=\"wp-block-button\"><a class=\"wp-block-button__link wp-element-button\" href=\"https:\/\/projectes.xtec.cat\/ia\/competencia-digital-docent-intelligencia-artificial\/dimensio-4-desenvolupament-professional-ia\/d4-etapa-basica\/\">M\u00e9s informaci\u00f3<\/a><\/div>\n<\/div>\n<\/div>\n\n\n\n<div class=\"wp-block-column caixa is-layout-flow wp-block-column-is-layout-flow\">\n<h2 class=\"wp-block-heading\" style=\"font-size:26px\">Etapa interm\u00e8dia<\/h2>\n\n\n\n<p style=\"font-size:13px\">\u2705 \u00das de la IA per detectar necessitats formatives i personalitzar l\u2019aprenentatge.<\/p>\n\n\n\n<p style=\"font-size:13px\">\u2705 Compartir recursos d\u2019IA per la millora de la doc\u00e8ncia.<\/p>\n\n\n\n<div class=\"wp-block-buttons is-content-justification-center is-layout-flex wp-container-core-buttons-is-layout-2 wp-block-buttons-is-layout-flex\">\n<div class=\"wp-block-button\"><a class=\"wp-block-button__link wp-element-button\" href=\"https:\/\/projectes.xtec.cat\/ia\/competencia-digital-docent-intelligencia-artificial\/dimensio-4-desenvolupament-professional-ia\/d4-etapa-intermedia\/\">M\u00e9s informaci\u00f3<\/a><\/div>\n<\/div>\n<\/div>\n\n\n\n<div class=\"wp-block-column caixa is-layout-flow wp-block-column-is-layout-flow\">\n<h2 class=\"wp-block-heading\" style=\"font-size:26px\">Etapa avan\u00e7ada<\/h2>\n\n\n\n<p style=\"font-size:13px\">\u2705 Comparteix recursos d\u2019IA, impulsa l\u2019autoavaluaci\u00f3 i l\u2019\u00fas \u00e8tic.<\/p>\n\n\n\n<p style=\"font-size:13px\">\u2705 Col\u00b7labora en la creaci\u00f3 de recursos amb IA, publica investigacions i assessora altres docents.<\/p>\n\n\n\n<div class=\"wp-block-buttons is-content-justification-center is-layout-flex wp-container-core-buttons-is-layout-3 wp-block-buttons-is-layout-flex\">\n<div class=\"wp-block-button\"><a class=\"wp-block-button__link wp-element-button\" href=\"https:\/\/projectes.xtec.cat\/ia\/competencia-digital-docent-intelligencia-artificial\/dimensio-4-desenvolupament-professional-ia\/d4-etapa-avancada\/\">M\u00e9s informaci\u00f3<\/a><\/div>\n<\/div>\n<\/div>\n<\/div>\n<\/div>\n<\/div>\n","protected":false},"excerpt":{"rendered":"<p>La dimensi\u00f3 4 aborda l\u2019\u00fas de la intel\u00b7lig\u00e8ncia artificial com a eina per a la formaci\u00f3 cont\u00ednua, la millora de la pr\u00e0ctica docent i el creixement professional. El docent planifica el seu propi aprenentatge, participa en comunitats amb IA i fa reflexi\u00f3 conjunta sobre els seus usos.&nbsp; Aquesta dimensi\u00f3, a m\u00e9s, impulsa una cultura d\u2019aprenentatge professional continu amb suport d\u2019IA que afavoreix l\u2019autonomia, la col\u00b7laboraci\u00f3 i la innovaci\u00f3 docent i [&hellip;]<\/p>\n","protected":false},"author":1,"featured_media":0,"parent":10430,"menu_order":0,"comment_status":"closed","ping_status":"close","template":"","meta":{"site-sidebar-layout":"left-sidebar","site-content-layout":"","ast-site-content-layout":"default","site-content-style":"default","site-sidebar-style":"default","ast-global-header-display":"","ast-banner-title-visibility":"","ast-main-header-display":"","ast-hfb-above-header-display":"","ast-hfb-below-header-display":"","ast-hfb-mobile-header-display":"","site-post-title":"","ast-breadcrumbs-content":"","ast-featured-img":"","footer-sml-layout":"","theme-transparent-header-meta":"","adv-header-id-meta":"","stick-header-meta":"","header-above-stick-meta":"","header-main-stick-meta":"","header-below-stick-meta":"","astra-migrate-meta-layouts":"set","ast-page-background-enabled":"default","ast-page-background-meta":{"desktop":{"background-color":"var(--ast-global-color-4)","background-image":"","background-repeat":"repeat","background-position":"center center","background-size":"auto","background-attachment":"scroll","background-type":"","background-media":"","overlay-type":"","overlay-color":"","overlay-opacity":"","overlay-gradient":""},"tablet":{"background-color":"","background-image":"","background-repeat":"repeat","background-position":"center center","background-size":"auto","background-attachment":"scroll","background-type":"","background-media":"","overlay-type":"","overlay-color":"","overlay-opacity":"","overlay-gradient":""},"mobile":{"background-color":"","background-image":"","background-repeat":"repeat","background-position":"center center","background-size":"auto","background-attachment":"scroll","background-type":"","background-media":"","overlay-type":"","overlay-color":"","overlay-opacity":"","overlay-gradient":""}},"ast-content-background-meta":{"desktop":{"background-color":"var(--ast-global-color-5)","background-image":"","background-repeat":"repeat","background-position":"center center","background-size":"auto","background-attachment":"scroll","background-type":"","background-media":"","overlay-type":"","overlay-color":"","overlay-opacity":"","overlay-gradient":""},"tablet":{"background-color":"var(--ast-global-color-5)","background-image":"","background-repeat":"repeat","background-position":"center center","background-size":"auto","background-attachment":"scroll","background-type":"","background-media":"","overlay-type":"","overlay-color":"","overlay-opacity":"","overlay-gradient":""},"mobile":{"background-color":"var(--ast-global-color-5)","background-image":"","background-repeat":"repeat","background-position":"center center","background-size":"auto","background-attachment":"scroll","background-type":"","background-media":"","overlay-type":"","overlay-color":"","overlay-opacity":"","overlay-gradient":""}},"footnotes":""},"class_list":["post-10454","page","type-page","status-publish","hentry"],"post_mailing_queue_ids":[],"_links":{"self":[{"href":"https:\/\/projectes.xtec.cat\/ia\/wp-json\/wp\/v2\/pages\/10454","targetHints":{"allow":["GET"]}}],"collection":[{"href":"https:\/\/projectes.xtec.cat\/ia\/wp-json\/wp\/v2\/pages"}],"about":[{"href":"https:\/\/projectes.xtec.cat\/ia\/wp-json\/wp\/v2\/types\/page"}],"author":[{"embeddable":true,"href":"https:\/\/projectes.xtec.cat\/ia\/wp-json\/wp\/v2\/users\/1"}],"replies":[{"embeddable":true,"href":"https:\/\/projectes.xtec.cat\/ia\/wp-json\/wp\/v2\/comments?post=10454"}],"version-history":[{"count":6,"href":"https:\/\/projectes.xtec.cat\/ia\/wp-json\/wp\/v2\/pages\/10454\/revisions"}],"predecessor-version":[{"id":12833,"href":"https:\/\/projectes.xtec.cat\/ia\/wp-json\/wp\/v2\/pages\/10454\/revisions\/12833"}],"up":[{"embeddable":true,"href":"https:\/\/projectes.xtec.cat\/ia\/wp-json\/wp\/v2\/pages\/10430"}],"wp:attachment":[{"href":"https:\/\/projectes.xtec.cat\/ia\/wp-json\/wp\/v2\/media?parent=10454"}],"curies":[{"name":"wp","href":"https:\/\/api.w.org\/{rel}","templated":true}]}}