{"id":10861,"date":"2025-06-06T13:09:20","date_gmt":"2025-06-06T11:09:20","guid":{"rendered":"https:\/\/projectes.xtec.cat\/ia\/?page_id=10861"},"modified":"2026-04-17T21:56:55","modified_gmt":"2026-04-17T19:56:55","slug":"edats-minimes-per-plataforma-dia","status":"publish","type":"page","link":"https:\/\/projectes.xtec.cat\/ia\/edats-minimes-per-plataforma-dia\/","title":{"rendered":"Edats m\u00ednimes per utilitzar la IA"},"content":{"rendered":"\n<div class=\"wp-block-getwid-section alignfull alignfull\"><div class=\"wp-block-getwid-section__wrapper\"><div class=\"wp-block-getwid-section__inner-wrapper\"><div class=\"wp-block-getwid-section__background-holder\"><div class=\"wp-block-getwid-section__background\"><\/div><div class=\"wp-block-getwid-section__foreground\"><\/div><\/div><div class=\"wp-block-getwid-section__content\"><div class=\"wp-block-getwid-section__inner-content\">\n<p>L&#8217;edat m\u00ednima dep\u00e8n de la llei de protecci\u00f3 de dades vigent i de la plataforma, prevalen, en cas de discrep\u00e0ncia, la m\u00e9s restrictiva. <\/p>\n\n\n\n<p>Quines lleis regulen la protecci\u00f3 de dades i, per tant, marquen l&#8217;edat m\u00ednima? <\/p>\n\n\n\n<ol class=\"wp-block-list\">\n<li>A <strong>Europa<\/strong>, l&#8217;article 8 del <strong>RGPD<\/strong> (Reglament General de Protecci\u00f3 de Dades) estableix l&#8217;edat m\u00ednima en <strong>16<\/strong> anys, per\u00f2 permet que els estats membres puguin rebaixar l&#8217;edat m\u00ednima.<\/li>\n\n\n\n<li>A <strong>Espanya<\/strong>, l&#8217;article 7 de la <strong>LOPDGDD<\/strong> (Llei Org\u00e0nica de Protecci\u00f3 de Dades i Garanties de Drets Digitals) estableix l&#8217;edat m\u00ednima en <strong>14<\/strong> anys.<\/li>\n<\/ol>\n\n\n\n<figure class=\"wp-block-table is-style-stripes\"><table class=\"has-black-color has-text-color has-link-color has-fixed-layout\"><thead><tr><th>Aplicaci\u00f3<\/th><th class=\"has-text-align-center\" data-align=\"center\">Edat m\u00ednima definida per l&#8217;aplicaci\u00f3<\/th><th>Requeriments d&#8217;\u00fas de l&#8217;aplicaci\u00f3<\/th><th class=\"has-text-align-center\" data-align=\"center\">Edat m\u00ednima LOPDGDD<\/th><th>Edat m\u00ednima<\/th><\/tr><\/thead><tbody><tr><td><strong>Lumo<\/strong><br><strong>Gemini<\/strong><br><strong>NotebookLM<\/strong><br><strong>Deepseek<\/strong><\/td><td class=\"has-text-align-center\" data-align=\"center\">14 anys<\/td><td>Menors de 18 anys necessiten consentiment parental.<\/td><td class=\"has-text-align-center\" data-align=\"center\">14 anys<\/td><td>\u2705 <strong>14 anys<\/strong> amb consentiment parental.<\/td><\/tr><tr><td><strong>ChatGPT<\/strong><br><strong>Mistral AI<\/strong><br><strong>Copilot<\/strong><br><strong>Perplexity<\/strong><\/td><td class=\"has-text-align-center\" data-align=\"center\">13 anys<\/td><td>Menors de 18 anys necessiten consentiment parental.<\/td><td class=\"has-text-align-center\" data-align=\"center\">14 anys<\/td><td>\u2705 <strong>14 anys<\/strong> amb consentiment parental.<\/td><\/tr><tr><td><strong>Claude<\/strong><\/td><td class=\"has-text-align-center\" data-align=\"center\">18 anys<\/td><td>No apte per a menors.<\/td><td class=\"has-text-align-center\" data-align=\"center\">14 anys<\/td><td>\u2705 <strong>18 anys<\/strong><\/td><\/tr><\/tbody><\/table><\/figure>\n\n\n\n<p class=\"has-background\" style=\"background-color:#ffe5e5\">Data d&#8217;actualitzaci\u00f3: 17 d&#8217;abril de 2026<\/p>\n<\/div><\/div><\/div><\/div><\/div>\n","protected":false},"excerpt":{"rendered":"","protected":false},"author":1,"featured_media":0,"parent":0,"menu_order":0,"comment_status":"closed","ping_status":"close","template":"","meta":{"site-sidebar-layout":"default","site-content-layout":"","ast-site-content-layout":"default","site-content-style":"default","site-sidebar-style":"default","ast-global-header-display":"","ast-banner-title-visibility":"","ast-main-header-display":"","ast-hfb-above-header-display":"","ast-hfb-below-header-display":"","ast-hfb-mobile-header-display":"","site-post-title":"","ast-breadcrumbs-content":"","ast-featured-img":"","footer-sml-layout":"","theme-transparent-header-meta":"","adv-header-id-meta":"","stick-header-meta":"","header-above-stick-meta":"","header-main-stick-meta":"","header-below-stick-meta":"","astra-migrate-meta-layouts":"set","ast-page-background-enabled":"default","ast-page-background-meta":{"desktop":{"background-color":"var(--ast-global-color-4)","background-image":"","background-repeat":"repeat","background-position":"center center","background-size":"auto","background-attachment":"scroll","background-type":"","background-media":"","overlay-type":"","overlay-color":"","overlay-opacity":"","overlay-gradient":""},"tablet":{"background-color":"","background-image":"","background-repeat":"repeat","background-position":"center center","background-size":"auto","background-attachment":"scroll","background-type":"","background-media":"","overlay-type":"","overlay-color":"","overlay-opacity":"","overlay-gradient":""},"mobile":{"background-color":"","background-image":"","background-repeat":"repeat","background-position":"center center","background-size":"auto","background-attachment":"scroll","background-type":"","background-media":"","overlay-type":"","overlay-color":"","overlay-opacity":"","overlay-gradient":""}},"ast-content-background-meta":{"desktop":{"background-color":"var(--ast-global-color-5)","background-image":"","background-repeat":"repeat","background-position":"center center","background-size":"auto","background-attachment":"scroll","background-type":"","background-media":"","overlay-type":"","overlay-color":"","overlay-opacity":"","overlay-gradient":""},"tablet":{"background-color":"var(--ast-global-color-5)","background-image":"","background-repeat":"repeat","background-position":"center center","background-size":"auto","background-attachment":"scroll","background-type":"","background-media":"","overlay-type":"","overlay-color":"","overlay-opacity":"","overlay-gradient":""},"mobile":{"background-color":"var(--ast-global-color-5)","background-image":"","background-repeat":"repeat","background-position":"center center","background-size":"auto","background-attachment":"scroll","background-type":"","background-media":"","overlay-type":"","overlay-color":"","overlay-opacity":"","overlay-gradient":""}},"footnotes":""},"class_list":["post-10861","page","type-page","status-publish","hentry"],"post_mailing_queue_ids":[],"_links":{"self":[{"href":"https:\/\/projectes.xtec.cat\/ia\/wp-json\/wp\/v2\/pages\/10861","targetHints":{"allow":["GET"]}}],"collection":[{"href":"https:\/\/projectes.xtec.cat\/ia\/wp-json\/wp\/v2\/pages"}],"about":[{"href":"https:\/\/projectes.xtec.cat\/ia\/wp-json\/wp\/v2\/types\/page"}],"author":[{"embeddable":true,"href":"https:\/\/projectes.xtec.cat\/ia\/wp-json\/wp\/v2\/users\/1"}],"replies":[{"embeddable":true,"href":"https:\/\/projectes.xtec.cat\/ia\/wp-json\/wp\/v2\/comments?post=10861"}],"version-history":[{"count":6,"href":"https:\/\/projectes.xtec.cat\/ia\/wp-json\/wp\/v2\/pages\/10861\/revisions"}],"predecessor-version":[{"id":13279,"href":"https:\/\/projectes.xtec.cat\/ia\/wp-json\/wp\/v2\/pages\/10861\/revisions\/13279"}],"wp:attachment":[{"href":"https:\/\/projectes.xtec.cat\/ia\/wp-json\/wp\/v2\/media?parent=10861"}],"curies":[{"name":"wp","href":"https:\/\/api.w.org\/{rel}","templated":true}]}}